{"id":16,"date":"2025-01-12T10:53:50","date_gmt":"2025-01-12T09:53:50","guid":{"rendered":"https:\/\/blogs.sindominio.net\/vagasymaleantes\/?page_id=16"},"modified":"2025-07-10T20:26:03","modified_gmt":"2025-07-10T18:26:03","slug":"publicaciones","status":"publish","type":"page","link":"https:\/\/blogs.sindominio.net\/vagasymaleantes\/","title":{"rendered":"publicaciones"},"content":{"rendered":"\n<h2 class=\"wp-block-heading\">un transfeminismo para la lucha de clases<\/h2>\n\n\n\n<figure class=\"wp-block-image aligncenter size-large has-custom-border is-style-default wp-duotone-unset-1\"><a href=\"https:\/\/blogs.sindominio.net\/vagasymaleantes\/files\/2025\/07\/documento_digital.pdf\"><img loading=\"lazy\" decoding=\"async\" width=\"699\" height=\"1024\" src=\"https:\/\/blogs.sindominio.net\/vagasymaleantes\/files\/2025\/05\/docu_portada-699x1024.png\" alt=\"\" class=\"has-border-color has-accent-1-border-color wp-image-234\" style=\"border-width:4px\" srcset=\"https:\/\/blogs.sindominio.net\/vagasymaleantes\/files\/2025\/05\/docu_portada-699x1024.png 699w, https:\/\/blogs.sindominio.net\/vagasymaleantes\/files\/2025\/05\/docu_portada-205x300.png 205w, https:\/\/blogs.sindominio.net\/vagasymaleantes\/files\/2025\/05\/docu_portada-768x1125.png 768w, https:\/\/blogs.sindominio.net\/vagasymaleantes\/files\/2025\/05\/docu_portada-1049x1536.png 1049w, https:\/\/blogs.sindominio.net\/vagasymaleantes\/files\/2025\/05\/docu_portada.png 1080w\" sizes=\"auto, (max-width: 699px) 100vw, 699px\" \/><\/a><\/figure>\n\n\n\n<p>Descarga el documento a trav\u00e9s de <a href=\"https:\/\/blogs.sindominio.net\/vagasymaleantes\/files\/2025\/07\/documento_digital.pdf\" data-type=\"link\" data-id=\"https:\/\/blogs.sindominio.net\/vagasymaleantes\/files\/2025\/04\/documento-1.pdf\">este enlace<\/a>.<\/p>\n\n\n\n<h2 class=\"wp-block-heading\">fanzine: an\u00e1lisis de coyuntura para la lucha de clases<\/h2>\n\n\n\n<figure class=\"wp-block-image aligncenter size-large has-custom-border\"><a href=\"https:\/\/blogs.sindominio.net\/vagasymaleantes\/files\/2025\/04\/Coyuntura_petit-Visualizacion.pdf\"><img loading=\"lazy\" decoding=\"async\" width=\"722\" height=\"1024\" src=\"https:\/\/blogs.sindominio.net\/vagasymaleantes\/files\/2025\/04\/fanzine_portada-722x1024.png\" alt=\"\" class=\"has-border-color has-accent-1-border-color wp-image-223\" style=\"border-width:4px\" srcset=\"https:\/\/blogs.sindominio.net\/vagasymaleantes\/files\/2025\/04\/fanzine_portada-722x1024.png 722w, https:\/\/blogs.sindominio.net\/vagasymaleantes\/files\/2025\/04\/fanzine_portada-211x300.png 211w, https:\/\/blogs.sindominio.net\/vagasymaleantes\/files\/2025\/04\/fanzine_portada-768x1090.png 768w, https:\/\/blogs.sindominio.net\/vagasymaleantes\/files\/2025\/04\/fanzine_portada-1082x1536.png 1082w, https:\/\/blogs.sindominio.net\/vagasymaleantes\/files\/2025\/04\/fanzine_portada-1443x2048.png 1443w, https:\/\/blogs.sindominio.net\/vagasymaleantes\/files\/2025\/04\/fanzine_portada-scaled.png 1804w\" sizes=\"auto, (max-width: 722px) 100vw, 722px\" \/><\/a><\/figure>\n\n\n\n<p>Descarga nuestro fanzine a trav\u00e9s de <a href=\"https:\/\/blogs.sindominio.net\/vagasymaleantes\/files\/2025\/04\/Coyuntura_petit-Visualizacion.pdf\">este enlace<\/a>.<\/p>\n","protected":false},"excerpt":{"rendered":"<p>un transfeminismo para la lucha de clases Descarga el documento a trav\u00e9s de este enlace. fanzine: an\u00e1lisis de coyuntura para la lucha de clases Descarga nuestro fanzine a trav\u00e9s de este enlace.<\/p>\n","protected":false},"author":254,"featured_media":0,"parent":0,"menu_order":0,"comment_status":"closed","ping_status":"closed","template":"","meta":{"footnotes":""},"class_list":["post-16","page","type-page","status-publish","hentry"],"_links":{"self":[{"href":"https:\/\/blogs.sindominio.net\/vagasymaleantes\/wp-json\/wp\/v2\/pages\/16","targetHints":{"allow":["GET"]}}],"collection":[{"href":"https:\/\/blogs.sindominio.net\/vagasymaleantes\/wp-json\/wp\/v2\/pages"}],"about":[{"href":"https:\/\/blogs.sindominio.net\/vagasymaleantes\/wp-json\/wp\/v2\/types\/page"}],"author":[{"embeddable":true,"href":"https:\/\/blogs.sindominio.net\/vagasymaleantes\/wp-json\/wp\/v2\/users\/254"}],"replies":[{"embeddable":true,"href":"https:\/\/blogs.sindominio.net\/vagasymaleantes\/wp-json\/wp\/v2\/comments?post=16"}],"version-history":[{"count":20,"href":"https:\/\/blogs.sindominio.net\/vagasymaleantes\/wp-json\/wp\/v2\/pages\/16\/revisions"}],"predecessor-version":[{"id":245,"href":"https:\/\/blogs.sindominio.net\/vagasymaleantes\/wp-json\/wp\/v2\/pages\/16\/revisions\/245"}],"wp:attachment":[{"href":"https:\/\/blogs.sindominio.net\/vagasymaleantes\/wp-json\/wp\/v2\/media?parent=16"}],"curies":[{"name":"wp","href":"https:\/\/api.w.org\/{rel}","templated":true}]}}