{"id":669,"date":"2017-04-17T01:17:48","date_gmt":"2017-04-17T01:17:48","guid":{"rendered":"https:\/\/www.trespass.network\/?page_id=669"},"modified":"2017-04-17T01:17:48","modified_gmt":"2017-04-17T01:17:48","slug":"trespass-issue-one","status":"publish","type":"page","link":"https:\/\/blogs.sindominio.net\/trespass\/en\/trespass-issue-one\/","title":{"rendered":"Trespass1"},"content":{"rendered":"<p>Trespass 1 &#8211; <a href=\"https:\/\/blogs.sindominio.net\/trespass\/files\/2017\/07\/Trespass1.1.pdf\">pdf<\/a> (9mb)<\/p>\n<p><strong>Introduction<\/strong><\/p>\n<p>[EN] We are pleased to present issue one of Trespass. Trespass is self-managed, open access, and unfunded. It is multidisciplinary and publishes work in different languages. It is an online journal which also publishes selected works in print.<\/p>\n<p>[FR] Trespass est auto-g\u00e9r\u00e9, ne re\u00e7oit pas de financement et permet l\u2019acc\u00e8s libre. C\u2019est une revue multidisciplinaire, qui publie des ouvrages dans plusieurs langues.<\/p>\n<p>[CA] Trespass \u00e9s una revista autogestionada d\u2019acc\u00e9s obert que no rep cap mena de finan\u00e7ament. \u00c9s multidisciplin\u00e0ria i publica treballs en diferents idiomes.<\/p>\n<p>[ES] Trespass es una revista autogestionada, sin financiaci\u00f3n, y de acceso abierto. Es multidisciplinaria y publica trabajos en diferentes idiomas.<\/p>\n<p>[NL] Trespass wordt uitgegeven in zelfbeheer, is open access, en niet afhankelijk van financieringsbronnen. Het is multidisciplinair en plaatst artikelen in diverse talen.<\/p>\n<ul>\n<li>About [<a href=\"https:\/\/www.trespass.network\/?page_id=112&amp;lang=ca\">CA<\/a>] [<a href=\"https:\/\/www.trespass.network\/?page_id=33&amp;lang=en\">EN<\/a>] [<a href=\"https:\/\/www.trespass.network\/?page_id=126&amp;lang=es\">ES<\/a>] [<a href=\"https:\/\/www.trespass.network\/?page_id=139&amp;lang=fr\">FR<\/a>] [<a href=\"https:\/\/www.trespass.network\/?page_id=225&amp;lang=nl\">NL<\/a>]<\/li>\n<li>Call for Papers [<a href=\"https:\/\/www.trespass.network\/?page_id=116&amp;lang=ca\">CA<\/a>] [<a href=\"https:\/\/www.trespass.network\/?page_id=40&amp;lang=en\">EN<\/a>] [<a href=\"https:\/\/www.trespass.network\/?page_id=128&amp;lang=es\">ES<\/a>] [<a href=\"https:\/\/www.trespass.network\/?page_id=144&amp;lang=fr\">FR<\/a>] [<a href=\"https:\/\/www.trespass.network\/?page_id=227&amp;lang=nl\">NL<\/a>]<\/li>\n<li>Submission Guidelines [<a href=\"https:\/\/www.trespass.network\/?page_id=118&amp;lang=ca\">CA<\/a>] [<a href=\"https:\/\/www.trespass.network\/?page_id=30&amp;lang=en\">EN<\/a>] [<a href=\"https:\/\/www.trespass.network\/?page_id=134&amp;lang=es\">ES<\/a>] [<a href=\"https:\/\/www.trespass.network\/?page_id=142&amp;lang=fr\">FR<\/a>] [<a href=\"https:\/\/www.trespass.network\/?page_id=223&amp;lang=nl\">NL<\/a>]<\/li>\n<\/ul>\n<p>Continue for issue one<br \/>\n<!--more--><\/p>\n<p><strong>Peer-Reviewed Articles<\/strong><\/p>\n<p><img loading=\"lazy\" decoding=\"async\" class=\"alignnone size-full wp-image-686\" src=\"https:\/\/blogs.sindominio.net\/trespass\/files\/2020\/02\/polanska-figure.png\" alt=\"\" width=\"317\" height=\"151\" srcset=\"https:\/\/blogs.sindominio.net\/trespass\/files\/2020\/02\/polanska-figure.png 635w, https:\/\/blogs.sindominio.net\/trespass\/files\/2020\/02\/polanska-figure-300x143.png 300w\" sizes=\"auto, (max-width: 317px) 100vw, 317px\" \/><\/p>\n<ul>\n<ul>\n<li>Dominika Polanska &#8211; <em>Reclaiming Inclusive Politics: Squatting in Sweden 1968-2016 [<a href=\"https:\/\/www.trespass.network\/?p=726&amp;lang=en\">EN<\/a>]<\/em><\/li>\n<\/ul>\n<\/ul>\n<p><img loading=\"lazy\" decoding=\"async\" class=\"alignnone size-full wp-image-687\" src=\"https:\/\/blogs.sindominio.net\/trespass\/files\/2020\/02\/donaghey-rozbrat.png\" alt=\"\" width=\"227\" height=\"270\" \/><\/p>\n<ul>\n<li>Jim Donaghey &#8211; <em>Punk and Anarchist Squats in Poland<\/em> [<a href=\"https:\/\/www.trespass.network\/?p=722&amp;lang=en\">EN<\/a>]<\/li>\n<\/ul>\n<p><strong>Interventions<\/strong><\/p>\n<ul>\n<li><em>Claroscuro de la okupaci\u00f3n<\/em> [<a href=\"https:\/\/www.trespass.network\/?p=739&amp;lang=es\">ES<\/a>]<\/li>\n<li><em>Okupaci\u00f3n y Comunidad<\/em> [<a href=\"https:\/\/www.trespass.network\/?p=741&amp;lang=es\">ES<\/a>]<\/li>\n<li><em>D\u00e9fendre la zad<\/em> [<a href=\"https:\/\/www.trespass.network\/?p=743&amp;lang=fr\">FR<\/a>]<\/li>\n<li><em>I remember waking up next to you in the morning&#8230;<\/em> [<a href=\"https:\/\/www.trespass.network\/?p=560&amp;lang=en\">EN<\/a>]<\/li>\n<li><em>On activist research and critical knowledge production <\/em>[CA \/ [<a href=\"https:\/\/www.trespass.network\/?p=361&amp;lang=en\">EN<\/a> ]\/ ES] [EN subs] <\/li>\n<li><em>Steun de Vloek 10!<\/em> [<a href=\"https:\/\/www.trespass.network\/?p=653&amp;lang=nl\">NL<\/a>]<\/li>\n<li><em>Mapping the Movement: Producing maps of squatted social centres in Western Europe <\/em> [<a href=\"https:\/\/www.trespass.network\/?p=231&amp;lang=en\">EN<\/a>]<\/li>\n<li><em>Mapping the Movement: Die Erstellung von Karten von besetzten sozialen Zentren in Westeuropa <\/em>[<a href=\"https:\/\/www.trespass.network\/?p=588&amp;lang=de\">DE<\/a>]<\/li>\n<\/ul>\n<p><strong>Book Reviews<\/strong><\/p>\n<p><img loading=\"lazy\" decoding=\"async\" class=\"alignnone size-full wp-image-612\" src=\"https:\/\/blogs.sindominio.net\/trespass\/files\/2016\/11\/anarchistroots.jpg\" alt=\"\" width=\"194\" height=\"300\" \/><\/p>\n<ul>\n<ul>\n<li>Rowan Milligan reviews Simon Springer&#8217;s <em>The Anarchist Roots of Geography<\/em> [<a href=\"https:\/\/www.trespass.network\/?p=610&amp;lang=en\">EN<\/a>]<\/li>\n<\/ul>\n<\/ul>\n<p><img loading=\"lazy\" decoding=\"async\" class=\"alignnone size-full wp-image-543\" src=\"https:\/\/blogs.sindominio.net\/trespass\/files\/2016\/10\/War-in-the-Neighborhood-cover-image.jpg\" alt=\"\" width=\"986\" height=\"630\" srcset=\"https:\/\/blogs.sindominio.net\/trespass\/files\/2016\/10\/War-in-the-Neighborhood-cover-image.jpg 986w, https:\/\/blogs.sindominio.net\/trespass\/files\/2016\/10\/War-in-the-Neighborhood-cover-image-300x192.jpg 300w, https:\/\/blogs.sindominio.net\/trespass\/files\/2016\/10\/War-in-the-Neighborhood-cover-image-768x491.jpg 768w\" sizes=\"auto, (max-width: 986px) 100vw, 986px\" \/><\/p>\n<ul>\n<li>Alan W. Moore reviews Seth Tobocman&#8217;s <em>War in the Neighborhood<\/em> [<a href=\"https:\/\/www.trespass.network\/?p=542&amp;lang=en\">EN<\/a>]<\/li>\n<\/ul>\n<p>Full issue &#8211; <a href=\"https:\/\/blogs.sindominio.net\/trespass\/files\/2017\/04\/Trespass-1.pdf\">pdf<\/a> (9mb)<\/p>\n<p>Read online:<br \/>\n[pdf-embedder url=\u00bbhttps:\/\/blogs.sindominio.net\/trespass\/files\/2017\/07\/Trespass1.1.pdf\u00bb toolbar=\u00bbtop\u00bb]<\/p>\n","protected":false},"excerpt":{"rendered":"<p>Trespass 1 &#8211; pdf (9mb) Introduction [EN] We are pleased to present issue one of Trespass. Trespass is self-managed, open access, and unfunded. It is multidisciplinary and publishes work in different languages. It is an online journal which also publishes &hellip;<\/p>\n<p class=\"read-more\"> <a class=\"more-link\" href=\"https:\/\/blogs.sindominio.net\/trespass\/en\/trespass-issue-one\/\"> <span class=\"screen-reader-text\">Trespass1<\/span> Leer m\u00e1s \u00bb<\/a><\/p>\n","protected":false},"author":177,"featured_media":728,"parent":0,"menu_order":0,"comment_status":"closed","ping_status":"closed","template":"","meta":{"footnotes":""},"class_list":["post-669","page","type-page","status-publish","has-post-thumbnail","hentry"],"_links":{"self":[{"href":"https:\/\/blogs.sindominio.net\/trespass\/wp-json\/wp\/v2\/pages\/669","targetHints":{"allow":["GET"]}}],"collection":[{"href":"https:\/\/blogs.sindominio.net\/trespass\/wp-json\/wp\/v2\/pages"}],"about":[{"href":"https:\/\/blogs.sindominio.net\/trespass\/wp-json\/wp\/v2\/types\/page"}],"author":[{"embeddable":true,"href":"https:\/\/blogs.sindominio.net\/trespass\/wp-json\/wp\/v2\/users\/177"}],"replies":[{"embeddable":true,"href":"https:\/\/blogs.sindominio.net\/trespass\/wp-json\/wp\/v2\/comments?post=669"}],"version-history":[{"count":0,"href":"https:\/\/blogs.sindominio.net\/trespass\/wp-json\/wp\/v2\/pages\/669\/revisions"}],"wp:featuredmedia":[{"embeddable":true,"href":"https:\/\/blogs.sindominio.net\/trespass\/wp-json\/wp\/v2\/media\/728"}],"wp:attachment":[{"href":"https:\/\/blogs.sindominio.net\/trespass\/wp-json\/wp\/v2\/media?parent=669"}],"curies":[{"name":"wp","href":"https:\/\/api.w.org\/{rel}","templated":true}]}}