{"id":144,"date":"2016-07-08T18:59:14","date_gmt":"2016-07-08T18:59:14","guid":{"rendered":"https:\/\/www.trespass.network\/?page_id=144"},"modified":"2016-07-08T18:59:14","modified_gmt":"2016-07-08T18:59:14","slug":"appel-a-articles","status":"publish","type":"page","link":"https:\/\/blogs.sindominio.net\/trespass\/fr\/appel-a-articles\/","title":{"rendered":"Appel \u00e0 articles"},"content":{"rendered":"<p><span id=\"result_box\" class=\"\" lang=\"fr\"><strong>Trespass<\/strong> <span class=\"\">comporte deux sections<\/span><span class=\"\">, \u00e0 savoir<\/span> <span class=\"\">la th\u00e9orie et<\/span> interventions:<\/span><\/p>\n<p><span class=\"alt-edited\">La <strong>th\u00e9orie<\/strong><\/span> <span class=\"alt-edited\">est constitu\u00e9 des<\/span> <span class=\"\">num\u00e9ros de la revue<\/span>.<\/p>\n<p><span class=\"\">Cette section<\/span> <span class=\"\">th\u00e9orique est<\/span> r\u00e9vis\u00e9e<span class=\"\">, ce qui signifie<\/span> <span class=\"\">que les<\/span> articles s\u00e9lectionn\u00e9s <span class=\"\">par l&#8217;\u00e9quipe \u00e9ditoriale<\/span> <span class=\"\">recevront<\/span> <span class=\"alt-edited\">la critique<\/span> <span class=\"\">anonyme de deux personnes.<\/span> <span class=\"\">Les auteurs<\/span> <span class=\"alt-edited\">sont cens\u00e9s<\/span> <span class=\"alt-edited\">int\u00e9grer les \u00e9l\u00e9ments<\/span> <span class=\"\">jug\u00e9s<\/span> <span class=\"\">pertinents<\/span><span class=\"\">, avant de renvoyer<\/span> <span class=\"\">le texte<\/span> <span class=\"\">pour une<\/span> <span class=\"\">\u00e9valuation finale<\/span>.<\/p>\n<p><span class=\"alt-edited\">Bien que ce syst\u00e8me<\/span> de r\u00e9vision<span class=\"\"> est<\/span> <span class=\"\">commun dans le<\/span> <span class=\"\">milieu universitaire<\/span>, <span class=\"alt-edited\">nous n&#8217;avons pas<\/span> <span class=\"\">l&#8217;intention<\/span> <span class=\"\">de privil\u00e9gier<\/span> <span class=\"\">le format<\/span> <span class=\"\">acad\u00e9mique<\/span><span class=\"\">,<\/span> <span class=\"\">mais plut\u00f4t<\/span> <span class=\"\">d&#8217;avoir un m\u00e9canisme<\/span> qui permet <span class=\"alt-edited\">d&#8217;am\u00e9liorer la qualit\u00e9<\/span> <span class=\"\">des<\/span> <span class=\"\">textes<\/span> <span class=\"\">gr\u00e2ce \u00e0 l&#8217;effort<\/span> <span class=\"alt-edited\">altruiste<\/span> <span class=\"\">des<\/span> <span class=\"alt-edited\">relecteurs anonymes<\/span>.<\/p>\n<p><span class=\"\">Au moins<\/span> <span class=\"alt-edited\">une r\u00e9vision sera faite par une personne vivant sur place<\/span><span class=\"\">.<\/span> <span class=\"alt-edited\">Cette personne <\/span><span class=\"\">fera en sorte<\/span> <span class=\"\">que le contenu de<\/span> <span class=\"\">l&#8217;article<\/span> <span class=\"\">corresponde \u00e0 la<\/span> <span class=\"\">r\u00e9alit\u00e9<\/span> <span class=\"\">qu&#8217;il d\u00e9crit<\/span><span class=\"\">, en se<\/span> <span class=\"\">basant sur son exp\u00e9rience<\/span> concr\u00e8te <span class=\"\">dans les luttes<\/span><span class=\"\">.<\/span> <span class=\"alt-edited\">La r\u00e9vision faite par des personnes qui ne vivent pas sur place <\/span><span class=\"\">permettra de d\u00e9tecter <\/span><span class=\"\">les \u00e9l\u00e9ments contextuels<\/span> <span class=\"alt-edited\">n\u00e9cessaires pour<\/span> <span class=\"\">comprendre<\/span> <span class=\"\">le contenu<\/span> de l&#8217;article.<\/p>\n<p><span class=\"\">Nous pr\u00e9f\u00e9rons<\/span> <span class=\"\">les textes<\/span> <span class=\"alt-edited\">d&#8217;<\/span><span class=\"\">entre<\/span> <span class=\"\">4.000 et<\/span> <span class=\"\">10.000 mots<\/span>.<\/p>\n<p><span id=\"result_box\" class=\"\" lang=\"fr\"><span class=\"\">Les <strong>interventions<\/strong><\/span> <span class=\"\">consistent d&#8217;entr\u00e9es du blog <\/span><span class=\"alt-edited\">faites <\/span><span class=\"alt-edited\">sous consid\u00e9ration <\/span>\u00e9ditoriale <span class=\"\">(elles ne sont pas <\/span><span class=\"alt-edited\">r\u00e9vis\u00e9s<\/span><span class=\"\">). Cette section est <\/span><span class=\"\">ouverte \u00e0 tous les<\/span> <span class=\"\">formats<\/span><span class=\"\">:<\/span> <span class=\"\">communiqu\u00e9s<\/span>; <span class=\"\">photos;<\/span> <span class=\"\">manifestes<\/span>; <span class=\"alt-edited\">articles sur l&#8217;<\/span><span class=\"alt-edited\">actualit\u00e9<\/span>; <span class=\"alt-edited\">appels \u00e0<\/span> <span class=\"alt-edited\">la solidarit\u00e9<\/span>; <span class=\"\">etc.<\/span> <span class=\"\">L&#8217;accent est mis<\/span> <span class=\"\">sur la facilitation de<\/span> <span class=\"\">la communication entre les<\/span> <span class=\"\">squatteurs<\/span> <span class=\"alt-edited\">et les activistes<\/span> <span class=\"alt-edited\">du monde entier<\/span>, <span class=\"alt-edited\">de mani\u00e8re \u00e0 contribuer<\/span> <span class=\"alt-edited\">aux r\u00e9seaux<\/span> <span class=\"\">qui sont align\u00e9s avec<\/span> <span class=\"alt-edited\">les squats<\/span><span class=\"\">, afin d&#8217;\u00e9largir<\/span> <span class=\"\">la visibilit\u00e9 de<\/span> <span class=\"\">leurs revendications et de leurs<\/span> <span class=\"\">actions<\/span><span class=\"\">.<\/span><\/span><\/p>\n<p><span class=\"\">Les interventions int\u00e8grent <\/span><span class=\"\">\u00e9galement<\/span> <span class=\"\">les r\u00e9ponses aux<\/span> <span class=\"alt-edited\">communications<\/span> <span class=\"\">et<\/span> aux <span class=\"\">lettres<\/span> <span class=\"\">relatives aux<\/span> <span class=\"\">mat\u00e9riaux<\/span> qui ont <span class=\"alt-edited\">\u00e9t\u00e9 publi\u00e9s<\/span> <span class=\"alt-edited\">ant\u00e9rieurement<\/span> <span class=\"alt-edited\">par Trespass<\/span><span class=\"\">.<\/span>\u00a0<span class=\"\">Ce<\/span> <span class=\"\">type d&#8217;interventions<\/span> <span class=\"\">sera ajout\u00e9 \u00e0<\/span> <span class=\"alt-edited\">la version papier<\/span>.<\/p>\n<p><span class=\"\">Les collectifs<\/span> <span class=\"\">et les individus<\/span> <span class=\"\">sont invit\u00e9s \u00e0 partager<\/span> <span class=\"\">leurs<\/span> <span class=\"\">textes<\/span> <span class=\"\">dans l&#8217;une des<\/span> <span class=\"\">langues utilis\u00e9es par<\/span> <span class=\"\">Trespass<\/span><span class=\"\">.<\/span> <span class=\"alt-edited\">Nous recevons \u00e9galement<\/span> <span class=\"\">les textes concernant des connaissances pratiques<\/span> <span class=\"\">telles que<\/span> <span class=\"\">des manuels pour squatter, <\/span><span class=\"\">des conseils juridiques, etc<\/span><span class=\"\">.<\/span><\/p>\n<p><span class=\"alt-edited\">Modalit\u00e9s de communications<\/span><br \/>\nLes <span class=\"\">\u00e9diteurs peuvent \u00eatre<\/span> <span class=\"\">contact\u00e9s \u00e0<\/span> editor@trespass.network<\/p>\n","protected":false},"excerpt":{"rendered":"<p>Trespass comporte deux sections, \u00e0 savoir la th\u00e9orie et interventions: La th\u00e9orie est constitu\u00e9 des num\u00e9ros de la revue. Cette section th\u00e9orique est r\u00e9vis\u00e9e, ce qui signifie que les articles s\u00e9lectionn\u00e9s par l&#8217;\u00e9quipe \u00e9ditoriale recevront la critique anonyme de deux &hellip;<\/p>\n<p class=\"read-more\"> <a class=\"more-link\" href=\"https:\/\/blogs.sindominio.net\/trespass\/fr\/appel-a-articles\/\"> <span class=\"screen-reader-text\">Appel \u00e0 articles<\/span> Leer m\u00e1s \u00bb<\/a><\/p>\n","protected":false},"author":177,"featured_media":0,"parent":0,"menu_order":0,"comment_status":"closed","ping_status":"closed","template":"","meta":{"footnotes":""},"class_list":["post-144","page","type-page","status-publish","hentry"],"_links":{"self":[{"href":"https:\/\/blogs.sindominio.net\/trespass\/wp-json\/wp\/v2\/pages\/144","targetHints":{"allow":["GET"]}}],"collection":[{"href":"https:\/\/blogs.sindominio.net\/trespass\/wp-json\/wp\/v2\/pages"}],"about":[{"href":"https:\/\/blogs.sindominio.net\/trespass\/wp-json\/wp\/v2\/types\/page"}],"author":[{"embeddable":true,"href":"https:\/\/blogs.sindominio.net\/trespass\/wp-json\/wp\/v2\/users\/177"}],"replies":[{"embeddable":true,"href":"https:\/\/blogs.sindominio.net\/trespass\/wp-json\/wp\/v2\/comments?post=144"}],"version-history":[{"count":0,"href":"https:\/\/blogs.sindominio.net\/trespass\/wp-json\/wp\/v2\/pages\/144\/revisions"}],"wp:attachment":[{"href":"https:\/\/blogs.sindominio.net\/trespass\/wp-json\/wp\/v2\/media?parent=144"}],"curies":[{"name":"wp","href":"https:\/\/api.w.org\/{rel}","templated":true}]}}