{"id":142,"date":"2016-07-08T13:48:23","date_gmt":"2016-07-08T13:48:23","guid":{"rendered":"https:\/\/www.trespass.network\/?page_id=142"},"modified":"2016-07-08T13:48:23","modified_gmt":"2016-07-08T13:48:23","slug":"ligne-editoriale","status":"publish","type":"page","link":"https:\/\/blogs.sindominio.net\/trespass\/fr\/ligne-editoriale\/","title":{"rendered":"Ligne \u00e9ditoriale"},"content":{"rendered":"<p><strong>Ligne <\/strong><span id=\"result_box\" class=\"\" lang=\"fr\"><strong><span class=\"\">\u00e9ditoriale:<\/span><\/strong><\/span><\/p>\n<p><span class=\"\">Nous recevons<\/span> <span class=\"\">des communications<\/span> <span class=\"\">de tout le monde<\/span><span class=\"\">,<\/span> <span class=\"\">sous r\u00e9serve des dispositions<\/span> suivantes:<\/p>\n<p><strong><span class=\"\">GENERAL<\/span><\/strong><\/p>\n<ul>\n<li><span id=\"result_box\" class=\"\" lang=\"fr\"><span class=\"\">Nous vous invitons \u00e0<\/span> <span class=\"\">publier<\/span> <span class=\"\">en catalan<\/span><span class=\"\">, n\u00e9erlandais<\/span>, anglais, fran\u00e7ais et <span class=\"\">castillan<\/span><span class=\"\">.<\/span> <span class=\"\">Si<\/span> <span class=\"\">vous souhaitez publier<\/span> <span class=\"\">dans une autre langue<\/span><span class=\"\">, contactez le<\/span> comit\u00e9 de r\u00e9daction<span class=\"\">.<\/span><\/span><\/li>\n<li><span id=\"result_box\" class=\"\" lang=\"fr\">Nous vous invitons<span class=\"\"> \u00e0<\/span> <span class=\"\">\u00e9crire dans la langue<\/span> <span class=\"\">qui vous convient et<\/span> \u00e0 contribuer <span class=\"alt-edited\">\u00e0<\/span> <span class=\"\">la correction des<\/span> <span class=\"\">textes<\/span><span class=\"\">.<\/span> N<span class=\"alt-edited\">ous n&#8217;avons aucun<\/span> <span class=\"alt-edited\">financement<\/span><span class=\"\">, de sorte<\/span> <span class=\"\">qu&#8217;il serait utile <\/span>que les textes qui ne sont pas \u00e9crits dans votre langue natale soit relus par un locuteur natif <span class=\"\">avant de nous \u00eatre envoy\u00e9s<\/span>.<\/span><\/li>\n<li><span id=\"result_box\" class=\"\" lang=\"fr\"><span class=\"\">Nous ne publions pas<\/span> <span class=\"\">de textes <\/span><span class=\"\">qui l\u00e9gitiment ou qui peuvent \u00eatre utiles<\/span> <span class=\"\">\u00e0 des <\/span><span class=\"alt-edited\">organismes<\/span> <span class=\"\">r\u00e9pressifs<\/span> <span class=\"\">tels que la police<\/span>.<\/span><\/li>\n<li><span id=\"result_box\" class=\"\" lang=\"fr\"><span class=\"\">Nous ne publions pas de textes <\/span><span class=\"\">qui l\u00e9gitiment<\/span> l<span class=\"alt-edited\">es <\/span><span class=\"\">structures hi\u00e9rarchiques existantes<\/span><span class=\"\">, tr\u00e8s sp\u00e9cialement celles d<\/span><span class=\"\">es partis politiques<\/span><span class=\"\">, en raison de<\/span> <span class=\"\">leur capacit\u00e9<\/span> <span class=\"\">\u00e0 affaiblir<\/span> <span class=\"\">le squattage<\/span><span class=\"\">.<\/span><\/span><\/li>\n<li><span id=\"result_box\" class=\"\" lang=\"fr\"><span class=\"\">Nous n&#8217;acceptons pas<\/span> <span class=\"\">les textes <\/span><span class=\"alt-edited\">qui favorisent<\/span> <span class=\"alt-edited\">la stigmatisation des<\/span> formes <span class=\"\">de violence<\/span> qui <span class=\"alt-edited\">d\u00e9coulent<\/span> <span class=\"alt-edited\">de la r\u00e9sistance<\/span> <span class=\"\">des mouvements sociaux<\/span>.<\/span><\/li>\n<li><span id=\"result_box\" class=\"\" lang=\"fr\"><span class=\"\">Les informations<\/span> <span class=\"\">qui ne sont pas<\/span> de <span class=\"\">domaine publique<\/span> <span class=\"alt-edited\">requi\u00e8rent le consentement<\/span> <span class=\"\">explicite des<\/span> <span class=\"\">personnes concern\u00e9es<\/span><span class=\"\">,<\/span> <span class=\"alt-edited\">afin qu&#8217;elles puissent<\/span> <span class=\"alt-edited\">proposer des modifications<\/span> <span class=\"\">ou<\/span> refuser <span class=\"\">leur publication<\/span><span class=\"\">.<\/span><\/span><\/li>\n<li><span id=\"result_box\" class=\"\" lang=\"fr\"><span class=\"\">Nous n&#8217;acceptons pas<\/span> <span class=\"\">les textes <\/span><span class=\"\">qui <\/span><span class=\"alt-edited\">v\u00e9hiculent des id\u00e9ologies<\/span> <span class=\"\">telles que<\/span> <span class=\"\">le fascisme<\/span><span class=\"\">,<\/span> <span class=\"\">le racisme<\/span><span class=\"\">, le sexisme<\/span><span class=\"\">,<\/span> <span class=\"alt-edited\">la phobie des<\/span> <span class=\"\">LGTBQI<\/span><span class=\"\">,<\/span> <span class=\"alt-edited\">le sp\u00e9cisme<\/span><span class=\"\">,<\/span> <span class=\"\">et tous les autres<\/span> <em><span class=\"\">ismes<\/span> <\/em><span class=\"\">qui favorisent et<\/span> <span class=\"\">l\u00e9gitiment<\/span> <span class=\"\">la domination de<\/span> <span class=\"\">certains groupes sociaux<\/span> <span class=\"\">sur d&#8217;autres<\/span> <span class=\"\">groupes sociaux<\/span> <span class=\"\">ou d&#8217;autres<\/span> <span class=\"\">formes de<\/span> <span class=\"\">vie.<\/span><\/span><\/li>\n<li><span id=\"result_box\" class=\"\" lang=\"fr\">Quand aux photos, \u00e0 moins que les gens sont d\u00e9j\u00e0 bien connus, <span class=\"\">nous pr\u00e9voyons que le<\/span> <span class=\"alt-edited\">brouillage<\/span> <span class=\"\">des \u00e9l\u00e9ments visuels <\/span><span class=\"\">qui permettent<\/span> <span class=\"\">l&#8217;identification des individus pr\u00e9sents sur celles-ci<\/span><span class=\"\">.<\/span><\/span><\/li>\n<li>Les textes peuvent \u00eatre accompagn\u00e9s d&#8217;une br\u00e8ve biographie des auteur.e.s ou de leur projet, ou peuvent \u00eatre anonymes. Les requ\u00eates d\u2019anonymat seront respect\u00e9s.<\/li>\n<li>Nous encourageons les auteur.e.s \u00e0 nous aider a r\u00e9viser des articles des num\u00e9ros suivants de la revue.<\/li>\n<li><span id=\"result_box\" class=\"\" lang=\"fr\">Sauf indication contraire, les textes publi\u00e9s par Trespass r\u00e9pondent \u00e0 la <span class=\"\">licence suivante: <\/span><\/span>Creative Commons Attribution-NonCommercial-NoDerivatives 4.0 International License<\/li>\n<\/ul>\n<p><strong><br \/>\nTH\u00c9ORIE<\/strong><\/p>\n<ul>\n<li>Nous pr\u00e9f\u00e9rons les articles qui ont entre 4,000 et 10,000 mots.<\/li>\n<li>Si des r\u00e9f\u00e9rences sont utilis\u00e9e au long de l&#8217;article, celles-ci peuvent adopter n&#8217;importe quel format, du moment que ce format soit utilis\u00e9 de mani\u00e8re syst\u00e9matique.<\/li>\n<li>Veuillez nous envoyer le fichier en format .odt ou .doc.<\/li>\n<li>Les articles envoy\u00e9s ne doivent pas contenir d&#8217;informations personnelle, de mani\u00e8re a permettre la r\u00e9vision anonyme de ceux-ci. Ces informations doivent \u00eatre envoy\u00e9s dans un fichier a part.<\/li>\n<li>Si le texte contient des images, des encadr\u00e9s, des graphiques, etc, ceux-ci doivent \u00eatre envoy\u00e9 a part, tout en indiquant dans le texte l&#8217;endroit ou ils seront plac\u00e9s.<\/li>\n<li>Nous encourageons la publication de r\u00e9ponses critiques aux textes publi\u00e9 dans les num\u00e9ros ant\u00e9rieurs.<\/li>\n<\/ul>\n<p><strong>INTERVENTIONS<\/strong><\/p>\n<ul>\n<li>Toute sorte de publications sont les bienvenues: photos, images, r\u00e9ponses a des publications ant\u00e9rieures, cartes a l&#8217;\u00e9diteur, critiques de livres, films, articles de presse, blogs, d\u00e9lires, manifestes, communiqu\u00e9s, annonces et appels a la solidarit\u00e9.<\/li>\n<li>Les publications peuvent \u00eatre de n&#8217;importe quel dimension, type, ou langue disponible. Nous recevons aussi les connaissances pratiques telles que les manuels pour squatter, des conseils l\u00e9gaux, etc.<\/li>\n<li>La finalit\u00e9 de cette section est de contribuer aux r\u00e9seaux qui sont align\u00e9s avec les squats, de sorte a donner plus de visibilit\u00e9 a leur demandes et a leurs actions.<\/li>\n<\/ul>\n<p><strong>CONTACT<\/strong><\/p>\n<p>Courriel: editor@trespass.network (PGP key)<br \/>\nTwitter: <a href=\"https:\/\/twitter.com\/trespassnetwork\">TrespassNetwork<\/a><\/p>\n","protected":false},"excerpt":{"rendered":"<p>Ligne \u00e9ditoriale: Nous recevons des communications de tout le monde, sous r\u00e9serve des dispositions suivantes: GENERAL Nous vous invitons \u00e0 publier en catalan, n\u00e9erlandais, anglais, fran\u00e7ais et castillan. Si vous souhaitez publier dans une autre langue, contactez le comit\u00e9 de &hellip;<\/p>\n<p class=\"read-more\"> <a class=\"more-link\" href=\"https:\/\/blogs.sindominio.net\/trespass\/fr\/ligne-editoriale\/\"> <span class=\"screen-reader-text\">Ligne \u00e9ditoriale<\/span> Leer m\u00e1s \u00bb<\/a><\/p>\n","protected":false},"author":177,"featured_media":0,"parent":0,"menu_order":0,"comment_status":"closed","ping_status":"closed","template":"","meta":{"footnotes":""},"class_list":["post-142","page","type-page","status-publish","hentry"],"_links":{"self":[{"href":"https:\/\/blogs.sindominio.net\/trespass\/wp-json\/wp\/v2\/pages\/142","targetHints":{"allow":["GET"]}}],"collection":[{"href":"https:\/\/blogs.sindominio.net\/trespass\/wp-json\/wp\/v2\/pages"}],"about":[{"href":"https:\/\/blogs.sindominio.net\/trespass\/wp-json\/wp\/v2\/types\/page"}],"author":[{"embeddable":true,"href":"https:\/\/blogs.sindominio.net\/trespass\/wp-json\/wp\/v2\/users\/177"}],"replies":[{"embeddable":true,"href":"https:\/\/blogs.sindominio.net\/trespass\/wp-json\/wp\/v2\/comments?post=142"}],"version-history":[{"count":0,"href":"https:\/\/blogs.sindominio.net\/trespass\/wp-json\/wp\/v2\/pages\/142\/revisions"}],"wp:attachment":[{"href":"https:\/\/blogs.sindominio.net\/trespass\/wp-json\/wp\/v2\/media?parent=142"}],"curies":[{"name":"wp","href":"https:\/\/api.w.org\/{rel}","templated":true}]}}