{"id":139,"date":"2016-07-08T13:58:14","date_gmt":"2016-07-08T13:58:14","guid":{"rendered":"https:\/\/www.trespass.network\/?page_id=139"},"modified":"2016-07-08T13:58:14","modified_gmt":"2016-07-08T13:58:14","slug":"a-propos","status":"publish","type":"page","link":"https:\/\/blogs.sindominio.net\/trespass\/fr\/a-propos\/","title":{"rendered":"\u00c0 propos"},"content":{"rendered":"<p><span id=\"result_box\" class=\"\" lang=\"fr\">Trespass est auto-g\u00e9r\u00e9<span class=\"\">,<\/span> ne re\u00e7oit pas de financement <span class=\"alt-edited\">et permet l&#8217;acc\u00e8s libre<\/span>. <span class=\"alt-edited\">C&#8217;est une revue<\/span> <span class=\"\">multidisciplinaire, qui<\/span> <span class=\"\">publie des ouvrages<\/span> <span class=\"alt-edited\">dans plusieurs langues<\/span>.<\/span><\/p>\n<p>Trespass <span class=\"\">est une revue publi\u00e9<\/span> <span class=\"alt-edited\">de temps \u00e0 autre<\/span> <span class=\"\">qui<\/span> <span class=\"\">compile<\/span> <span class=\"\">des r\u00e9flexions sur<\/span> <span class=\"\">des exp\u00e9riences personnelles<\/span><span class=\"\">, des essais,<\/span> <span class=\"\">des articles, des<\/span> <span class=\"\">comptes rendus de conf\u00e9rences<\/span><span class=\"\">, des interviews<\/span><span class=\"\">, des d\u00e9bats<\/span><span class=\"\">, des lettres et<\/span> <span class=\"\">d&#8217;autres<\/span> <span class=\"\">interventions<\/span> d&#8217;<span class=\"alt-edited\">individus<\/span> <span class=\"alt-edited\">et de groupes<\/span> <span class=\"\">qui utilisent<\/span> <span class=\"\">l&#8217;usurpation<\/span> <span class=\"\">pour promouvoir la transformation<\/span> sociale. <span class=\"\">Notre objectif est<\/span> <span class=\"\">de publier<\/span> <span class=\"\">des articles \u00e9xamin\u00e9s par des pairs<\/span> <span class=\"alt-edited\">sur des th\u00e8mes<\/span> <span class=\"\">de recherche li\u00e9s au<\/span><span class=\"\"> squattage<\/span> <span class=\"alt-edited\">\u00e0 travers le monde<\/span>. <span class=\"\">Nous s\u00e9lectionnons<\/span> les gens <span class=\"\">qui examinent les<\/span> <span class=\"\">articles<\/span> <span class=\"\">en fonction de leur<\/span> <span class=\"alt-edited\">connaissance de la mati\u00e8re<\/span>, <span class=\"\">en essayant de maintenir<\/span> <span class=\"\">une certaine<\/span> <span class=\"\">diversit\u00e9 de profils<\/span>.<\/p>\n<p><span id=\"result_box\" class=\"\" lang=\"fr\">Notre objectif est de <span class=\"\">fournir aux auteurs<\/span><span class=\"\"> la possibilit\u00e9<\/span> <span class=\"\">de publier<\/span> dans leur propre langue<span class=\"\">.<\/span> <span class=\"\">Nous<\/span> <span class=\"\">estimons<\/span> <span class=\"\">que la diversit\u00e9 linguistique<\/span> <span class=\"\">peut<\/span> <span class=\"\">favoriser une<\/span> <span class=\"\">qualit\u00e9 litt\u00e9raire<\/span> superieure <span class=\"\">aux mat\u00e9riaux qui seront<\/span> <span class=\"\">publi\u00e9s<\/span><span class=\"\">.<\/span> <span class=\"\">Ainsi<\/span><span class=\"\">,<\/span> <span class=\"alt-edited\">la version papier<\/span> <span class=\"alt-edited\">de<\/span> <span class=\"\">Trespass<\/span> <span class=\"\">contiendra souvent des<\/span> <span class=\"\">articles<\/span> <span class=\"\">dans\u00a0plusieurs langues.<\/span> Par contre, <span class=\"\">des \u00e9ditions sp\u00e9ciales<\/span> <span class=\"\">adapt\u00e9es \u00e0 <\/span>c<span class=\"\">ertaines<\/span> <span class=\"alt-edited\">communaut\u00e9s linguistiques<\/span> <span class=\"alt-edited\">seront aussi<\/span> <span class=\"\">compil\u00e9 et<\/span> partag\u00e9 <span class=\"\">physiquement<\/span> <span class=\"\">\u00e0 des prix abordables<\/span><span class=\"\">.<\/span> <span class=\"\">La<\/span><span class=\"\"> th\u00e9orie<\/span> <span class=\"\">peut \u00eatre r\u00e9dig\u00e9e<\/span> <span class=\"\">dans n&#8217;importe quel<\/span> format, nous <span class=\"\">encourageons les auteurs \u00e0<\/span> <span class=\"\">\u00e9laborer<\/span> des styles qui leur soit propres.<\/span><\/p>\n<p>Trespass <span class=\"alt-edited\">comprend deux parties<\/span><span class=\"\">, \u00e0 savoir<\/span> <span class=\"alt-edited\">Th\u00e9orie<\/span> <span class=\"\">et Interventions<\/span>, <span class=\"\">qui sont d\u00e9finis dans<\/span> <a href=\"https:\/\/www.trespass.network\/?page_id=144&amp;lang=fr\"><span class=\"\">l&#8217;appel \u00e0 communications.<\/span><\/a><\/p>\n<p>&nbsp;<\/p>\n","protected":false},"excerpt":{"rendered":"<p>Trespass est auto-g\u00e9r\u00e9, ne re\u00e7oit pas de financement et permet l&#8217;acc\u00e8s libre. C&#8217;est une revue multidisciplinaire, qui publie des ouvrages dans plusieurs langues. Trespass est une revue publi\u00e9 de temps \u00e0 autre qui compile des r\u00e9flexions sur des exp\u00e9riences personnelles, &hellip;<\/p>\n<p class=\"read-more\"> <a class=\"more-link\" href=\"https:\/\/blogs.sindominio.net\/trespass\/fr\/a-propos\/\"> <span class=\"screen-reader-text\">\u00c0 propos<\/span> Leer m\u00e1s \u00bb<\/a><\/p>\n","protected":false},"author":177,"featured_media":0,"parent":0,"menu_order":0,"comment_status":"closed","ping_status":"closed","template":"","meta":{"footnotes":""},"class_list":["post-139","page","type-page","status-publish","hentry"],"_links":{"self":[{"href":"https:\/\/blogs.sindominio.net\/trespass\/wp-json\/wp\/v2\/pages\/139","targetHints":{"allow":["GET"]}}],"collection":[{"href":"https:\/\/blogs.sindominio.net\/trespass\/wp-json\/wp\/v2\/pages"}],"about":[{"href":"https:\/\/blogs.sindominio.net\/trespass\/wp-json\/wp\/v2\/types\/page"}],"author":[{"embeddable":true,"href":"https:\/\/blogs.sindominio.net\/trespass\/wp-json\/wp\/v2\/users\/177"}],"replies":[{"embeddable":true,"href":"https:\/\/blogs.sindominio.net\/trespass\/wp-json\/wp\/v2\/comments?post=139"}],"version-history":[{"count":0,"href":"https:\/\/blogs.sindominio.net\/trespass\/wp-json\/wp\/v2\/pages\/139\/revisions"}],"wp:attachment":[{"href":"https:\/\/blogs.sindominio.net\/trespass\/wp-json\/wp\/v2\/media?parent=139"}],"curies":[{"name":"wp","href":"https:\/\/api.w.org\/{rel}","templated":true}]}}