{"id":134,"date":"2016-07-08T13:48:23","date_gmt":"2016-07-08T13:48:23","guid":{"rendered":"https:\/\/www.trespass.network\/?page_id=134"},"modified":"2016-07-08T13:48:23","modified_gmt":"2016-07-08T13:48:23","slug":"linea-editorial","status":"publish","type":"page","link":"https:\/\/blogs.sindominio.net\/trespass\/es\/linea-editorial\/","title":{"rendered":"Linea editorial"},"content":{"rendered":"<p><span id=\"result_box\" class=\"\" lang=\"es\"><strong><span class=\"\">L\u00ednea editorial<\/span>:<\/strong><\/span><\/p>\n<p><span class=\"\">Recibimos <\/span><span class=\"\">comunicaciones de<\/span> <span class=\"\">todo el mundo<\/span>, <span class=\"\">sujeto<\/span> a <span class=\"alt-edited\">las siguientes disposiciones<\/span><span class=\"\">:<\/span><\/p>\n<p><strong>GENERAL<\/strong><\/p>\n<ul>\n<li><span id=\"result_box\" class=\"\" lang=\"es\"><span class=\"\">Os animamos a publicar <\/span><span class=\"\">en<\/span> <span class=\"\">catal\u00e1n<\/span><span class=\"\">, holand\u00e9s<\/span>, ingl\u00e9s, <span class=\"\">franc\u00e9s y <\/span><span class=\"\">castellano<\/span><span class=\"\">.<\/span> Si quieres publicar en otro idioma, contacta con el comit\u00e9 editorial.<\/span><\/li>\n<li><span id=\"result_box\" class=\"\" lang=\"es\"><span class=\"\">Animamos a la gente<\/span> <span class=\"\">a escribir <\/span><span class=\"\">en el idioma<\/span> <span class=\"\">que le convenga <\/span><span class=\"\">y<\/span> <span class=\"\">a colaborar en la <\/span><span class=\"alt-edited\">correcci\u00f3n de los textos<\/span>. <span class=\"alt-edited\">No tenemos <\/span><span class=\"alt-edited\">financiaci\u00f3n, as\u00ed que ser\u00eda una gran ayuda que <\/span><span class=\"\">los hablantes no nativos<\/span> <span class=\"alt-edited\">pudieran<\/span> <span class=\"alt-edited\">arreglarselas para que un nativo les revise el texto antes de enviarlo<\/span>.<\/span><\/li>\n<li><span id=\"result_box\" class=\"\" lang=\"es\"><span class=\"\">No aceptamos materiales <\/span><span class=\"\">que legitimen o sean \u00fatiles a<\/span> <span class=\"alt-edited\">cuerpos represivos<\/span> tales <span class=\"\">como la polic\u00eda<\/span>.<\/span><\/li>\n<li><span id=\"result_box\" class=\"\" lang=\"es\"><span class=\"\">No aceptamos materiales que legitimen <\/span><span class=\"alt-edited\">cualquier tipo de estructura<\/span> <span class=\"\">jer\u00e1rquica<\/span><span class=\"\">,<\/span> <span class=\"alt-edited\">en particular<\/span> <span class=\"alt-edited\">la de los partidos<\/span> <span class=\"\">pol\u00edticos, debido a<\/span> <span class=\"\">la capacidad<\/span> de \u00e9stos <span class=\"\">para debilitar <\/span><span class=\"\">la okupaci\u00f3n<\/span>.<\/span><\/li>\n<li>No aceptamos materiales que contribuyan a estigmatizar las formas de violencia que resulten de la resistencia de los movimientos sociales.<\/li>\n<li>Toda la informaci\u00f3n que no sea ya de dom\u00ednio p\u00fablico requiere el consentimiento expl\u00edcito de las personas sobre las que se habla, de modo a que \u00e9stas puedan sugerir modificaciones o vetar su publicaci\u00f3n.<\/li>\n<li>No aceptamos materials que transmitan ideolog\u00edas tales como el fascismo, el racismo, el sexismo, la fobia hacia lxs LGTBQI, el especismo, y todos los dem\u00e1s -ismos que fomentan y legitiman la dominaci\u00f3n de algunos grupos sociales sobre otros grupos sociales u otras formas de vida.<\/li>\n<li>En el caso de incluir fotos, se requiere la eliminaci\u00f3n de aquellos elementos visuales que permitan la identifiaci\u00f3n de los individuos que salgan en \u00e9stas.<\/li>\n<li>Quienes escriban pueden a\u00f1adir una breve biograf\u00eda (50 palabras) de s\u00ed mismas o de su proyecto, o pueden permanecer an\u00f3nimas si as\u00ed lo desean. Los pedidos de anonimidad se respetar\u00e1n.<\/li>\n<li>Animamos a quienes publiquen materiales en Trespass a colaborar con la revisi\u00f3n de art\u00edculos en los pr\u00f3ximos n\u00fameros.<\/li>\n<li>A menos que se especifique el contrario, los textos publicados por Trespass est\u00e1n bajo la siguiente licencia de derechos de autor: Creative Commons Attribution-NonCommercial-NoDerivatives 4.0 International License<\/li>\n<\/ul>\n<p><strong><br \/>\nTEOR\u00cdA<\/strong><\/p>\n<ul>\n<li>Los textos deben tener entre 4,000 y 10,000 palabras.<\/li>\n<li>Si procede, los textos pueden citar otras obras de la forma que mejor convenga, aunque se pide que se mantenga ese estilo en todo el documento.<\/li>\n<li>Los documentos deben enviarse en formato .odt o .doc<\/li>\n<li>No deben constar ninguna informaci\u00f3n personal en el archivo, de modo a permitir la revisi\u00f3n an\u00f3nima del texto. La informaci\u00f3n personal acerca de la autor\u00eda, contacto, etc deben enviarse en otro archivo separado.<\/li>\n<li>Las im\u00e1genes, tablas, graficos, etc deben enviarse separadamente, a la vez que se se\u00f1ala en el archivo el lugar donde se les quiere colocar.<\/li>\n<li>Os animamos a enviarnos respuestas cr\u00edticas a los materiales te\u00f3ricos publicados en n\u00fameros anteriores de la revista.<\/li>\n<\/ul>\n<p><strong>INTERVENCIONES<\/strong><\/p>\n<ul>\n<li>Os animamos a compartir cualquier tipo de informaci\u00f3n: fotograf\u00edas, im\u00e1genes, respuestas a otras entradas de la bit\u00e1cora, cartas, rese\u00f1as de libros, peliculas, not\u00edcias, p\u00e1ginas web afines, idas de olla espontaneas, manifiestos, comunicados, y llamamientos a la solidaridad.<\/li>\n<li>Las comunicaciones pueden ser de cualquier tipo y tama\u00f1o, en cualquier idioma utilizado por Trespass. Tambi\u00e9n nos interesa difundir conocimiento practico como manuales de okupaci\u00f3n, desobediencia administrativa, consejos legales, etc.<\/li>\n<li>El objetivo de esta secci\u00f3n es de contribuir a las redes afines a la okupaci\u00f3n, de modo a aumentar la visibilidad de sus reivindicaciones y de sus acciones.<\/li>\n<\/ul>\n<p><strong>CONTACTO<\/strong><\/p>\n<p>Correo: editor@trespass.network (PGP key)<br \/>\nTwitter: <a href=\"https:\/\/twitter.com\/trespassnetwork\">TrespassNetwork<\/a><\/p>\n","protected":false},"excerpt":{"rendered":"<p>L\u00ednea editorial: Recibimos comunicaciones de todo el mundo, sujeto a las siguientes disposiciones: GENERAL Os animamos a publicar en catal\u00e1n, holand\u00e9s, ingl\u00e9s, franc\u00e9s y castellano. Si quieres publicar en otro idioma, contacta con el comit\u00e9 editorial. Animamos a la gente &hellip;<\/p>\n<p class=\"read-more\"> <a class=\"more-link\" href=\"https:\/\/blogs.sindominio.net\/trespass\/es\/linea-editorial\/\"> <span class=\"screen-reader-text\">Linea editorial<\/span> Leer m\u00e1s \u00bb<\/a><\/p>\n","protected":false},"author":177,"featured_media":0,"parent":0,"menu_order":0,"comment_status":"closed","ping_status":"closed","template":"","meta":{"footnotes":""},"class_list":["post-134","page","type-page","status-publish","hentry"],"_links":{"self":[{"href":"https:\/\/blogs.sindominio.net\/trespass\/wp-json\/wp\/v2\/pages\/134","targetHints":{"allow":["GET"]}}],"collection":[{"href":"https:\/\/blogs.sindominio.net\/trespass\/wp-json\/wp\/v2\/pages"}],"about":[{"href":"https:\/\/blogs.sindominio.net\/trespass\/wp-json\/wp\/v2\/types\/page"}],"author":[{"embeddable":true,"href":"https:\/\/blogs.sindominio.net\/trespass\/wp-json\/wp\/v2\/users\/177"}],"replies":[{"embeddable":true,"href":"https:\/\/blogs.sindominio.net\/trespass\/wp-json\/wp\/v2\/comments?post=134"}],"version-history":[{"count":0,"href":"https:\/\/blogs.sindominio.net\/trespass\/wp-json\/wp\/v2\/pages\/134\/revisions"}],"wp:attachment":[{"href":"https:\/\/blogs.sindominio.net\/trespass\/wp-json\/wp\/v2\/media?parent=134"}],"curies":[{"name":"wp","href":"https:\/\/api.w.org\/{rel}","templated":true}]}}