{"id":118,"date":"2016-07-08T13:48:23","date_gmt":"2016-07-08T13:48:23","guid":{"rendered":"https:\/\/www.trespass.network\/?page_id=118"},"modified":"2016-07-08T13:48:23","modified_gmt":"2016-07-08T13:48:23","slug":"propostes","status":"publish","type":"page","link":"https:\/\/blogs.sindominio.net\/trespass\/propostes\/","title":{"rendered":"L\u00ednia editorial"},"content":{"rendered":"<p><span id=\"result_box\" class=\"\" lang=\"ca\"><strong>L\u00ednia editorial:<\/strong><\/span><\/p>\n<p>Rebem <span class=\"\">comunicacions<\/span> <span class=\"\">de tothom<\/span>, subjecte a <span class=\"\">les<\/span> <span class=\"\">seg\u00fcents<\/span> <span class=\"\">disposicions<\/span>:<\/p>\n<p><strong><span class=\"\">GENERAL<\/span><\/strong><\/p>\n<ul>\n<li>Us <span class=\"\">animem<\/span> a publicar en catal\u00e0<span class=\"\">, holand\u00e8s<\/span><span class=\"\">, angl\u00e8s<\/span>, franc\u00e8s i castell\u00e0. Si vols publicar <span class=\"\">en un altre idioma<\/span><span class=\"\">, contacta amb<\/span> <span class=\"\">el comit\u00e8<\/span> <span class=\"\">editorial.<\/span><\/li>\n<li>Animem a <span class=\"\">la gent<\/span> <span class=\"\">a escriure<\/span> <span class=\"\">en l&#8217;idioma que<\/span> <span class=\"\">li<\/span> <span class=\"\">convingui<\/span> <span class=\"\">i<\/span> <span class=\"\">a col\u00b7laborar<\/span> en la correcci\u00f3 <span class=\"\">dels textos.<\/span> <span class=\"\">No tenim<\/span> <span class=\"\">finan\u00e7ament<\/span><span class=\"\">, aix\u00ed que<\/span> <span class=\"\">seria una<\/span> <span class=\"\">gran ajuda que<\/span> <span class=\"\">els<\/span> parlants no <span class=\"\">natius<\/span> <span class=\"\">poguessin<\/span> <span class=\"\">aconseguir l&#8217;ajuda d&#8217;<\/span><span class=\"\">una persona nativa<\/span> <span class=\"\">els<\/span> <span class=\"\">revisi<\/span> <span class=\"\">el text<\/span> <span class=\"\">abans<\/span> <span class=\"\">d&#8217;enviar-nos-el.<\/span><\/li>\n<li><span class=\"\">No acceptem<\/span> <span class=\"\">materials que<\/span> <span class=\"\">legitimin o<\/span> <span class=\"\">siguin<\/span> <span class=\"\">\u00fatils<\/span> <span class=\"\">a cossos<\/span> <span class=\"\">repressius<\/span> com ara la policia.<\/li>\n<li>No acceptem <span class=\"\">materials que<\/span> legitimin qualsevol mena d&#8217;estructura jer\u00e0rquica, en particular la dels partits <span class=\"\">pol\u00edtics<\/span>, a causa de la capacitat d&#8217;aquests per afeblir l&#8217;okupaci\u00f3.<\/li>\n<li><span id=\"result_box\" class=\"\" lang=\"ca\">No acceptem materials que contribueixin a estigmatitzar les formes de viol\u00e8ncia que <span class=\"\">resultin<\/span> <span class=\"\">de la resist\u00e8ncia<\/span> <span class=\"\">dels<\/span> moviments socials.<\/span><\/li>\n<li><span id=\"result_box\" class=\"\" lang=\"ca\"><span class=\"\">Tota la<\/span> <span class=\"\">informaci\u00f3 que no<\/span> <span class=\"\">sigui<\/span> <span class=\"\">ja<\/span> <span class=\"\">de<\/span> <span class=\"\">dom\u00ednio<\/span> <span class=\"\">p\u00fablic<\/span> <span class=\"\">requereix el<\/span> consentiment expl\u00edcit de les <span class=\"\">persones sobre<\/span> <span class=\"\">les<\/span> <span class=\"alt-edited\">quals<\/span> <span class=\"\">es<\/span> <span class=\"\">parla<\/span><span class=\"\">, de manera a<\/span> <span class=\"\">que aquestes<\/span> puguin suggerir <span class=\"\">modificacions<\/span> o <span class=\"\">vetar la seva<\/span> <span class=\"\">publicaci\u00f3.<\/span><\/span><\/li>\n<li><span id=\"result_box\" class=\"\" lang=\"ca\"><span class=\"\">No acceptem<\/span> materials <span class=\"\">que transmetin<\/span> ideologies com ara el feixisme, el racisme, <span class=\"\">el sexisme<\/span><span class=\"\">, la f\u00f2bia<\/span> <span class=\"\">cap a<\/span> <span class=\"\">lxs<\/span> LGTBQI, el especisme, i tots els altres ismes que fomenten i <span class=\"\">legitimen<\/span> <span class=\"\">la dominaci\u00f3<\/span> <span class=\"\">d&#8217;alguns grups<\/span> socials sobre altres grups socials o altres formes de vida.<\/span><\/li>\n<li><span id=\"result_box\" class=\"\" lang=\"ca\">En <span class=\"\">el cas d&#8217;incloure<\/span> <span class=\"\">fotos,<\/span> es requereix l&#8217;eliminaci\u00f3 d&#8217;aquells elements visuals que permetin <span class=\"\">a la identificaci\u00f3<\/span> dels individus que surtin en aquestes.<\/span><\/li>\n<li><span id=\"result_box\" class=\"\" lang=\"ca\">Les persones que <span class=\"\">escriguin<\/span> <span class=\"\">poden<\/span> <span class=\"\">afegir<\/span> <span class=\"\">una breu<\/span> <span class=\"\">biografia<\/span> (50 paraules) de si mateixes o <span class=\"\">del seu projecte,<\/span> <span class=\"\">o poden<\/span> <span class=\"\">romandre<\/span> <span class=\"\">an\u00f2nimes<\/span> <span class=\"\">si aix\u00ed ho<\/span> desitgen. Les demandes <span class=\"alt-edited\">d&#8217;<\/span><span class=\"alt-edited\">anonimat<\/span> <span class=\"\">es respectaran.<\/span><\/span><\/li>\n<li><span id=\"result_box\" class=\"\" lang=\"ca\"><span class=\"\">Animem<\/span> <span class=\"\">a la gent\u00a0 que <\/span><span class=\"\">publiqui<\/span> <span class=\"\">materials en<\/span> <span class=\"\">Trespass<\/span> <span class=\"\">a col\u00b7laborar<\/span> amb <span class=\"\">la revisi\u00f3<\/span> d&#8217;articles en els <span class=\"\">propers n\u00fameros.<\/span><\/span><\/li>\n<li><span id=\"result_box\" class=\"\" lang=\"ca\"><span class=\"\">Llevat que<\/span> <span class=\"\">s&#8217;especifiqui el<\/span> <span class=\"\">contrari<\/span>, els textos publicats per Trespass estan sota la seg\u00fcent <span class=\"\">llic\u00e8ncia<\/span> <span class=\"\">de drets<\/span> d&#8217;autor: Creative Commons Attribution-NonCommercial-NoDerivatives 4.0 International License<br \/>\n<\/span><\/li>\n<\/ul>\n<p>&nbsp;<\/p>\n<p>&nbsp;<\/p>\n<p><strong> TEORIA<\/strong><\/p>\n<ul>\n<li><span id=\"result_box\" class=\"\" lang=\"ca\">Els textos <span class=\"\">han de tenir entre<\/span> 4,000 i 10,000 paraules.<\/span><\/li>\n<li><span id=\"result_box\" class=\"\" lang=\"ca\"><span class=\"\">Si escau<\/span><span class=\"\">, els textos<\/span> <span class=\"\">poden citar<\/span> <span class=\"\">altres obres i ho poden fer de<\/span> <span class=\"\">la forma que millor<\/span> <span class=\"\">convingui. Nom\u00e9s es <\/span><span class=\"\">demana que<\/span> <span class=\"\">es<\/span> <span class=\"\">mantingui un sol <\/span><span class=\"\">estil<\/span> <span class=\"alt-edited\">en tot el<\/span> document.<\/span><\/li>\n<li><span id=\"result_box\" class=\"\" lang=\"ca\"><span class=\"\">Els<\/span> <span class=\"\">documents<\/span> <span class=\"\">s&#8217;han d&#8217;enviar en<\/span> <span class=\"\">format<\/span> .odt o .doc<\/span><\/li>\n<li><span id=\"result_box\" class=\"\" lang=\"ca\"><span class=\"alt-edited\">No ha de<\/span> <span class=\"\">constar cap<\/span> <span class=\"\">informaci\u00f3 personal<\/span> <span class=\"\">a l&#8217;arxiu del text<\/span><span class=\"\">, de manera a<\/span> <span class=\"\">permetre la<\/span> revisi\u00f3 <span class=\"\">an\u00f2nima del<\/span> <span class=\"\">mateix.<\/span> <span class=\"\">La informaci\u00f3<\/span> <span class=\"\">personal &#8211; com ara <\/span><span class=\"\">l&#8217;autoria<\/span><span class=\"\">, contacte,<\/span> <span class=\"\">etc<\/span> &#8211; <span class=\"\">s&#8217;ha d&#8217;enviar<\/span> <span class=\"\">en un <\/span><span class=\"\">arxiu<\/span> <span class=\"\">separat.<\/span><\/span><\/li>\n<li><span id=\"result_box\" class=\"\" lang=\"ca\">Les <span class=\"\">imatges,<\/span> <span class=\"\">taules,<\/span> <span class=\"\">gr\u00e0fics<\/span><span class=\"\">, etc.<\/span> <span class=\"\">s&#8217;han d&#8217;enviar<\/span> <span class=\"\">separadament<\/span>, alhora que s&#8217;assenyala <span class=\"\">a l&#8217;arxiu<\/span> <span class=\"\">el lloc<\/span> <span class=\"\">on se&#8217;ls<\/span> <span class=\"\">vol col\u00b7locar<\/span><span class=\"\">.<\/span><\/span><\/li>\n<li><span id=\"result_box\" class=\"\" lang=\"ca\">Us <span class=\"\">animem a<\/span> <span class=\"\">enviar-nos<\/span> <span class=\"\">respostes<\/span> <span class=\"\">cr\u00edtiques als<\/span> materials te\u00f2rics publicats <span class=\"\">en n\u00fameros anteriors<\/span> <span class=\"\">de la revista.<\/span><\/span><\/li>\n<\/ul>\n<p><strong>INTERVENCIONS<\/strong><\/p>\n<ul>\n<li><span id=\"result_box\" class=\"\" lang=\"ca\">Us animem a <span class=\"\">compartir qualsevol<\/span> <span class=\"alt-edited\">mena<\/span> <span class=\"\">d&#8217;informaci\u00f3<\/span>: <span class=\"\">fotografies<\/span><span class=\"\">, imatges<\/span><span class=\"\">, respostes a<\/span> <span class=\"\">altres entrades<\/span> <span class=\"\">del bloc<\/span><span class=\"\">, cartes<\/span><span class=\"\">, ressenyes<\/span> <span class=\"\">de llibres<\/span><span class=\"\">, pel\u00b7l\u00edcules<\/span><span class=\"\">, not\u00edcies<\/span><span class=\"\">, p\u00e0gines<\/span> web <span class=\"\">afins<\/span><span class=\"\">, anades<\/span> <span class=\"\">d&#8217;olla<\/span> <span class=\"\">espont\u00e0nies<\/span><span class=\"\">, manifestos<\/span><span class=\"\">, comunicats,<\/span> <span class=\"\">i<\/span> <span class=\"\">crides a la<\/span> <span class=\"\">solidaritat.<\/span><\/span><\/li>\n<li><span id=\"result_box\" class=\"\" lang=\"ca\">Les <span class=\"\">comunicacions<\/span> <span class=\"\">poden<\/span> <span class=\"\">ser de qualsevol<\/span> <span class=\"\">tipus<\/span> <span class=\"\">i<\/span> <span class=\"\">tamany, en<\/span> <span class=\"\">qualsevol idioma<\/span> <span class=\"\">utilitzat<\/span> <span class=\"\">per<\/span> <span class=\"\">Trespass<\/span><span class=\"\">.<\/span><\/span><\/li>\n<li><span id=\"result_box\" class=\"\" lang=\"ca\"><span class=\"\">Tamb\u00e9<\/span> <span class=\"\">volem <\/span><span class=\"\">difondre coneixement<\/span> pr\u00e0ctic com per exemple manuals <span class=\"\">d&#8217;okupaci\u00f3,<\/span> <span class=\"\">desobedi\u00e8ncia<\/span> <span class=\"\">administrativa<\/span><span class=\"\">, consells<\/span> legals, etc.<\/span><\/li>\n<li><span id=\"result_box\" class=\"\" lang=\"ca\"><span class=\"\">L&#8217;objectiu<\/span> <span class=\"\">d&#8217;aquesta<\/span> <span class=\"\">secci\u00f3<\/span> <span class=\"\">\u00e9s de<\/span> <span class=\"\">contribuir a<\/span> les xarxes afins a l&#8217;okupaci\u00f3, de manera a augmentar la <span class=\"\">visibilitat<\/span> de les seves reivindicacions i de les seves accions.<br id=\"result_box\" class=\"\" \/><\/span><\/li>\n<\/ul>\n<p><strong>CONTACTE<\/strong><\/p>\n<p>Correu: editor@trespass.network (PGP key)<br \/>\nTwitter: <a href=\"https:\/\/twitter.com\/trespassnetwork\">TrespassNetwork<\/a><\/p>\n","protected":false},"excerpt":{"rendered":"<p>L\u00ednia editorial: Rebem comunicacions de tothom, subjecte a les seg\u00fcents disposicions: GENERAL Us animem a publicar en catal\u00e0, holand\u00e8s, angl\u00e8s, franc\u00e8s i castell\u00e0. Si vols publicar en un altre idioma, contacta amb el comit\u00e8 editorial. Animem a la gent a &hellip;<\/p>\n<p class=\"read-more\"> <a class=\"more-link\" href=\"https:\/\/blogs.sindominio.net\/trespass\/propostes\/\"> <span class=\"screen-reader-text\">L\u00ednia editorial<\/span> Leer m\u00e1s \u00bb<\/a><\/p>\n","protected":false},"author":177,"featured_media":0,"parent":0,"menu_order":0,"comment_status":"closed","ping_status":"closed","template":"","meta":{"footnotes":""},"class_list":["post-118","page","type-page","status-publish","hentry"],"_links":{"self":[{"href":"https:\/\/blogs.sindominio.net\/trespass\/wp-json\/wp\/v2\/pages\/118","targetHints":{"allow":["GET"]}}],"collection":[{"href":"https:\/\/blogs.sindominio.net\/trespass\/wp-json\/wp\/v2\/pages"}],"about":[{"href":"https:\/\/blogs.sindominio.net\/trespass\/wp-json\/wp\/v2\/types\/page"}],"author":[{"embeddable":true,"href":"https:\/\/blogs.sindominio.net\/trespass\/wp-json\/wp\/v2\/users\/177"}],"replies":[{"embeddable":true,"href":"https:\/\/blogs.sindominio.net\/trespass\/wp-json\/wp\/v2\/comments?post=118"}],"version-history":[{"count":0,"href":"https:\/\/blogs.sindominio.net\/trespass\/wp-json\/wp\/v2\/pages\/118\/revisions"}],"wp:attachment":[{"href":"https:\/\/blogs.sindominio.net\/trespass\/wp-json\/wp\/v2\/media?parent=118"}],"curies":[{"name":"wp","href":"https:\/\/api.w.org\/{rel}","templated":true}]}}