{"id":116,"date":"2016-07-08T18:59:14","date_gmt":"2016-07-08T18:59:14","guid":{"rendered":"https:\/\/www.trespass.network\/?page_id=116"},"modified":"2016-07-08T18:59:14","modified_gmt":"2016-07-08T18:59:14","slug":"crida-a-contribucions","status":"publish","type":"page","link":"https:\/\/blogs.sindominio.net\/trespass\/crida-a-contribucions\/","title":{"rendered":"Crida a Comunicacions"},"content":{"rendered":"<p><span id=\"result_box\" class=\"\" lang=\"ca\"><span title=\"Trespass tiene dos secciones, a saber, la teor\u00eda y las intervenciones: \"><strong>Trespass<\/strong> t\u00e9 dues seccions, a saber, la teoria i les intervencions:<\/span><\/span><\/p>\n<p><span title=\"La Teor\u00eda consiste en ediciones de la revista. \">La <strong>Teoria<\/strong> consisteix en edicions de la revista.<\/span><\/p>\n<p><span title=\"Esta secci\u00f3n te\u00f3rica es revisada por pares, lo que significa que los art\u00edculos seleccionados por el equipo editorial recibir\u00e1n la cr\u00edtica an\u00f3nima de dos personas.\">Aquesta secci\u00f3 te\u00f2rica rep revisi\u00f3, el que significa que els articles seleccionats per l&#8217;equip editorial rebran la cr\u00edtica an\u00f2nima de dues persones. <\/span><span title=\"Los autores deben incorporar los elementos que consideren pertinentes, antes de enviar el texto de nuevo para una evaluaci\u00f3n final. \">Els autors han d&#8217;incorporar els elements que considerin pertinents, abans d&#8217;enviar el text de nou per a una avaluaci\u00f3 final.<\/span><\/p>\n<p><span title=\"Aunque el sistema de revisi\u00f3n por pares es com\u00fan en el mundo acad\u00e9mico, no tenemos la intenci\u00f3n de privilegiar el formato acad\u00e9mico, sino m\u00e1s bien tener un mecanismo para mejorar la calidad de los textos gracias al esfuerzo desinteresado de revisores an\u00f3nimos. \">Encara que aquest sistema de revisi\u00f3 \u00e9s com\u00fa en el m\u00f3n acad\u00e8mic, no tenim la intenci\u00f3 de privilegiar el format acad\u00e8mic, sin\u00f3 m\u00e9s aviat de tenir un mecanisme per millorar la qualitat dels textos, gr\u00e0cies a l&#8217;esfor\u00e7 desinteressat de revisors an\u00f2nims.<\/span><\/p>\n<p><span title=\"Al menos uno de los revisores estar\u00e1 vinculado al territorio.\">Com a m\u00ednim un dels revisors estar\u00e0 vinculat al territori. <\/span><span title=\"El revisor local de se asegurar\u00e1 de que el contenido del art\u00edculo se ajusta a la realidad que describe, bas\u00e1ndose en su experiencia concreta en las luchas.\">El revisor local s&#8217;assegurar\u00e0 que el contingut de l&#8217;article s&#8217;ajusta a la realitat que es descriu, basant-se en la seva experi\u00e8ncia concreta en les lluites. <\/span><span title=\"Los colaboradores no locales se asegurar\u00e1n de que est\u00e9n presentes los elementos contextuales necesarios para entender los contenidos. \">Els revisors no locals han d&#8217;assegurar que estiguin presents els elements contextuals necessaris per entendre els continguts.<\/span><\/p>\n<p><span title=\"Preferimos textos de entre 4.000 y 10.000 palabras. \">Preferim textos d&#8217;entre 4.000 i 10.000 paraules.<\/span><\/p>\n<p><span title=\"Las Intervenciones consisten en entradas de la bit\u00e1cora bajo consideraci\u00f3n editorial (no revisada por pares) y est\u00e1n abiertas a todo tipo de formatos: comunicados;\">Les <strong>Intervencions<\/strong> consisteixen en entrades del bloc sota consideraci\u00f3 editorial (no revisada per persones externes) i estan obertes a tot tipus de formats: comunicats; <\/span><span title=\"im\u00e1genes;\">imatges; <\/span><span title=\"manifiestos;\">manifestos; <\/span><span title=\"noticias;\">not\u00edcies; <\/span><span title=\"llamamientos a la solidaridad;\">crides a la solidaritat; <\/span><span title=\"etc.\">etc. <\/span><span title=\"El enfoque est\u00e1 en facilitar la comunicaci\u00f3n entre okupantes y activistas a nivel mundial, y en contribuir a las redes que est\u00e1n alineadas con la okupaci\u00f3n, para ampliar la visibilidad de sus demandas y acciones. \">L&#8217;enfocament est\u00e0 en facilitar la comunicaci\u00f3 entre okupants i activistes a nivell mundial, i a contribuir a les xarxes que estan alineades amb l&#8217;okupaci\u00f3, per ampliar la visibilitat de les seves demandes i accions.<\/span><\/p>\n<p><span title=\"En la secci\u00f3n de Intervenciones tambi\u00e9n se incluyen respuestas a las comunicaciones y cartas anteriormente publicadas en la revista.\">A la secci\u00f3 d&#8217;Intervencions tamb\u00e9 s&#8217;inclouen respostes a les comunicacions i cartes anteriorment publicades a la revista. <\/span><span title=\"Este tipo de intervenciones se a\u00f1adir\u00e1n a la versi\u00f3n impresa. \">Aquest tipus d&#8217;intervencions s&#8217;afegiran a la versi\u00f3 impresa.<\/span><\/p>\n<p><span title=\"Se invita los colectivos e individuos interesados a compartir sus textos en cualquiera de las lenguas utilizadas por Trespass.\">Es convida els col\u00b7lectius i individus interessats a compartir els seus textos en qualsevol de les lleng\u00fces utilitzades per Trespass. <\/span><span title=\"Tambi\u00e9n damos la bienvenida a materiales referentes a conocimientos pr\u00e1cticos como manuales de okupaci\u00f3n y de asesor\u00eda jur\u00eddica. \">Tamb\u00e9 donem la benvinguda a materials referents a coneixements pr\u00e0ctics com manuals d&#8217;okupaci\u00f3 i d&#8217;assessoria jur\u00eddica.<\/span><\/p>\n<p><span title=\"L\u00ednea editorial \"><a href=\"https:\/\/www.trespass.network\/?page_id=118&amp;lang=ca\">L\u00ednia editorial<\/a><br \/>\n<\/span><span title=\"Para contactar con los editores, escribir a editor@trespass.network\">Per contactar amb els editors, escriure a editor@trespass.network<\/span><\/p>\n","protected":false},"excerpt":{"rendered":"<p>Trespass t\u00e9 dues seccions, a saber, la teoria i les intervencions: La Teoria consisteix en edicions de la revista. Aquesta secci\u00f3 te\u00f2rica rep revisi\u00f3, el que significa que els articles seleccionats per l&#8217;equip editorial rebran la cr\u00edtica an\u00f2nima de dues &hellip;<\/p>\n<p class=\"read-more\"> <a class=\"more-link\" href=\"https:\/\/blogs.sindominio.net\/trespass\/crida-a-contribucions\/\"> <span class=\"screen-reader-text\">Crida a Comunicacions<\/span> Leer m\u00e1s \u00bb<\/a><\/p>\n","protected":false},"author":177,"featured_media":0,"parent":0,"menu_order":0,"comment_status":"closed","ping_status":"closed","template":"","meta":{"footnotes":""},"class_list":["post-116","page","type-page","status-publish","hentry"],"_links":{"self":[{"href":"https:\/\/blogs.sindominio.net\/trespass\/wp-json\/wp\/v2\/pages\/116","targetHints":{"allow":["GET"]}}],"collection":[{"href":"https:\/\/blogs.sindominio.net\/trespass\/wp-json\/wp\/v2\/pages"}],"about":[{"href":"https:\/\/blogs.sindominio.net\/trespass\/wp-json\/wp\/v2\/types\/page"}],"author":[{"embeddable":true,"href":"https:\/\/blogs.sindominio.net\/trespass\/wp-json\/wp\/v2\/users\/177"}],"replies":[{"embeddable":true,"href":"https:\/\/blogs.sindominio.net\/trespass\/wp-json\/wp\/v2\/comments?post=116"}],"version-history":[{"count":0,"href":"https:\/\/blogs.sindominio.net\/trespass\/wp-json\/wp\/v2\/pages\/116\/revisions"}],"wp:attachment":[{"href":"https:\/\/blogs.sindominio.net\/trespass\/wp-json\/wp\/v2\/media?parent=116"}],"curies":[{"name":"wp","href":"https:\/\/api.w.org\/{rel}","templated":true}]}}