{"id":112,"date":"2016-07-08T13:58:14","date_gmt":"2016-07-08T13:58:14","guid":{"rendered":"https:\/\/www.trespass.network\/?page_id=112"},"modified":"2016-07-08T13:58:14","modified_gmt":"2016-07-08T13:58:14","slug":"sobre-nosaltres","status":"publish","type":"page","link":"https:\/\/blogs.sindominio.net\/trespass\/sobre-nosaltres\/","title":{"rendered":"Sobre nosaltres"},"content":{"rendered":"<p><span id=\"result_box\" class=\"\" lang=\"ca\"><strong>Trespass<\/strong>\u00a0\u00e9s una revista autogestionada d&#8217;acc\u00e9s obert que no rep cap mena de finan\u00e7ament. \u00c9s multidisciplin\u00e0ria i publica treballs en diferents idiomes.<\/span><\/p>\n<p><strong>Trespass<\/strong> <span class=\"\">\u00e9s una revista<\/span> <span class=\"\">publicada<\/span> ocasionalment que recopila reflexions <span class=\"\">sobre experi\u00e8ncies<\/span> <span class=\"\">personals<\/span>, assajos, articles, actes de confer\u00e8ncies, entrevistes, debats, cartes i <span class=\"\">altres intervencions<\/span> de persones i col\u00b7lectius que utilitzen la usurpaci\u00f3 <span class=\"\">per promoure el<\/span> <span class=\"\">canvi social.<\/span> Els articles publicats seran revisats per tercers <span class=\"\">sobre temes<\/span> <span class=\"\">de recerca relacionats<\/span> amb les lluites per l&#8217;okupaci\u00f3 a trav\u00e9s del m\u00f3n. <span class=\"\">Seleccionem<\/span> <span class=\"\">les<\/span> persones que revisen els articles d&#8217;acord amb el seu coneixement <span class=\"\">de la mat\u00e8ria<\/span><span class=\"\">, intentant<\/span> mantenir una certa diversitat de perfils.<\/p>\n<p><span id=\"result_box\" class=\"\" lang=\"ca\">Volem proporcionar a les persones que ens escriuen la possibilitat de publicar textos en la seva llengua. Considerem que la diversitat ling\u00fc\u00edstica pot fomentar una major qualitat liter\u00e0ria dels materials que es publiquen. Per tant, la versi\u00f3 impresa de Trespass <span class=\"\">consistir\u00e0<\/span> freq\u00fcentment en articles en diversos idiomes, per\u00f2 farem tamb\u00e9 edicions <span class=\"\">especials<\/span> adaptades a determinades comunitats ling\u00fc\u00edstiques, que compartirem <span class=\"\">f\u00edsicament<\/span> a preus assequibles. La teoria pot redactar-se en qualsevol tipus de format, <span class=\"\">animem<\/span> a qui ens escriguin a desenvolupar una diversitat d&#8217;estils per arribar a una major <span class=\"\">audi\u00e8ncia.<\/span><\/span><\/p>\n<p><span class=\"\">Trespass<\/span> t\u00e9 dues seccions: Teoria i Intervencions.<\/p>\n<p>Les definim a la <a href=\"https:\/\/www.trespass.network\/?page_id=116&amp;lang=ca\">crida a <\/a><span class=\"\"><a href=\"https:\/\/www.trespass.network\/?page_id=116&amp;lang=ca\">comunicacions<\/a>.<\/span><\/p>\n","protected":false},"excerpt":{"rendered":"<p>Trespass\u00a0\u00e9s una revista autogestionada d&#8217;acc\u00e9s obert que no rep cap mena de finan\u00e7ament. \u00c9s multidisciplin\u00e0ria i publica treballs en diferents idiomes. Trespass \u00e9s una revista publicada ocasionalment que recopila reflexions sobre experi\u00e8ncies personals, assajos, articles, actes de confer\u00e8ncies, entrevistes, debats, &hellip;<\/p>\n<p class=\"read-more\"> <a class=\"more-link\" href=\"https:\/\/blogs.sindominio.net\/trespass\/sobre-nosaltres\/\"> <span class=\"screen-reader-text\">Sobre nosaltres<\/span> Leer m\u00e1s \u00bb<\/a><\/p>\n","protected":false},"author":177,"featured_media":0,"parent":0,"menu_order":0,"comment_status":"closed","ping_status":"closed","template":"","meta":{"footnotes":""},"class_list":["post-112","page","type-page","status-publish","hentry"],"_links":{"self":[{"href":"https:\/\/blogs.sindominio.net\/trespass\/wp-json\/wp\/v2\/pages\/112","targetHints":{"allow":["GET"]}}],"collection":[{"href":"https:\/\/blogs.sindominio.net\/trespass\/wp-json\/wp\/v2\/pages"}],"about":[{"href":"https:\/\/blogs.sindominio.net\/trespass\/wp-json\/wp\/v2\/types\/page"}],"author":[{"embeddable":true,"href":"https:\/\/blogs.sindominio.net\/trespass\/wp-json\/wp\/v2\/users\/177"}],"replies":[{"embeddable":true,"href":"https:\/\/blogs.sindominio.net\/trespass\/wp-json\/wp\/v2\/comments?post=112"}],"version-history":[{"count":0,"href":"https:\/\/blogs.sindominio.net\/trespass\/wp-json\/wp\/v2\/pages\/112\/revisions"}],"wp:attachment":[{"href":"https:\/\/blogs.sindominio.net\/trespass\/wp-json\/wp\/v2\/media?parent=112"}],"curies":[{"name":"wp","href":"https:\/\/api.w.org\/{rel}","templated":true}]}}