{"id":1044,"date":"2017-04-17T01:17:48","date_gmt":"2017-04-17T01:17:48","guid":{"rendered":"https:\/\/www.trespass.network\/?page_id=1044"},"modified":"2017-04-17T01:17:48","modified_gmt":"2017-04-17T01:17:48","slug":"trespass-issue-one-2","status":"publish","type":"page","link":"https:\/\/blogs.sindominio.net\/trespass\/en\/trespass-issue-one-2\/","title":{"rendered":"Trespass2"},"content":{"rendered":"<p>Trespass 2 &#8211; <a href=\"https:\/\/blogs.sindominio.net\/trespass\/files\/2018\/02\/Trespass-Issue-2.pdf\">pdf<\/a> (32mb)<\/p>\n<p><strong>Introduction<\/strong><\/p>\n<p>[EN] Trespass is self-managed, open access, and unfunded. It is multidisciplinary and publishes work in different languages. It is an online journal which also publishes selected works in print.<\/p>\n<p>[FR] Trespass est auto-g\u00e9r\u00e9, ne re\u00e7oit pas de financement et permet l\u2019acc\u00e8s libre. C\u2019est une revue multidisciplinaire, qui publie des ouvrages dans plusieurs langues.<\/p>\n<p>[CA] Trespass \u00e9s una revista autogestionada d\u2019acc\u00e9s obert que no rep cap mena de finan\u00e7ament. \u00c9s multidisciplin\u00e0ria i publica treballs en diferents idiomes.<\/p>\n<p>[ES] Trespass es una revista autogestionada, sin financiaci\u00f3n, y de acceso abierto. Es multidisciplinaria y publica trabajos en diferentes idiomas.<\/p>\n<p>[NL] Trespass wordt uitgegeven in zelfbeheer, is open access, en niet afhankelijk van financieringsbronnen. Het is multidisciplinair en plaatst artikelen in diverse talen.<\/p>\n<ul>\n<li>About [<a href=\"https:\/\/www.trespass.network\/?page_id=112&amp;lang=ca\">CA<\/a>] [<a href=\"https:\/\/www.trespass.network\/?page_id=33&amp;lang=en\">EN<\/a>] [<a href=\"https:\/\/www.trespass.network\/?page_id=126&amp;lang=es\">ES<\/a>] [<a href=\"https:\/\/www.trespass.network\/?page_id=139&amp;lang=fr\">FR<\/a>] [<a href=\"https:\/\/www.trespass.network\/?page_id=225&amp;lang=nl\">NL<\/a>]<\/li>\n<li>Call for Papers [<a href=\"https:\/\/www.trespass.network\/?page_id=116&amp;lang=ca\">CA<\/a>] [<a href=\"https:\/\/www.trespass.network\/?page_id=40&amp;lang=en\">EN<\/a>] [<a href=\"https:\/\/www.trespass.network\/?page_id=128&amp;lang=es\">ES<\/a>] [<a href=\"https:\/\/www.trespass.network\/?page_id=144&amp;lang=fr\">FR<\/a>] [<a href=\"https:\/\/www.trespass.network\/?page_id=227&amp;lang=nl\">NL<\/a>]<\/li>\n<li>Submission Guidelines [<a href=\"https:\/\/www.trespass.network\/?page_id=118&amp;lang=ca\">CA<\/a>] [<a href=\"https:\/\/www.trespass.network\/?page_id=30&amp;lang=en\">EN<\/a>] [<a href=\"https:\/\/www.trespass.network\/?page_id=134&amp;lang=es\">ES<\/a>] [<a href=\"https:\/\/www.trespass.network\/?page_id=142&amp;lang=fr\">FR<\/a>] [<a href=\"https:\/\/www.trespass.network\/?page_id=223&amp;lang=nl\">NL<\/a>]<\/li>\n<\/ul>\n<p>Continue for issue two<br \/>\n<!--more--><\/p>\n<h1 style=\"text-align: center\">Issue 2<\/h1>\n<p><strong>Peer-Reviewed Articles<\/strong><\/p>\n<p><img loading=\"lazy\" decoding=\"async\" class=\"alignnone wp-image-1052\" src=\"https:\/\/blogs.sindominio.net\/trespass\/files\/2017\/04\/logo_squatteur-cropped-300x80.jpg\" alt=\"\" width=\"698\" height=\"186\" srcset=\"https:\/\/blogs.sindominio.net\/trespass\/files\/2017\/04\/logo_squatteur-cropped-300x80.jpg 300w, https:\/\/blogs.sindominio.net\/trespass\/files\/2017\/04\/logo_squatteur-cropped-768x204.jpg 768w, https:\/\/blogs.sindominio.net\/trespass\/files\/2017\/04\/logo_squatteur-cropped.jpg 1018w\" sizes=\"auto, (max-width: 698px) 100vw, 698px\" \/><\/p>\n<ul>\n<li>Baptiste Colin &#8211; <em>\u201cesquatter\u201d: est-ce squatter ? \u00c0 propos des squatts: <\/em><em>de quoi parle-t-on? [<a href=\"https:\/\/www.trespass.network\/?p=1017&amp;lang=fr\">FR<\/a>] [<a href=\"https:\/\/www.trespass.network\/wp-content\/uploads\/2017\/12\/1.Trespass-TISBA-with-notes.pdf\">PDF<\/a>]<br \/>\n<\/em><\/li>\n<\/ul>\n<p><strong>Translations<\/strong><\/p>\n<ul>\n<li><i>Clair-obscur du squat et de la communaut\u00e9 [<a href=\"https:\/\/www.trespass.network\/?p=999&amp;lang=fr\">ES-FR<\/a>] [<a href=\"https:\/\/blogs.sindominio.net\/trespass\/files\/2017\/04\/2.Trespass-FAGC-FR.pdf\">PDF<\/a>]<\/i><\/li>\n<li><em>Kraken en privatisering van de woningnood [<a href=\"https:\/\/www.trespass.network\/?p=1019&amp;lang=nl\">EN-NL<\/a>] [<a href=\"https:\/\/www.trespass.network\/wp-content\/uploads\/2017\/04\/3.Trespass-HANS.pdf\">PDF<\/a>]<\/em><\/li>\n<\/ul>\n<p><strong>Interventions<\/strong><\/p>\n<ul>\n<li><em>Protect our Farmland<\/em> [<a href=\"https:\/\/www.trespass.network\/?p=1031&amp;lang=en\">EN<\/a>] [<a href=\"http:\/\/www.tinyurl.com\/ProtectOurFarmland\">PDF<\/a>]<\/li>\n<li><em>Che ne sar\u00e0 di noi? <\/em>[<a href=\"https:\/\/www.trespass.network\/?p=991&amp;lang=it\">IT<\/a>] [<a href=\"https:\/\/blogs.sindominio.net\/trespass\/files\/2017\/04\/5.Trespass-GIULIA.pdf\">PDF<\/a>]<\/li>\n<li><em>Okupaci\u00f3n y Resistencia Rural en Casa Selba<\/em> [<a href=\"https:\/\/www.trespass.network\/?p=900&amp;lang=es\">ES<\/a>]<\/li>\n<li><em>Utrecht: Watertoren Amsterdamsestraatweg gekraakt <\/em> [<a href=\"https:\/\/www.trespass.network\/?p=942&amp;lang=nl\">NL<\/a>]<\/li>\n<li><em>Utrecht: Watertower squatted to protest squatban <\/em>[<a href=\"https:\/\/www.trespass.network\/?p=935&amp;lang=en\">EN<\/a>]<\/li>\n<li><em>Call for Hambi International Solidarity <\/em>[<a href=\"https:\/\/www.trespass.network\/?p=1027&amp;lang=en\">EN<\/a>]<\/li>\n<\/ul>\n<p><strong>Book Reviews<\/strong><\/p>\n<p>&nbsp;<\/p>\n<ul>\n<li>E.T.C. Dee reviews Jeffrey Babcock&#8217;s <em>Seances: Re-wiring images in the Amsterdam Underground <\/em>[<a href=\"https:\/\/www.trespass.network\/?p=1013&amp;lang=en\">EN<\/a>] [<a href=\"https:\/\/blogs.sindominio.net\/trespass\/files\/2017\/04\/10.Trespass-DEE-REVIEW-web-version.pdf\">PDF<\/a>]<\/li>\n<li>N.N. reviews Nazima Kadir&#8217;s <em>Towards an Autonomous Life?<\/em> [<a href=\"https:\/\/www.trespass.network\/?p=993&amp;lang=en\">EN<\/a>] [PDF]<\/li>\n<\/ul>\n<p>Full issue &#8211; <a href=\"https:\/\/blogs.sindominio.net\/trespass\/files\/2018\/02\/Trespass-Issue-2.pdf\">pdf<\/a> (32mb)<\/p>\n<p>Read online:<br \/>\n[pdf-embedder url=\u00bbhttps:\/\/blogs.sindominio.net\/trespass\/files\/2018\/02\/Trespass-Issue-2.pdf\u00bb toolbar=\u00bbtop\u00bb]<\/p>\n","protected":false},"excerpt":{"rendered":"<p>Trespass 2 &#8211; pdf (32mb) Introduction [EN] Trespass is self-managed, open access, and unfunded. It is multidisciplinary and publishes work in different languages. It is an online journal which also publishes selected works in print. [FR] Trespass est auto-g\u00e9r\u00e9, ne &hellip;<\/p>\n<p class=\"read-more\"> <a class=\"more-link\" href=\"https:\/\/blogs.sindominio.net\/trespass\/en\/trespass-issue-one-2\/\"> <span class=\"screen-reader-text\">Trespass2<\/span> Leer m\u00e1s \u00bb<\/a><\/p>\n","protected":false},"author":177,"featured_media":1081,"parent":0,"menu_order":0,"comment_status":"closed","ping_status":"closed","template":"","meta":{"footnotes":""},"class_list":["post-1044","page","type-page","status-publish","has-post-thumbnail","hentry"],"_links":{"self":[{"href":"https:\/\/blogs.sindominio.net\/trespass\/wp-json\/wp\/v2\/pages\/1044","targetHints":{"allow":["GET"]}}],"collection":[{"href":"https:\/\/blogs.sindominio.net\/trespass\/wp-json\/wp\/v2\/pages"}],"about":[{"href":"https:\/\/blogs.sindominio.net\/trespass\/wp-json\/wp\/v2\/types\/page"}],"author":[{"embeddable":true,"href":"https:\/\/blogs.sindominio.net\/trespass\/wp-json\/wp\/v2\/users\/177"}],"replies":[{"embeddable":true,"href":"https:\/\/blogs.sindominio.net\/trespass\/wp-json\/wp\/v2\/comments?post=1044"}],"version-history":[{"count":0,"href":"https:\/\/blogs.sindominio.net\/trespass\/wp-json\/wp\/v2\/pages\/1044\/revisions"}],"wp:featuredmedia":[{"embeddable":true,"href":"https:\/\/blogs.sindominio.net\/trespass\/wp-json\/wp\/v2\/media\/1081"}],"wp:attachment":[{"href":"https:\/\/blogs.sindominio.net\/trespass\/wp-json\/wp\/v2\/media?parent=1044"}],"curies":[{"name":"wp","href":"https:\/\/api.w.org\/{rel}","templated":true}]}}