{"id":379,"date":"2025-05-04T20:10:32","date_gmt":"2025-05-04T18:10:32","guid":{"rendered":"https:\/\/blogs.sindominio.net\/tallerlacloaca\/?page_id=379"},"modified":"2026-04-08T13:21:28","modified_gmt":"2026-04-08T11:21:28","slug":"serveis","status":"publish","type":"page","link":"https:\/\/blogs.sindominio.net\/tallerlacloaca\/serveis\/","title":{"rendered":"Serveis"},"content":{"rendered":"\n<p>Dins de La Cloaca, estem persones que ens oferim a realitzar una s\u00e8rie d\u2019activitats per a finan\u00e7ar el projecte. A part dels dilluns, tamb\u00e9 dediquem altres moments de la setmana per a reparar a canvi de la voluntat econ\u00f2mica de la gent. La Cloaca te costos de lloguer, llum, de manteniment i adquisici\u00f3 de ferramentes per a funcionar. Es busca que la gent que puga o no reparar pel seu compte les seues coses, que si pot aporte en materials o econ\u00f2micament per a sostindre La Cloaca.<\/p>\n\n\n\n<p>Els serveis que podem oferir s\u00f3n els seg\u00fcents:<\/p>\n\n\n\n<div class=\"wp-block-media-text is-stacked-on-mobile\"><figure class=\"wp-block-media-text__media\"><img loading=\"lazy\" decoding=\"async\" width=\"1024\" height=\"545\" src=\"https:\/\/blogs.sindominio.net\/tallerlacloaca\/files\/2025\/05\/3d-maquina-y-muestra-1024x545.jpg\" alt=\"\" class=\"wp-image-386 size-full\" srcset=\"https:\/\/blogs.sindominio.net\/tallerlacloaca\/files\/2025\/05\/3d-maquina-y-muestra-1024x545.jpg 1024w, https:\/\/blogs.sindominio.net\/tallerlacloaca\/files\/2025\/05\/3d-maquina-y-muestra-300x160.jpg 300w, https:\/\/blogs.sindominio.net\/tallerlacloaca\/files\/2025\/05\/3d-maquina-y-muestra-768x408.jpg 768w, https:\/\/blogs.sindominio.net\/tallerlacloaca\/files\/2025\/05\/3d-maquina-y-muestra-1536x817.jpg 1536w, https:\/\/blogs.sindominio.net\/tallerlacloaca\/files\/2025\/05\/3d-maquina-y-muestra-2048x1089.jpg 2048w\" sizes=\"auto, (max-width: 1024px) 100vw, 1024px\" \/><\/figure><div class=\"wp-block-media-text__content\">\n<p><strong>Impressi\u00f3 en 3D a demanda<\/strong><br>(en diversos materials com PLA, PETG Fibra de carbono i ASA).<\/p>\n<\/div><\/div>\n\n\n\n<div class=\"wp-block-media-text is-stacked-on-mobile\"><figure class=\"wp-block-media-text__media\"><img loading=\"lazy\" decoding=\"async\" width=\"1024\" height=\"768\" src=\"https:\/\/blogs.sindominio.net\/tallerlacloaca\/files\/2025\/05\/signal-2025-04-28-11-19-01-061-9-1024x768.jpg\" alt=\"\" class=\"wp-image-387 size-full\" srcset=\"https:\/\/blogs.sindominio.net\/tallerlacloaca\/files\/2025\/05\/signal-2025-04-28-11-19-01-061-9-1024x768.jpg 1024w, https:\/\/blogs.sindominio.net\/tallerlacloaca\/files\/2025\/05\/signal-2025-04-28-11-19-01-061-9-300x225.jpg 300w, https:\/\/blogs.sindominio.net\/tallerlacloaca\/files\/2025\/05\/signal-2025-04-28-11-19-01-061-9-768x576.jpg 768w, https:\/\/blogs.sindominio.net\/tallerlacloaca\/files\/2025\/05\/signal-2025-04-28-11-19-01-061-9-1536x1152.jpg 1536w, https:\/\/blogs.sindominio.net\/tallerlacloaca\/files\/2025\/05\/signal-2025-04-28-11-19-01-061-9.jpg 1600w\" sizes=\"auto, (max-width: 1024px) 100vw, 1024px\" \/><\/figure><div class=\"wp-block-media-text__content\">\n<p>Canvi de pantalles<strong> <\/strong>de m\u00f2bils smartphone i ordinadors.<\/p>\n<\/div><\/div>\n\n\n\n<div class=\"wp-block-media-text is-stacked-on-mobile\"><figure class=\"wp-block-media-text__media\"><img loading=\"lazy\" decoding=\"async\" width=\"1024\" height=\"768\" src=\"https:\/\/blogs.sindominio.net\/tallerlacloaca\/files\/2025\/05\/signal-2025-04-28-11-19-01-061-4-1024x768.jpg\" alt=\"\" class=\"wp-image-388 size-full\" srcset=\"https:\/\/blogs.sindominio.net\/tallerlacloaca\/files\/2025\/05\/signal-2025-04-28-11-19-01-061-4-1024x768.jpg 1024w, https:\/\/blogs.sindominio.net\/tallerlacloaca\/files\/2025\/05\/signal-2025-04-28-11-19-01-061-4-300x225.jpg 300w, https:\/\/blogs.sindominio.net\/tallerlacloaca\/files\/2025\/05\/signal-2025-04-28-11-19-01-061-4-768x576.jpg 768w, https:\/\/blogs.sindominio.net\/tallerlacloaca\/files\/2025\/05\/signal-2025-04-28-11-19-01-061-4-1536x1152.jpg 1536w, https:\/\/blogs.sindominio.net\/tallerlacloaca\/files\/2025\/05\/signal-2025-04-28-11-19-01-061-4.jpg 1600w\" sizes=\"auto, (max-width: 1024px) 100vw, 1024px\" \/><\/figure><div class=\"wp-block-media-text__content\">\n<p><strong>Suport inform\u00e0tic b\u00e0sic<\/strong> i instal\u00b7laci\u00f3 de sistemes operatius basats en Linux.<\/p>\n<\/div><\/div>\n\n\n\n<div class=\"wp-block-media-text is-stacked-on-mobile\"><figure class=\"wp-block-media-text__media\"><img loading=\"lazy\" decoding=\"async\" width=\"1024\" height=\"768\" src=\"https:\/\/blogs.sindominio.net\/tallerlacloaca\/files\/2025\/05\/signal-2025-04-28-11-19-01-061-7-1024x768.jpg\" alt=\"\" class=\"wp-image-390 size-full\" srcset=\"https:\/\/blogs.sindominio.net\/tallerlacloaca\/files\/2025\/05\/signal-2025-04-28-11-19-01-061-7-1024x768.jpg 1024w, https:\/\/blogs.sindominio.net\/tallerlacloaca\/files\/2025\/05\/signal-2025-04-28-11-19-01-061-7-300x225.jpg 300w, https:\/\/blogs.sindominio.net\/tallerlacloaca\/files\/2025\/05\/signal-2025-04-28-11-19-01-061-7-768x576.jpg 768w, https:\/\/blogs.sindominio.net\/tallerlacloaca\/files\/2025\/05\/signal-2025-04-28-11-19-01-061-7-1536x1152.jpg 1536w, https:\/\/blogs.sindominio.net\/tallerlacloaca\/files\/2025\/05\/signal-2025-04-28-11-19-01-061-7.jpg 1600w\" sizes=\"auto, (max-width: 1024px) 100vw, 1024px\" \/><\/figure><div class=\"wp-block-media-text__content\">\n<p><strong>Pr\u00e9stec de ferramentes<\/strong>: trepants, radials, serra de calar, estaci\u00f3 de soldadura, m\u00e0quina de cosir, ingletadora, motor d&#8217;aire comprimit\u2026<\/p>\n<\/div><\/div>\n\n\n\n<p class=\"has-text-align-center\">Tamb\u00e9 recordem que es poden treballar la taula de tallar, el caragol de banc de treball, o l&#8217;estaci\u00f3 de soldadura electr\u00f2nica, la font d&#8217;alimentaci\u00f3 regulable o tornavisos de precisi\u00f3. <\/p>\n\n\n\n<p class=\"has-text-align-center\">Quasi tot es pot fer a la Cloaca! :)<\/p>\n","protected":false},"excerpt":{"rendered":"<p>Dins de La Cloaca, estem persones que ens oferim a realitzar una s\u00e8rie d\u2019activitats per a finan\u00e7ar el projecte. A part dels dilluns, tamb\u00e9 dediquem altres moments de la setmana per a reparar a canvi de la voluntat econ\u00f2mica de la gent. La Cloaca te costos de lloguer, llum, de manteniment i adquisici\u00f3 de ferramentes [&hellip;]<\/p>\n","protected":false},"author":246,"featured_media":0,"parent":0,"menu_order":0,"comment_status":"closed","ping_status":"closed","template":"","meta":{"footnotes":""},"class_list":["post-379","page","type-page","status-publish","hentry"],"_links":{"self":[{"href":"https:\/\/blogs.sindominio.net\/tallerlacloaca\/wp-json\/wp\/v2\/pages\/379","targetHints":{"allow":["GET"]}}],"collection":[{"href":"https:\/\/blogs.sindominio.net\/tallerlacloaca\/wp-json\/wp\/v2\/pages"}],"about":[{"href":"https:\/\/blogs.sindominio.net\/tallerlacloaca\/wp-json\/wp\/v2\/types\/page"}],"author":[{"embeddable":true,"href":"https:\/\/blogs.sindominio.net\/tallerlacloaca\/wp-json\/wp\/v2\/users\/246"}],"replies":[{"embeddable":true,"href":"https:\/\/blogs.sindominio.net\/tallerlacloaca\/wp-json\/wp\/v2\/comments?post=379"}],"version-history":[{"count":10,"href":"https:\/\/blogs.sindominio.net\/tallerlacloaca\/wp-json\/wp\/v2\/pages\/379\/revisions"}],"predecessor-version":[{"id":409,"href":"https:\/\/blogs.sindominio.net\/tallerlacloaca\/wp-json\/wp\/v2\/pages\/379\/revisions\/409"}],"wp:attachment":[{"href":"https:\/\/blogs.sindominio.net\/tallerlacloaca\/wp-json\/wp\/v2\/media?parent=379"}],"curies":[{"name":"wp","href":"https:\/\/api.w.org\/{rel}","templated":true}]}}