{"id":194,"date":"2024-09-13T11:59:05","date_gmt":"2024-09-13T09:59:05","guid":{"rendered":"https:\/\/blogs.sindominio.net\/tallerlacloaca\/?page_id=194"},"modified":"2025-03-12T12:19:19","modified_gmt":"2025-03-12T11:19:19","slug":"inici","status":"publish","type":"page","link":"https:\/\/blogs.sindominio.net\/tallerlacloaca\/","title":{"rendered":""},"content":{"rendered":"\n<p class=\"has-body-font-family\">El Taller de Reparaci\u00f3 Comunitari LA CLOACA \u00e9s un espai per a compartir ferramentes i coneixements de manera col\u00b7lectiva. S\u2019adquireixen mitjans de manera conjunta i es fiquen a disposici\u00f3 de tota la gent que vulga usar-les, ja que moltes vegades no ens podem permetre de manera individual l\u2019instrumental i els materials, i en altres casos els usar\u00edem molt poc.<\/p>\n\n\n\n<p class=\"has-body-font-family\">La idea \u00e9s que qualsevol persona puga fer \u00fas del taller i de les seues ferramentes i que aporte, de manera conscient, all\u00f2 que puga al projecte, amb l\u2019objectiu que aquest puga mantenir-se en el temps. Tot all\u00f2 recaptat anir\u00e0 destinat \u00edntegrament al pagament del lloguer de l\u2019espai, mobiliari, noves ferramentes i reparaci\u00f3 d&#8217;aquestes.<\/p>\n\n\n\n<p class=\"has-body-font-family\">Tamb\u00e9 volem recalcar que si b\u00e9 el considerem un espai obert, no deixem de considerar-ho un projecte anarquista, i per aix\u00f2 no s\u00f3n benvingudes totes aquelles persones que tinguen actituds racistes, transodiants, masclistes, especistes ni cap altra actitud de merda.<\/p>\n\n\n\n<p>L\u2019\u00e0nima del projecte viu en una cr\u00edtica contra el consumisme, el capital i el seu desenvolupisme, en favor de l\u2019autogesti\u00f3, el suport mutu, el reaprofitament del mal anomenat \u201cfem\u201d i de l\u2019emancipaci\u00f3 tecnol\u00f2gica en la mesura de les seues possibilitats.<\/p>\n\n\n\n<figure class=\"wp-block-image size-large has-custom-border is-style-default\"><img loading=\"lazy\" decoding=\"async\" width=\"1024\" height=\"269\" src=\"https:\/\/blogs.sindominio.net\/tallerlacloaca\/files\/2024\/09\/signal-2024-09-12-21-40-21-449-2-1024x269.jpg\" alt=\"\" class=\"wp-image-170\" style=\"border-style:none;border-width:0px;border-radius:0px\" srcset=\"https:\/\/blogs.sindominio.net\/tallerlacloaca\/files\/2024\/09\/signal-2024-09-12-21-40-21-449-2-1024x269.jpg 1024w, https:\/\/blogs.sindominio.net\/tallerlacloaca\/files\/2024\/09\/signal-2024-09-12-21-40-21-449-2-300x79.jpg 300w, https:\/\/blogs.sindominio.net\/tallerlacloaca\/files\/2024\/09\/signal-2024-09-12-21-40-21-449-2-768x202.jpg 768w, https:\/\/blogs.sindominio.net\/tallerlacloaca\/files\/2024\/09\/signal-2024-09-12-21-40-21-449-2-1536x403.jpg 1536w, https:\/\/blogs.sindominio.net\/tallerlacloaca\/files\/2024\/09\/signal-2024-09-12-21-40-21-449-2.jpg 1600w\" sizes=\"auto, (max-width: 1024px) 100vw, 1024px\" \/><\/figure>\n\n\n\n<figure class=\"wp-block-image aligncenter size-large is-resized has-custom-border is-style-default\"><img loading=\"lazy\" decoding=\"async\" width=\"1024\" height=\"561\" src=\"https:\/\/blogs.sindominio.net\/tallerlacloaca\/files\/2025\/03\/Screenshot-2025-03-12-at-12.16.26-1024x561.png\" alt=\"\" class=\"wp-image-376\" style=\"border-style:none;border-width:0px;border-radius:0px;width:594px;height:auto\" srcset=\"https:\/\/blogs.sindominio.net\/tallerlacloaca\/files\/2025\/03\/Screenshot-2025-03-12-at-12.16.26-1024x561.png 1024w, https:\/\/blogs.sindominio.net\/tallerlacloaca\/files\/2025\/03\/Screenshot-2025-03-12-at-12.16.26-300x164.png 300w, https:\/\/blogs.sindominio.net\/tallerlacloaca\/files\/2025\/03\/Screenshot-2025-03-12-at-12.16.26-768x421.png 768w, https:\/\/blogs.sindominio.net\/tallerlacloaca\/files\/2025\/03\/Screenshot-2025-03-12-at-12.16.26-1536x842.png 1536w, https:\/\/blogs.sindominio.net\/tallerlacloaca\/files\/2025\/03\/Screenshot-2025-03-12-at-12.16.26.png 1690w\" sizes=\"auto, (max-width: 1024px) 100vw, 1024px\" \/><\/figure>\n","protected":false},"excerpt":{"rendered":"<p>El Taller de Reparaci\u00f3 Comunitari LA CLOACA \u00e9s un espai per a compartir ferramentes i coneixements de manera col\u00b7lectiva. S\u2019adquireixen mitjans de manera conjunta i es fiquen a disposici\u00f3 de tota la gent que vulga usar-les, ja que moltes vegades no ens podem permetre de manera individual l\u2019instrumental i els materials, i en altres casos [&hellip;]<\/p>\n","protected":false},"author":246,"featured_media":0,"parent":0,"menu_order":0,"comment_status":"closed","ping_status":"closed","template":"","meta":{"footnotes":""},"class_list":["post-194","page","type-page","status-publish","hentry"],"_links":{"self":[{"href":"https:\/\/blogs.sindominio.net\/tallerlacloaca\/wp-json\/wp\/v2\/pages\/194","targetHints":{"allow":["GET"]}}],"collection":[{"href":"https:\/\/blogs.sindominio.net\/tallerlacloaca\/wp-json\/wp\/v2\/pages"}],"about":[{"href":"https:\/\/blogs.sindominio.net\/tallerlacloaca\/wp-json\/wp\/v2\/types\/page"}],"author":[{"embeddable":true,"href":"https:\/\/blogs.sindominio.net\/tallerlacloaca\/wp-json\/wp\/v2\/users\/246"}],"replies":[{"embeddable":true,"href":"https:\/\/blogs.sindominio.net\/tallerlacloaca\/wp-json\/wp\/v2\/comments?post=194"}],"version-history":[{"count":4,"href":"https:\/\/blogs.sindominio.net\/tallerlacloaca\/wp-json\/wp\/v2\/pages\/194\/revisions"}],"predecessor-version":[{"id":377,"href":"https:\/\/blogs.sindominio.net\/tallerlacloaca\/wp-json\/wp\/v2\/pages\/194\/revisions\/377"}],"wp:attachment":[{"href":"https:\/\/blogs.sindominio.net\/tallerlacloaca\/wp-json\/wp\/v2\/media?parent=194"}],"curies":[{"name":"wp","href":"https:\/\/api.w.org\/{rel}","templated":true}]}}