{"id":145,"date":"2024-09-13T09:07:41","date_gmt":"2024-09-13T07:07:41","guid":{"rendered":"https:\/\/blogs.sindominio.net\/tallerlacloaca\/?page_id=145"},"modified":"2024-09-14T10:43:00","modified_gmt":"2024-09-14T08:43:00","slug":"blog","status":"publish","type":"page","link":"https:\/\/blogs.sindominio.net\/tallerlacloaca\/blog\/","title":{"rendered":"Blog"},"content":{"rendered":"\n<h2 class=\"wp-block-heading has-text-color has-link-color wp-elements-dacb55f7b1ed4b34adeaa2e544195738\" style=\"color:#190b25\">Blog<\/h2>\n\n\n\n<div class=\"wp-block-query is-layout-flow wp-block-query-is-layout-flow\"><ul class=\"wp-block-post-template is-layout-flow wp-block-post-template-is-layout-flow\"><li class=\"wp-block-post post-337 post type-post status-publish format-standard hentry category-sin-categoria\">\n<h2 class=\"wp-block-post-title\"><a href=\"https:\/\/blogs.sindominio.net\/tallerlacloaca\/cronica-de-la-presentacio\/\" target=\"_self\" >Cr\u00f2nica de la presentaci\u00f3<\/a><\/h2>\n\n<div class=\"wp-block-post-excerpt has-body-font-family\"><p class=\"wp-block-post-excerpt__excerpt\">El passat diumenge 20 d\u2019octubre va tindre lloc la presentaci\u00f3 oficial del Taller de Reparaci\u00f3 Comunitari: LA CLOACA! Estem prou contentis de l\u2019assist\u00e8ncia superbonica que va vindre, no sols gent de restarters i afins, sin\u00f3 tamb\u00e9 gent del barri que no coneix\u00edem. Vam comen\u00e7ar amb l\u2019explicaci\u00f3 de qu\u00e8 \u00e9s l\u2019espai, c\u00f2m funciona i de quines&hellip; <\/p><\/div>\n<\/li><li class=\"wp-block-post post-333 post type-post status-publish format-standard hentry category-sin-categoria\">\n<h2 class=\"wp-block-post-title\"><a href=\"https:\/\/blogs.sindominio.net\/tallerlacloaca\/presentacio-el-20-doctubre-a-les-17h-de-la-cloaca\/\" target=\"_self\" >PRESENTACI\u00d3 EL 20 d&#8217;OCTUBRE a les 17h de LA CLOACA<\/a><\/h2>\n\n<div class=\"wp-block-post-excerpt has-body-font-family\"><p class=\"wp-block-post-excerpt__excerpt\">TALLER DE REPARACI\u00d2 i COMUNITARI LA CLOACAVos comvidem a la presentaci\u00f3 oficial de La CLOACA, ser\u00e0 el diumenge 20 d\u2019octubre a les 17h a El Punt: c\/ Josep Esteve, 46, al barri de Torrefiel, Val\u00e8ncia. LA CLOACA \u00e9s un espai per a compartir ferramentes i coneixements de manera col\u00b7lectiva. D\u2019aquesta manera podem teixir una xarxa&hellip; <\/p><\/div>\n<\/li><li class=\"wp-block-post post-200 post type-post status-publish format-standard hentry category-sin-categoria\">\n<h2 class=\"wp-block-post-title\"><a href=\"https:\/\/blogs.sindominio.net\/tallerlacloaca\/jjj\/\" target=\"_self\" >Estrenem p\u00e0gina web!<\/a><\/h2>\n\n<div class=\"wp-block-post-excerpt has-body-font-family\"><p class=\"wp-block-post-excerpt__excerpt\">Estrenem p\u00e0gina web! Portem uns mesos preparant aquest projecte dins de El Punt: Espai de Lliure Aprenentatge. Estem establint la infraestructura m\u00ednima tant en la web com en el mateix espai f\u00edsic per a poder obrir-ho al p\u00fablic de manera definitiva. Per\u00f2 constantment estem millorant la web i el taller. Estem agafant moltes coses per&hellip; <\/p><\/div>\n<\/li><\/ul>\n\n\n\n<\/div>\n","protected":false},"excerpt":{"rendered":"<p>Blog<\/p>\n","protected":false},"author":246,"featured_media":0,"parent":0,"menu_order":0,"comment_status":"closed","ping_status":"closed","template":"","meta":{"footnotes":""},"class_list":["post-145","page","type-page","status-publish","hentry"],"_links":{"self":[{"href":"https:\/\/blogs.sindominio.net\/tallerlacloaca\/wp-json\/wp\/v2\/pages\/145","targetHints":{"allow":["GET"]}}],"collection":[{"href":"https:\/\/blogs.sindominio.net\/tallerlacloaca\/wp-json\/wp\/v2\/pages"}],"about":[{"href":"https:\/\/blogs.sindominio.net\/tallerlacloaca\/wp-json\/wp\/v2\/types\/page"}],"author":[{"embeddable":true,"href":"https:\/\/blogs.sindominio.net\/tallerlacloaca\/wp-json\/wp\/v2\/users\/246"}],"replies":[{"embeddable":true,"href":"https:\/\/blogs.sindominio.net\/tallerlacloaca\/wp-json\/wp\/v2\/comments?post=145"}],"version-history":[{"count":10,"href":"https:\/\/blogs.sindominio.net\/tallerlacloaca\/wp-json\/wp\/v2\/pages\/145\/revisions"}],"predecessor-version":[{"id":269,"href":"https:\/\/blogs.sindominio.net\/tallerlacloaca\/wp-json\/wp\/v2\/pages\/145\/revisions\/269"}],"wp:attachment":[{"href":"https:\/\/blogs.sindominio.net\/tallerlacloaca\/wp-json\/wp\/v2\/media?parent=145"}],"curies":[{"name":"wp","href":"https:\/\/api.w.org\/{rel}","templated":true}]}}