{"id":128,"date":"2024-08-21T15:09:39","date_gmt":"2024-08-21T13:09:39","guid":{"rendered":"https:\/\/blogs.sindominio.net\/tallerlacloaca\/?page_id=128"},"modified":"2024-09-14T10:15:44","modified_gmt":"2024-09-14T08:15:44","slug":"enllacos","status":"publish","type":"page","link":"https:\/\/blogs.sindominio.net\/tallerlacloaca\/enllacos\/","title":{"rendered":"Enlla\u00e7os d&#8217;Inter\u00e9s"},"content":{"rendered":"\n<h2 class=\"wp-block-heading has-text-color has-link-color wp-elements-0dd73f58568f431420135d317470c154\" style=\"color:#190b25\">Enlla\u00e7os d&#8217;Inter\u00e9s<\/h2>\n\n\n\n<p><\/p>\n\n\n\n<p class=\"has-body-font-family has-medium-font-size\"><em>Agenda con eventos libertarios de Valencia<\/em>. \u00c9s tecnol\u00f2gicament i pol\u00edticament aut\u00f2noma i est\u00e0 administrada t\u00e8cnicament pels&nbsp;col\u00b7lectius <a href=\"https:\/\/hackea.org\/\">Hackea<\/a> y <a href=\"https:\/\/critical-switch.org\/\">Critical Switch<\/a>.<\/p>\n\n\n\n<p><a href=\"https:\/\/calendari.cc\">https:\/\/calendari.cc<\/a><\/p>\n\n\n\n<p><\/p>\n\n\n\n<p class=\"has-body-font-family has-medium-font-size\"><em>El Punt.<\/em> Centre de Formaci\u00f3 i Documentaci\u00f3 constru\u00eft des de l\u2019autoorganitzaci\u00f3 social i comunit\u00e0ria. LA CLOACA forma parte de este espacio.<\/p>\n\n\n\n<p><a href=\"https:\/\/elpuntvalencia.org\/\">https:\/\/elpuntvalencia.org\/<\/a><\/p>\n\n\n\n<p><\/p>\n\n\n\n<p class=\"has-body-font-family has-medium-font-size\"><em>RestartersVLC.<\/em> Colectivo que cree que reparar y alargar la vida de los bienes materiales por nuestros propios medios forma parte del camino para conseguir la autonom\u00eda como personas y la sostenibilidad como sociedad.<\/p>\n\n\n\n<p><a href=\"https:\/\/restartersvlc.wordpress.com\">https:\/\/restartersvlc.wordpress.com<\/a><\/p>\n\n\n\n<p><\/p>\n\n\n\n<p class=\"has-body-font-family has-medium-font-size\"><em>Sindominio.<\/em> Red de personas que se interesan por el software libre, la cooperaci\u00f3n y la comunicaci\u00f3n en la red. Ofrece herramientas abiertas y comunitarias para proyectos, grupos y colectivas que quieren trabajar de forma autogestionada.<\/p>\n\n\n\n<p><a href=\"https:\/\/sindominio.net\">https:\/\/sindominio.net<\/a><\/p>\n\n\n\n<p><\/p>\n\n\n\n<p class=\"has-body-font-family has-medium-font-size\"><em>Critical Switch.<\/em> Colectiva transhackfeminista no mixta interesades en la cultura libre, la privacidad y la seguridad digital. Promovemos la cultura de la seguridad para generar espacios m\u00e1s seguros en los movimientos sociales y activistas.<\/p>\n\n\n\n<p><a href=\"https:\/\/critical-switch.org\">https:\/\/critical-switch.org<\/a><\/p>\n\n\n\n<p><\/p>\n\n\n\n<p class=\"has-body-font-family has-medium-font-size\"><em>Cicloficina Engranuja.<\/em> Primer en el Baix Social Okupat Anarquista Ca La Caixeta i ara al CSN del centre de Val\u00e8ncia, hi ha un taller de bicis autogestionat per a aprendre a reparar i montar la teua bicicleta amb gent super maji.<\/p>\n\n\n\n<p>cicloficinaengranuja@riseup.net<\/p>\n","protected":false},"excerpt":{"rendered":"<p>Enlla\u00e7os d&#8217;Inter\u00e9s Agenda con eventos libertarios de Valencia. \u00c9s tecnol\u00f2gicament i pol\u00edticament aut\u00f2noma i est\u00e0 administrada t\u00e8cnicament pels&nbsp;col\u00b7lectius Hackea y Critical Switch. https:\/\/calendari.cc El Punt. Centre de Formaci\u00f3 i Documentaci\u00f3 constru\u00eft des de l\u2019autoorganitzaci\u00f3 social i comunit\u00e0ria. LA CLOACA forma parte de este espacio. https:\/\/elpuntvalencia.org\/ RestartersVLC. Colectivo que cree que reparar y alargar la vida [&hellip;]<\/p>\n","protected":false},"author":246,"featured_media":0,"parent":0,"menu_order":0,"comment_status":"closed","ping_status":"closed","template":"","meta":{"footnotes":""},"class_list":["post-128","page","type-page","status-publish","hentry"],"_links":{"self":[{"href":"https:\/\/blogs.sindominio.net\/tallerlacloaca\/wp-json\/wp\/v2\/pages\/128","targetHints":{"allow":["GET"]}}],"collection":[{"href":"https:\/\/blogs.sindominio.net\/tallerlacloaca\/wp-json\/wp\/v2\/pages"}],"about":[{"href":"https:\/\/blogs.sindominio.net\/tallerlacloaca\/wp-json\/wp\/v2\/types\/page"}],"author":[{"embeddable":true,"href":"https:\/\/blogs.sindominio.net\/tallerlacloaca\/wp-json\/wp\/v2\/users\/246"}],"replies":[{"embeddable":true,"href":"https:\/\/blogs.sindominio.net\/tallerlacloaca\/wp-json\/wp\/v2\/comments?post=128"}],"version-history":[{"count":9,"href":"https:\/\/blogs.sindominio.net\/tallerlacloaca\/wp-json\/wp\/v2\/pages\/128\/revisions"}],"predecessor-version":[{"id":291,"href":"https:\/\/blogs.sindominio.net\/tallerlacloaca\/wp-json\/wp\/v2\/pages\/128\/revisions\/291"}],"wp:attachment":[{"href":"https:\/\/blogs.sindominio.net\/tallerlacloaca\/wp-json\/wp\/v2\/media?parent=128"}],"curies":[{"name":"wp","href":"https:\/\/api.w.org\/{rel}","templated":true}]}}