{"id":116,"date":"2024-08-21T03:35:41","date_gmt":"2024-08-21T01:35:41","guid":{"rendered":"https:\/\/blogs.sindominio.net\/tallerlacloaca\/?page_id=116"},"modified":"2024-09-14T10:09:24","modified_gmt":"2024-09-14T08:09:24","slug":"punt","status":"publish","type":"page","link":"https:\/\/blogs.sindominio.net\/tallerlacloaca\/punt\/","title":{"rendered":"El Punt"},"content":{"rendered":"\n<h2 class=\"wp-block-heading has-text-color has-link-color wp-elements-4c06ebed3b9ad800a0d1ba9f9682988e\" style=\"color:#190b25\">El Punt<\/h2>\n\n\n\n<p class=\"has-body-font-family\">La Cloaca es troba dins d\u2019un projecte m\u00e9s gran: El Punt. Espai de Lliure Aprenentatge. \u00c9s l\u2019arxiu anarquista i de moviments socials m\u00e9s gran de la ciutat de Val\u00e8ncia. Dins tenen una bona col\u00b7lecci\u00f3 de llibres, cartells, adhesius, i tot tipus de material de propaganda. Tot all\u00f2 necessari per a reconstruir i mantindre la mem\u00f2ria hist\u00f2rica de les lluites de la classe treballadora, de lis desposse\u00efdis i dels marges de la societat.\u2028La recuperaci\u00f3, la catalogaci\u00f3, l\u2019estudi i la divulgaci\u00f3 del coneixement i la saviesa de que altre m\u00f3n \u00e9s possible, s\u00f3n les tasques principals d\u2019aquest projecte autogestionat.\u2028<\/p>\n\n\n\n<p class=\"has-text-align-center has-body-font-family\"><a href=\"https:\/\/elpuntvalencia.org\"><strong>elpuntvalencia.org\u2028<\/strong><\/a><\/p>\n\n\n\n<p class=\"has-body-font-family\">Ens podeu trobar al Carrer de Josep Esteve, 46. Dins del barri de Torrefiel, de Val\u00e8ncia.<\/p>\n\n\n\n<figure class=\"wp-block-image alignwide size-large has-custom-border\"><img loading=\"lazy\" decoding=\"async\" width=\"1024\" height=\"866\" src=\"https:\/\/blogs.sindominio.net\/tallerlacloaca\/files\/2024\/09\/foto_02-1024x866.jpg\" alt=\"\" class=\"wp-image-280\" style=\"border-radius:0px\" srcset=\"https:\/\/blogs.sindominio.net\/tallerlacloaca\/files\/2024\/09\/foto_02-1024x866.jpg 1024w, https:\/\/blogs.sindominio.net\/tallerlacloaca\/files\/2024\/09\/foto_02-300x254.jpg 300w, https:\/\/blogs.sindominio.net\/tallerlacloaca\/files\/2024\/09\/foto_02-768x650.jpg 768w, https:\/\/blogs.sindominio.net\/tallerlacloaca\/files\/2024\/09\/foto_02.jpg 1400w\" sizes=\"auto, (max-width: 1024px) 100vw, 1024px\" \/><\/figure>\n\n\n\n<figure class=\"wp-block-image alignwide size-large has-custom-border\"><img loading=\"lazy\" decoding=\"async\" width=\"1024\" height=\"706\" src=\"https:\/\/blogs.sindominio.net\/tallerlacloaca\/files\/2024\/09\/foto_03-1024x706.jpg\" alt=\"\" class=\"wp-image-281\" style=\"border-radius:0px\" srcset=\"https:\/\/blogs.sindominio.net\/tallerlacloaca\/files\/2024\/09\/foto_03-1024x706.jpg 1024w, https:\/\/blogs.sindominio.net\/tallerlacloaca\/files\/2024\/09\/foto_03-300x207.jpg 300w, https:\/\/blogs.sindominio.net\/tallerlacloaca\/files\/2024\/09\/foto_03-768x530.jpg 768w, https:\/\/blogs.sindominio.net\/tallerlacloaca\/files\/2024\/09\/foto_03-1536x1059.jpg 1536w, https:\/\/blogs.sindominio.net\/tallerlacloaca\/files\/2024\/09\/foto_03.jpg 1726w\" sizes=\"auto, (max-width: 1024px) 100vw, 1024px\" \/><\/figure>\n\n\n\n<figure class=\"wp-block-image alignwide size-large has-custom-border\"><img loading=\"lazy\" decoding=\"async\" width=\"1024\" height=\"752\" src=\"https:\/\/blogs.sindominio.net\/tallerlacloaca\/files\/2024\/09\/foto_04-1024x752.jpg\" alt=\"\" class=\"wp-image-283\" style=\"border-radius:0px\" srcset=\"https:\/\/blogs.sindominio.net\/tallerlacloaca\/files\/2024\/09\/foto_04-1024x752.jpg 1024w, https:\/\/blogs.sindominio.net\/tallerlacloaca\/files\/2024\/09\/foto_04-300x220.jpg 300w, https:\/\/blogs.sindominio.net\/tallerlacloaca\/files\/2024\/09\/foto_04-768x564.jpg 768w, https:\/\/blogs.sindominio.net\/tallerlacloaca\/files\/2024\/09\/foto_04-1536x1128.jpg 1536w, https:\/\/blogs.sindominio.net\/tallerlacloaca\/files\/2024\/09\/foto_04.jpg 1640w\" sizes=\"auto, (max-width: 1024px) 100vw, 1024px\" \/><\/figure>\n\n\n\n<figure class=\"wp-block-image alignwide size-large has-custom-border\"><img loading=\"lazy\" decoding=\"async\" width=\"1024\" height=\"668\" src=\"https:\/\/blogs.sindominio.net\/tallerlacloaca\/files\/2024\/09\/mapapunt-1024x668.jpg\" alt=\"\" class=\"wp-image-279\" style=\"border-radius:0px\" srcset=\"https:\/\/blogs.sindominio.net\/tallerlacloaca\/files\/2024\/09\/mapapunt-1024x668.jpg 1024w, https:\/\/blogs.sindominio.net\/tallerlacloaca\/files\/2024\/09\/mapapunt-300x196.jpg 300w, https:\/\/blogs.sindominio.net\/tallerlacloaca\/files\/2024\/09\/mapapunt-768x501.jpg 768w, https:\/\/blogs.sindominio.net\/tallerlacloaca\/files\/2024\/09\/mapapunt-1536x1002.jpg 1536w, https:\/\/blogs.sindominio.net\/tallerlacloaca\/files\/2024\/09\/mapapunt.jpg 1686w\" sizes=\"auto, (max-width: 1024px) 100vw, 1024px\" \/><\/figure>\n","protected":false},"excerpt":{"rendered":"<p>El Punt La Cloaca es troba dins d\u2019un projecte m\u00e9s gran: El Punt. Espai de Lliure Aprenentatge. \u00c9s l\u2019arxiu anarquista i de moviments socials m\u00e9s gran de la ciutat de Val\u00e8ncia. Dins tenen una bona col\u00b7lecci\u00f3 de llibres, cartells, adhesius, i tot tipus de material de propaganda. Tot all\u00f2 necessari per a reconstruir i mantindre [&hellip;]<\/p>\n","protected":false},"author":246,"featured_media":0,"parent":0,"menu_order":0,"comment_status":"closed","ping_status":"closed","template":"","meta":{"footnotes":""},"class_list":["post-116","page","type-page","status-publish","hentry"],"_links":{"self":[{"href":"https:\/\/blogs.sindominio.net\/tallerlacloaca\/wp-json\/wp\/v2\/pages\/116","targetHints":{"allow":["GET"]}}],"collection":[{"href":"https:\/\/blogs.sindominio.net\/tallerlacloaca\/wp-json\/wp\/v2\/pages"}],"about":[{"href":"https:\/\/blogs.sindominio.net\/tallerlacloaca\/wp-json\/wp\/v2\/types\/page"}],"author":[{"embeddable":true,"href":"https:\/\/blogs.sindominio.net\/tallerlacloaca\/wp-json\/wp\/v2\/users\/246"}],"replies":[{"embeddable":true,"href":"https:\/\/blogs.sindominio.net\/tallerlacloaca\/wp-json\/wp\/v2\/comments?post=116"}],"version-history":[{"count":10,"href":"https:\/\/blogs.sindominio.net\/tallerlacloaca\/wp-json\/wp\/v2\/pages\/116\/revisions"}],"predecessor-version":[{"id":288,"href":"https:\/\/blogs.sindominio.net\/tallerlacloaca\/wp-json\/wp\/v2\/pages\/116\/revisions\/288"}],"wp:attachment":[{"href":"https:\/\/blogs.sindominio.net\/tallerlacloaca\/wp-json\/wp\/v2\/media?parent=116"}],"curies":[{"name":"wp","href":"https:\/\/api.w.org\/{rel}","templated":true}]}}