{"id":379,"date":"2010-05-19T10:19:53","date_gmt":"2010-05-19T09:19:53","guid":{"rendered":"http:\/\/sindominio.net\/wp\/surcoasurco\/?page_id=379"},"modified":"2024-12-03T13:50:22","modified_gmt":"2024-12-03T12:50:22","slug":"contacta","status":"publish","type":"page","link":"https:\/\/blogs.sindominio.net\/surcoasurco\/contacta\/","title":{"rendered":"Contacta"},"content":{"rendered":"<p>Si quieres contactar con nosotrxs, escr\u00edbenos al correo de la Comisi\u00f3n de comunicaci\u00f3n: <a href=\"mailto:sascomun@gmail.com\">sascomun@gmail.com<\/a><\/p>\n<p>Y puedes encontrarnos en cualquiera de los puntos de reparto en Madrid (y alrededores):<\/p>\n<ul>\n<li><strong>SaS-La piluka<\/strong>: En el barrio del Pilar. Reparto <a href=\"http:\/\/www.lapiluka.org\/\">C.S La Piluka. <\/a>Plaza de Corcubi\u00f3n 16. Repartos: Martes 19:00. <strong>Contacto<\/strong>: <a href=\"mailto:sas@lapiluka.org\">sas@lapiluka.org<\/a><\/li>\n<li><strong>SaS-Aluche<\/strong>: AVA (Asociaci\u00f3n de Vecinos de Aluche), calle Quero 69. Repartos: Martes a partir de las 16:00h<\/li>\n<li><strong>SaS-La Ramona<\/strong>: <strong>Reparto:<\/strong> La CABA. Calle Quero n\u00ba 37. Local Bajo\u00a0 Aluche. Martes \u00a0generalmente entre las 20:00 y las 22:00.<strong>Contacto:<\/strong> \u00a0 <a href=\"mailto:sas-laramona@protonmail.com\">sas-laramona@protonmail.com<\/a><\/li>\n<li><strong>SaS-Bat\u00e1n<\/strong>: <strong>Reparto:<\/strong> Espacio B, Paseo de Extremadura 256 (esquina) Martes 20.00-21,30 <strong>Contacto: <\/strong><a href=\"mailto:sasbatan@gmail.com\">sasbatan@gmail.com<\/a><\/li>\n<li><strong>SAS- Agrocheleras Reparto:<\/strong> Eko <a href=\"https:\/\/www.google.com\/maps\/place\/data=!4m2!3m1!1s0xd42279351f9fe15:0x2be5667421f63eca?sa=X&amp;ved=2ahUKEwj80PqT-82EAxXpVKQEHfYnCSQQ4kB6BAgOEAA\">C. del \u00c1nade, 10, Carabanchel, 28019 Madrid. <\/a>Martes: 19:00h a ___ pendiente de concretar cierre. Contacto: <a href=\"mailto:sas.carabanchel@gmail.com\">sas.carabanchel@gmail.com<\/a><\/li>\n<li><strong>\u00a0SaS-Carapi\u00e9s. <\/strong><strong>Reparto: <\/strong>La Maliciosa <a href=\"https:\/\/www.google.com\/maps\/place\/data=!4m2!3m1!1s0xd422795ef96b971:0x46296381c49fcdcd?sa=X&amp;ved=2ahUKEwjl3MaolceEAxVegf0HHTHmDogQ4kB6BAgOEAA\">Calle de las Pe\u00f1uelas, 12, Arganzuela, 28005 Madrid<\/a>Martes 18:30- 20:30 <strong>Contacto:<\/strong> <a href=\"mailto:acudealdesBio@googlegroups.com\">acudealdesBio@googlegroups.com<\/a><\/li>\n<li><strong>SaS-Arganzuela<\/strong>. Reparto:\u00a0 Pl. de las Pe\u00f1uelas, 3, Arganzuela, 28005 Madrid. Martes 19:00-20:00h <strong>Contacto<\/strong>:\u00a0 <a href=\"mailto:sas_arganzuela@googlegroups.com\">sas_arganzuela@googlegroups.com<\/a><\/li>\n<li><strong>SaS-La Disidente: <\/strong>en el Barrio del Pilar. <strong>Reparto<\/strong>: Escuela Popular del Barrio del Pilar, c\/ Betanzos 37.Martes 19.30 (aunque se puede recoger despu\u00e9s) <strong>Contacto: <\/strong><a href=\"https:\/\/blogs.sindominio.net\/surcoasurco\/acerca_de\/jsanzlan@ucm.es\">jsanzlan@ucm.es<\/a><\/li>\n<li><strong>SaS-Villaverde<\/strong>: en la Asociaci\u00f3n Vecinal La Incolora (c\/ Acebes 6, local). Villaverde Alto. <strong>Contacto: <\/strong>\n<div><span style=\"color: #9900ff\"><a href=\"mailto:sasvillaverde@protonmail.com\">sasvillaverde@protonmail.com<\/a><\/span><\/div>\n<\/li>\n<li><strong>Grupo de Trabajo<\/strong> (conocido como GT): En la Iglesuela, Toledo.<\/li>\n<\/ul>\n<p>Tambi\u00e9n tenemos una lista de correo a la que te puedes dirigir si est\u00e1s interesado en participar en el colectivo:\u00a0\u00a0 sas-coordinacion (en) listas.sindominio.net<\/p>\n","protected":false},"excerpt":{"rendered":"<p>Si quieres contactar con nosotrxs, escr\u00edbenos al correo de la Comisi\u00f3n de comunicaci\u00f3n: sascomun@gmail.com Y puedes encontrarnos en cualquiera de los puntos de reparto en Madrid (y alrededores): SaS-La piluka: En el barrio del Pilar. Reparto C.S La Piluka. Plaza de Corcubi\u00f3n 16. Repartos: Martes 19:00. Contacto: sas@lapiluka.org SaS-Aluche: AVA (Asociaci\u00f3n de Vecinos de Aluche), &#8230; <a title=\"Contacta\" class=\"read-more\" href=\"https:\/\/blogs.sindominio.net\/surcoasurco\/contacta\/\" aria-label=\"Leer m\u00e1s sobre Contacta\">Leer m\u00e1s<\/a><\/p>\n","protected":false},"author":16,"featured_media":0,"parent":0,"menu_order":0,"comment_status":"closed","ping_status":"open","template":"","meta":{"footnotes":""},"class_list":["post-379","page","type-page","status-publish"],"_links":{"self":[{"href":"https:\/\/blogs.sindominio.net\/surcoasurco\/wp-json\/wp\/v2\/pages\/379","targetHints":{"allow":["GET"]}}],"collection":[{"href":"https:\/\/blogs.sindominio.net\/surcoasurco\/wp-json\/wp\/v2\/pages"}],"about":[{"href":"https:\/\/blogs.sindominio.net\/surcoasurco\/wp-json\/wp\/v2\/types\/page"}],"author":[{"embeddable":true,"href":"https:\/\/blogs.sindominio.net\/surcoasurco\/wp-json\/wp\/v2\/users\/16"}],"replies":[{"embeddable":true,"href":"https:\/\/blogs.sindominio.net\/surcoasurco\/wp-json\/wp\/v2\/comments?post=379"}],"version-history":[{"count":16,"href":"https:\/\/blogs.sindominio.net\/surcoasurco\/wp-json\/wp\/v2\/pages\/379\/revisions"}],"predecessor-version":[{"id":3710,"href":"https:\/\/blogs.sindominio.net\/surcoasurco\/wp-json\/wp\/v2\/pages\/379\/revisions\/3710"}],"wp:attachment":[{"href":"https:\/\/blogs.sindominio.net\/surcoasurco\/wp-json\/wp\/v2\/media?parent=379"}],"curies":[{"name":"wp","href":"https:\/\/api.w.org\/{rel}","templated":true}]}}