{"id":57,"date":"2020-10-19T17:18:06","date_gmt":"2020-10-19T17:18:06","guid":{"rendered":"https:\/\/blogs.sindominio.net\/saludconciencia\/?page_id=57"},"modified":"2020-12-14T19:45:01","modified_gmt":"2020-12-14T19:45:01","slug":"que-es-la-psiconeuroinmunologia-malestares-mas-prevalentes","status":"publish","type":"page","link":"https:\/\/blogs.sindominio.net\/saludconciencia\/que-es-la-psiconeuroinmunologia-malestares-mas-prevalentes\/","title":{"rendered":"\u00bfQu\u00e9 es la psiconeuroinmunolog\u00eda?"},"content":{"rendered":"\n<p>Te presento Salud conCiencia, un proyecto que busca <strong>acompa\u00f1ar a individuos, familias y comunidades a empoderarse en sus procesos de salud <\/strong>desde la <strong><span class=\"has-inline-color has-vivid-purple-color\">Psico-Neuro-Inmunolog\u00eda (PNI)<\/span><\/strong>, ciencia que estudia el cuerpo-mente desde una perspectiva integral; desde la<strong> interrelaci\u00f3n<\/strong> entre los sistemas inmunitario, endocrino, digestivo, nervioso y las emociones.&nbsp;&nbsp;<\/p>\n\n\n\n<figure class=\"wp-block-image size-large is-resized\"><img loading=\"lazy\" decoding=\"async\" src=\"https:\/\/blogs.sindominio.net\/saludconciencia\/files\/2020\/11\/Psiconeuroinmunologia-eje-psiconeuroinmuine.jpg\" alt=\"\" class=\"wp-image-96\" width=\"510\" height=\"661\" srcset=\"https:\/\/blogs.sindominio.net\/saludconciencia\/files\/2020\/11\/Psiconeuroinmunologia-eje-psiconeuroinmuine.jpg 413w, https:\/\/blogs.sindominio.net\/saludconciencia\/files\/2020\/11\/Psiconeuroinmunologia-eje-psiconeuroinmuine-232x300.jpg 232w\" sizes=\"auto, (max-width: 510px) 100vw, 510px\" \/><\/figure>\n\n\n\n<p>El acompa\u00f1amiento ir\u00e1 enfocado a la alimentaci\u00f3n, regular los biorritmos, conseguir flexibilidad metab\u00f3lica, respetar nuestro proceso evolutivo y mejorar nuestro contexto, considerando el \u00e1mbito emocional en el proceso vital de la persona y en el momento actual.<\/p>\n\n\n\n<p>El <strong><span class=\"has-inline-color has-vivid-purple-color\">tubo digestivo <\/span><\/strong>est\u00e1 directamente relacionado con nuestro <strong><span class=\"has-inline-color has-vivid-purple-color\">cerebro\/emociones<\/span><\/strong> y nuestro<strong><span class=\"has-inline-color has-vivid-purple-color\"> sistema inmunitario<\/span><\/strong>; las <strong>v\u00edsceras <\/strong>est\u00e1n relacionadas con partes de nuestro <strong>sistema m\u00fasculo-esquel\u00e9tico<\/strong>; s\u00edntomas relacionados con la <strong>menstruaci\u00f3n (amenorrea, dismenorrea, s\u00edndrome premenstrual, dolores de cabeza<\/strong>..) podr\u00edan estar relacionadas con el h\u00edgado, con el cortisol (la hormona del estr\u00e9s), con problemas en la resoluci\u00f3n de la inflamaci\u00f3n o con falta de ATP (falta de energ\u00eda).<\/p>\n\n\n\n<p>La Psiconeuroinmunolog\u00eda (PNI) tiene en cuenta conceptos poco conocidos en la medicina convencional que son indicativos importantes de nuestro estado de salud: La <strong>hipoclorhidria, la alteraci\u00f3n de la microbiota<\/strong> -muy relacionada con <strong>candidiasis <\/strong>vaginal- o la i<strong>nflamaci\u00f3n de bajo grado <\/strong>&#8211; causante de las <strong>patolog\u00edas autoinmunes, dolores diseminados, dolores menstruales, depresi\u00f3n <\/strong>y otros malestares, estar\u00e1n en el punto de mira de la consulta. <\/p>\n\n\n\n<figure class=\"wp-block-image size-large\"><img loading=\"lazy\" decoding=\"async\" width=\"1000\" height=\"667\" src=\"https:\/\/blogs.sindominio.net\/saludconciencia\/files\/2020\/11\/inflamacion-de-bajo-grado-2.jpg\" alt=\"\" class=\"wp-image-93\" srcset=\"https:\/\/blogs.sindominio.net\/saludconciencia\/files\/2020\/11\/inflamacion-de-bajo-grado-2.jpg 1000w, https:\/\/blogs.sindominio.net\/saludconciencia\/files\/2020\/11\/inflamacion-de-bajo-grado-2-300x200.jpg 300w, https:\/\/blogs.sindominio.net\/saludconciencia\/files\/2020\/11\/inflamacion-de-bajo-grado-2-768x512.jpg 768w\" sizes=\"auto, (max-width: 1000px) 100vw, 1000px\" \/><\/figure>\n\n\n\n<h2 class=\"wp-block-heading\"><span class=\"has-inline-color has-vivid-purple-color\">Cuando se trata de salud, todo est\u00e1 conectado.<\/span><\/h2>\n\n\n\n<p>En el modelo biom\u00e9dico hegem\u00f3nico, la tendencia es separar unos \u00f3rganos de otros, separar el cuerpo de la mente. <strong><span class=\"has-inline-color has-vivid-purple-color\">Las etiquetas diagn\u00f3sticas, a veces, inmovilizan y desempoderan en los procesos de salud<\/span><\/strong>. Existe una relaci\u00f3n muy estrecha entre <strong>emociones, sistema nervioso, endocrino, digestivo e inmunol\u00f3gico.<\/strong> Cualquier pensamiento que tengamos genera una emoci\u00f3n que determina el comportamiento de nuestro <strong>sistema nervioso aut\u00f3nomo (SNA)<\/strong>, responsable de que todo el organismo funcione coordinadamente y se adapte continuamente a las necesidades del medio. El Sistema Nervioso Aut\u00f3nomo modifica el funcionamiento de nuestros \u00f3rganos, contrayendo partes del cuerpo, aumentando la secreci\u00f3n de \u00e1cido del est\u00f3mago, la frecuencia card\u00edaca, la respiraci\u00f3n, produciendo espasmos en el intestino, haci\u00e9ndonos sudar, sonrojandonos\u2026<\/p>\n\n\n\n<p>No nos enferma el est\u00f3mago o el ri\u00f1\u00f3n de forma aislada, sino todo nuestro cuerpo, incluso todo nuestro entorno. Ante la<strong><span class=\"has-inline-color has-vivid-purple-color\"> incertidumbre, el estr\u00e9s, la frustraci\u00f3n y ansiedad, <\/span><\/strong>emociones que gobiernan nuestras vidas, el sistema nervioso se modifica,&nbsp; se altera la secreci\u00f3n de hormonas, de adrenalina, disminuye la serotonina&#8230; Como resultado se puede producir <strong>insomnio, dolor de cabeza, dolor de est\u00f3mago, una \u00falcera o crisis de migra\u00f1as<\/strong>. Si me centro s\u00f3lo en tapar el dolor de cabeza con un analg\u00e9sico; o calmar la \u00falcera con un omeprazol, s\u00f3lo tapo el s\u00edntoma, pero no soluciono la causa y ese cuerpo sigue en desequilibrio y seguir\u00e1 enfermando.<\/p>\n\n\n\n<figure class=\"wp-block-image size-large\"><img loading=\"lazy\" decoding=\"async\" width=\"567\" height=\"395\" src=\"https:\/\/blogs.sindominio.net\/saludconciencia\/files\/2020\/12\/eje-intestino-cerebro-1.jpg\" alt=\"\" class=\"wp-image-279\" srcset=\"https:\/\/blogs.sindominio.net\/saludconciencia\/files\/2020\/12\/eje-intestino-cerebro-1.jpg 567w, https:\/\/blogs.sindominio.net\/saludconciencia\/files\/2020\/12\/eje-intestino-cerebro-1-300x209.jpg 300w\" sizes=\"auto, (max-width: 567px) 100vw, 567px\" \/><\/figure>\n\n\n\n<h2 class=\"wp-block-heading\"><span class=\"has-inline-color has-vivid-purple-color\">Nuestro cuerpo funciona como un todo interconectado entre s\u00ed y con el medio que le rodea. <\/span><\/h2>\n\n\n\n<p>Cuando una parte enferma no enferma s\u00f3lo esa parte en concreto, sino que indica un desequilibrio en todo el  cuerpo-mente que se manifiesta en ese s\u00edntoma o enfermedad. &nbsp; El desequilibrio ha de verse en un contexto m\u00e1s amplio: en el contexto de un sistema que incluye la salud individual y la del entorno que le rodea, teniendo en cuenta las <strong>relaciones personales, el entorno social, laboral, el barrio, la ciudad, el pa\u00eds, el planeta y el medio ambiente donde vive la persona<\/strong>. Cuando alguna de estas partes falla, desequilibra al resto y produce el <span class=\"has-inline-color has-black-color\">s\u00edntoma<\/span>. <strong><span class=\"has-inline-color has-vivid-purple-color\">El s\u00edntoma es un aviso que nos dice que algo falla dentro de un contexto. <\/span><\/strong>De la misma manera que no tiene sentido que nos veamos como individuas aisladas, tampoco lo tiene que aislemos las distintas partes que nos conforman o que no tengamos en cuenta el entorno. <\/p>\n\n\n\n<p>Desde la ciencia convencional, se ha dado mucho m\u00e1s peso al condicionamiento gen\u00e9tico que a la <strong><span class=\"has-inline-color has-vivid-purple-color\">epigen\u00e9tica<\/span><\/strong>, cuando es el entorno al que nos exponemos &#8211; denominado exposoma- lo que determinar\u00e1 que nuestros genes se expresen o no. De la misma manera, en una c\u00e9lula, es la conexi\u00f3n con ella misma y con el entorno que la rodea lo que har\u00e1 que se convierta o no en cancer\u00edgena. <\/p>\n\n\n\n<figure class=\"wp-block-image size-large\"><img loading=\"lazy\" decoding=\"async\" width=\"594\" height=\"473\" src=\"https:\/\/blogs.sindominio.net\/saludconciencia\/files\/2020\/11\/determinantes-de-salud.png\" alt=\"\" class=\"wp-image-91\" srcset=\"https:\/\/blogs.sindominio.net\/saludconciencia\/files\/2020\/11\/determinantes-de-salud.png 594w, https:\/\/blogs.sindominio.net\/saludconciencia\/files\/2020\/11\/determinantes-de-salud-300x239.png 300w\" sizes=\"auto, (max-width: 594px) 100vw, 594px\" \/><\/figure>\n\n\n\n<h2 class=\"wp-block-heading\">Medicalizar la vida en una sociedad enferma, no es salud. <\/h2>\n\n\n\n<p>Si queremos que una persona se cure o permanezca sana debemos c<strong>ambiar el entorno en que se produjo esa enfermedad<\/strong>: <strong>factores sociales, factores psicol\u00f3gicos, estructuras mentales y de pensamiento disfuncionales arraigadas, relaciones interpersonales, dieta, h\u00e1bitos de vida<\/strong>&#8230; De lo contrario, la enfermedad volver\u00e1 a aparecer al reincorporar a la persona a su entorno -por ejemplo despu\u00e9s de una baja, tras el tratamiento o a pesar del tratamiento. O se quita la causa que origina el estr\u00e9s o se cambia la forma en que la persona vive ese estr\u00e9s. <\/p>\n\n\n\n<p class=\"has-text-align-left\"><strong><span class=\"has-inline-color has-vivid-purple-color\">El estr\u00e9s laboral y el provocado por relaciones personales afecta m\u00e1s a la respuesta inmune que otros tipos de estr\u00e9s, as\u00ed como las situaciones de estr\u00e9s mantenidas m\u00e1s de 1 mes favorecen m\u00e1s las infecciones v\u00edricas y bacterianas que las que duran menos.<\/span><\/strong> <strong><span class=\"has-inline-color has-vivid-purple-color\">Las personas que cuentan con un buen apoyo social, la misma situaci\u00f3n del estr\u00e9s les afecta mucho menos que aquellas que no lo tienen.<\/span><\/strong>&nbsp;<\/p>\n\n\n\n<figure class=\"wp-block-image size-large\"><img loading=\"lazy\" decoding=\"async\" width=\"523\" height=\"295\" src=\"https:\/\/blogs.sindominio.net\/saludconciencia\/files\/2020\/11\/medicalizacion.jpg\" alt=\"\" class=\"wp-image-95\" srcset=\"https:\/\/blogs.sindominio.net\/saludconciencia\/files\/2020\/11\/medicalizacion.jpg 523w, https:\/\/blogs.sindominio.net\/saludconciencia\/files\/2020\/11\/medicalizacion-300x169.jpg 300w\" sizes=\"auto, (max-width: 523px) 100vw, 523px\" \/><\/figure>\n\n\n\n<h2 class=\"wp-block-heading\">Salud conCiencia no ofrece una soluci\u00f3n est\u00e1ndar con una sola herramienta terap\u00e9utica. <\/h2>\n\n\n\n<p>El plan de acci\u00f3n ser\u00e1 adaptado y pactado con cada persona y estar\u00e1 basado en sus necesidades. Juntas, resignificaremos el s\u00edntoma como fuente de aprendizaje e iremos a la causa del malestar. <strong><span class=\"has-inline-color has-vivid-purple-color\">Escuchar qu\u00e9 nos quiere decir cada s\u00edntoma nos invita a conectarnos con nosotras mismas, nuestras necesidades y las de nuestro entorno. <\/span>No deber\u00edamos normalizar un malestar, por muy com\u00fan que sea. <\/strong>Aprender a convivir con ellos no es la soluci\u00f3n.&nbsp;<\/p>\n\n\n\n<p>Los acompa\u00f1amientos en salud que me ofrezco a realizar ser\u00e1n desde la <strong>escucha<\/strong>, con todo el conocimiento que he ido adquiriendo durante mi trayectoria personal, pol\u00edtica y profesional, y desde la <strong><span class=\"has-inline-color has-vivid-purple-color\">perspectiva integral y transformadora <\/span><\/strong>que me ofrece la psiconeuroinmunolog\u00eda. El objetivo principal de la consulta ser\u00e1 ofrecer la mayor <strong>tranquilidad y bienestar<\/strong> a la persona, abordar la situaci\u00f3n desde la forma m\u00e1s integral posible. <\/p>\n\n\n\n<p><strong>Cualquier s\u00edntoma se desarrollar\u00e1 en un contexto emocional-social-f\u00edsico-psicol\u00f3gico determinado<\/strong>. Nunca conseguiremos \u00abla cura\u00bb si no tenemos en cuenta todos estos factores, tanto en la actualidad, como en el momento en el que se inici\u00f3 el malestar. <\/p>\n\n\n\n<p>Te acompa\u00f1ar\u00e9 en tu proceso de salud, <strong>respetando los tiempos<\/strong> necesarios y empoder\u00e1ndonos mutuamente en el proceso para abordar la causa que provoca el malestar.<\/p>\n\n\n\n<h2 class=\"wp-block-heading\"><span class=\"has-inline-color has-vivid-purple-color\">Acompa\u00f1ar a las comunidades en el empoderamiento ante sus procesos de salud es una herramienta de transformaci\u00f3n social.<\/span><\/h2>\n\n\n\n<figure class=\"wp-block-image size-large\"><img loading=\"lazy\" decoding=\"async\" width=\"477\" height=\"640\" src=\"https:\/\/blogs.sindominio.net\/saludconciencia\/files\/2020\/11\/262313_416614488397313_1934061228_n.jpg\" alt=\"\" class=\"wp-image-97\" srcset=\"https:\/\/blogs.sindominio.net\/saludconciencia\/files\/2020\/11\/262313_416614488397313_1934061228_n.jpg 477w, https:\/\/blogs.sindominio.net\/saludconciencia\/files\/2020\/11\/262313_416614488397313_1934061228_n-224x300.jpg 224w\" sizes=\"auto, (max-width: 477px) 100vw, 477px\" \/><\/figure>\n\n\n\n<p>Adem\u00e1s de las<strong><span class=\"has-inline-color has-vivid-purple-color\"> consultas individuales<\/span><\/strong>,&nbsp; Salud conCiencia considera que acompa\u00f1ar a las comunidades en el empoderamiento ante sus procesos de salud es una herramienta de transformaci\u00f3n social. <\/p>\n\n\n\n<p>Por ello,<strong> <span class=\"has-inline-color has-vivid-purple-color\">me ofrezco a realizar formaciones \u201ca demanda\u201d<\/span> <\/strong>en los colectivos o comunidades que apuesten por la promoci\u00f3n y la autogesti\u00f3n de la salud desde una perspectiva integral. <strong>Es importante tener en cuenta el contexto con el que nos relacionamos y responsabilizarnos de \u00e9l<\/strong>. No podemos pretender estar sanos en un entorno que nos enferma. Crear entornos saludables es el primer paso para promover nuestra salud.&nbsp;&nbsp;<\/p>\n\n\n\n<p>Si est\u00e1s cansada de ir de especialista en especialista sin encontrar la soluci\u00f3n, es porque no tiene sentido fragmentar el cuerpo ni reconocernos como individuas aisladas.&nbsp;<\/p>\n\n\n\n<p><strong>Si tienes alg\u00fan s\u00edntoma o dificultad pendiente de resolver, preg\u00fantame!<\/strong> Pensaremos juntas de qu\u00e9 manera te puedo acompa\u00f1ar!!&nbsp;<\/p>\n\n\n\n<p class=\"has-text-align-right\"><strong><span class=\"has-inline-color has-vivid-purple-color\">Alba Mar\u00eda Campos Lizcano.<\/span><\/strong><\/p>\n\n\n\n<p class=\"has-text-align-right\">Enfermera especialista en Familiar y Comunitaria.<\/p>\n\n\n\n<p class=\"has-text-align-right\">Psiconeuroinmun\u00f3loga.&nbsp;<\/p>\n\n\n\n<p class=\"has-text-align-right\">Experta en Gesti\u00f3n emocional, coaching y PNL.&nbsp;<\/p>\n\n\n\n<p class=\"has-text-align-right\">Experta en Nutrici\u00f3n cl\u00ednica y salud nutricional.&nbsp;<\/p>\n\n\n\n<p>\u00bfQuieres saber m\u00e1s sobre la PNI? En los siguientes enlaces encontrar\u00e1s art\u00edculos cient\u00edficos que podr\u00edan interesarte:<\/p>\n\n\n\n<ul class=\"wp-block-list\"><li><a href=\"https:\/\/www.sciencedirect.com\/science\/article\/pii\/S1575181318300846\"><strong>Psiconeuroinmunolog\u00eda: hacia la transdisciplinariedad en la salud. <\/strong><\/a><\/li><li><a href=\"http:\/\/www.scielo.org.co\/pdf\/cm\/v36n2\/v36n2a9.pdf?\">La psiconeuroinmunolog\u00eda en el proceso salud enfermedad. <\/a><\/li><li><a href=\"http:\/\/publicaciones.konradlorenz.edu.co\/index.php\/sumapsi\/article\/view\/19\"><strong>Psiconeuroinmunolog\u00eda: Conexiones entre sistema nervioso y sistema inmune<\/strong><\/a><\/li><li><a href=\"https:\/\/www.drlopezheras.com\/2014\/04\/psiconeuroinmunologia-claves-conexion-cuerpo-mente.html\"><strong>Psiconeuroinmunolog\u00eda: Claves de la conexi\u00f3n cuerpo-mente que explican por qu\u00e9 la mente y las emociones afectan a la salud de nuestro cuerpo<\/strong><\/a><\/li><li><a href=\"https:\/\/www.redalyc.org\/pdf\/679\/67910204.pdf\"><strong>Psiconeuroinmunolog\u00eda: breve panor\u00e1mica<\/strong><\/a><\/li><li><a href=\"http:\/\/scielo.sld.cu\/scielo.php?pid=S0864-03001999000100018&amp;script=sci_arttext&amp;tlng=pt\"><strong>La psiconeuroinmunolog\u00eda, una nueva ciencia en el tratamiento de enfermedades. Revisi\u00f3n bibliogr\u00e1fica<\/strong><\/a><\/li><li><a href=\"https:\/\/d1wqtxts1xzle7.cloudfront.net\/57290593\/3_psicoinmunologia.pdf?1535943048=&amp;response-content-disposition=inline%3B+filename%3DPSICONEUROINMUNOLOGIA_SINOPSIS_DE_SU_HIS.pdf&amp;Expires=1606000324&amp;Signature=Q3r4Kd0A84lRuv5uJduPYumjW5kzL~84VDXWqhHJyNARSQivZGAWCsUcZPP-FaPMxLB32ASiOScv0STzMwc69nbXdRye49As1z8PbmEb90TPUqBmILl0~8Q6xv~lKAWfZsJp7faI8VHFwR0HT6WDIAEHc5n-laQvaob8S-HYzmDdwOp6K8QqYLVR2Pb5ONIAAi9pzzKSUkt2rjpabezAHzS7b6vXRyHRCS1BevjhGokAJKHuIMoG2uuhj1l6VMOemx~rPvrnfnM77eMQuBiNN8N3T9Bmjng5flKEg4FBX2EvoEjE7nok1YBR9lh7KqBPRLnNuZDGWYODkQPCcAp8tQ__&amp;Key-Pair-Id=APKAJLOHF5GGSLRBV4ZA\"><strong>Psiconeuroinmunolog\u00eda: Sinopsis de su historia, evidencia y consecuencias. <\/strong><\/a><\/li><li><a href=\"https:\/\/www.sciencedirect.com\/science\/article\/abs\/pii\/S1888989117301003\"><strong>Psiconeuroinmunolog\u00eda de los trastornos mentales<\/strong><\/a><\/li><\/ul>\n\n\n\n<p>Si quieres saber m\u00e1s sobre la PNI, pulsa&nbsp;<a href=\"https:\/\/blogs.sindominio.net\/saludconciencia\/que-es-la-psiconeuroinmunologia-malestares-mas-prevalentes\/\">aqu\u00ed<\/a>!<\/p>\n\n\n\n<p>Si quieres saber m\u00e1s de m\u00ed, pulsa&nbsp;<a href=\"https:\/\/blogs.sindominio.net\/saludconciencia\/about\/\">aqu\u00ed<\/a>.<\/p>\n\n\n\n<p>Si quieres saber en qu\u00e9 te puedo acompa\u00f1ar mediante la psiconeuroinmunolog\u00eda, pulsa&nbsp;<a href=\"https:\/\/blogs.sindominio.net\/saludconciencia\/salud-como-herramienta-politica-y-de-transformacion-social\/\">aqu\u00ed<\/a>. <\/p>\n\n\n\n<p>Si necesitas contactar conmigo:<\/p>\n\n\n\n<p><strong>Tel\u00e9fono:&nbsp;658115781<\/strong><\/p>\n\n\n\n<p><strong>Facebook<\/strong>:&nbsp;<a href=\"https:\/\/www.facebook.com\/Salud-conciencia-100389658557976\">@alba_pni_saludconciecnia<\/a><\/p>\n\n\n\n<p><strong>Twitter<\/strong>:&nbsp;<a href=\"https:\/\/twitter.com\/Alba_EFyC\">@alba_pni_EFyC<\/a><\/p>\n\n\n\n<p><strong>Instagram<\/strong>:&nbsp;<a href=\"https:\/\/www.instagram.com\/alba_pni_saludconciencia2\/\">@alba_pni_saludconciencia2<\/a><\/p>\n\n\n\n<h3 class=\"wp-block-heading\"><\/h3>\n","protected":false},"excerpt":{"rendered":"<p>Te presento Salud conCiencia, un proyecto que busca acompa\u00f1ar a individuos, familias y comunidades a empoderarse en sus procesos de salud desde la Psico-Neuro-Inmunolog\u00eda (PNI), ciencia que estudia el cuerpo-mente desde una perspectiva integral; desde la interrelaci\u00f3n entre los sistemas inmunitario, endocrino, digestivo, nervioso y las emociones.&nbsp;&nbsp; El acompa\u00f1amiento ir\u00e1 enfocado a la alimentaci\u00f3n, regular [&hellip;]<\/p>\n","protected":false},"author":208,"featured_media":0,"parent":0,"menu_order":0,"comment_status":"closed","ping_status":"closed","template":"","meta":{"footnotes":""},"class_list":["post-57","page","type-page","status-publish","hentry"],"_links":{"self":[{"href":"https:\/\/blogs.sindominio.net\/saludconciencia\/wp-json\/wp\/v2\/pages\/57","targetHints":{"allow":["GET"]}}],"collection":[{"href":"https:\/\/blogs.sindominio.net\/saludconciencia\/wp-json\/wp\/v2\/pages"}],"about":[{"href":"https:\/\/blogs.sindominio.net\/saludconciencia\/wp-json\/wp\/v2\/types\/page"}],"author":[{"embeddable":true,"href":"https:\/\/blogs.sindominio.net\/saludconciencia\/wp-json\/wp\/v2\/users\/208"}],"replies":[{"embeddable":true,"href":"https:\/\/blogs.sindominio.net\/saludconciencia\/wp-json\/wp\/v2\/comments?post=57"}],"version-history":[{"count":9,"href":"https:\/\/blogs.sindominio.net\/saludconciencia\/wp-json\/wp\/v2\/pages\/57\/revisions"}],"predecessor-version":[{"id":280,"href":"https:\/\/blogs.sindominio.net\/saludconciencia\/wp-json\/wp\/v2\/pages\/57\/revisions\/280"}],"wp:attachment":[{"href":"https:\/\/blogs.sindominio.net\/saludconciencia\/wp-json\/wp\/v2\/media?parent=57"}],"curies":[{"name":"wp","href":"https:\/\/api.w.org\/{rel}","templated":true}]}}