{"id":50,"date":"2020-10-19T17:15:53","date_gmt":"2020-10-19T17:15:53","guid":{"rendered":"https:\/\/blogs.sindominio.net\/saludconciencia\/?page_id=50"},"modified":"2021-11-06T02:56:22","modified_gmt":"2021-11-06T02:56:22","slug":"salud-como-herramienta-politica-y-de-transformacion-social","status":"publish","type":"page","link":"https:\/\/blogs.sindominio.net\/saludconciencia\/salud-como-herramienta-politica-y-de-transformacion-social\/","title":{"rendered":"\u00bfEn qu\u00e9 te puedo acompa\u00f1ar mediante la PNI?"},"content":{"rendered":"\n<h2 class=\"wp-block-heading\"><span class=\"has-inline-color has-vivid-purple-color\">\u00bfEn qu\u00e9 te puedo acompa\u00f1ar mediante la PNI?<\/span><\/h2>\n\n\n\n<h2 class=\"wp-block-heading\"><strong><span class=\"has-inline-color has-vivid-purple-color\">Molestias digestivas.<\/span><\/strong><\/h2>\n\n\n\n<p>La salud del tubo digestivo determina la salud de otros sistemas corporales. El aparato digestivo es:<\/p>\n\n\n\n<ul class=\"wp-block-list\"><li>Un \u00f3rgano clave para la salud del ser humano. <\/li><li>La puerta biol\u00f3gica hacia la <strong><span class=\"has-inline-color has-vivid-purple-color\">inflamaci\u00f3n y la autoinmunidad.&nbsp;<\/span><\/strong><\/li><li>El aparato encargado de preparar y absorber <strong>nutrientes<\/strong>. <\/li><li>La m\u00e1xima <strong><span class=\"has-inline-color has-vivid-purple-color\">comunicaci\u00f3n <\/span><\/strong>de nuestro cuerpo con el <strong>exterior<\/strong>. <\/li><li>Alberga el 70% de todas las <strong><span class=\"has-inline-color has-vivid-purple-color\">neuronas del sistema nervioso perif\u00e9rico<\/span><\/strong><\/li><li>Es clave para <strong><span class=\"has-inline-color has-vivid-purple-color\">responder <\/span><\/strong>de manera adecuada a alimentos, toxinas y dem\u00e1s ant\u00edgenos.<\/li><li>La <strong><span class=\"has-inline-color has-vivid-purple-color\">microbiota del tubo digestivo<\/span><\/strong>, es decir, el ecosistema que llevamos dentro,  determina la microbiota de \u00f3rganos como <span class=\"has-inline-color has-vivid-purple-color\"><strong>piel, pulmones, vagina y dem\u00e1s mucosas<\/strong> <\/span>que tenemos en el organismo. Es importante que est\u00e9 equilibrada. <\/li><\/ul>\n\n\n\n<p>S\u00edntomas como <\/p>\n\n\n\n<ul class=\"wp-block-list\"><li><span class=\"has-inline-color has-vivid-purple-color\"><strong>Estre\u00f1imiento, diarrea. <\/strong><\/span><\/li><li><span class=\"has-inline-color has-vivid-purple-color\"><strong>Gases<\/strong><\/span>.<\/li><li><span class=\"has-inline-color has-vivid-purple-color\"><strong>Ardor, reflujo. <\/strong><\/span><\/li><li><span class=\"has-inline-color has-vivid-purple-color\"><strong>Digestiones pesadas<\/strong><\/span>.<\/li><li><span class=\"has-inline-color has-vivid-purple-color\"><strong>Inflamaci\u00f3n abdominal<\/strong><\/span>.<\/li><li><strong><span class=\"has-inline-color has-vivid-purple-color\">Colon irritable.<\/span><\/strong><\/li><\/ul>\n\n\n\n<p>ser\u00e1n significativos al abordar nuestra salud intestinal y la de todo nuestro cuerpo-mente.<\/p>\n\n\n\n<p>Adem\u00e1s, existe el <strong><span class=\"has-inline-color has-vivid-purple-color\">eje intestino-cerebro<\/span><\/strong>, un eje bidireccional que conecta el cerebro con el tubo digestivo. <strong><span class=\"has-inline-color has-vivid-purple-color\">Nuestra salud intestinal se ver\u00e1 reflejada en nuestra conducta y emociones y viceversa<\/span>, nuestras emociones influir\u00e1n tambi\u00e9n en nuestra salud intestinal<\/strong>. <\/p>\n\n\n\n<p><\/p>\n\n\n\n<h2 class=\"wp-block-heading\"><span class=\"has-inline-color has-vivid-purple-color\">Alteraciones del sistema inmunitario: alergias, asma, resfriados recurrentes. <\/span><\/h2>\n\n\n\n<h2 class=\"wp-block-heading\"><span class=\"has-inline-color has-vivid-purple-color\">Enfermedades autoinmunes: <\/span><strong style=\"color: revert;font-size: revert\"><span class=\"has-inline-color has-vivid-purple-color\">artritis reumatoide, lupus, esclerosis m\u00faltiple, enfermedad de chron&#8230;<\/span><\/strong> <\/h2>\n\n\n\n<p><\/p>\n\n\n\n<p>Nuestro sistema inmunitario deber\u00eda de presentar un \u00f3ptimo estado de energ\u00eda . Esto equivaldr\u00eda a no padecer <span class=\"has-inline-color has-vivid-purple-color\"><strong>alergias, patolog\u00edas autoinmunes<\/strong><\/span> <strong><span class=\"has-inline-color has-vivid-purple-color\">ni infecciones recurrentes<\/span><\/strong>, es decir,  que ante la presencia de un <strong>pat\u00f3geno<\/strong>, fu\u00e9ramos capaces de <strong>combatirlo\/integrarlo<\/strong> de la forma m\u00e1s eficaz, tanto si es un <strong><span class=\"has-inline-color has-vivid-purple-color\">virus, como una bacteria, un hongo o un par\u00e1sito.<\/span><\/strong><\/p>\n\n\n\n<p><\/p>\n\n\n\n<h4 class=\"wp-block-heading\"><\/h4>\n\n\n\n<h2 class=\"wp-block-heading\"><span class=\"has-inline-color has-vivid-purple-color\">Alteraciones hormonales. <\/span><\/h2>\n\n\n\n<p>Las alteraciones hormonales son habituales en la sociedad occidentel actual debido, en gran parte, al contexto con el que nos relacionamos, lleno de disruptores endocrinos: sustancis externas que se comportan en el cuerpo como hormonas. <\/p>\n\n\n\n<p> A d\u00eda de hoy, la mayor presencia de disruptores endocrinos se encuentra en la <strong><span class=\"has-inline-color has-vivid-purple-color\">alimentaci\u00f3n industrial, la contaminaci\u00f3n del medio ambiente, en el uso de hormonas anticonceptivas o tratamientos hormonales de fertilidad<\/span><\/strong>. El sedentarismo, la obesidad y el estr\u00e9s mantenido por el ritmo de vida y la carencia de horas de sue\u00f1o de calidad propician un entorno al que cada vez nos cuesta m\u00e1s adaptarnos.<\/p>\n\n\n\n<p>Las gl\u00e1ndulas m\u00e1s sensibles a estas hormonas de enga\u00f1o son: <span class=\"has-inline-color has-vivid-purple-color\"><strong>la gl\u00e1ndula tiroides, los ovarios, la pr\u00f3stata y el h\u00edgado<\/strong>;<\/span> y algunos de los s\u00edntomas que se pueden presentar son:&nbsp;&nbsp;&nbsp; <span class=\"has-inline-color has-vivid-purple-color\">\u2022&nbsp;<\/span><\/p>\n\n\n\n<ul class=\"wp-block-list\"><li><span class=\"has-inline-color has-vivid-purple-color\"><strong>Acn\u00e9.<\/strong><\/span><\/li><li><span class=\"has-inline-color has-vivid-purple-color\"><strong>Hipertiroidismo. Hipotiroidismo. <\/strong><\/span><\/li><li><span class=\"has-inline-color has-vivid-purple-color\"><strong>S\u00edndrom<\/strong><\/span><strong>e de ovarios poliqu\u00edsticos.<\/strong><\/li><li><span class=\"has-inline-color has-vivid-purple-color\"><strong>Des\u00f3rdenes de la regla: sangrados, amenorrea (ausencia de regla), menopausia   precoz o dismenorrea (Dolor menstrual).&nbsp;&nbsp;&nbsp;<\/strong><\/span><\/li><li><span class=\"has-inline-color has-vivid-purple-color\"><strong>Hiperpl\u00e1sia benigna de pr\u00f3stata.<\/strong><\/span><\/li><li><span class=\"has-inline-color has-vivid-purple-color\"><strong>Problemas de fertilidad.<\/strong><\/span><\/li><\/ul>\n\n\n\n<p><\/p>\n\n\n\n<h2 class=\"wp-block-heading\"><span class=\"has-inline-color has-vivid-purple-color\">Obesidad<\/span>. <\/h2>\n\n\n\n<p>Salud conCiencia propone la <strong>NO utilizaci\u00f3n de <s>dietas estrictas<\/s>,<\/strong> sino el aprendizaje de unos <strong><span class=\"has-inline-color has-vivid-purple-color\">h\u00e1bitos de vida<\/span><\/strong> en los que una alimentaci\u00f3n saludable, equilibrada y sabrosa.<\/p>\n\n\n\n<p>Un tercio de la poblaci\u00f3n mundial tiene sobrepeso u obesidad. El n<strong>\u00famero de ni\u00f1os y adolescentes con obesidad ha aumentado en un 50% en los \u00faltimos  30 a\u00f1os. <\/strong><\/p>\n\n\n\n<p>Adem\u00e1s,  la obesidad se acompa\u00f1a de un <strong><span class=\"has-inline-color has-vivid-purple-color\">estado de inflamaci\u00f3n cr\u00f3nica de bajo grado<\/span><\/strong>, que posibilita la aparici\u00f3n de m\u00faltiples patolog\u00edas: <span class=\"has-inline-color has-vivid-purple-color\">d<strong>olores diseminados, cefaleas, alteraciones hormonales, c\u00e1ncer, alteraci\u00f3n del sistema inmunitario&#8230; <\/strong><\/span><\/p>\n\n\n\n<p>El abordaje de esta alteraci\u00f3n metab\u00f3lica no debe basarse \u00fanicamente en cambiar la alimentaci\u00f3n, sino en <strong><span class=\"has-inline-color has-vivid-purple-color\">entender todos los mecanismos implicados en este estado de inflamaci\u00f3n<\/span><\/strong> y dar soluciones \u00f3ptimas en los \u00f3rganos implicados para restablecer el equilibrio.<\/p>\n\n\n\n<p><\/p>\n\n\n\n<h2 class=\"wp-block-heading\"><strong><span class=\"has-inline-color has-vivid-purple-color\">Migra\u00f1as y Cefaleas<\/span><\/strong><\/h2>\n\n\n\n<div class=\"wp-block-group\"><div class=\"wp-block-group__inner-container is-layout-flow wp-block-group-is-layout-flow\">\n<p>M\u00e1s de un<strong> 30% de la poblaci\u00f3n<\/strong> sufre migra\u00f1as y cefaleas, siendo la segunda enfermedad m\u00e1s frecuente y la mayor causa neurol\u00f3gica de discapacidad. Existen diversos sistemas implicados, tanto en la aparici\u00f3n del aura previa al dolor como del dolor en s\u00ed mismo: <\/p>\n\n\n\n<p>&nbsp;&nbsp;&nbsp;&nbsp;\u2022&nbsp;La sensibilizaci\u00f3n del nervio <strong><span class=\"has-inline-color has-vivid-purple-color\">trig\u00e9mino<\/span><\/strong>, que regula las variaciones de presi\u00f3n intracraneal.<br>&nbsp;&nbsp;&nbsp;&nbsp;\u2022&nbsp;La liberaci\u00f3n excesiva de la <strong><span class=\"has-inline-color has-vivid-purple-color\">histamina<\/span><\/strong>. <\/p>\n\n\n\n<p><\/p>\n\n\n\n<h2 class=\"wp-block-heading\"><span class=\"has-inline-color has-vivid-purple-color\">Piel: <strong>acn\u00e9, eczemas, rosacea, dermatitis, psoriasis&#8230;<\/strong><\/span><\/h2>\n\n\n\n<p><br>El estado de nuestra piel es el reflejo de nuestro <strong><span class=\"has-inline-color has-vivid-purple-color\">estado interior<\/span><\/strong>. A trav\u00e9s de estos s\u00edntomas, nuestro cuerpo nos est\u00e1 indicando que algo no est\u00e1 funcionando bien. \u00bfQu\u00e9 mecanismos est\u00e1n involucrados en los problemas de la piel? <\/p>\n\n\n\n<p>&nbsp;&nbsp;&nbsp; \u2022&nbsp;Alteraciones del <span class=\"has-inline-color has-vivid-purple-color\"><strong>aparato digestivo<\/strong><\/span> relacionados con una <strong>mala alimentaci\u00f3n<\/strong> o con <strong>alg\u00fan alimento en particular.<\/strong><br>&nbsp;&nbsp;&nbsp; \u2022&nbsp;Una desregulaci\u00f3n de las <strong><span class=\"has-inline-color has-vivid-purple-color\">hormonas sexuales<\/span><\/strong>.<br>&nbsp;&nbsp;&nbsp; \u2022&nbsp;Una <strong><span class=\"has-inline-color has-vivid-purple-color\">mala capacidad detoxificadora<\/span><\/strong>, una <span class=\"has-inline-color has-vivid-purple-color\"><strong>reacci\u00f3n inmunitaria<\/strong><\/span>.<br><strong><span class=\"has-inline-color has-vivid-purple-color\">&nbsp;&nbsp;&nbsp; \u2022&nbsp;El h\u00edgado.<\/span><\/strong><\/p>\n\n\n\n<p>Tratar el s\u00edntoma de la piel con un <strong><s>f\u00e1rmaco o un crema <\/s><\/strong>es \u00abponer un parche\u00bb y, a la larga, \u00e9ste <strong><span class=\"has-inline-color has-vivid-purple-color\">intensificar\u00e1, cronificar\u00e1 o se convertir\u00e1 en otro s\u00edntoma<\/span><\/strong>. Lo interesante ser\u00eda conocer qu\u00e9 nos quiere decir ese s\u00edntoma y cu\u00e1l es su <strong><span class=\"has-inline-color has-vivid-purple-color\">causa<\/span><\/strong>. <\/p>\n\n\n\n<p><\/p>\n\n\n\n<h2 class=\"wp-block-heading\"><span class=\"has-inline-color has-vivid-purple-color\">Fibromialgia y fatiga cr\u00f3nica. <\/span><\/h2>\n\n\n\n<p>El 85% de las mujeres que padecen fibromialgia y fatiga cr\u00f3nica padecen tambi\u00e9n de disbiosis, permeabilidad intestinal e inflamaci\u00f3n sist\u00e9mica. Desde la Psiconeuroinmunolog\u00eda, trataremos el problema desde el origen. <\/p>\n\n\n\n<h2 class=\"wp-block-heading\"><\/h2>\n\n\n\n<p><\/p>\n<\/div><\/div>\n\n\n\n<p>Si quieres saber m\u00e1s sobre qu\u00e9 ofrezco, pulsa <a href=\"https:\/\/blogs.sindominio.net\/saludconciencia\/2020\/11\/26\/que-ofrezco\/?hilite=%27s%C3%ADntoma%27\">aqu\u00ed<\/a>! <\/p>\n\n\n\n<p>Si quieres saber m\u00e1s sobre la Psiconeuroinmunolog\u00eda, pulsa <a href=\"https:\/\/blogs.sindominio.net\/saludconciencia\/que-es-la-psiconeuroinmunologia-malestares-mas-prevalentes\/?hilite=%27s%C3%ADntoma%27\">aqu\u00ed<\/a>!<\/p>\n\n\n\n<p>Si quieres saber m\u00e1s sobre quien soy, pulsa <a href=\"https:\/\/blogs.sindominio.net\/saludconciencia\/about\/\">aqu\u00ed<\/a>! <\/p>\n\n\n\n<p>Si necesitas contactar conmigo:<\/p>\n\n\n\n<p><strong>Tel\u00e9fono:&nbsp;658115781<\/strong><\/p>\n\n\n\n<p><strong>Facebook<\/strong>:&nbsp;<a href=\"https:\/\/www.facebook.com\/Salud-conciencia-100389658557976\">@alba_pni_saludconciecnia<\/a><\/p>\n\n\n\n<p><strong>Twitter<\/strong>:&nbsp;<a href=\"https:\/\/twitter.com\/Alba_EFyC\">@alba_pni_EFyC<\/a><\/p>\n\n\n\n<p><strong>Instagram<\/strong>:&nbsp;<a href=\"https:\/\/www.instagram.com\/alba_pni_saludconciencia2\/\">@alba_pni_saludconciencia2<\/a><\/p>\n\n\n\n<p><\/p>\n\n\n\n<p><\/p>\n","protected":false},"excerpt":{"rendered":"<p>\u00bfEn qu\u00e9 te puedo acompa\u00f1ar mediante la PNI? Molestias digestivas. La salud del tubo digestivo determina la salud de otros sistemas corporales. El aparato digestivo es: Un \u00f3rgano clave para la salud del ser humano. La puerta biol\u00f3gica hacia la inflamaci\u00f3n y la autoinmunidad.&nbsp; El aparato encargado de preparar y absorber nutrientes. La m\u00e1xima comunicaci\u00f3n [&hellip;]<\/p>\n","protected":false},"author":208,"featured_media":0,"parent":0,"menu_order":0,"comment_status":"closed","ping_status":"closed","template":"","meta":{"footnotes":""},"class_list":["post-50","page","type-page","status-publish","hentry"],"_links":{"self":[{"href":"https:\/\/blogs.sindominio.net\/saludconciencia\/wp-json\/wp\/v2\/pages\/50","targetHints":{"allow":["GET"]}}],"collection":[{"href":"https:\/\/blogs.sindominio.net\/saludconciencia\/wp-json\/wp\/v2\/pages"}],"about":[{"href":"https:\/\/blogs.sindominio.net\/saludconciencia\/wp-json\/wp\/v2\/types\/page"}],"author":[{"embeddable":true,"href":"https:\/\/blogs.sindominio.net\/saludconciencia\/wp-json\/wp\/v2\/users\/208"}],"replies":[{"embeddable":true,"href":"https:\/\/blogs.sindominio.net\/saludconciencia\/wp-json\/wp\/v2\/comments?post=50"}],"version-history":[{"count":6,"href":"https:\/\/blogs.sindominio.net\/saludconciencia\/wp-json\/wp\/v2\/pages\/50\/revisions"}],"predecessor-version":[{"id":395,"href":"https:\/\/blogs.sindominio.net\/saludconciencia\/wp-json\/wp\/v2\/pages\/50\/revisions\/395"}],"wp:attachment":[{"href":"https:\/\/blogs.sindominio.net\/saludconciencia\/wp-json\/wp\/v2\/media?parent=50"}],"curies":[{"name":"wp","href":"https:\/\/api.w.org\/{rel}","templated":true}]}}