{"id":465,"date":"2026-03-16T20:12:00","date_gmt":"2026-03-16T19:12:00","guid":{"rendered":"https:\/\/blogs.sindominio.net\/salalaferidadocu\/?page_id=465"},"modified":"2026-03-24T13:21:14","modified_gmt":"2026-03-24T12:21:14","slug":"revoltes-de-la-terra","status":"publish","type":"page","link":"https:\/\/blogs.sindominio.net\/salalaferidadocu\/revoltes-de-la-terra\/","title":{"rendered":"RdlT"},"content":{"rendered":"\n<div class=\"wp-block-group is-layout-flow wp-container-core-group-is-layout-8e8a89e0 wp-block-group-is-layout-flow\" style=\"padding-right:var(--wp--preset--spacing--60);padding-left:var(--wp--preset--spacing--60)\">\n<h2 class=\"wp-block-heading has-text-align-center has-foreground-color has-text-color has-link-color wp-elements-a104ca4e3ac41fddf431ba7007f981a8\" style=\"font-size:clamp(28.836px, 1.802rem + ((1vw - 3.2px) * 2.075), 50px);text-transform:none\"><strong>REVOLTES DE LA TERRA<\/strong><\/h2>\n\n\n\n    <div style=\"position: relative; width: 100%; padding-bottom: 56.25%; height: 0; overflow: hidden; \">\n        <iframe \n            title=\"peertube video\" \n            src=\"https:\/\/video.anartist.org\/videos\/embed\/oycXxGwrGwRvj6VqzhqrY4\" \n            style=\"position: absolute; top: 0; left: 0; width: 100%; height: 100%;\" \n            frameborder=\"0\" \n            allowfullscreen \n            sandbox=\"allow-same-origin allow-scripts allow-popups allow-forms\">\n        <\/iframe>\n    <\/div>\n\n\n\n<blockquote class=\"wp-block-quote is-layout-flow wp-block-quote-is-layout-flow\" style=\"padding-right:var(--wp--preset--spacing--20);padding-left:var(--wp--preset--spacing--20)\">\n<p class=\"has-text-align-center is-style-default has-x-large-font-size\"><strong><em>Som el riu que es revolta<\/em><\/strong><\/p>\n<\/blockquote>\n\n\n\n<p class=\"is-style-default\"><a href=\"https:\/\/www.revoltesdelaterra.cat\/\"><strong>Revoltes de la Terra<\/strong><\/a> \u00e9s  una din\u00e0mica de lluita que  ha inaugurat una nova t\u00e0ctica per a la lluita ecologista als pa\u00efsos catalans, basada en <strong>confrontar<\/strong> les amenaces, <strong>esmolar <\/strong>les eines col\u00b7lectives per organitzar-se i <strong>habitar<\/strong> la terra.<\/p>\n\n\n\n<p class=\"is-style-default\">Un any despr\u00e9s de la seva primera acci\u00f3 contra Lotte, una f\u00e0brica de components de bateries per a cotxes el\u00e8ctrics en construcci\u00f3 a Mont-roig del Camp, Revoltes de la Terra convoca una nova mobilitzaci\u00f3 els propers <a href=\"https:\/\/directa.cat\/revoltes-de-la-terra-convoca-accio-massiva-contra-muntanyes-sal-empresa-israeliana-icl\/\">17, 18 i 19 d&#8217;abril, aquest cop contra ICL.<\/a><\/p>\n\n\n\n<p class=\"is-style-default\">Si has vist el documental i et quedes amb ganes de passar a l&#8217;acci\u00f3, ens trobar\u00e0s al Bages aquesta primavera.<\/p>\n\n\n\n<div class=\"wp-block-buttons is-content-justification-center is-layout-flex wp-container-core-buttons-is-layout-a89b3969 wp-block-buttons-is-layout-flex\">\n<div class=\"wp-block-button\"><a class=\"wp-block-button__link has-text-align-center wp-element-button\" href=\"https:\/\/www.revoltesdelaterra.cat\/\">Revoltes de la Terra<\/a><\/div>\n<\/div>\n<\/div>\n","protected":false},"excerpt":{"rendered":"<p>REVOLTES DE LA TERRA Som el riu que es revolta Revoltes de la Terra \u00e9s una din\u00e0mica de lluita que ha inaugurat una nova t\u00e0ctica per a la lluita ecologista als pa\u00efsos catalans, basada en confrontar les amenaces, esmolar les eines col\u00b7lectives per organitzar-se i habitar la terra. Un any despr\u00e9s de la seva primera [&hellip;]<\/p>\n","protected":false},"author":279,"featured_media":467,"parent":0,"menu_order":0,"comment_status":"closed","ping_status":"closed","template":"p-gina-base","meta":{"footnotes":""},"class_list":["post-465","page","type-page","status-publish","has-post-thumbnail","hentry"],"jetpack_sharing_enabled":true,"_links":{"self":[{"href":"https:\/\/blogs.sindominio.net\/salalaferidadocu\/wp-json\/wp\/v2\/pages\/465","targetHints":{"allow":["GET"]}}],"collection":[{"href":"https:\/\/blogs.sindominio.net\/salalaferidadocu\/wp-json\/wp\/v2\/pages"}],"about":[{"href":"https:\/\/blogs.sindominio.net\/salalaferidadocu\/wp-json\/wp\/v2\/types\/page"}],"author":[{"embeddable":true,"href":"https:\/\/blogs.sindominio.net\/salalaferidadocu\/wp-json\/wp\/v2\/users\/279"}],"replies":[{"embeddable":true,"href":"https:\/\/blogs.sindominio.net\/salalaferidadocu\/wp-json\/wp\/v2\/comments?post=465"}],"version-history":[{"count":13,"href":"https:\/\/blogs.sindominio.net\/salalaferidadocu\/wp-json\/wp\/v2\/pages\/465\/revisions"}],"predecessor-version":[{"id":573,"href":"https:\/\/blogs.sindominio.net\/salalaferidadocu\/wp-json\/wp\/v2\/pages\/465\/revisions\/573"}],"wp:featuredmedia":[{"embeddable":true,"href":"https:\/\/blogs.sindominio.net\/salalaferidadocu\/wp-json\/wp\/v2\/media\/467"}],"wp:attachment":[{"href":"https:\/\/blogs.sindominio.net\/salalaferidadocu\/wp-json\/wp\/v2\/media?parent=465"}],"curies":[{"name":"wp","href":"https:\/\/api.w.org\/{rel}","templated":true}]}}