{"id":239,"date":"2026-03-12T17:09:56","date_gmt":"2026-03-12T16:09:56","guid":{"rendered":"https:\/\/salalaferidadocu.wordpress.com\/?page_id=239"},"modified":"2026-03-25T11:35:21","modified_gmt":"2026-03-25T10:35:21","slug":"organitza-la-teva-projeccio","status":"publish","type":"page","link":"https:\/\/blogs.sindominio.net\/salalaferidadocu\/organitza-la-teva-projeccio\/","title":{"rendered":"Organitza la teva\u00a0projecci\u00f3"},"content":{"rendered":"\n<div class=\"wp-block-group is-layout-flow wp-block-group-is-layout-flow\" style=\"padding-right:var(--wp--preset--spacing--70);padding-left:var(--wp--preset--spacing--70)\">\n<h2 class=\"wp-block-heading has-text-align-center\" style=\"font-size:clamp(28.836px, 1.802rem + ((1vw - 3.2px) * 2.075), 50px);\"><strong>ORGANITZEU LA VOSTRA PROJECCI\u00d3<\/strong><\/h2>\n\n\n\n<div style=\"height:11px\" aria-hidden=\"true\" class=\"wp-block-spacer\"><\/div>\n\n\n\n<p>Si voleu organitzar la vostra projecci\u00f3, no ens heu de demanar perm\u00eds, tot i que agrairem que ens ho comuniqueu per afegir-vos al llistat p\u00fablic.<\/p>\n\n\n\n<p>Us deixem dos cartells descarregables que podeu fer servir per editar i afegir la informaci\u00f3 de la vostra projecci\u00f3. Si necessiteu ajuda amb l&#8217;edici\u00f3 o voleu convidar-nos a la vostra presentaci\u00f3 escriviu-nos a <strong><span style=\"text-decoration: underline\">salalaferida.documental@proton.me<\/span><\/strong>.<\/p>\n\n\n\n<figure class=\"wp-block-gallery has-nested-images columns-default is-cropped wp-block-gallery-1 is-layout-flex wp-block-gallery-is-layout-flex\">\n<figure class=\"wp-block-image size-full has-custom-border is-style-default\" style=\"margin-right:0;margin-left:0\"><img loading=\"lazy\" decoding=\"async\" width=\"1587\" height=\"2245\" data-id=\"273\" src=\"https:\/\/blogs.sindominio.net\/salalaferidadocu\/files\/2026\/03\/sal-en-la-ferida-3-1.png\" alt=\"\" class=\"has-border-color wp-image-273\" style=\"border-color:#000000;border-width:30px\" srcset=\"https:\/\/blogs.sindominio.net\/salalaferidadocu\/files\/2026\/03\/sal-en-la-ferida-3-1.png 1587w, https:\/\/blogs.sindominio.net\/salalaferidadocu\/files\/2026\/03\/sal-en-la-ferida-3-1-212x300.png 212w, https:\/\/blogs.sindominio.net\/salalaferidadocu\/files\/2026\/03\/sal-en-la-ferida-3-1-724x1024.png 724w, https:\/\/blogs.sindominio.net\/salalaferidadocu\/files\/2026\/03\/sal-en-la-ferida-3-1-768x1086.png 768w, https:\/\/blogs.sindominio.net\/salalaferidadocu\/files\/2026\/03\/sal-en-la-ferida-3-1-1086x1536.png 1086w, https:\/\/blogs.sindominio.net\/salalaferidadocu\/files\/2026\/03\/sal-en-la-ferida-3-1-1448x2048.png 1448w\" sizes=\"auto, (max-width: 1587px) 100vw, 1587px\" \/><\/figure>\n\n\n\n<figure class=\"wp-block-image size-large has-custom-border\"><img decoding=\"async\" data-id=\"274\" src=\"https:\/\/blogs.sindominio.net\/salalaferidadocu\/files\/2026\/03\/sal-en-la-ferida1-1-1.png?w=724\" alt=\"\" class=\"has-border-color wp-image-274\" style=\"border-color:#000000;border-width:30px\" \/><\/figure>\n<\/figure>\n\n\n\n<div class=\"wp-block-columns is-layout-flex wp-container-core-columns-is-layout-28f84493 wp-block-columns-is-layout-flex\">\n<div class=\"wp-block-column is-layout-flow wp-block-column-is-layout-flow\">\n<div class=\"wp-block-file aligncenter\"><a href=\"https:\/\/blogs.sindominio.net\/salalaferidadocu\/files\/2026\/03\/unnamed-file.png\" class=\"wp-block-file__button wp-element-button\" download>Descarrega<\/a><\/div>\n<\/div>\n\n\n\n<div class=\"wp-block-column is-layout-flow wp-block-column-is-layout-flow\">\n<div class=\"wp-block-file aligncenter\"><a href=\"https:\/\/blogs.sindominio.net\/salalaferidadocu\/files\/2026\/03\/unnamed-file-1-1.png\" class=\"wp-block-file__button wp-element-button\" download>Descarrega<\/a><\/div>\n<\/div>\n<\/div>\n\n\n\n<h2 class=\"wp-block-heading\"><strong>Proposta de xerrada<\/strong><\/h2>\n\n\n\n<p>Us animem a organitzar un col\u00b7loqui i\/o debat abans o despr\u00e9s de la projecci\u00f3 per contextualitzar i obrir espai per pensar en els problemes que planteja el documental. A m\u00e9s del gui\u00f3 que podeu trobar sota, us recomanem que visiteu la <a href=\"https:\/\/boicoticl.org\/\"><strong><span style=\"text-decoration: underline\">p\u00e0gina web de la campanya Boicot ICL<\/span><\/strong><\/a>, on podeu trobar informaci\u00f3 recopilada per companyxs amb detalls sobre l&#8217;empresa i el seu impacte.<\/p>\n\n\n\n<p><strong>Proposta de gui\u00f3 per la xerrada, amb cinc c\u00e8ntims d&#8217;explicaci\u00f3:<\/strong><\/p>\n\n\n\n<ol class=\"wp-block-list\">\n<li><strong>Qu\u00e8 \u00e9s ICL:<\/strong> Israel Chemicals Limited, empresa israeliana especialitzada en la fabricaci\u00f3 de fertilitzants qu\u00edmics per a l&#8217;agricultura industrial. El seu principal accionista \u00e9s Israel Corporation, un dels conglomerats estrat\u00e8gics pel r\u00e8gim d&#8217;apartheid sionista. ICL arriba al Bages l&#8217;any 1998 i privatitza l&#8217;explotaci\u00f3 minera de sal i potassa de la comarca, que ja portava activa des de principis de segle XX. \u00c9s coneguda com a Iberpotash fins l&#8217;any 2015.<br><\/li>\n\n\n\n<li><strong>Problemes ambientals: <\/strong>l&#8217;explotaci\u00f3 minera de sal i potassa deixa com a residu un gran volum de runams salins. A la vora de S\u00faria i Sallent n&#8217;hi ha dues veritables muntanyas de sal, la m\u00e9s gran d&#8217;uns 500 metres d&#8217;al\u00e7ada i la superf\u00edcie de 50 camps de futbol. La sal es filtra als aq\u00fc\u00edfers i salinitza els rius, incl\u00f2s el Llobregat, fins al punt que hi ha una planta dessalinitzadora a Abrera, pagada amb impostos p\u00fablics, per potablilitzar l&#8217;aigua de boca que acaba a Barcelona. La pres\u00e8ncia d&#8217;ICL tamb\u00e9 afecta la pagesia, fent inviables certes activitats ramaderes per l&#8217;exc\u00e8s de sal, i, molt especialment, degut a la immensa demanda d&#8217;aigua de l&#8217;empresa: fins a <strong>12,8 milions d&#8217;hect\u00f2metres c\u00fabics l&#8217;any<\/strong>, \u00e9s a dir, l&#8217;<strong>equivalent al consum de la ciutat de Manresa<\/strong> en el mateix periode. Existeixen v\u00e0ries plataformes ciutadanes que han lluitat des de fa d\u00e8cades contra els problemes ambientals que desencadena ICL. En destaquen <strong>Prou Sal<\/strong>, <strong>Montsalat<\/strong>, la <strong>Taula del Llobregat<\/strong> i, m\u00e9s recentment, la campanya<strong> <a href=\"https:\/\/boicoticl.org\/\">Boicot ICL<\/a><\/strong>.<br><\/li>\n\n\n\n<li><strong>Vincles amb el genocidi: <\/strong>ICL \u00e9s un actor estrat\u00e8gic pel r\u00e8gim sionista. No nom\u00e9s explota recursos naturals en territori ocupat a trav\u00e9s de la filial <strong>Dead Sea Works<\/strong>, sin\u00f3 que est\u00e0 documentada la seva participaci\u00f3 en la cadena de producci\u00f3 de <strong>f\u00f2sfor blanc<\/strong>, un arma que, magrat estar prohibida per la llei internacional en \u00e0rees densament poblades, ha estat utilitzada m\u00faltiples vegades en els darrers anys contra poblaci\u00f3 civil a Palestina i al sud del L\u00edban. ICL tamb\u00e9 promou al seu web el programa filantr\u00f2pic &#8220;<strong>Adopta un soldat<\/strong>&#8220;, que permet a donants privats apadrinar econ\u00f2micament soldats de les Israel <s>Defense<\/s> Occupation Forces.<br><\/li>\n\n\n\n<li><strong>Xantatge laboral: <\/strong>ICL t\u00e9 un pes important a l&#8217;economia del Bages, amb m\u00e9s de 1000 llocs de treball i sous per sobre de la mitjana. Tanmateix, la <strong>sinistralitat laboral<\/strong> a les mines \u00e9s elevada, i les condicions disten de ser \u00f2ptimes, especialment a la multitud d&#8217;<strong>empreses subcontractades<\/strong> per ICL per a diverses tasques. Un dels debats m\u00e9s candents \u00e9s el relatiu al futur de la mineria al Bages: expulsar ICL, exigir la seva retirada dels runams salins i renacionalitzar les mines; o posar fi a l&#8217;activitat minera i encetar una transici\u00f3 a un nou model industrial a la comarca, amb garantia de llocs de treball, que respongui als reptes ecosocials del nostre temps, que deixi d&#8217;alimentar la gran agroind\u00fastria internacional i satisfagui les necessitats del territori.<\/li>\n<\/ol>\n\n\n\n<div style=\"height:36px\" aria-hidden=\"true\" class=\"wp-block-spacer\"><\/div>\n\n\n\n<p class=\"has-text-align-center has-large-font-size\"><em>A continuaci\u00f3 teniu un document ben detallat amb informaci\u00f3 i preguntes per a encetar debats despr\u00e9s de projectar el documental<\/em> : )<\/p>\n\n\n\n<div class=\"wp-block-file aligncenter\" style=\"margin-top:var(--wp--preset--spacing--30);margin-bottom:var(--wp--preset--spacing--30);padding-top:var(--wp--preset--spacing--40);padding-right:var(--wp--preset--spacing--80);padding-bottom:var(--wp--preset--spacing--40);padding-left:var(--wp--preset--spacing--80)\"><a href=\"https:\/\/blogs.sindominio.net\/salalaferidadocu\/files\/2026\/03\/salalaferida-coloqui.pdf\" class=\"wp-block-file__button wp-element-button\" download><strong>Gui\u00f3 de col\u00b7loqui<\/strong><\/a><\/div>\n<\/div>\n","protected":false},"excerpt":{"rendered":"<p>ORGANITZEU LA VOSTRA PROJECCI\u00d3 Si voleu organitzar la vostra projecci\u00f3, no ens heu de demanar perm\u00eds, tot i que agrairem que ens ho comuniqueu per afegir-vos al llistat p\u00fablic. Us deixem dos cartells descarregables que podeu fer servir per editar i afegir la informaci\u00f3 de la vostra projecci\u00f3. Si necessiteu ajuda amb l&#8217;edici\u00f3 o voleu [&hellip;]<\/p>\n","protected":false},"author":279,"featured_media":0,"parent":0,"menu_order":0,"comment_status":"closed","ping_status":"closed","template":"p-gina-base","meta":{"footnotes":""},"class_list":["post-239","page","type-page","status-publish","hentry"],"jetpack_sharing_enabled":true,"_links":{"self":[{"href":"https:\/\/blogs.sindominio.net\/salalaferidadocu\/wp-json\/wp\/v2\/pages\/239","targetHints":{"allow":["GET"]}}],"collection":[{"href":"https:\/\/blogs.sindominio.net\/salalaferidadocu\/wp-json\/wp\/v2\/pages"}],"about":[{"href":"https:\/\/blogs.sindominio.net\/salalaferidadocu\/wp-json\/wp\/v2\/types\/page"}],"author":[{"embeddable":true,"href":"https:\/\/blogs.sindominio.net\/salalaferidadocu\/wp-json\/wp\/v2\/users\/279"}],"replies":[{"embeddable":true,"href":"https:\/\/blogs.sindominio.net\/salalaferidadocu\/wp-json\/wp\/v2\/comments?post=239"}],"version-history":[{"count":12,"href":"https:\/\/blogs.sindominio.net\/salalaferidadocu\/wp-json\/wp\/v2\/pages\/239\/revisions"}],"predecessor-version":[{"id":588,"href":"https:\/\/blogs.sindominio.net\/salalaferidadocu\/wp-json\/wp\/v2\/pages\/239\/revisions\/588"}],"wp:attachment":[{"href":"https:\/\/blogs.sindominio.net\/salalaferidadocu\/wp-json\/wp\/v2\/media?parent=239"}],"curies":[{"name":"wp","href":"https:\/\/api.w.org\/{rel}","templated":true}]}}