{"id":808,"date":"2023-07-28T16:48:29","date_gmt":"2023-07-28T15:48:29","guid":{"rendered":"https:\/\/blogs.sindominio.net\/oficinaokupacio\/?page_id=808"},"modified":"2023-07-28T16:48:30","modified_gmt":"2023-07-28T15:48:30","slug":"electricidad","status":"publish","type":"page","link":"https:\/\/blogs.sindominio.net\/oficinaokupacio\/electricidad\/","title":{"rendered":"Electricidad"},"content":{"rendered":"\n<p>Para tus trabajos de electricidad consulta el manual \u201cEchando cables\u201d.<\/p>\n\n\n\n<h2 class=\"wp-block-heading\"><strong>Desmentir que \u00absi t\u00fa pinchas la luz la pagamos el resto\u00bb<\/strong><\/h2>\n\n\n\n<p>De nada servir\u00eda esta p\u00e1gina web si las herramientas de las que nos dota no fueran acompa\u00f1adas de una base pol\u00edtica. Para ello hay que mostrar la estafa el\u00e9ctrica, que no es pinchar la luz sino c\u00f3mo est\u00e1 estructurado el sector energ\u00e9tico.<\/p>\n\n\n\n<h3 class=\"wp-block-heading\"><strong>Derecho energ\u00e9tico como bien de primera necesida<\/strong><strong>d<\/strong><\/h3>\n\n\n\n<p>Tener acceso de manera permanente a la energ\u00eda que alimenta la cocina, la calefacci\u00f3n y la luz es imprescindible para tener calidad de vida. Consideramos que la energ\u00eda no puede tener un precio ni un propietario ya que tiene un importante valor pol\u00edtico debido a que es un bien natural del planeta. Sabemos que las empresas y los estados no ven ning\u00fan \u00edtem m\u00e1s all\u00e1 del enriquecimiento; en detrimento del ecosistema, de las clases bajas, con precios prohibitivos y fomentando la aparici\u00f3n de un neocolonialismo que usurpa el control de las materias primas y provoca conflictos sociales all\u00ed donde va.<\/p>\n\n\n\n<h3 class=\"wp-block-heading\"><strong>Subida de los precios de la luz<\/strong><\/h3>\n\n\n\n<p>Anualmente el gobierno y el mercado suben la tarifa de la electricidad y dicen que es debido a una deuda en el sector energ\u00e9tico espa\u00f1ol, generada porque lxs consumidorxs no pagan lo que realmente cuesta la electricidad. Al liberalizarse el sector energ\u00e9tico espa\u00f1ol, ir\u00f3nicamente se entr\u00f3 en el ranking como la tercera electricidad m\u00e1s cara del mundo. Al igual que en la transici\u00f3n pol\u00edtica, durante este proceso finalizado en el a\u00f1o 1997 durante el gobierno de Aznar, hubieron intereses privados en lo p\u00fablico.<\/p>\n\n\n\n<p>Durante el a\u00f1o 2020, mientras el pa\u00eds atravesaba una crisis catastr\u00f3fica, las grandes empresas energ\u00e9ticas obtuvieron unos beneficios de miles de millones de euros. S\u00f3lo Endesa e Iberdrola ganaron m\u00e1s de 5.000 millones y aumentaron sus beneficios un 36% respecto al 2019. Pese a estos enormes beneficios, estas empresas emprendieron una escalada del precio de la luz sin precedentes que est\u00e1 afectando seriamente a la poblaci\u00f3n.<\/p>\n\n\n\n<p>Seg\u00fan el an\u00e1lisis de Facua-Consumidores en Acci\u00f3n, una familia media tendr\u00e1 que pagar 102 euros de media en septiembre 2021, un 53,8% m\u00e1s que el a\u00f1o anterior. La e<strong>scalada de precios que afecta a gran parte de Europa<\/strong><strong> s<\/strong>e debe, entre otros factores, al encarecimiento del gas en los mercados internacionales (gas que se emplea en las centrales de ciclo combinado y que marca el precio del mercado en la mayor\u00eda de las horas), y al aumento del precio de los derechos de emisi\u00f3n de di\u00f3xido de carbono (CO2).<br><\/p>\n\n\n\n<h3 class=\"wp-block-heading\"><strong>Puertas giratorias entre partidos pol\u00edticos y empresas energ\u00e9ticas<\/strong><\/h3>\n\n\n\n<p>Ya sabemos que las el\u00e9ctricas llevan a\u00f1os sobornando a altos cargos de los gobiernos de turno que luego terminan en un sill\u00f3n de sus consejos de administraci\u00f3n, lo que se conoce con la expresi\u00f3n de \u201cpuerta giratoria\u201d.<\/p>\n\n\n\n<p>Al desmantelar la estructura del sector energ\u00e9tico en empresas se cre\u00f3 un oligopolio de 5 gigantes donde las nuevas empresas no ten\u00edan capacidad de competir. El problema de la ineficiencia empresarial es que se han socializado las p\u00e9rdidas y privatizado los beneficios. Un ejemplo que muestra el cuadro de la situaci\u00f3n actual es el hecho de que a pesar que el estado espa\u00f1ol tiene el doble de energ\u00eda instalada de la que necesita, sigue dando enormes ayudas a la energ\u00eda nuclear sin recibir parte de los beneficios; adem\u00e1s de que se queda unos residuos que no tiene en d\u00f3nde almacenar y los env\u00eda a Francia donde nos cobran 200 millones por mantenerlos, contando que todo esto sale del bolsillo del consumidorx.<\/p>\n\n\n\n<h2 class=\"wp-block-heading\"><strong>Mentiras sobre el \u00abcoste de generar electricidad\u00bb e impuestos descomunales a quienes deciden instalarse placas solares o molinos con turbinas en casa.<\/strong><\/h2>\n\n\n\n<p><br>El estado ve tambi\u00e9n un peligro en todas las tecnolog\u00edas que suponen una falta de dependencia de \u00e9l. Por eso legisla contra el autoconsumo imposibilit\u00e1ndolo, ya que \u00e9ste abre alternativas a la gesti\u00f3n energ\u00e9tica estatal o empresarial, dando alas al cooperativismo y a una gesti\u00f3n m\u00e1s colectiva y justa. Las grandes empresas energ\u00e9ticas tambi\u00e9n ven peligrar su monopolio con el auge de las energ\u00edas renovables.<\/p>\n\n\n\n<p>Prueba de ello fue la tasa conocida como <strong>impuesto al sol <\/strong><strong>que se implement\u00f3 <\/strong><strong>durante<\/strong><strong> el gobierno de Rajoy<\/strong><strong>, <\/strong><strong>y <\/strong>que gravaba un determinado importe en cada factura de la luz a todxs aqu\u00e9llxs que apostaban por el autoconsumo el\u00e9ctrico. Durante el tiempo que estuvo <strong>vigente, desde el a\u00f1o 2015 hasta el 2018,<\/strong> el <strong>impuesto al sol<\/strong> deb\u00edan abonarlo aquellxs consumidorxs que tuvieran en la vivienda un sistema de producci\u00f3n fotovoltaica, es decir, placas solares para el autoconsumo. Fue una ley muy controvertida por las consecuencias negativas que acarreaba de cara al desarrollo y aprovechamiento de las energ\u00edas renovables. El impuesto al sol fue derogado por el gobierno de Pedro S\u00e1nchez y se reconoci\u00f3 el derecho a autoconsumir energ\u00eda el\u00e9ctrica sin tener que pagar por ello ning\u00fan tipo de gravamen. Esto se explica f\u00e1cilmente con la premisa de \u00abque el capitalismo absorbe y coopta toda alternativa a lo establecido\u00bb, y lo que en el alg\u00fan momento pod\u00eda verse como un peligro, se acaba convirtiendo en un bien de mercado con el que especular.<\/p>\n","protected":false},"excerpt":{"rendered":"<p>Para tus trabajos de electricidad consulta el manual \u201cEchando cables\u201d. Desmentir que \u00absi t\u00fa pinchas la luz la pagamos el resto\u00bb De nada servir\u00eda esta p\u00e1gina web si las herramientas de las que nos dota no fueran acompa\u00f1adas de una base pol\u00edtica. Para ello hay que mostrar la estafa el\u00e9ctrica, que no es pinchar la [&hellip;]<\/p>\n","protected":false},"author":207,"featured_media":0,"parent":0,"menu_order":0,"comment_status":"closed","ping_status":"closed","template":"","meta":{"footnotes":""},"class_list":["post-808","page","type-page","status-publish","hentry"],"_links":{"self":[{"href":"https:\/\/blogs.sindominio.net\/oficinaokupacio\/wp-json\/wp\/v2\/pages\/808","targetHints":{"allow":["GET"]}}],"collection":[{"href":"https:\/\/blogs.sindominio.net\/oficinaokupacio\/wp-json\/wp\/v2\/pages"}],"about":[{"href":"https:\/\/blogs.sindominio.net\/oficinaokupacio\/wp-json\/wp\/v2\/types\/page"}],"author":[{"embeddable":true,"href":"https:\/\/blogs.sindominio.net\/oficinaokupacio\/wp-json\/wp\/v2\/users\/207"}],"replies":[{"embeddable":true,"href":"https:\/\/blogs.sindominio.net\/oficinaokupacio\/wp-json\/wp\/v2\/comments?post=808"}],"version-history":[{"count":1,"href":"https:\/\/blogs.sindominio.net\/oficinaokupacio\/wp-json\/wp\/v2\/pages\/808\/revisions"}],"predecessor-version":[{"id":809,"href":"https:\/\/blogs.sindominio.net\/oficinaokupacio\/wp-json\/wp\/v2\/pages\/808\/revisions\/809"}],"wp:attachment":[{"href":"https:\/\/blogs.sindominio.net\/oficinaokupacio\/wp-json\/wp\/v2\/media?parent=808"}],"curies":[{"name":"wp","href":"https:\/\/api.w.org\/{rel}","templated":true}]}}