{"id":690,"date":"2023-07-05T18:02:13","date_gmt":"2023-07-05T17:02:13","guid":{"rendered":"https:\/\/blogs.sindominio.net\/oficinaokupacio\/?page_id=690"},"modified":"2023-07-05T18:02:14","modified_gmt":"2023-07-05T17:02:14","slug":"carpinteria","status":"publish","type":"page","link":"https:\/\/blogs.sindominio.net\/oficinaokupacio\/carpinteria\/","title":{"rendered":"Carpinter\u00eda"},"content":{"rendered":"\n<p>Es interesante conseguir y acumular algunas maderas porque se pueden utilizar para muchos de los trabajos en la kasa. Puedes encontrar tablas y tableros en la calle, mayoritariamente artificiales, pero tambi\u00e9n de madera maciza. Aprovecha dos caballetes o una mesa robusta como banco de trabajo.<\/p>\n\n\n\n<p><em><u>Herramientas<\/u>: Cinta m\u00e9trica. Escuadra. Falsa escuadra. Reglas. Serrucho. Destornilladores. Barrena. Martillo. Maza. Lima. Escofina. Cepillo. Mordaza o sargentos. Form\u00f3n. C\u00fater. L\u00e1piz. Papel de lija. Caladora + hojas de sierra. Taladro + brocas<\/em><\/p>\n\n\n\n<p><em><u>Materiales<\/u>: Madera maciza. Tableros artificiales (contrachapado, alistonado, aglomerado, DM y OSB). Tornillos. Clavos. Adhesivos. Herrajes<\/em><\/p>\n\n\n\n<h2 class=\"wp-block-heading\"><strong>Paredes<\/strong><\/h2>\n\n\n\n<p>Muy \u00fatil de cara a subdividir espacios o generar un espacio cerrado, algo herm\u00e9tico, sobre todo para los meses de invierno.<\/p>\n\n\n\n<figure class=\"wp-block-image size-large\"><img loading=\"lazy\" decoding=\"async\" width=\"768\" height=\"1024\" src=\"https:\/\/blogs.sindominio.net\/oficinaokupacio\/files\/2023\/07\/4.2.-pared_madera1-768x1024.jpg\" alt=\"\" class=\"wp-image-691\" srcset=\"https:\/\/blogs.sindominio.net\/oficinaokupacio\/files\/2023\/07\/4.2.-pared_madera1-768x1024.jpg 768w, https:\/\/blogs.sindominio.net\/oficinaokupacio\/files\/2023\/07\/4.2.-pared_madera1-225x300.jpg 225w, https:\/\/blogs.sindominio.net\/oficinaokupacio\/files\/2023\/07\/4.2.-pared_madera1-1152x1536.jpg 1152w, https:\/\/blogs.sindominio.net\/oficinaokupacio\/files\/2023\/07\/4.2.-pared_madera1-848x1131.jpg 848w, https:\/\/blogs.sindominio.net\/oficinaokupacio\/files\/2023\/07\/4.2.-pared_madera1-422x563.jpg 422w, https:\/\/blogs.sindominio.net\/oficinaokupacio\/files\/2023\/07\/4.2.-pared_madera1-210x280.jpg 210w, https:\/\/blogs.sindominio.net\/oficinaokupacio\/files\/2023\/07\/4.2.-pared_madera1.jpg 1200w\" sizes=\"auto, (max-width: 768px) 100vw, 768px\" \/><\/figure>\n\n\n\n<p><em><u>Herramientas<\/u>: Destornilladores + Escuadras + Cinta m\u00e9trica + Sierra o caladora + Tornillos + Lijadora y papel de lija + Taladro<\/em><\/p>\n\n\n\n<p><em><u>Material<\/u>: Listones de madera + Tableros o tablones de madera o tablas de encofrar<\/em><\/p>\n\n\n\n<h3 class=\"wp-block-heading\"><strong>Proceso de fabricaci\u00f3n<\/strong><\/h3>\n\n\n\n<ul class=\"wp-block-list\">\n<li>Mide la altura a la que se colocar\u00e1 un techo, o hasta el mismo techo.<\/li>\n\n\n\n<li>Ten en cuenta que queda m\u00e1s fuerte si haces un marco, por tanto mide la longitud de la pared y comienza por cortar los listones del suelo, techo y los laterales.<\/li>\n<\/ul>\n\n\n\n<figure class=\"wp-block-image size-large\"><img loading=\"lazy\" decoding=\"async\" width=\"768\" height=\"1024\" src=\"https:\/\/blogs.sindominio.net\/oficinaokupacio\/files\/2023\/07\/4.2.-pared_madera2-768x1024.jpg\" alt=\"\" class=\"wp-image-692\" srcset=\"https:\/\/blogs.sindominio.net\/oficinaokupacio\/files\/2023\/07\/4.2.-pared_madera2-768x1024.jpg 768w, https:\/\/blogs.sindominio.net\/oficinaokupacio\/files\/2023\/07\/4.2.-pared_madera2-225x300.jpg 225w, https:\/\/blogs.sindominio.net\/oficinaokupacio\/files\/2023\/07\/4.2.-pared_madera2-1152x1536.jpg 1152w, https:\/\/blogs.sindominio.net\/oficinaokupacio\/files\/2023\/07\/4.2.-pared_madera2-848x1131.jpg 848w, https:\/\/blogs.sindominio.net\/oficinaokupacio\/files\/2023\/07\/4.2.-pared_madera2-422x563.jpg 422w, https:\/\/blogs.sindominio.net\/oficinaokupacio\/files\/2023\/07\/4.2.-pared_madera2-210x280.jpg 210w, https:\/\/blogs.sindominio.net\/oficinaokupacio\/files\/2023\/07\/4.2.-pared_madera2.jpg 1200w\" sizes=\"auto, (max-width: 768px) 100vw, 768px\" \/><\/figure>\n\n\n\n<ul class=\"wp-block-list\">\n<li>Seguidamente ancla el list\u00f3n que va al suelo. Lo puedes hacer de diversas maneras, con cola, tornillos, escuadras&#8230; y a partir de aqu\u00ed vas montando el marco cogiendo los listones con escuadras y con tornillos, el resto de listones que hacen de marco los tendr\u00e1s que sujetar a las paredes y al techo.<\/li>\n<\/ul>\n\n\n\n<figure class=\"wp-block-image size-large\"><img loading=\"lazy\" decoding=\"async\" width=\"1024\" height=\"768\" src=\"https:\/\/blogs.sindominio.net\/oficinaokupacio\/files\/2023\/07\/4.2.-pared_madera3-1024x768.jpg\" alt=\"\" class=\"wp-image-693\" srcset=\"https:\/\/blogs.sindominio.net\/oficinaokupacio\/files\/2023\/07\/4.2.-pared_madera3-1024x768.jpg 1024w, https:\/\/blogs.sindominio.net\/oficinaokupacio\/files\/2023\/07\/4.2.-pared_madera3-300x225.jpg 300w, https:\/\/blogs.sindominio.net\/oficinaokupacio\/files\/2023\/07\/4.2.-pared_madera3-768x576.jpg 768w, https:\/\/blogs.sindominio.net\/oficinaokupacio\/files\/2023\/07\/4.2.-pared_madera3-1536x1152.jpg 1536w, https:\/\/blogs.sindominio.net\/oficinaokupacio\/files\/2023\/07\/4.2.-pared_madera3-848x636.jpg 848w, https:\/\/blogs.sindominio.net\/oficinaokupacio\/files\/2023\/07\/4.2.-pared_madera3-422x317.jpg 422w, https:\/\/blogs.sindominio.net\/oficinaokupacio\/files\/2023\/07\/4.2.-pared_madera3-210x158.jpg 210w, https:\/\/blogs.sindominio.net\/oficinaokupacio\/files\/2023\/07\/4.2.-pared_madera3-398x299.jpg 398w, https:\/\/blogs.sindominio.net\/oficinaokupacio\/files\/2023\/07\/4.2.-pared_madera3-200x150.jpg 200w, https:\/\/blogs.sindominio.net\/oficinaokupacio\/files\/2023\/07\/4.2.-pared_madera3.jpg 1600w\" sizes=\"auto, (max-width: 1024px) 100vw, 1024px\" \/><\/figure>\n\n\n\n<ul class=\"wp-block-list\">\n<li>Ahora en vertical deber\u00edas colocar un list\u00f3n cada 50-60 cm.<\/li>\n\n\n\n<li>Para acabar de dejarlo resistente puedes subdividir los espacios que han quedado con listones en horizontal.<\/li>\n<\/ul>\n\n\n\n<figure class=\"wp-block-image size-large\"><img loading=\"lazy\" decoding=\"async\" width=\"768\" height=\"1024\" src=\"https:\/\/blogs.sindominio.net\/oficinaokupacio\/files\/2023\/07\/4.2.-pared_madera4-768x1024.jpg\" alt=\"\" class=\"wp-image-694\" srcset=\"https:\/\/blogs.sindominio.net\/oficinaokupacio\/files\/2023\/07\/4.2.-pared_madera4-768x1024.jpg 768w, https:\/\/blogs.sindominio.net\/oficinaokupacio\/files\/2023\/07\/4.2.-pared_madera4-225x300.jpg 225w, https:\/\/blogs.sindominio.net\/oficinaokupacio\/files\/2023\/07\/4.2.-pared_madera4-1152x1536.jpg 1152w, https:\/\/blogs.sindominio.net\/oficinaokupacio\/files\/2023\/07\/4.2.-pared_madera4-848x1131.jpg 848w, https:\/\/blogs.sindominio.net\/oficinaokupacio\/files\/2023\/07\/4.2.-pared_madera4-422x563.jpg 422w, https:\/\/blogs.sindominio.net\/oficinaokupacio\/files\/2023\/07\/4.2.-pared_madera4-210x280.jpg 210w, https:\/\/blogs.sindominio.net\/oficinaokupacio\/files\/2023\/07\/4.2.-pared_madera4.jpg 1200w\" sizes=\"auto, (max-width: 768px) 100vw, 768px\" \/><\/figure>\n\n\n\n<ul class=\"wp-block-list\">\n<li>Una vez consideres que la estructura es suficientemente fuerte, falta hacer la pared. Se puede hacer con muchos materiales pero con tablas de encofrar de las obras es un sistema bastante econ\u00f3mico.<\/li>\n<\/ul>\n\n\n\n<figure class=\"wp-block-image size-large\"><img loading=\"lazy\" decoding=\"async\" width=\"1024\" height=\"768\" src=\"https:\/\/blogs.sindominio.net\/oficinaokupacio\/files\/2023\/07\/4.2.-pared_madera5-1024x768.jpg\" alt=\"\" class=\"wp-image-695\" srcset=\"https:\/\/blogs.sindominio.net\/oficinaokupacio\/files\/2023\/07\/4.2.-pared_madera5-1024x768.jpg 1024w, https:\/\/blogs.sindominio.net\/oficinaokupacio\/files\/2023\/07\/4.2.-pared_madera5-300x225.jpg 300w, https:\/\/blogs.sindominio.net\/oficinaokupacio\/files\/2023\/07\/4.2.-pared_madera5-768x576.jpg 768w, https:\/\/blogs.sindominio.net\/oficinaokupacio\/files\/2023\/07\/4.2.-pared_madera5-1536x1152.jpg 1536w, https:\/\/blogs.sindominio.net\/oficinaokupacio\/files\/2023\/07\/4.2.-pared_madera5-848x636.jpg 848w, https:\/\/blogs.sindominio.net\/oficinaokupacio\/files\/2023\/07\/4.2.-pared_madera5-422x317.jpg 422w, https:\/\/blogs.sindominio.net\/oficinaokupacio\/files\/2023\/07\/4.2.-pared_madera5-210x158.jpg 210w, https:\/\/blogs.sindominio.net\/oficinaokupacio\/files\/2023\/07\/4.2.-pared_madera5-398x299.jpg 398w, https:\/\/blogs.sindominio.net\/oficinaokupacio\/files\/2023\/07\/4.2.-pared_madera5-200x150.jpg 200w, https:\/\/blogs.sindominio.net\/oficinaokupacio\/files\/2023\/07\/4.2.-pared_madera5.jpg 1600w\" sizes=\"auto, (max-width: 1024px) 100vw, 1024px\" \/><\/figure>\n\n\n\n<figure class=\"wp-block-image size-large\"><img loading=\"lazy\" decoding=\"async\" width=\"768\" height=\"1024\" src=\"https:\/\/blogs.sindominio.net\/oficinaokupacio\/files\/2023\/07\/4.2.-pared_madera6-768x1024.jpg\" alt=\"\" class=\"wp-image-696\" srcset=\"https:\/\/blogs.sindominio.net\/oficinaokupacio\/files\/2023\/07\/4.2.-pared_madera6-768x1024.jpg 768w, https:\/\/blogs.sindominio.net\/oficinaokupacio\/files\/2023\/07\/4.2.-pared_madera6-225x300.jpg 225w, https:\/\/blogs.sindominio.net\/oficinaokupacio\/files\/2023\/07\/4.2.-pared_madera6-1152x1536.jpg 1152w, https:\/\/blogs.sindominio.net\/oficinaokupacio\/files\/2023\/07\/4.2.-pared_madera6-848x1131.jpg 848w, https:\/\/blogs.sindominio.net\/oficinaokupacio\/files\/2023\/07\/4.2.-pared_madera6-422x563.jpg 422w, https:\/\/blogs.sindominio.net\/oficinaokupacio\/files\/2023\/07\/4.2.-pared_madera6-210x280.jpg 210w, https:\/\/blogs.sindominio.net\/oficinaokupacio\/files\/2023\/07\/4.2.-pared_madera6.jpg 1200w\" sizes=\"auto, (max-width: 768px) 100vw, 768px\" \/><\/figure>\n\n\n\n<ul class=\"wp-block-list\">\n<li>Lija las maderas (si apetece) y mide c\u00f3mo colocarlas atornill\u00e1ndolas sobre los listones anteriores. De esta manera quedar\u00e1 una pared lisa y al otro lado se ver\u00e1n los listones, aunque si ten\u00e9is tiempo y ganas pod\u00e9is cubrir con tablas los dos lados.<br><br><\/li>\n<\/ul>\n\n\n\n<h2 class=\"wp-block-heading\"><strong>Suelos<\/strong><\/h2>\n\n\n\n<p>Para instalar un suelo de madera es necesario partir de un pavimento limpio y a poder ser plano, as\u00ed que plantearos primero si es necesario nivelarlo.<\/p>\n\n\n\n<p><strong>Tarima.<\/strong> Est\u00e1 formada por tablas de madera machihembradas en todo su per\u00edmetro o en los dos cantos, y se colocan clavadas sobre rastreles los cuales previamente se han unido al suelo por medio de cola, clavos, con mortero de yeso o espumas expansivas.<\/p>\n\n\n\n<p><strong>Parqu<\/strong><strong>e<\/strong><strong>t.<\/strong> La instalaci\u00f3n de parquet es econ\u00f3mica, adem\u00e1s que es un material que puede reciclarse f\u00e1cilmente. Se coloca sobre el pavimento (ya sea de terrazo, cer\u00e1mico, etc.) sin hacer obra, y se instala muy r\u00e1pidamente. Hay que encajar las tablas del parquet (tienen dos lados, que se van encajando como un puzzle). Necesitar\u00e1s cubrir primero el suelo con un material acolchado (puede servir cart\u00f3n, pl\u00e1stico, etc.). Si el suelo no est\u00e1 del todo plano, los bordes de la tabla est\u00e1n un poco deteriorados o ves que se van desmontando, puedes ir poniendo silicona entre medias de las tablas para que se queden fijas.<\/p>\n\n\n\n<p><em><u>H<\/u><u>erramientas<\/u>: Sierra caladora + Martillo + Taco y Palanca<\/em><\/p>\n\n\n\n<ul class=\"wp-block-list\">\n<li>Mide la longitud y el ancho de la habitaci\u00f3n para calcular las lamas de parquet que necesitas.<\/li>\n\n\n\n<li>Extiende sobre el suelo el aislante, que puede ser de espesor variable seg\u00fan la nivelaci\u00f3n del suelo y su estado (m\u00e1s grueso cuanto m\u00e1s irregular sea el pavimento). Col\u00f3calo en sentido perpendicular a la direcci\u00f3n de las lamas.<\/li>\n\n\n\n<li>Para la primera hilada comienza por la pared m\u00e1s extensa de la habitaci\u00f3n, distribuyendo las tablas en direcci\u00f3n paralela a la misma. Seguramente tendr\u00e1s que cortar la \u00faltima tabla con la caladora, midiendo desde la anterior a la pared. El sobrante puede utilizarse en la segunda hilada siempre que supere los 30 cm (o se puede utilizar para otros remates). Pon cu\u00f1as en los bordes para que la tabla quede separada unos 10mm de la pared.<\/li>\n\n\n\n<li>Coloca la siguiente hilada en paralelo a la primera, empezando por el sobrante y siguiendo con una lama entera, y as\u00ed hasta llegar a la pared. Debe coincidir un macho y una hembra, inclina la tabla 25 grados y aprieta hasta que entre en la ranura \u00a1presiona hacia abajo y listo!.<\/li>\n\n\n\n<li>Normalmente no suele quedar espacio en la \u00faltima hilada para una lama entera y hay que cortarlas longitudinalmente.<\/li>\n\n\n\n<li>A continuaci\u00f3n, con una palanqueta encaja la \u00faltima hilada y las uniones de testa entre lamas, y retira las cu\u00f1as en todo el per\u00edmetro.<\/li>\n\n\n\n<li>Para acabar la instalaci\u00f3n se puede colocar un rodapi\u00e9 con listones de madera.<\/li>\n\n\n\n<li>Recomendaciones pr\u00e1cticas: Se tiene que conservar la junta de dilataci\u00f3n incluso en las esquinas, pilares, marcos de puertas, etc; los orificios en los tableros para el paso de tuber\u00edas han de tener 20 mm m\u00e1s de di\u00e1metro que el de la tuber\u00eda que tiene que pasar por ah\u00ed; las puertas y los cercos se deben rebajar para colocar el parqu\u00e9 debajo, utiliza una tabla y el aislante para tomar la medida.<\/li>\n<\/ul>\n\n\n\n<h2 class=\"wp-block-heading\"><strong>Puertas<\/strong><\/h2>\n\n\n\n<p>Las medidas de las puertas de madera para el hogar suelen ser est\u00e1ndar, por lo que no te ser\u00e1 dif\u00edcil encontrar una abandonada en la calle que te sirva para la kasa. A la hora de instalarla hay que tener en cuenta que:<\/p>\n\n\n\n<ul class=\"wp-block-list\">\n<li>Al tabique va unido el <strong>precerco<\/strong> o <strong>premarco<\/strong>. Es una pieza de madera que se pone al levantar el tabique, y en el que se clava luego el cerco o marco de la puerta. Si la puerta es muy antigua y carece de precerco, se dice que tiene \u201ccerco directo\u201d. Para instalar el precerco hay que realizar algo de alba\u00f1iler\u00eda.<\/li>\n\n\n\n<li>La <strong>hoja <\/strong><strong>se une <\/strong><strong>al cerco<\/strong> mediante <strong>pernios<\/strong> o <strong>bisagras<\/strong>, que hacen que pueda abrirse y cerrarse la puerta.<\/li>\n\n\n\n<li>Cuando las puertas tienen precercos, es sencillo el desmontaje, retirando la hoja, las molduras y el cerco. De esta manera se queda el precerco en su posici\u00f3n donde se instalar\u00e1 la nueva puerta sin m\u00e1s obra.<\/li>\n<\/ul>\n\n\n\n<p>Si no encuentras una puerta que encaja en el hueco, puedes hacerla t\u00fa mismx si eres un poco manitas, parece m\u00e1s dif\u00edcil a primera vista de lo que realmente es.<\/p>\n\n\n\n<h2 class=\"wp-block-heading\"><strong>Ventanas<\/strong><\/h2>\n\n\n\n<p>Para elaborar una ventana sencilla se necesitan al menos cuatro listones para crear el marco donde se asentar\u00e1 el cristal. Une los cuatro listones realizando unos cajeados en las partes bajas de cada list\u00f3n. Con adhesivo, y tornillos o clavos se fija esta uni\u00f3n.<\/p>\n\n\n\n<p>Si los cristales est\u00e1n rotos se pueden sustituir por l\u00e1minas de metacrilato finas. Obviamente nunca ser\u00e1 lo mismo que un cristal nuevo pero son una buena opci\u00f3n calidad-precio. Se cortan con tijeras o c\u00fater, y se pueden pegar con cinta americana, silicona o alg\u00fan pegamento, o sujetar con unos junquillos o listones de madera y puntas, clavos o tornillos peque\u00f1os. Tambi\u00e9n pod\u00e9is encontrar alg\u00fan cristal que os sirva y pod\u00e9is usar un cortacristales para cortarlo y montar la ventana.<\/p>\n\n\n\n<h2 class=\"wp-block-heading\"><strong>Carcoma y termitas<\/strong><\/h2>\n\n\n\n<p>Se trata de dos tipos de insectos, muy diferentes entre s\u00ed, que se alimentan de la madera, con consecuencias distintas. Para detectar carcoma nos fijaremos en si existe presencia de agujeros en la superficie de la madera, y monta\u00f1itas de serr\u00edn cerca de las estructuras afectadas. Las termitas se identifican porque la madera produce un sonido hueco y hay monta\u00f1as de tierra junto a ella, tambi\u00e9n es indicador la presencia de termitas aladas en primavera, y caminos y agujeros recubiertos de barro. Existen productos espec\u00edficos pero da buen resultado usar diesel, gasoil, gasolina o aceite usado, aplic\u00e1ndolo con una jeringa en los agujeros, dando varias capas en varios d\u00edas con una brocha y un pulverizador. Despu\u00e9s hay que cubrir la parte tratada con bolsas de basura o pl\u00e1stico, y precintarlo un par de meses. En climas fr\u00edos puede conseguirse eliminar estos insectos someti\u00e9ndolos a congelaci\u00f3n.<\/p>\n","protected":false},"excerpt":{"rendered":"<p>Es interesante conseguir y acumular algunas maderas porque se pueden utilizar para muchos de los trabajos en la kasa. Puedes encontrar tablas y tableros en la calle, mayoritariamente artificiales, pero tambi\u00e9n de madera maciza. Aprovecha dos caballetes o una mesa robusta como banco de trabajo. Herramientas: Cinta m\u00e9trica. Escuadra. Falsa escuadra. Reglas. Serrucho. Destornilladores. Barrena. [&hellip;]<\/p>\n","protected":false},"author":207,"featured_media":0,"parent":0,"menu_order":0,"comment_status":"closed","ping_status":"closed","template":"","meta":{"footnotes":""},"class_list":["post-690","page","type-page","status-publish","hentry"],"_links":{"self":[{"href":"https:\/\/blogs.sindominio.net\/oficinaokupacio\/wp-json\/wp\/v2\/pages\/690","targetHints":{"allow":["GET"]}}],"collection":[{"href":"https:\/\/blogs.sindominio.net\/oficinaokupacio\/wp-json\/wp\/v2\/pages"}],"about":[{"href":"https:\/\/blogs.sindominio.net\/oficinaokupacio\/wp-json\/wp\/v2\/types\/page"}],"author":[{"embeddable":true,"href":"https:\/\/blogs.sindominio.net\/oficinaokupacio\/wp-json\/wp\/v2\/users\/207"}],"replies":[{"embeddable":true,"href":"https:\/\/blogs.sindominio.net\/oficinaokupacio\/wp-json\/wp\/v2\/comments?post=690"}],"version-history":[{"count":1,"href":"https:\/\/blogs.sindominio.net\/oficinaokupacio\/wp-json\/wp\/v2\/pages\/690\/revisions"}],"predecessor-version":[{"id":697,"href":"https:\/\/blogs.sindominio.net\/oficinaokupacio\/wp-json\/wp\/v2\/pages\/690\/revisions\/697"}],"wp:attachment":[{"href":"https:\/\/blogs.sindominio.net\/oficinaokupacio\/wp-json\/wp\/v2\/media?parent=690"}],"curies":[{"name":"wp","href":"https:\/\/api.w.org\/{rel}","templated":true}]}}