{"id":8,"date":"2023-10-16T22:55:53","date_gmt":"2023-10-16T20:55:53","guid":{"rendered":"https:\/\/blogs.sindominio.net\/nus-llibertari\/?page_id=8"},"modified":"2023-12-15T15:54:14","modified_gmt":"2023-12-15T14:54:14","slug":"drogas-y-militancia-politica","status":"publish","type":"page","link":"https:\/\/blogs.sindominio.net\/nus-llibertari\/drogas-y-militancia-politica\/","title":{"rendered":""},"content":{"rendered":"\n<div style=\"height:123px\" aria-hidden=\"true\" class=\"wp-block-spacer\"><\/div>\n\n\n\n<div class=\"wp-block-buttons has-custom-font-size is-layout-flex wp-block-buttons-is-layout-flex\" style=\"font-size:18px\">\n<div class=\"wp-block-button\"><a class=\"wp-block-button__link wp-element-button\" href=\"https:\/\/blogs.sindominio.net\/nus-llibertari\/\">NUS LLIBERTARI<\/a><\/div>\n\n\n\n<div class=\"wp-block-button\"><a class=\"wp-block-button__link wp-element-button\" href=\"https:\/\/blogs.sindominio.net\/nus-llibertari\/suport\/\">SUPORT<\/a><\/div>\n\n\n\n<div class=\"wp-block-button\"><a class=\"wp-block-button__link wp-element-button\" href=\"https:\/\/blogs.sindominio.net\/nus-llibertari\/contacte\/\">CONTACTE<\/a><\/div>\n<\/div>\n\n\n\n<h2 class=\"wp-block-heading has-vivid-green-cyan-color has-text-color\">Drogas y Militancia Pol\u00edtica<\/h2>\n\n\n\n<div style=\"height:48px\" aria-hidden=\"true\" class=\"wp-block-spacer\"><\/div>\n\n\n\n<p>&#8220;Drogas y Militancia Pol\u00edtica&#8221; ha sido el primer tema escogido para estrenar el proyecto de Nus Llibertari, pues las necesidades para tratar este asunto son de rabiosa actualidad, al mismo tiempo que apenas se les dedica ni espacio ni tiempo, ya ni a establecer acuerdos, sino tampoco a fomentar los debates alrededor de los mismos y las implicaciones que tiene actuar simplemente a la inercia del contexto en el que vivimos.<\/p>\n\n\n\n<p>Las agresiones machistas, la masculinidad t\u00f3xica, los envenenamientos o &#8220;sobredosis&#8221;, el individualismo y el uso que le da el estado para reprimir a poblaciones pobres y combativas son solo algunas p\u00edldoras que nos regala la hipocres\u00eda del capitalismo, con su falsa guerra contra las drogas y su estrategia punitiva. <\/p>\n\n\n\n<p>Como casi todo el trabajo generado por Nus Llibertari, todos los materiales son dirigidos para los espacios e individualidades militantes y activistas, que se sienten aludides por las problem\u00e1ticas relacionadas con sustancias adictivas en nuestros entornos, p\u00fablicos y privados. Las andanzas con este eje opresivo empiezan ya desde el 21 de enero de 2023, en el Ateneu Llibertari del Cabanyal, en el que se organiz\u00f3 una presentaci\u00f3n del proyecto, as\u00ed como un primer debate en el que se plante\u00f3 la pregunta sobre de qu\u00e9 manera afectaban las drogas a nuestros entornos colectivos e individuales desde 4 \u00f3pticas diferentes: Salud, G\u00e9nero, Racismo y Seguridad. Se organizaron grupos peque\u00f1os para que debatieran por separado para luego ponerlos en com\u00fan. En la entrada siguiente pod\u00e9is leer un informe sobre aquella jornada:<\/p>\n\n\n\n<figure class=\"wp-block-embed is-type-wp-embed is-provider-ateneu-llibertari-del-cabanyal-val-ncia wp-block-embed-ateneu-llibertari-del-cabanyal-val-ncia\"><div class=\"wp-block-embed__wrapper\">\n<blockquote class=\"wp-embedded-content\" data-secret=\"HFbiV5wLcS\"><a href=\"https:\/\/ateneullibertaricabanyal.wordpress.com\/2023\/02\/14\/resumen-de-la-1o-jornada-de-debate-sobre-drogas-en-espacios-demilitancia-politica-dia-21-de-enero-de-2023-sabado-a-las-18h\/\">RESUMEN DE LA 1\u00ba JORNADA DE DEBATE SOBRE DROGAS EN ESPACIOS DEMILITANCIA POL\u00cdTICA. D\u00cdA 21 DE ENERO DE 2023, S\u00c1BADO A LAS&nbsp;18H.<\/a><\/blockquote><iframe loading=\"lazy\" class=\"wp-embedded-content\" sandbox=\"allow-scripts\" security=\"restricted\" style=\"position: absolute; clip: rect(1px, 1px, 1px, 1px);\" title=\"&#8220;RESUMEN DE LA 1\u00ba JORNADA DE DEBATE SOBRE DROGAS EN ESPACIOS DEMILITANCIA POL\u00cdTICA. D\u00cdA 21 DE ENERO DE 2023, S\u00c1BADO A LAS&nbsp;18H.&#8221; &#8212; Ateneu Llibertari del Cabanyal [Val\u00e8ncia]\" src=\"https:\/\/ateneullibertaricabanyal.wordpress.com\/2023\/02\/14\/resumen-de-la-1o-jornada-de-debate-sobre-drogas-en-espacios-demilitancia-politica-dia-21-de-enero-de-2023-sabado-a-las-18h\/embed\/#?secret=3nN3jcgxxQ#?secret=HFbiV5wLcS\" data-secret=\"HFbiV5wLcS\" width=\"580\" height=\"327\" frameborder=\"0\" marginwidth=\"0\" marginheight=\"0\" scrolling=\"no\"><\/iframe>\n<\/div><\/figure>\n\n\n\n<p><\/p>\n\n\n\n<p>Despu\u00e9s, las aportaciones colectivas se completaron con otra jornada de debate, en el CSOA L&#8217;Horta, el 13 de abril, exactamente en la misma f\u00f3rmula, pero enfocada hacia qu\u00e9 diferentes herramientas o medidas se pod\u00edan tomar de manera individual y colectiva para reducir los da\u00f1os y el consumo. Aqu\u00ed pod\u00e9is entrar al informe de dicho debate:<\/p>\n\n\n\n<figure class=\"wp-block-embed is-type-wp-embed is-provider-ateneu-llibertari-del-cabanyal-val-ncia wp-block-embed-ateneu-llibertari-del-cabanyal-val-ncia\"><div class=\"wp-block-embed__wrapper\">\n<blockquote class=\"wp-embedded-content\" data-secret=\"1k6dVv2vvv\"><a href=\"https:\/\/ateneullibertaricabanyal.wordpress.com\/2023\/05\/03\/informe-del-2o-debate-sobre-drogas-y-militancia-politica\/\">Informe del 2\u00ba Debate sobre drogas y militancia&nbsp;pol\u00edtica<\/a><\/blockquote><iframe loading=\"lazy\" class=\"wp-embedded-content\" sandbox=\"allow-scripts\" security=\"restricted\" style=\"position: absolute; clip: rect(1px, 1px, 1px, 1px);\" title=\"&#8220;Informe del 2\u00ba Debate sobre drogas y militancia&nbsp;pol\u00edtica&#8221; &#8212; Ateneu Llibertari del Cabanyal [Val\u00e8ncia]\" src=\"https:\/\/ateneullibertaricabanyal.wordpress.com\/2023\/05\/03\/informe-del-2o-debate-sobre-drogas-y-militancia-politica\/embed\/#?secret=syaPQmtaHq#?secret=1k6dVv2vvv\" data-secret=\"1k6dVv2vvv\" width=\"580\" height=\"327\" frameborder=\"0\" marginwidth=\"0\" marginheight=\"0\" scrolling=\"no\"><\/iframe>\n<\/div><\/figure>\n\n\n\n<p>Tras estos ingredientes, quedaba la cocina para preparar unas conclusiones e investigaciones posteriores, de manera que se pueda devolver a la comunidad, lo que esta ha aportado. Y durante el verano de 2023 hasta mediados de octubre, han sido realizados un fanzine analizando desde una posici\u00f3n militante las sustancias adictivas, as\u00ed como la realizaci\u00f3n de unas entrevistas grabadas en video y como ginda del pastel, un peque\u00f1o videojuego, que culmina con la idea transmitida de este proceso de debate. El objetivo de la diversidad de formatos es generar un contenido transmedia capaz de compensar algunos de los defectos de algunos medios con las ventajas de los otros, y poder llegar a diversos p\u00fablicos que de otra manera no ser\u00eda posible. Y al mismo tiempo, intentar mantenerse flexibles e innovar con los formatos de comunicaci\u00f3n y propaganda.<\/p>\n\n\n\n<p><\/p>\n\n\n\n<p>El fanzine pod\u00e9is descargarlo aqu\u00ed (56 p\u00e1ginas):<\/p>\n\n\n\n<div data-wp-interactive=\"core\/file\" class=\"wp-block-file\"><object data-wp-bind--hidden=\"!state.hasPdfPreview\" hidden class=\"wp-block-file__embed\" data=\"https:\/\/blogs.sindominio.net\/nus-llibertari\/files\/2023\/12\/cuerpo_herramientas_debate_Drogas_y_Militancia_Politica-comprimido.pdf\" type=\"application\/pdf\" style=\"width:100%;height:600px\" aria-label=\"Incrustaci\u00f3 del fitxer Herramientas_debate_Drogas_y_Militancia_Politica.\"><\/object><a id=\"wp-block-file--media-f0cbe3bf-b123-46d3-94c0-1fd2a07bb8dd\" href=\"https:\/\/blogs.sindominio.net\/nus-llibertari\/files\/2023\/12\/cuerpo_herramientas_debate_Drogas_y_Militancia_Politica-comprimido.pdf\">Herramientas_debate_Drogas_y_Militancia_Politica<\/a><a href=\"https:\/\/blogs.sindominio.net\/nus-llibertari\/files\/2023\/12\/cuerpo_herramientas_debate_Drogas_y_Militancia_Politica-comprimido.pdf\" class=\"wp-block-file__button wp-element-button\" download aria-describedby=\"wp-block-file--media-f0cbe3bf-b123-46d3-94c0-1fd2a07bb8dd\">Baixa<\/a><\/div>\n\n\n\n<p><\/p>\n\n\n\n<p>Las entrevistas est\u00e1n subidas a Spectra, una instancia de Peertube, que es una plataforma de videos de c\u00f3digo abierto:<\/p>\n\n\n\n<p><a href=\"https:\/\/spectra.video\/c\/nus_llibertari_debat\/videos\">https:\/\/spectra.video\/c\/nus_llibertari_debat\/videos<\/a><\/p>\n\n\n\n<figure class=\"wp-block-embed is-type-wp-embed is-provider-peertube wp-block-embed-peertube\"><div class=\"wp-block-embed__wrapper\">\n<iframe loading=\"lazy\" class=\"wp-embedded-content\" sandbox=\"allow-scripts\" security=\"restricted\" title=\"Piro Subrat - Drogas y Militancia Pol\u00edtica &#x2F; NUS LLIBERTARI\" width=\"560\" height=\"315\" src=\"https:\/\/spectra.video\/videos\/embed\/a4f68832-4cc9-4a47-bd7e-9b8fece8185f#?secret=1r8Bn3gb3q\" data-secret=\"1r8Bn3gb3q\" frameborder=\"0\"><\/iframe>\n<\/div><\/figure>\n\n\n\n<figure class=\"wp-block-embed is-type-wp-embed is-provider-peertube wp-block-embed-peertube\"><div class=\"wp-block-embed__wrapper\">\n<iframe loading=\"lazy\" class=\"wp-embedded-content\" sandbox=\"allow-scripts\" security=\"restricted\" title=\"Aitor - Drogas y Militancia Pol\u00edtica &#x2F; NUS LLIBERTARI\" width=\"560\" height=\"315\" src=\"https:\/\/spectra.video\/videos\/embed\/b0235250-bd7a-4d33-a483-19595c8cd080#?secret=4GC9eLojR4\" data-secret=\"4GC9eLojR4\" frameborder=\"0\"><\/iframe>\n<\/div><\/figure>\n\n\n\n<figure class=\"wp-block-embed is-type-wp-embed is-provider-peertube wp-block-embed-peertube\"><div class=\"wp-block-embed__wrapper\">\n<iframe loading=\"lazy\" class=\"wp-embedded-content\" sandbox=\"allow-scripts\" security=\"restricted\" title=\"Miguel - Drogas y Militancia Pol\u00edtica &#x2F; NUS LLIBERTARI\" width=\"560\" height=\"315\" src=\"https:\/\/spectra.video\/videos\/embed\/f379c32a-d903-45ff-9e58-5b9a61bd1621#?secret=NGAYOmUBvO\" data-secret=\"NGAYOmUBvO\" frameborder=\"0\"><\/iframe>\n<\/div><\/figure>\n\n\n\n<p><\/p>\n\n\n\n<p><\/p>\n\n\n\n<p><strong>PARC DE RATOLINS<\/strong><\/p>\n\n\n\n<p>El videojuego &#8220;Parc de Ratolins&#8221;, recrea un experimento que se hizo con ratas en los a\u00f1os 70 (Rat Park), para estudiar el comportamiento de las ratas poniendo en relaci\u00f3n su adicci\u00f3n a la morfina con su contexto ambiental. <\/p>\n\n\n\n<p>Pod\u00e9is jugar aqu\u00ed o en la web de itch.io: <a href=\"https:\/\/nus-llibertari.itch.io\/parc-de-ratolins\">https:\/\/nus-llibertari.itch.io\/parc-de-ratolins<\/a><\/p>\n\n\n\n<p><\/p>\n\n\n\n<p>Todos estos materiales pueden ser distribuidos con total libertad, pues el objetivo es su difusi\u00f3n r\u00e1pida, que es el mayor favor que se le puede hacer, ya no solo a este proyecto, sino a los cambios que necesitamos dentro de nuestros espacios activistas para generar entornos que fomenten la reducci\u00f3n de da\u00f1os y estrategias horizontales de cuidados y autodefensa.<\/p>\n","protected":false},"excerpt":{"rendered":"<p>Drogas y Militancia Pol\u00edtica &#8220;Drogas y Militancia Pol\u00edtica&#8221; ha sido el primer tema escogido para estrenar el proyecto de Nus Llibertari, pues las necesidades para tratar este asunto son de rabiosa actualidad, al mismo tiempo que apenas se les dedica ni espacio ni tiempo, ya ni a establecer acuerdos, sino tampoco a fomentar los debates [&hellip;]<\/p>\n","protected":false},"author":237,"featured_media":0,"parent":0,"menu_order":0,"comment_status":"closed","ping_status":"closed","template":"","meta":{"footnotes":""},"class_list":["post-8","page","type-page","status-publish","hentry"],"_links":{"self":[{"href":"https:\/\/blogs.sindominio.net\/nus-llibertari\/wp-json\/wp\/v2\/pages\/8","targetHints":{"allow":["GET"]}}],"collection":[{"href":"https:\/\/blogs.sindominio.net\/nus-llibertari\/wp-json\/wp\/v2\/pages"}],"about":[{"href":"https:\/\/blogs.sindominio.net\/nus-llibertari\/wp-json\/wp\/v2\/types\/page"}],"author":[{"embeddable":true,"href":"https:\/\/blogs.sindominio.net\/nus-llibertari\/wp-json\/wp\/v2\/users\/237"}],"replies":[{"embeddable":true,"href":"https:\/\/blogs.sindominio.net\/nus-llibertari\/wp-json\/wp\/v2\/comments?post=8"}],"version-history":[{"count":15,"href":"https:\/\/blogs.sindominio.net\/nus-llibertari\/wp-json\/wp\/v2\/pages\/8\/revisions"}],"predecessor-version":[{"id":127,"href":"https:\/\/blogs.sindominio.net\/nus-llibertari\/wp-json\/wp\/v2\/pages\/8\/revisions\/127"}],"wp:attachment":[{"href":"https:\/\/blogs.sindominio.net\/nus-llibertari\/wp-json\/wp\/v2\/media?parent=8"}],"curies":[{"name":"wp","href":"https:\/\/api.w.org\/{rel}","templated":true}]}}