{"id":2,"date":"2023-10-13T19:43:47","date_gmt":"2023-10-13T17:43:47","guid":{"rendered":"https:\/\/blogs.sindominio.net\/nus-llibertari\/?page_id=2"},"modified":"2023-10-19T19:16:39","modified_gmt":"2023-10-19T17:16:39","slug":"pagina-ejemplo","status":"publish","type":"page","link":"https:\/\/blogs.sindominio.net\/nus-llibertari\/","title":{"rendered":""},"content":{"rendered":"\n<div style=\"height:123px\" aria-hidden=\"true\" class=\"wp-block-spacer\"><\/div>\n\n\n\n<div class=\"wp-block-group\"><div class=\"wp-block-group__inner-container is-layout-constrained wp-block-group-is-layout-constrained\">\n<div class=\"wp-block-buttons has-custom-font-size is-layout-flex wp-block-buttons-is-layout-flex\" style=\"font-size:18px\">\n<div class=\"wp-block-button\"><a class=\"wp-block-button__link wp-element-button\" href=\"https:\/\/blogs.sindominio.net\/nus-llibertari\/drogas-y-militancia-politica\/\">DROGAS Y MILITANCIA POL\u00cdTICA<\/a><\/div>\n\n\n\n<div class=\"wp-block-button\"><a class=\"wp-block-button__link wp-element-button\" href=\"https:\/\/blogs.sindominio.net\/nus-llibertari\/suport\/\">SUPORT<\/a><\/div>\n\n\n\n<div class=\"wp-block-button\"><a class=\"wp-block-button__link wp-element-button\" href=\"https:\/\/blogs.sindominio.net\/nus-llibertari\/contacte\/\">CONTACTE<\/a><\/div>\n<\/div>\n<\/div><\/div>\n\n\n\n<h2 class=\"wp-block-heading has-vivid-green-cyan-color has-text-color\">Debat i Divulgaci\u00f3 Anarquista<\/h2>\n\n\n\n<p class=\"has-light-green-cyan-color has-text-color\"><\/p>\n\n\n\n<p class=\"has-white-color has-text-color\"><strong>NUS LLIBERTARI<\/strong> \u00e9s un projecte dins de l&#8217;Ateneu Llibertari del Cabanyal (a Val\u00e8ncia), destinat al treball deliberatiu i divulgatiu dels plantejaments te\u00f2rics i pr\u00e0ctics de l&#8217;anarquisme des de la ciutat de Val\u00e8ncia.<\/p>\n\n\n\n<p>Enfocada tant l&#8217;aprofundiment de tem\u00e0tiques actuals, com per a explorar eixes mat\u00e8ries oblidades i grises, de manera que es puga treballar a l&#8217;anarquisme i la seua proposta pol\u00edtica i organitzativa com una veritable opci\u00f3 revolucion\u00e0ria, per mitj\u00e0 de processos col\u00b7lectius d&#8217;aprenentatge i de fabricaci\u00f3 de discurs.<\/p>\n\n\n\n<p><\/p>\n\n\n\n<p class=\"has-light-green-cyan-color has-text-color\">Per qu\u00e9?<\/p>\n\n\n\n<p>\u00c9s necessari invertir temps, sobretot de forma grupal, p\u00fablica i col\u00b7lectiva, en processos dedicats a parlar, a debatre, a teixir xarxes i fer conviv\u00e8ncies, de tal forma que puga&#8217;m generar l&#8217;atmosfera propicia per a fomentar una millor col\u00b7laboraci\u00f3 dins de l&#8217;anarquisme amb tot all\u00f2 que li pot travessar (transfeminisme, cures, anticapitalisme, ecologisme, autogesti\u00f3, anticolonialisme\u2026).<\/p>\n\n\n\n<p>De forma que puguem fer front tamb\u00e9 contra tota eixa dominaci\u00f3 omnipresent en les nostres vides. Per\u00f2 abans d&#8217;imaginar fer res, fa falta conversar entre nosaltres i esbossar quin \u00e9s el m\u00f3n que volem construir.<\/p>\n\n\n\n<p><\/p>\n\n\n\n<p class=\"has-light-green-cyan-color has-text-color\">C\u00f3m?<\/p>\n\n\n\n<p>La celebraci\u00f3 de formacions, din\u00e0miques i debats p\u00fablics per a conversar al voltant de les tem\u00e0tiques escollides, com la primera ferramenta de reflexi\u00f3 i divulgaci\u00f3 dins i fora dels espais que ens s\u00f3n propis.<\/p>\n\n\n\n<p>A m\u00e9s de concebre la propaganda de forma integral, per a tindre en compte les diferents maneres de estendre la informaci\u00f3 i d&#8217;arribar a determinats p\u00fablics objectius. De forma que es puga utilitzar tant el format escrit com l&#8217;audiovisual per a compartir all\u00f2 produ\u00eft en els debats cap a l&#8217;exterior i entendre aix\u00f2 com a part del mateix proc\u00e9s.<\/p>\n\n\n\n<p>A poc a poc s&#8217;anir\u00e0 compartint l&#8217;experi\u00e8ncia i el coneixement generat. Si tens inter\u00e9s en col\u00b7laborar, en aportar o en saber m\u00e9s:<\/p>\n\n\n\n<p class=\"has-text-align-center has-light-green-cyan-color has-text-color\"><strong>nusllibertari@riseup.net<\/strong><\/p>\n","protected":false},"excerpt":{"rendered":"<p>Debat i Divulgaci\u00f3 Anarquista NUS LLIBERTARI \u00e9s un projecte dins de l&#8217;Ateneu Llibertari del Cabanyal (a Val\u00e8ncia), destinat al treball deliberatiu i divulgatiu dels plantejaments te\u00f2rics i pr\u00e0ctics de l&#8217;anarquisme des de la ciutat de Val\u00e8ncia. Enfocada tant l&#8217;aprofundiment de tem\u00e0tiques actuals, com per a explorar eixes mat\u00e8ries oblidades i grises, de manera que es [&hellip;]<\/p>\n","protected":false},"author":237,"featured_media":0,"parent":0,"menu_order":0,"comment_status":"closed","ping_status":"open","template":"","meta":{"footnotes":""},"class_list":["post-2","page","type-page","status-publish","hentry"],"_links":{"self":[{"href":"https:\/\/blogs.sindominio.net\/nus-llibertari\/wp-json\/wp\/v2\/pages\/2","targetHints":{"allow":["GET"]}}],"collection":[{"href":"https:\/\/blogs.sindominio.net\/nus-llibertari\/wp-json\/wp\/v2\/pages"}],"about":[{"href":"https:\/\/blogs.sindominio.net\/nus-llibertari\/wp-json\/wp\/v2\/types\/page"}],"author":[{"embeddable":true,"href":"https:\/\/blogs.sindominio.net\/nus-llibertari\/wp-json\/wp\/v2\/users\/237"}],"replies":[{"embeddable":true,"href":"https:\/\/blogs.sindominio.net\/nus-llibertari\/wp-json\/wp\/v2\/comments?post=2"}],"version-history":[{"count":15,"href":"https:\/\/blogs.sindominio.net\/nus-llibertari\/wp-json\/wp\/v2\/pages\/2\/revisions"}],"predecessor-version":[{"id":109,"href":"https:\/\/blogs.sindominio.net\/nus-llibertari\/wp-json\/wp\/v2\/pages\/2\/revisions\/109"}],"wp:attachment":[{"href":"https:\/\/blogs.sindominio.net\/nus-llibertari\/wp-json\/wp\/v2\/media?parent=2"}],"curies":[{"name":"wp","href":"https:\/\/api.w.org\/{rel}","templated":true}]}}