{"id":49,"date":"2021-01-12T16:21:47","date_gmt":"2021-01-12T16:21:47","guid":{"rendered":"https:\/\/blogs.sindominio.net\/niunamenosberlin\/?page_id=49"},"modified":"2025-10-28T16:39:37","modified_gmt":"2025-10-28T15:39:37","slug":"contacto-participa","status":"publish","type":"page","link":"https:\/\/blogs.sindominio.net\/niunamenosberlin\/contacto-participa\/","title":{"rendered":"Contacto \/ Participa"},"content":{"rendered":"\n<p><strong>Instagram:<\/strong> <a href=\"https:\/\/www.instagram.com\/niunamenosberlin\/\">@niunamenosberlin<\/a><\/p>\n\n\n\n<p><strong>P\u00e1gina de<\/strong> <strong>Facebook<\/strong>: <a href=\"https:\/\/www.facebook.com\/niunamenosberlin\">Ni una menos Berlin<\/a><\/p>\n\n\n\n<p><strong>Grupo de Facebook: <\/strong><a href=\"https:\/\/www.facebook.com\/groups\/645518705627271\">niunamenos &#8211; Berlin<\/a><\/p>\n\n\n\n<p><strong>Correo electr\u00f3nico<\/strong>: niunamenosberlin [at] gmail.com<\/p>\n\n\n\n<p><strong>YouTube:<\/strong> <a href=\"https:\/\/www.youtube.com\/@niunamenosberlin\">Ni Una Menos Berl\u00edn<\/a><\/p>\n\n\n\n<p><strong>Spotify:<\/strong> <a href=\"https:\/\/tr.ee\/n2gBYeRPGW\" data-type=\"link\" data-id=\"https:\/\/tr.ee\/n2gBYeRPGW\">Tertulia Feminista<\/a> (podcast)<\/p>\n\n\n\n<p><strong>Linktree:<\/strong> <a href=\"https:\/\/linktr.ee\/niunamenosberlin?utm_source=linktree_profile_share&amp;ltsid=a714dd51-903b-4faa-a16b-7cd0189aa1e8\">@niunamenosberlin<\/a><\/p>\n\n\n\n<p>Si quieres participar de nuestras actividades, cont\u00e1ctanos para obtener m\u00e1s informaci\u00f3n.<\/p>\n\n\n\n<p><strong>Otras redes en las que participamos en Berl\u00edn:<\/strong><\/p>\n\n\n\n<ul class=\"wp-block-list\">\n<li>Marea Feminista Abya Yala<\/li>\n\n\n\n<li>Red contra los Feminicidios<\/li>\n<\/ul>\n\n\n\n<p><strong>Campa\u00f1as realizadas:<\/strong><\/p>\n\n\n\n<ul class=\"wp-block-list\">\n<li>#2proTag<\/li>\n\n\n\n<li>#wirwollenunslebend<\/li>\n<\/ul>\n","protected":false},"excerpt":{"rendered":"<p>Instagram: @niunamenosberlin P\u00e1gina de Facebook: Ni una menos Berlin Grupo de Facebook: niunamenos &#8211; Berlin Correo electr\u00f3nico: niunamenosberlin [at] gmail.com YouTube: Ni Una Menos Berl\u00edn Spotify: Tertulia Feminista (podcast) Linktree: @niunamenosberlin Si quieres participar de nuestras actividades, cont\u00e1ctanos para obtener m\u00e1s informaci\u00f3n. Otras redes en las que participamos en Berl\u00edn: Campa\u00f1as realizadas:<\/p>\n","protected":false},"author":181,"featured_media":0,"parent":0,"menu_order":0,"comment_status":"closed","ping_status":"closed","template":"","meta":{"footnotes":""},"class_list":["post-49","page","type-page","status-publish","hentry"],"_links":{"self":[{"href":"https:\/\/blogs.sindominio.net\/niunamenosberlin\/wp-json\/wp\/v2\/pages\/49","targetHints":{"allow":["GET"]}}],"collection":[{"href":"https:\/\/blogs.sindominio.net\/niunamenosberlin\/wp-json\/wp\/v2\/pages"}],"about":[{"href":"https:\/\/blogs.sindominio.net\/niunamenosberlin\/wp-json\/wp\/v2\/types\/page"}],"author":[{"embeddable":true,"href":"https:\/\/blogs.sindominio.net\/niunamenosberlin\/wp-json\/wp\/v2\/users\/181"}],"replies":[{"embeddable":true,"href":"https:\/\/blogs.sindominio.net\/niunamenosberlin\/wp-json\/wp\/v2\/comments?post=49"}],"version-history":[{"count":12,"href":"https:\/\/blogs.sindominio.net\/niunamenosberlin\/wp-json\/wp\/v2\/pages\/49\/revisions"}],"predecessor-version":[{"id":516,"href":"https:\/\/blogs.sindominio.net\/niunamenosberlin\/wp-json\/wp\/v2\/pages\/49\/revisions\/516"}],"wp:attachment":[{"href":"https:\/\/blogs.sindominio.net\/niunamenosberlin\/wp-json\/wp\/v2\/media?parent=49"}],"curies":[{"name":"wp","href":"https:\/\/api.w.org\/{rel}","templated":true}]}}