{"id":15,"date":"2020-12-29T11:47:33","date_gmt":"2020-12-29T11:47:33","guid":{"rendered":"https:\/\/blogs.sindominio.net\/niunamenosberlin\/?page_id=15"},"modified":"2022-03-09T14:46:45","modified_gmt":"2022-03-09T14:46:45","slug":"2protag","status":"publish","type":"page","link":"https:\/\/blogs.sindominio.net\/niunamenosberlin\/2protag\/","title":{"rendered":"Violencia Sexual &#8211; Protocolo de acci\u00f3n"},"content":{"rendered":"\n<p class=\"has-large-font-size\"><strong><mark style=\"background-color:#ffffff\" class=\"has-inline-color has-vivid-purple-color\">Qu\u00e9 hacer en caso de agresi\u00f3n sexual en Berl\u00edn<\/mark><\/strong><\/p>\n\n\n\n<p class=\"has-text-align-left\"><strong><mark style=\"background-color:#ffffff\" class=\"has-inline-color has-vivid-purple-color\"><a rel=\"noreferrer noopener\" href=\"https:\/\/blogs.sindominio.net\/niunamenosberlin\/files\/2022\/03\/Violencia-sexual-Protocolo-de-accio\u0301n-1.pdf\" data-type=\"URL\" data-id=\"https:\/\/blogs.sindominio.net\/niunamenosberlin\/files\/2022\/03\/Violencia-sexual-Protocolo-de-accio\u0301n-1.pdf\" target=\"_blank\">PROTOCOLO DE ACCI\u00d3N COMPLETO EN PDF AQU\u00cd<\/a><\/mark><\/strong><\/p>\n\n\n\n<p class=\"has-small-font-size\"><mark style=\"background-color:#ffffff\" class=\"has-inline-color has-vivid-purple-color\"><a rel=\"noreferrer noopener\" href=\"https:\/\/blogs.sindominio.net\/niunamenosberlin\/files\/2022\/03\/Sexual-violence-Action-protocol.pdf\" data-type=\"URL\" data-id=\"https:\/\/blogs.sindominio.net\/niunamenosberlin\/files\/2022\/03\/Sexual-violence-Action-protocol.pdf\" target=\"_blank\">English<\/a> &#8211; Deutsch (under construction)<\/mark><\/p>\n\n\n\n<p>En Berl\u00edn se registran (oficialmente)\u00a0<strong>2 denuncias diarias<\/strong>\u00a0por violaci\u00f3n o agresi\u00f3n sexual. Estas son s\u00f3lo las cifras oficiales, lo que significa que hay un n\u00famero significativo e indeterminado de\u00a0abusos sexuales que no solo no son reportados sino que tampoco son atendidos a nivel m\u00e9dico o psicosocial.<\/p>\n\n\n\n<p>En una encuesta realizada a personas que han sufrido agresi\u00f3n sexual<a href=\"https:\/\/mail.google.com\/mail\/u\/0\/#m_4819518709674371312__ftn1\">[1]<\/a>\u00a0fueron muches les participantes que destacaron una gran dificultad en el acceso a la informaci\u00f3n existente sobre los pasos a seguir y derechos que tienen las v\u00edctimas. Este protocolo pretende abordar esta dificultad brindando informaci\u00f3n sistematizada,\u00a0y colaborando en el acceso a la misma, con respecto de los procedimientos sanitarios, legal y de apoyo psicol\u00f3gico, y poni\u00e9ndola a disposici\u00f3n en espa\u00f1ol, ingl\u00e9s y alem\u00e1n.<\/p>\n\n\n\n<p>Cabe destacar que este documento no hubiese sido posible sin el aporte de diversas organizaciones y especialistas que han puesto a disposici\u00f3n su trabajo y colaborado con nuestra iniciativa. <br><strong>A todes elles: gracias.<\/strong><\/p>\n\n\n\n<p style=\"font-size:16px\"><strong><a href=\"https:\/\/mail.google.com\/mail\/u\/0\/#m_4819518709674371312__ftnref1\">[1] <\/a><sup>La encuesta fue difundida en las redes de Ni una Menos Berl\u00edn a lo largo de 4 meses, en el per\u00edodo de marzo a junio del 2021.<\/sup><br><sup>Agradecemos a todes les participantes sus aportes en este sentido.<\/sup><\/strong><\/p>\n\n\n\n<hr class=\"wp-block-separator\" \/>\n\n\n\n<p><\/p>\n\n\n\n<p style=\"font-size:28px\"><strong>PRIMEROS PASOS A SEGUIR EN CASO DE AGRESI\u00d3N<\/strong><\/p>\n\n\n\n<p><strong>Sabemos que los momentos posteriores a una agresi\u00f3n sexual pueden ser muy dif\u00edciles, <br>por lo que te&nbsp;recomendamos que:<\/strong><\/p>\n\n\n\n<p>&#8211; cuentes r\u00e1pidamente con el acompa\u00f1amiento de alguien de tu confianza para que pueda ayudarte&nbsp;durante el proceso que sigue.<\/p>\n\n\n\n<p>&#8211; te atienda une m\u00e9dique, ya que las primeras horas son muy importantes tanto para garantizar&nbsp;tu bienestar f\u00edsico y emocional como para recabar pruebas que puedan servirte si deseas iniciar un&nbsp;proceso legal contra el agresor.<\/p>\n\n\n\n<p>&#8211; no te laves ni te duches antes de haber sido atendide por une m\u00e9dique. Los restos&nbsp;de ADN del agresor que se pueden encontrar en las lesiones internas o externas y en la ropa son pruebas&nbsp;fundamentales para la posterior investigaci\u00f3n. Te recomendamos que guardes en bolsas pl\u00e1sticas prendas&nbsp;de vestir, ropa interior y otros objetos que puedan llegar a servir como pruebas adicionales. Es posible&nbsp;que esta medida no te parezca importante en un principio o que no tengas la fuerza para atravesar este&nbsp;proceso y decidas no presentar cargos, pero con el tiempo puedes cambiar de opini\u00f3n.<\/p>\n\n\n\n<p><strong>Tambi\u00e9n queremos recordarte que:<\/strong><\/p>\n\n\n\n<p>&#8211; el personal m\u00e9dico debe atender las lesiones que puedas llegar a tener, proporcionarte informaci\u00f3n sobre&nbsp;pruebas de detecci\u00f3n de infecciones de transmisi\u00f3n sexual, iniciar la PPE (Profilaxis Post-Exposici\u00f3n) del&nbsp;VIH (virus de inmunodeficiencia humana) lo antes posible y en un plazo de 72 horas, si as\u00ed est\u00e1 indicado.<\/p>\n\n\n\n<p>&#8211; el personal m\u00e9dico debe otorgarte anticoncepci\u00f3n de emergencia, en caso de que haya riesgo de concepci\u00f3n&nbsp;y si as\u00ed lo deseas.<\/p>\n\n\n\n<p>&#8211; no tienes la obligaci\u00f3n de notificar a le m\u00e9dique tratante sobre la agresi\u00f3n. En caso de que decidas hacerlo,\u00a0\u00e9l\/ella\/elle est\u00e1 obligade a mantener silencio hasta que decidas hacer la denuncia (si es el caso).<\/p>\n\n\n\n<p>&#8211; si sospechas que estuviste bajo la influencia de alguna de las llamadas <em>\u201cdrogas de la violaci\u00f3n\u201d <\/em>es importante&nbsp;actuar inmediatamente. Estas drogas s\u00f3lo son detectables durante un corto periodo de tiempo en la&nbsp;sangre y la orina. \u00a1Acude al hospital o a la polic\u00eda inmediatamente!<\/p>\n\n\n\n<p><em><strong>\u00a1No est\u00e1s sole! <\/strong>Si no sabes a qui\u00e9n recurrir, puedes comunicarte con los servicios de asesor\u00eda del n\u00famero&nbsp;de emergencia para mujeres: <strong>0800-0116-016. <\/strong>El personal de los servicios de emergencia para mujeres&nbsp;comprende tu situaci\u00f3n y puede ayudarte a ordenar tus pensamientos y sentimientos y aconsejarte sobre&nbsp;c\u00f3mo proceder.<\/em><\/p>\n\n\n\n<p><\/p>\n\n\n\n<p><strong>PRIMEROS PASOS PARA ELEVAR UNA DENUNCIA<\/strong><\/p>\n\n\n\n<p>&#8211; en caso de amenaza inminente, o en caso de agresi\u00f3n, marca el 110. La polic\u00eda tiene la obligaci\u00f3n de&nbsp;protegerte e iniciar una investigaci\u00f3n.<\/p>\n\n\n\n<p>&#8211; el parentesco o relaci\u00f3n, de la persona afectada con el agresor (marido, amigo, pariente, conocido o&nbsp;desconocido) es irrelevante para la realizaci\u00f3n de un delito. Todos los actos sexuales no deseados por la&nbsp;persona afectada son un delito y son punibles. Un simple \u201cno\u201d de le afectade convierte la acci\u00f3n del agresor&nbsp;en un delito. Recuerda: toda persona tiene derecho a decir \u201cno\u201d en cualquier momento.<\/p>\n\n\n\n<p>&#8211; si a\u00fan no te han examinado m\u00e9dicamente antes de presentar la denuncia, la polic\u00eda debe llevarte a un&nbsp;hospital o a una consulta donde deber\u00e1n proporcionarte atenci\u00f3n m\u00e9dica. En el proceso, se aseguran los&nbsp;rastros que pueden utilizarse posteriormente como pruebas.<\/p>\n\n\n\n<p>&#8211; haz un registro de memoria para posibles futuras declaraciones (escribe o gr\u00e1bate el relato de lo sucedido).\u00a0Si cuentas con ellos, asegura la conservaci\u00f3n de fotos, v\u00eddeos, e-mails o mensajes de tu tel\u00e9fono\u00a0m\u00f3vil que est\u00e9n relacionados con el agresor como posibles pruebas.<\/p>\n\n\n\n<p>&#8211; a veces es dif\u00edcil tomar la decisi\u00f3n de presentar una denuncia ante el polic\u00eda justo despu\u00e9s del delito.&nbsp;Tienes tiempo para reflexionar sobre ello. Si el delito es de gravedad, la investigaci\u00f3n contin\u00faa, aunque le&nbsp;afectade no quiera seguir con el proceso. El procesamiento es entonces de inter\u00e9s p\u00fablico (delito oficial)&nbsp;y no se puede retirar la denuncia. Por eso, es muy importante que tomes la decisi\u00f3n con tranquilidad,&nbsp;inform\u00e1ndote con antelaci\u00f3n, ya que como la denuncia no tiene que hacerse inmediatamente despu\u00e9s del&nbsp;delito puedes pensarlo con tiempo. Una violaci\u00f3n, por ejemplo, <br>prescribe a los 20 a\u00f1os.<\/p>\n\n\n\n<p>&#8211; es importante que sepas que puedes ir acompa\u00f1ade de alguien de tu confianza.<\/p>\n\n\n\n<p>&#8211; es muy importante no testificar nunca sin una traducci\u00f3n profesional. Existen servicios de traducci\u00f3n,&nbsp;tanto en la polic\u00eda como en los juzgados. Son un derecho y son gratuitos.<\/p>\n\n\n\n<p>&#8211; como afectade, ser\u00e1s interrogade como testigo.<\/p>\n\n\n\n<p>&#8211; si prefieres prestar declaraci\u00f3n a una mujer en lugar de a un hombre (o viceversa), la polic\u00eda deber\u00eda&nbsp;hacerlo posible.<\/p>\n\n\n\n<p>&#8211; tienes derecho a consultar a une abogade que te acompa\u00f1e.<\/p>\n\n\n\n<p>&#8211; lo m\u00e1s recomendable es solicitar apoyo psicosocial antes de ser interrogade por la polic\u00eda.<\/p>\n\n\n\n<p class=\"has-medium-font-size\"><strong>Puedes presentar una denuncia en los siguientes lugares:<\/strong><\/p>\n\n\n\n<p>&#8211; si no elevaste una denuncia de inmediato, en la Gewaltschutzambulanz puedes denunciar poni\u00e9ndote en&nbsp;contacto con la polic\u00eda llamando al <strong>110<\/strong>. La polic\u00eda tomar\u00e1 las primeras pistas necesarias sobre el crimen.&nbsp;M\u00e1s adelante, en una declaraci\u00f3n m\u00e1s exhaustiva, dar\u00e1s m\u00e1s detalles al departamento de investigaci\u00f3n&nbsp;criminal.<\/p>\n\n\n\n<p>&#8211; en cualquier comisar\u00eda, especialmente en Oficina Estatal de Investigaci\u00f3n Criminal LKA 13. Tel\u00e9fono:&nbsp;(030)&nbsp;4664-0 \/ Direcci\u00f3n: Keithstrasse 30, 10787 Berl\u00edn \/&nbsp; Web: <a href=\"http:\/\/www.berlin.de\/polizei\/dienststellen\/landeskriminalamt\/lka-1\/artikel.148804.php\"><u>www.berlin.de\/polizei\/dienststellen\/landeskriminalamt\/lka-1\/artikel.148804.php<\/u><\/a>&nbsp;<\/p>\n\n\n\n<p>&#8211; puedes presentar una denuncia por escrito (tambi\u00e9n a trav\u00e9s de une abogade) directamente ante la fiscal\u00eda&nbsp;o la polic\u00eda. Si se necesita informaci\u00f3n adicional, la polic\u00eda criminal puede invitarte a una audiencia de&nbsp;testigos adicional.<\/p>\n\n\n\n<p><\/p>\n\n\n\n<p><strong>APOYO TERAP\u00c9UTICO<\/strong><\/p>\n\n\n\n<p>La recuperaci\u00f3n emocional tras una agresi\u00f3n sexual y\/o violaci\u00f3n sin importar el contexto en que fue&nbsp;cometida, no es una situaci\u00f3n sencilla de atravesar y la recuperaci\u00f3n de la estabilidad emocional puede&nbsp;tardar en producirse. Puedes sentirte en shock por varios d\u00edas, trata de buscar un entorno en el que te&nbsp;sientas segure y entendide. Todes tenemos formas distintas de procesar una situaci\u00f3n altamente traumatizante,&nbsp;as\u00ed como diferentes recursos internos y externos para lograrlo. Presta especial atenci\u00f3n a tus&nbsp;necesidades ahora.<\/p>\n\n\n\n<p>&#8211; el apoyo y el acompa\u00f1amiento sensible de familiares, amigues y parejas es de mucha importancia.<\/p>\n\n\n\n<p>&#8211; muchas veces en esta situaci\u00f3n es necesario, y recomendable, buscar ayuda profesional. Trata de no\u00a0dejar que ninguna opini\u00f3n externa te disuada de buscar ayuda profesional en el \u00e1rea terap\u00e9utica. Busca\u00a0apoyo y ayuda en centros de mujeres, redes feministas y grupos de mujeres en los que te sientas c\u00f3mode.<\/p>\n\n\n\n<p class=\"has-medium-font-size\"><mark style=\"background-color:#ffffff\" class=\"has-inline-color has-vivid-purple-color\"><strong>Es importante que sepas que no est\u00e1s sole<\/strong>.<\/mark><\/p>\n\n\n\n<figure class=\"wp-block-image size-large\"><img loading=\"lazy\" decoding=\"async\" width=\"800\" height=\"540\" src=\"https:\/\/blogs.sindominio.net\/niunamenosberlin\/files\/2022\/03\/@xuehca-protocolo-800x540.jpg\" alt=\"\" class=\"wp-image-313\" srcset=\"https:\/\/blogs.sindominio.net\/niunamenosberlin\/files\/2022\/03\/@xuehca-protocolo-800x540.jpg 800w, https:\/\/blogs.sindominio.net\/niunamenosberlin\/files\/2022\/03\/@xuehca-protocolo-300x202.jpg 300w, https:\/\/blogs.sindominio.net\/niunamenosberlin\/files\/2022\/03\/@xuehca-protocolo-768x518.jpg 768w, https:\/\/blogs.sindominio.net\/niunamenosberlin\/files\/2022\/03\/@xuehca-protocolo.jpg 827w\" sizes=\"auto, (max-width: 800px) 100vw, 800px\" \/><figcaption><strong>Ilustraci\u00f3n <a href=\"https:\/\/www.instagram.com\/xuehka\/?hl=es\" data-type=\"URL\" data-id=\"https:\/\/www.instagram.com\/xuehka\/?hl=es\">@xuehka<\/a><\/strong><\/figcaption><\/figure>\n\n\n\n<p><\/p>\n\n\n\n<p><\/p>\n\n\n\n<p><\/p>\n\n\n\n<p><strong>Ni una Menos \u2013 Berlin<\/strong><\/p>\n\n\n\n<p class=\"has-text-align-left has-x-large-font-size\"><strong><mark style=\"background-color:#ffffff\" class=\"has-inline-color has-black-color\">Sexual Violence &#8211; Action Protocol<\/mark><\/strong><\/p>\n\n\n\n<p class=\"has-large-font-size\"><strong><mark style=\"background-color:#ffffff\" class=\"has-inline-color has-vivid-purple-color\">How to proceed in case of sexual assault in Berlin<\/mark><\/strong><\/p>\n\n\n\n<p class=\"has-text-align-left\"><mark style=\"background-color:#ffffff\" class=\"has-inline-color has-vivid-purple-color\"><a rel=\"noreferrer noopener\" href=\"https:\/\/blogs.sindominio.net\/niunamenosberlin\/files\/2022\/03\/Sexual-violence-Action-protocol.pdf\" data-type=\"URL\" data-id=\"https:\/\/blogs.sindominio.net\/niunamenosberlin\/files\/2022\/03\/Sexual-violence-Action-protocol.pdf\" target=\"_blank\"><strong>COMPLETE ACTION PROTOCOL IN PDF HERE<\/strong><\/a><\/mark><\/p>\n\n\n\n<p>In Berlin there are (officially) <strong>2 reports of rape or sexual assault per day<\/strong>. These are only the official figures, which means that there is a significant and undetermined number of sexual assults that not only go unreported but also untreated on a medical or psychosocial level.<\/p>\n\n\n\n<p>In a survey in which people who have been sexually assaulted[1] took part, many participants highlighted a great difficulty in the access to existing information about the steps to follow in case of sexual assault and the rights of victims. This protocol aims to address this difficulty by providing systematised information (and make it more accesible) with regards to medical, legal and psychological support procedures, and it is available in Spanish, English and German.<\/p>\n\n\n\n<p>It should be noted that this document would not have been possible without the contribution of various organisations and specialists who have made their work available and collaborated with our initiative.<br><strong>To all of them: thank you.<\/strong><\/p>\n\n\n\n<p style=\"font-size:16px\">[1] The survey was shared in the platforms of Ni una Menos Berlin over a period of 4 months, <br>from March to June 2021. <strong>We thank all participants for their contribution in this regard.<\/strong><\/p>\n\n\n\n<hr class=\"wp-block-separator\" \/>\n\n\n\n<p><\/p>\n\n\n\n<p style=\"font-size:28px\"><strong>FIRST STEPS TO FOLLOW IN CASE OF ASSAULT<\/strong><\/p>\n\n\n\n<p>We know that the moments following a sexual assault can be very difficult, so we recommend you:<\/p>\n\n\n\n<ul class=\"wp-block-list\"><li>to be rapidly with someone you trust so they can help you throughout the process that follows.<\/li><\/ul>\n\n\n\n<ul class=\"wp-block-list\"><li>to see a doctor for a check-up, as the first few hours are very important, both to ensure your physical and emotional well-being and to gather evidence that may be useful if you wish to pursue legal action against the aggressor.<\/li><\/ul>\n\n\n\n<ul class=\"wp-block-list\"><li>not to wash or shower before being checked by a doctor. The DNA traces of the aggressor that may be found on internal or external injuries and on clothing are essential evidence for the subsequent investigation. Therefore, we also recommend you&nbsp;to&nbsp;keep clothing, underwear and other objects that may serve as additional evidence in plastic bags. This action may not seem important to you at first or you may not have the strength to go through this process and decide not to press charges, but over time you may change your mind.<\/li><\/ul>\n\n\n\n<p><strong>We also want to remind you that:<\/strong><\/p>\n\n\n\n<ul class=\"wp-block-list\"><li>the medical staff must attend to any injuries you may have, provide you with information about testing for sexually transmitted infections and initiate HIV (human immunodeficiency virus) PEP (Post-Exposure Prophylaxis) as soon as possible and within 72 hours, if indicated.<\/li><\/ul>\n\n\n\n<ul class=\"wp-block-list\"><li>the medical staff must provide you with emergency contraception, if there is a risk of pregnancy and if you wish so.<\/li><\/ul>\n\n\n\n<ul class=\"wp-block-list\"><li>you are under no obligation to notify the treating doctor of the assault. In case you decide to do so, they are obliged to keep silent until you decide to make a report (if you wish so.)<\/li><\/ul>\n\n\n\n<ul class=\"wp-block-list\"><li>if you suspect that you were under the influence of any of the so-called \u00abdate-rape drugs,\u00bb it is important to act immediately. These drugs are only detectable for a short period of time in blood and urine &#8211; go to the hospital or the police immediately!<\/li><\/ul>\n\n\n\n<p><strong>You are not alone!<\/strong> If you do not know who to turn to, you can contact the counselling services of the emergency number for women: <strong>0800-0116-016<\/strong>. The staff of the emergency services for women understand your situation and can help you sort out your thoughts and feelings and advise you on how to proceed.<\/p>\n\n\n\n<p><strong>FIRST STEPS TO FILE A REPORT<\/strong><\/p>\n\n\n\n<ul class=\"wp-block-list\"><li>In case of imminent threat, or in case of assault, call 110. The police staff have an obligation to protect you and initiate an investigation.\u00a0<\/li><li>the family bond or the relationship of the affected person to the offender is irrelevant to the commission of a crime (husband, friend, relative, acquaintance, or stranger.) All sexual acts unwanted by the person concerned are punishable. This means that even a simple \u00abno\u00bb from the affected person makes the offender&#8217;s action a crime. Remember: everyone has the right to say \u00abno\u00bb at any time.<\/li><li>if you have not yet been medically examined before filing a report, the police should take you to a hospital or a doctor&#8217;s office. There, a specialist will examine you gynecologically or physically and must provide medical care. In the process, traces that can later be used as evidence\u00a0are secured.<\/li><li>create a memory log for possible future statements (write down or record your account of what happened.) If you have them, make sure to keep photos, videos or messages from your cell phone that are related to the offender as possible evidence.\u00a0<\/li><li>sometimes it is difficult to make the decision to file a police report right after the crime. You have time to think about it. If the crime is serious, the investigation continues, even if you do not want to continue with the prosecution. The prosecution is then in the public interest (official crime) and the complaint cannot be withdrawn. Therefore, it is very important that you take the decision calmly, informing yourself in advance. Since the complaint does not have to be made immediately after the crime, you can think about it with time. A rape, for example, has a statute of limitations of 20 years.<\/li><li>it is important for you to know that you can be accompanied by someone you trust.\u00a0<\/li><li>It is very important never to testify without a professional translator. Translation services exist, both in the police and in the courts. They are a right and are free of charge.<\/li><li>as an affected person, you will be questioned as a witness.<\/li><li>if you prefer to give a statement to a woman rather than a man (or vice versa), the police should make this possible.<\/li><li>you have the right to consult to a lawyer, so that they can be present with you.<\/li><li>we recommend you to ask for psychosocial support before being interrogated by the police.<\/li><\/ul>\n\n\n\n<p><strong>You can file a police report in the following places:<\/strong><\/p>\n\n\n\n<ul class=\"wp-block-list\"><li>if you did not file a report immediately, in the Gewaltschutzambulanz you can report by contacting the police at the 110. The police will take the first necessary clues about the crime. Later, in a more comprehensive statement, you will give more details to the criminal investigation department.<\/li><li>in any police station, especially in the State Criminal Investigation Office LKA 13. Phone number: (030) 4664-0 \/ Address: Keithstrasse 30, 10787 Berlin\u00a0\/ Web: <a href=\"http:\/\/www.berlin.de\/polizei\/dienststellen\/landeskriminalamt\/lka-1\/artikel.148804.php\"><u>www.berlin.de\/polizei\/dienststellen\/landeskriminalamt\/lka-1\/artikel.148804.php<\/u><\/a><\/li><li>you can file a written complaint (also through a lawyer) directly with the prosecutor&#8217;s office or the police. If additional information is needed, the criminal police can invite you to an additional witness hearing.<\/li><\/ul>\n\n\n\n<p><strong>THERAPEUTIC SUPPORT<\/strong><\/p>\n\n\n\n<p>Emotional recovery after a sexual assault and\/or rape, regardless of the context in which it was committed, is not an easy situation to go through, and regaining emotional stability can take time. You can feel in a shocking state for several days, so try to surround yourself with people with whom you feel secure and understood. We all have different ways of processing a highly traumatizing situation, as well as different internal and external resources to do so. Pay attention to your own needs now.<\/p>\n\n\n\n<ul class=\"wp-block-list\"><li>the sensitive support and companionship of family, friends and partners is very important.<\/li><\/ul>\n\n\n\n<ul class=\"wp-block-list\"><li>it is often necessary, and advisable, to seek professional help in this situation. Try not to let any external opinion, or social or work pressure prevent or dissuade you from seeking professional help in the therapeutic area. Seek support and help from women&#8217;s centers, feminist networks and women&#8217;s groups where you feel comfortable.<\/li><\/ul>\n\n\n\n<p><strong><mark style=\"background-color:#ffffff\" class=\"has-inline-color has-vivid-purple-color\">It is important that you know that you are not alone.<\/mark><\/strong><\/p>\n\n\n\n<figure class=\"wp-block-image\"><img decoding=\"async\" src=\"https:\/\/blogs.sindominio.net\/niunamenosberlin\/files\/2022\/03\/@xuehca-protocolo-800x540.jpg\" alt=\"La imagen tiene un atributo ALT vac\u00edo; su nombre de archivo es @xuehca-protocolo-800x540.jpg\" \/><\/figure>\n\n\n\n<p class=\"has-text-align-center\"><strong>Ilustraci\u00f3n <a href=\"https:\/\/www.instagram.com\/xuehka\/?hl=es\" data-type=\"URL\" data-id=\"https:\/\/www.instagram.com\/xuehka\/?hl=es\">@xuehka<\/a><\/strong><\/p>\n\n\n\n<p><\/p>\n\n\n\n<p><\/p>\n\n\n\n<p class=\"has-large-font-size\"><strong>#2proTag<\/strong><\/p>\n\n\n\n<p>En Berl\u00edn se presentan ante la polic\u00eda dos denuncias de violaci\u00f3n por d\u00eda. Pero como no todas las mujeres* denuncian, suponemos que la cifra real es mas alta. <\/p>\n\n\n\n<p>En junio del 2020, y a raiz de un caso de violaci\u00f3n de una conocida de nuestro grupo, creamos la campa\u00f1a  #2porDia, o #2proTag en aleman y #2aDay en ingl\u00e9s, con el objetivo de visibilizar y denunciar las violaciones. Y tambi\u00e9n de encontrar alternativas para protegernos y defendernos. <\/p>\n\n\n\n<p>Junto a otros colectivos y asociaciones trabajamos en distintos aspectos como la visibilizaci\u00f3n y la prevenci\u00f3n. <\/p>\n\n\n\n<p>En colaboraci\u00f3n con <a href=\"https:\/\/www.karnekunst.com\" target=\"_blank\" rel=\"noreferrer noopener\">Karne Kunst<\/a> y <a href=\"https:\/\/sorora.org\" target=\"_blank\" rel=\"noreferrer noopener\">Sorora e.V.<\/a>, varias artistas latinas dise\u00f1aron pegatinas con el hashtag #2PorD\u00eda\/#2ADay\/#2ProTag.<\/p>\n\n\n\n<p>En este momento estamos trabajando en recopilaci\u00f3n de informaciones y generaci\u00f3n de materiales de prevenci\u00f3n, y de b\u00fasqueda de ayuda en caso de necesidad.<\/p>\n\n\n\n<p>Si quieres trabajar con nosotras en esta campa\u00f1a, comun\u00edcate por mail con nosotras.<\/p>\n\n\n\n<p><\/p>\n\n\n\n<p><\/p>\n\n\n\n<figure class=\"wp-block-image size-large\"><img loading=\"lazy\" decoding=\"async\" width=\"800\" height=\"600\" src=\"https:\/\/blogs.sindominio.net\/niunamenosberlin\/files\/2021\/01\/IMG_1586-edited-scaled-1-800x600.jpg\" alt=\"\" class=\"wp-image-157\" srcset=\"https:\/\/blogs.sindominio.net\/niunamenosberlin\/files\/2021\/01\/IMG_1586-edited-scaled-1-800x600.jpg 800w, https:\/\/blogs.sindominio.net\/niunamenosberlin\/files\/2021\/01\/IMG_1586-edited-scaled-1-300x225.jpg 300w, https:\/\/blogs.sindominio.net\/niunamenosberlin\/files\/2021\/01\/IMG_1586-edited-scaled-1-768x576.jpg 768w, https:\/\/blogs.sindominio.net\/niunamenosberlin\/files\/2021\/01\/IMG_1586-edited-scaled-1-1536x1152.jpg 1536w, https:\/\/blogs.sindominio.net\/niunamenosberlin\/files\/2021\/01\/IMG_1586-edited-scaled-1-2048x1536.jpg 2048w, https:\/\/blogs.sindominio.net\/niunamenosberlin\/files\/2021\/01\/IMG_1586-edited-scaled-1-1200x900.jpg 1200w, https:\/\/blogs.sindominio.net\/niunamenosberlin\/files\/2021\/01\/IMG_1586-edited-scaled-1-1800x1350.jpg 1800w\" sizes=\"auto, (max-width: 800px) 100vw, 800px\" \/><\/figure>\n\n\n\n<p><\/p>\n","protected":false},"excerpt":{"rendered":"<p>Qu\u00e9 hacer en caso de agresi\u00f3n sexual en Berl\u00edn PROTOCOLO DE ACCI\u00d3N COMPLETO EN PDF AQU\u00cd English &#8211; Deutsch (under construction) En Berl\u00edn se registran (oficialmente)\u00a02 denuncias diarias\u00a0por violaci\u00f3n o agresi\u00f3n sexual. Estas son s\u00f3lo las cifras oficiales, lo que significa que hay un n\u00famero significativo e indeterminado de\u00a0abusos sexuales que no solo no son [&hellip;]<\/p>\n","protected":false},"author":181,"featured_media":0,"parent":0,"menu_order":0,"comment_status":"closed","ping_status":"closed","template":"","meta":{"footnotes":""},"class_list":["post-15","page","type-page","status-publish","hentry"],"_links":{"self":[{"href":"https:\/\/blogs.sindominio.net\/niunamenosberlin\/wp-json\/wp\/v2\/pages\/15","targetHints":{"allow":["GET"]}}],"collection":[{"href":"https:\/\/blogs.sindominio.net\/niunamenosberlin\/wp-json\/wp\/v2\/pages"}],"about":[{"href":"https:\/\/blogs.sindominio.net\/niunamenosberlin\/wp-json\/wp\/v2\/types\/page"}],"author":[{"embeddable":true,"href":"https:\/\/blogs.sindominio.net\/niunamenosberlin\/wp-json\/wp\/v2\/users\/181"}],"replies":[{"embeddable":true,"href":"https:\/\/blogs.sindominio.net\/niunamenosberlin\/wp-json\/wp\/v2\/comments?post=15"}],"version-history":[{"count":34,"href":"https:\/\/blogs.sindominio.net\/niunamenosberlin\/wp-json\/wp\/v2\/pages\/15\/revisions"}],"predecessor-version":[{"id":366,"href":"https:\/\/blogs.sindominio.net\/niunamenosberlin\/wp-json\/wp\/v2\/pages\/15\/revisions\/366"}],"wp:attachment":[{"href":"https:\/\/blogs.sindominio.net\/niunamenosberlin\/wp-json\/wp\/v2\/media?parent=15"}],"curies":[{"name":"wp","href":"https:\/\/api.w.org\/{rel}","templated":true}]}}