{"id":899,"date":"2017-09-29T20:02:41","date_gmt":"2017-09-29T20:02:41","guid":{"rendered":"https:\/\/blogs.sindominio.net\/mst\/?page_id=899"},"modified":"2017-09-30T21:45:34","modified_gmt":"2017-09-30T21:45:34","slug":"enlaces","status":"publish","type":"page","link":"https:\/\/blogs.sindominio.net\/mstmadrid\/enlaces\/","title":{"rendered":"Enlaces"},"content":{"rendered":"<p><strong>Movimientos y organizaciones de izquierda<\/strong><\/p>\n<ul>\n<li><a class=\"category\" href=\"http:\/\/www.sindominio.net\/mstmadrid\/index.php?option=com_weblinks&amp;task=view&amp;catid=73&amp;id=15\"> V\u00cda Campesina<\/a><\/li>\n<li><a class=\"category\" href=\"http:\/\/www.sindominio.net\/mstmadrid\/index.php?option=com_weblinks&amp;task=view&amp;catid=73&amp;id=14\"> CUT<\/a><\/li>\n<li><a class=\"category\" href=\"http:\/\/www.sindominio.net\/mstmadrid\/index.php?option=com_weblinks&amp;task=view&amp;catid=73&amp;id=13\"> PT<\/a><\/li>\n<li><a class=\"category\" href=\"http:\/\/www.sindominio.net\/mstmadrid\/index.php?option=com_weblinks&amp;task=view&amp;catid=73&amp;id=2\"> Web oficial del MST<\/a><\/li>\n<\/ul>\n<p><strong>Webs oficiales a nivel Estadual<\/strong><\/p>\n<ul>\n<li><a class=\"category\" href=\"http:\/\/www.sindominio.net\/mstmadrid\/index.php?option=com_weblinks&amp;task=view&amp;catid=72&amp;id=6\">SANTA CATARINA<\/a><\/li>\n<li><a class=\"category\" href=\"http:\/\/www.sindominio.net\/mstmadrid\/index.php?option=com_weblinks&amp;task=view&amp;catid=72&amp;id=5\">PERNAMBUCO<\/a><\/li>\n<li><a class=\"category\" href=\"http:\/\/www.sindominio.net\/mstmadrid\/index.php?option=com_weblinks&amp;task=view&amp;catid=72&amp;id=4\">PARAN\u00c1<\/a><\/li>\n<li><a class=\"category\" href=\"http:\/\/www.sindominio.net\/mstmadrid\/index.php?option=com_weblinks&amp;task=view&amp;catid=72&amp;id=3\">RIO GRANDE DO SUL<\/a><\/li>\n<li><\/li>\n<\/ul>\n<p><strong>P\u00e1ginas web de grupos de apoyo en Europa<\/strong><\/p>\n<ul>\n<li><a class=\"category\" href=\"http:\/\/www.sindominio.net\/mstmadrid\/index.php?option=com_weblinks&amp;task=view&amp;catid=2&amp;id=19\">P\u00e1gina del comit\u00e9 de apoyo en EE.UU<\/a><\/li>\n<li><a class=\"category\" href=\"http:\/\/www.sindominio.net\/mstmadrid\/index.php?option=com_weblinks&amp;task=view&amp;catid=2&amp;id=12\">Comite de Apoyo en Italia<\/a><\/li>\n<li><a class=\"category\" href=\"http:\/\/www.sindominio.net\/mstmadrid\/index.php?option=com_weblinks&amp;task=view&amp;catid=2&amp;id=11\">Informaci\u00c3\u0192\u00c2\u00b3n del MST en castellano<\/a><\/li>\n<li><a class=\"category\" href=\"http:\/\/www.sindominio.net\/mstmadrid\/index.php?option=com_weblinks&amp;task=view&amp;catid=2&amp;id=10\">Comite de Apoyo en RU<\/a><\/li>\n<li><a class=\"category\" href=\"http:\/\/www.sindominio.net\/mstmadrid\/index.php?option=com_weblinks&amp;task=view&amp;catid=2&amp;id=9\">Informaci\u00f3n del MST en sueco<\/a><\/li>\n<li><a class=\"category\" href=\"http:\/\/www.sindominio.net\/mstmadrid\/index.php?option=com_weblinks&amp;task=view&amp;catid=2&amp;id=8\">Informaci\u00f3n del MST en alem\u00e1n<\/a><\/li>\n<li><a class=\"category\" href=\"http:\/\/www.sindominio.net\/mstmadrid\/index.php?option=com_weblinks&amp;task=view&amp;catid=2&amp;id=7\">Informaci\u00f3n del MST en franc\u00e9s<\/a><\/li>\n<\/ul>\n","protected":false},"excerpt":{"rendered":"<p>Movimientos y organizaciones de izquierda V\u00cda Campesina CUT PT Web oficial del MST Webs oficiales a nivel Estadual SANTA CATARINA PERNAMBUCO PARAN\u00c1 RIO GRANDE DO SUL P\u00e1ginas web de grupos de apoyo en Europa P\u00e1gina del comit\u00e9 de apoyo en EE.UU Comite de Apoyo en Italia Informaci\u00c3\u0192\u00c2\u00b3n del MST en castellano Comite de Apoyo en [&hellip;]<\/p>\n","protected":false},"author":150,"featured_media":0,"parent":0,"menu_order":0,"comment_status":"closed","ping_status":"closed","template":"","meta":{"footnotes":""},"class_list":["post-899","page","type-page","status-publish","hentry"],"_links":{"self":[{"href":"https:\/\/blogs.sindominio.net\/mstmadrid\/wp-json\/wp\/v2\/pages\/899","targetHints":{"allow":["GET"]}}],"collection":[{"href":"https:\/\/blogs.sindominio.net\/mstmadrid\/wp-json\/wp\/v2\/pages"}],"about":[{"href":"https:\/\/blogs.sindominio.net\/mstmadrid\/wp-json\/wp\/v2\/types\/page"}],"author":[{"embeddable":true,"href":"https:\/\/blogs.sindominio.net\/mstmadrid\/wp-json\/wp\/v2\/users\/150"}],"replies":[{"embeddable":true,"href":"https:\/\/blogs.sindominio.net\/mstmadrid\/wp-json\/wp\/v2\/comments?post=899"}],"version-history":[{"count":2,"href":"https:\/\/blogs.sindominio.net\/mstmadrid\/wp-json\/wp\/v2\/pages\/899\/revisions"}],"predecessor-version":[{"id":936,"href":"https:\/\/blogs.sindominio.net\/mstmadrid\/wp-json\/wp\/v2\/pages\/899\/revisions\/936"}],"wp:attachment":[{"href":"https:\/\/blogs.sindominio.net\/mstmadrid\/wp-json\/wp\/v2\/media?parent=899"}],"curies":[{"name":"wp","href":"https:\/\/api.w.org\/{rel}","templated":true}]}}