{"id":4828,"date":"2017-10-03T12:53:13","date_gmt":"2017-10-03T12:53:13","guid":{"rendered":"https:\/\/blogs.sindominio.net\/mstmadrid\/?page_id=4828"},"modified":"2017-10-03T21:24:37","modified_gmt":"2017-10-03T21:24:37","slug":"mst","status":"publish","type":"page","link":"https:\/\/blogs.sindominio.net\/mstmadrid\/mst\/","title":{"rendered":"MST"},"content":{"rendered":"<ul>\n<li><a href=\"https:\/\/blogs.sindominio.net\/mstmadrid\/quienes-somos\/\">Qui\u00e9nes somos<\/a><\/li>\n<li><a href=\"https:\/\/blogs.sindominio.net\/mstmadrid\/historia\/\">Historia<\/a><\/li>\n<li><a href=\"https:\/\/blogs.sindominio.net\/mstmadrid\/reforma-agraria\/\">Reforma agraria<\/a><\/li>\n<li><a href=\"https:\/\/blogs.sindominio.net\/mstmadrid\/desafios\/\">Desaf\u00edos<\/a><\/li>\n<li><a href=\"https:\/\/blogs.sindominio.net\/mstmadrid\/ser-sin-tierra\/\">Ser Sin Tierra<\/a><\/li>\n<li><a href=\"https:\/\/blogs.sindominio.net\/mstmadrid\/objetivos\/\">Objetivos<\/a><\/li>\n<li><a href=\"https:\/\/blogs.sindominio.net\/mstmadrid\/compromisos\/\">Compromisos<\/a><\/li>\n<li><a href=\"https:\/\/blogs.sindominio.net\/mstmadrid\/compromisos\/\">L\u00edneas pol\u00edticas<\/a><\/li>\n<li><a href=\"https:\/\/blogs.sindominio.net\/mstmadrid\/bandera\/\">Bandera<\/a><\/li>\n<\/ul>\n","protected":false},"excerpt":{"rendered":"<p>Qui\u00e9nes somos Historia Reforma agraria Desaf\u00edos Ser Sin Tierra Objetivos Compromisos L\u00edneas pol\u00edticas Bandera<\/p>\n","protected":false},"author":18,"featured_media":0,"parent":0,"menu_order":0,"comment_status":"closed","ping_status":"closed","template":"","meta":{"footnotes":""},"class_list":["post-4828","page","type-page","status-publish","hentry"],"_links":{"self":[{"href":"https:\/\/blogs.sindominio.net\/mstmadrid\/wp-json\/wp\/v2\/pages\/4828","targetHints":{"allow":["GET"]}}],"collection":[{"href":"https:\/\/blogs.sindominio.net\/mstmadrid\/wp-json\/wp\/v2\/pages"}],"about":[{"href":"https:\/\/blogs.sindominio.net\/mstmadrid\/wp-json\/wp\/v2\/types\/page"}],"author":[{"embeddable":true,"href":"https:\/\/blogs.sindominio.net\/mstmadrid\/wp-json\/wp\/v2\/users\/18"}],"replies":[{"embeddable":true,"href":"https:\/\/blogs.sindominio.net\/mstmadrid\/wp-json\/wp\/v2\/comments?post=4828"}],"version-history":[{"count":2,"href":"https:\/\/blogs.sindominio.net\/mstmadrid\/wp-json\/wp\/v2\/pages\/4828\/revisions"}],"predecessor-version":[{"id":4830,"href":"https:\/\/blogs.sindominio.net\/mstmadrid\/wp-json\/wp\/v2\/pages\/4828\/revisions\/4830"}],"wp:attachment":[{"href":"https:\/\/blogs.sindominio.net\/mstmadrid\/wp-json\/wp\/v2\/media?parent=4828"}],"curies":[{"name":"wp","href":"https:\/\/api.w.org\/{rel}","templated":true}]}}