{"id":2688,"date":"2004-12-31T20:58:10","date_gmt":"2004-12-31T20:58:10","guid":{"rendered":"https:\/\/blogs.sindominio.net\/mst\/bandera\/"},"modified":"2004-12-31T20:58:10","modified_gmt":"2004-12-31T20:58:10","slug":"bandera","status":"publish","type":"page","link":"https:\/\/blogs.sindominio.net\/mstmadrid\/bandera\/","title":{"rendered":"Bandera"},"content":{"rendered":"<blockquote>\n<p>BANDERA DEL MST<\/p>\n<\/blockquote>\n<p>&nbsp;<\/p>\n<p>La bandera se convirti\u00f3 en el s\u00edmbolo del MST en 1987, durante el             IV Encuentro Nacional. Est\u00e1 presente en los acampamentos y los asentamientos,             en todas las movilizaciones y luchas, en las conmemoraciones y fiestas,             en las casas de los que tienen pasi\u00f3n por el movimiento.<\/p>\n<div align=\"center\"><img loading=\"lazy\" decoding=\"async\" width=\"367\" vspace=\"20\" height=\"367\" border=\"0\" src=\"http:\/\/www.sodepaz.org\/brasil\/imagenes\/Logo%20MST%20grande.gif\" \/><\/div>\n<p align=\"center\">\n<blockquote><p>&#160;<\/p><\/blockquote>\n<p><u>SIGNIFICADO DE LOS COLORES.<\/u> <\/p>\n<p><u>Color Rojo<\/u>: representa la sangre que corre en sus venas, y             la disposici\u00f3n de luchar por la Reforma Agraria y por la transformaci\u00f3n             de la sociedad. <\/p>\n<p><u>Color Blanco:<\/u> Representa la paz por la que luchan y que s\u00f3lo             ser\u00e1 conquistada cuando haya justicia social para todos. <\/p>\n<p><u>Color Verde:<\/u> Representa la esperanza de la victoria en cada             latifundio que conquistan. <\/p>\n<p><u>Color Negro:<\/u> Representa su luto y homenaje a todas las trabajadoras             y trabajadores que cayeron luchando por la nueva sociedad. <\/p>\n<p><u>Mapa de Brasil:<\/u> Representa que el MST est\u00e1 organizado a nivel             nacional, y que la lucha por la Reforma Agraria debe llegar a todo             el pa\u00eds.<\/p>\n<p> <u>Trabajadora y trabajador:<\/u> Representa la necesidad de que             la lucha sea llevada a cabo por mujeres y hombres, por familias enteras.           <\/p>\n<p><u>Machete:<\/u> Representa su herramienta de trabajo, de lucha y             de resistencia; el machete se sale del mapa de Brasil, porque este             movimiento es el mismo que otros movimientos campesinos en otros pa\u00edses.<\/p>\n<p>           <\/p>\n<p><\/p>\n","protected":false},"excerpt":{"rendered":"<p>BANDERA DEL MST &nbsp; La bandera se convirti\u00f3 en el s\u00edmbolo del MST en 1987, durante el IV Encuentro Nacional. Est\u00e1 presente en los acampamentos y los asentamientos, en todas las movilizaciones y luchas, en las conmemoraciones y fiestas, en las casas de los que tienen pasi\u00f3n por el movimiento. &#160; SIGNIFICADO DE LOS COLORES. [&hellip;]<\/p>\n","protected":false},"author":150,"featured_media":0,"parent":0,"menu_order":0,"comment_status":"closed","ping_status":"open","template":"","meta":{"footnotes":""},"class_list":["post-2688","page","type-page","status-publish","hentry"],"_links":{"self":[{"href":"https:\/\/blogs.sindominio.net\/mstmadrid\/wp-json\/wp\/v2\/pages\/2688","targetHints":{"allow":["GET"]}}],"collection":[{"href":"https:\/\/blogs.sindominio.net\/mstmadrid\/wp-json\/wp\/v2\/pages"}],"about":[{"href":"https:\/\/blogs.sindominio.net\/mstmadrid\/wp-json\/wp\/v2\/types\/page"}],"author":[{"embeddable":true,"href":"https:\/\/blogs.sindominio.net\/mstmadrid\/wp-json\/wp\/v2\/users\/150"}],"replies":[{"embeddable":true,"href":"https:\/\/blogs.sindominio.net\/mstmadrid\/wp-json\/wp\/v2\/comments?post=2688"}],"version-history":[{"count":0,"href":"https:\/\/blogs.sindominio.net\/mstmadrid\/wp-json\/wp\/v2\/pages\/2688\/revisions"}],"wp:attachment":[{"href":"https:\/\/blogs.sindominio.net\/mstmadrid\/wp-json\/wp\/v2\/media?parent=2688"}],"curies":[{"name":"wp","href":"https:\/\/api.w.org\/{rel}","templated":true}]}}