{"id":2682,"date":"2004-12-31T20:23:02","date_gmt":"2004-12-31T20:23:02","guid":{"rendered":"https:\/\/blogs.sindominio.net\/mst\/reforma-agraria\/"},"modified":"2004-12-31T20:23:02","modified_gmt":"2004-12-31T20:23:02","slug":"reforma-agraria","status":"publish","type":"page","link":"https:\/\/blogs.sindominio.net\/mstmadrid\/reforma-agraria\/","title":{"rendered":"Reforma agraria"},"content":{"rendered":"<div align=\"center\"><strong>PROGRAMA DE REFORMA AGRARIA DEL MST<\/strong><\/div>\n<p><\/p>\n<ol>\n<li><strong>Modificar la estructura de propiedad de la tierra<\/strong>.<\/li>\n<li>Subordinar la propiedad de la tierra a la<strong> justicia social<\/strong>, a las necesidades del pueblo y a los objetivos de la sociedad<\/li>\n<li>Garantizar que la producci\u00f3n de la agricultura y la ganader\u00eda est\u00e9 orientada a la <strong>seguridad alimentaria<\/strong>, a la eliminaci\u00f3n del hambre y al desarrollo econ\u00f3mico y social de los trabajadores.<\/li>\n<li><strong>Apoyar la producci\u00f3n familiar y cooperativa<\/strong> con precios compensados, cr\u00e9dito y seguros agr\u00edcolas.<\/li>\n<li>Llevar la agricultura al interior del pa\u00eds, su desarrollo y su industrializaci\u00f3n, buscando el <strong>desarrollo equilibrado de las regiones<\/strong> y garantizando la <strong>generaci\u00f3n de empleos<\/strong>, especialmente entre la juventud.<\/li>\n<li>Aplicar un <strong>programa especial<\/strong> de desarrollo para las regiones del &quot;<strong>semi\u00e1rido<\/strong>&quot;.<\/li>\n<li>Desarrollar tecnolog\u00edas adecuadas a la realidad, <strong>preservando y recuperando los recursos naturales<\/strong>, con un modelo de desarrollo agr\u00edcola sostenible.<\/li>\n<li>Buscar un desarrollo rural que garantice <strong>mejores condiciones de vida, educaci\u00f3n, cultura y ocio<\/strong> para todos.<\/li>\n<\/ol>\n<div align=\"center\"><img loading=\"lazy\" decoding=\"async\" width=\"392\" vspace=\"0\" hspace=\"0\" height=\"254\" border=\"0\" src=\"http:\/\/www.sodepaz.org\/brasil\/imagenes\/recogiendo%20arroz.jpg\" alt=\"Agricultores recogiendo el arroz\" \/><\/div>\n<div style=\"border: medium none ; padding: 0px; float: left; position: absolute; top: 0px; left: 0px; z-index: 100; display: none;\"><\/div>\n","protected":false},"excerpt":{"rendered":"<p>PROGRAMA DE REFORMA AGRARIA DEL MST Modificar la estructura de propiedad de la tierra. Subordinar la propiedad de la tierra a la justicia social, a las necesidades del pueblo y a los objetivos de la sociedad Garantizar que la producci\u00f3n de la agricultura y la ganader\u00eda est\u00e9 orientada a la seguridad alimentaria, a la eliminaci\u00f3n [&hellip;]<\/p>\n","protected":false},"author":150,"featured_media":0,"parent":0,"menu_order":0,"comment_status":"closed","ping_status":"open","template":"","meta":{"footnotes":""},"class_list":["post-2682","page","type-page","status-publish","hentry"],"_links":{"self":[{"href":"https:\/\/blogs.sindominio.net\/mstmadrid\/wp-json\/wp\/v2\/pages\/2682","targetHints":{"allow":["GET"]}}],"collection":[{"href":"https:\/\/blogs.sindominio.net\/mstmadrid\/wp-json\/wp\/v2\/pages"}],"about":[{"href":"https:\/\/blogs.sindominio.net\/mstmadrid\/wp-json\/wp\/v2\/types\/page"}],"author":[{"embeddable":true,"href":"https:\/\/blogs.sindominio.net\/mstmadrid\/wp-json\/wp\/v2\/users\/150"}],"replies":[{"embeddable":true,"href":"https:\/\/blogs.sindominio.net\/mstmadrid\/wp-json\/wp\/v2\/comments?post=2682"}],"version-history":[{"count":0,"href":"https:\/\/blogs.sindominio.net\/mstmadrid\/wp-json\/wp\/v2\/pages\/2682\/revisions"}],"wp:attachment":[{"href":"https:\/\/blogs.sindominio.net\/mstmadrid\/wp-json\/wp\/v2\/media?parent=2682"}],"curies":[{"name":"wp","href":"https:\/\/api.w.org\/{rel}","templated":true}]}}