{"id":2681,"date":"2004-12-31T18:44:23","date_gmt":"2004-12-31T18:44:23","guid":{"rendered":"https:\/\/blogs.sindominio.net\/mst\/historia\/"},"modified":"2017-10-02T16:43:30","modified_gmt":"2017-10-02T16:43:30","slug":"historia","status":"publish","type":"page","link":"https:\/\/blogs.sindominio.net\/mstmadrid\/historia\/","title":{"rendered":"HISTORIA"},"content":{"rendered":"<p><strong><strong>Creado en 1985, el MST act\u00faa hoy en 23 estados, engloba am\u00e1s de 1.5 millones de personas, con trescientas mil familias asentadasy ochenta mil que viven en acampamentos.<\/strong><br \/><\/strong><\/p>\n<p align=\"justify\"><strong>La lucha por la tierra en Brasil surgi\u00f3 antes que         el MST. Canudos y Contestado, al final del siglo XIX, las Ligas Campesinas         y Master (Movimiento dos Agricultores Sin Tierra) entre 1950 y 1964 fueron         algunas de las experiencias anteriores al MST, en que trabajadores rurales         se organizaron en busca de tierra y mejores condiciones de trabajo y vida.         <\/strong><\/p>\n<p align=\"justify\"><strong>La historia del MST comienza al final de la d\u00e9cada         de 1970, el pa\u00eds viv\u00eda el llamado &quot;milagro brasilero&quot; que acab\u00f3 en una         crisis que gener\u00f3 gran desempleo en las ciudades. En el campo la situaci\u00f3n         no era diferente. Como resultado de la intensa mecanizaci\u00f3n de la agricultura         introducida por los gobiernos militares, asalariados del campo, arrendatarios         y aparceros fueron excluidos de los latifundios. <\/strong><\/p>\n<p align=\"justify\"><strong>En plena dictadura militar, agricultores sin tierra         en el estado de R\u00edo Grande do Sul ocupan, el 7 de septiembre de 1979 la         finca Macali, en Ronda Alta. Esa primera acci\u00f3n promovida por la CPT (Comisi\u00f3n         Pastoral de la Tierra) surgi\u00f3 en respuesta a la pasividad del gobierno         frente a otras formas de lucha utilizadas por los sin tierra.<\/strong><\/p>\n<table width=\"40%\" border=\"0\" align=\"right\">\n<tr>\n<td><img decoding=\"async\" border=\"0\" src=\"https:\/\/blogs.sindominio.net\/mstmadrid\/files\/2017\/10\/VIOLEN1.jpg\" style=\"width: 394px; height: 283px;\" \/><\/td>\n<\/tr>\n<tr>\n<td>                          La represi\u00f3n contra los Sin Tierra           <\/td>\n<\/tr>\n<\/table>\n<p align=\"justify\"><strong> Luchas semejantes fueron sucediendo paralelamente         en los dem\u00e1s estados del sur, en Mato Grosso y en S\u00e3o Paulo. Estos actos         se ganaron el apoyo de la sociedad brasilera y empujaron en todo el pa\u00eds         manifestaciones por la democracia. <\/strong><\/p>\n<p align=\"justify\"><strong>En cada estado surg\u00edan ocupaciones de trabajadores         rurales y la noticia se iba expandiendo, caminando rumbo a la construcci\u00f3n         de una entidad de alcance nacional para luchar por la Reforma Agraria.         <\/strong><\/p>\n<p align=\"justify\"><strong>En 1984, en el 1er encuentro de los trabajadores rurales         sin tierra, realizado en Cascavel, (Paran\u00e1), es fundado oficialmente el         MST. En el a\u00f1o siguiente, mientras se iba articulando en otras regiones         brasile\u00f1as, se celebra el 1er Congreso Nacional de los Sin Tierra. <\/strong><\/p>\n<p align=\"justify\"><strong>La historia mostr\u00f3 a los Sin Tierra que sin la lucha         no hay conquistas. Y as\u00ed fueron organizados acampamentos; cupaciones de         tierras, sedes de organismos p\u00fablicos y de multinacionales; destrucci\u00f3n         de plantaciones de transg\u00e9nicos; marchas; huelgas de hambre y otras acciones.         <\/strong><\/p>\n<p align=\"justify\"><strong>La Marcha Nacional por el Empleo, la Justicia y la         Reforma Agraria es uno de los eventos recientes m\u00e1s importantes. Las marchas         partieron de diversos puntos del pa\u00eds y caminaron mil quinientos kil\u00f3metros         hasta llegar a Brasilia el 19 de abril de 1997. Un a\u00f1o despu\u00e9s de la masacre         de Eldorado dos Caraj\u00e1s, m\u00e1s de cien mil personas estuvieron en la explanada         de los Ministerios. <\/strong><\/p>\n<p align=\"justify\"><strong>Otro hecho importante de la historia reciente del         MST fue el cuarto Congreso Nacional, realizado en agosto de 2000, que,         a pesar de las enormes dificultades enfrentadas, como el poco inter\u00e9s         mostrado por el gobierno en la realizaci\u00f3n de la reforma agraria, cont\u00f3         con la participaci\u00f3n de 11 mil congresistas. <\/strong><\/p>\n<table width=\"40%\" height=\"111\" border=\"0\" align=\"left\">\n<tr>\n<td><img decoding=\"async\" border=\"0\" src=\"https:\/\/blogs.sindominio.net\/mstmadrid\/files\/2017\/10\/cong3.jpg\" style=\"width: 329px; height: 228px;\" \/><\/td>\n<\/tr>\n<tr>\n<td>                          IV Congreso Nacional del MST                        <\/td>\n<\/tr>\n<\/table>\n<p align=\"justify\">&nbsp;<\/p>\n<p align=\"justify\"><strong>A lo largo de estos 17 a\u00f1os, el MST comprendi\u00f3 que         la conquista de la tierra no era suficiente. Cr\u00e9dito, vivienda, asistencia         t\u00e9cnica, escuelas, centros de salud y otras necesidades de las familias         sin tierra tambi\u00e9n deber\u00edan ser proporcionadas. Es por eso que las familias         siguen luchando, aunque ya est\u00e9n asentadas. <\/strong><\/p>\n<p align=\"justify\"><strong>Como resultado de estas luchas y de la organizaci\u00f3n         de los trabajadores rurales, existen hoy cerca de 400 asociaciones de         producci\u00f3n, comercializaci\u00f3n y servicios, 49 Cooperativas de Producci\u00f3n         Agropecuaria (CPA), con 2299 asociadas, 32 Cooperativas Regionales de         Comercializaci\u00f3n y tres Cooperativas de cr\u00e9dito con 6521 asociados. Son         96 peque\u00f1as y medias industrias agr\u00edcolas que procesan frutas, hortalizas,         leche y derivados, granos, caf\u00e9, carnes y dulces, que generan empleo,         renta e impuestos beneficiando indirectamente a cerca de 700 peque\u00f1os         municipios del interior del pa\u00eds. <\/strong><\/p>\n<p align=\"justify\"><strong>Unida a la producci\u00f3n est\u00e1 la educaci\u00f3n: cerca de         160 mil ni\u00f1as y ni\u00f1os estudian de la 1\u00aa a la 4\u00aa serie en las 1800 escuelas         p\u00fablicas de los asentamientos. Son cerca de 3900 educadoras y educadores         pagados por los municipios y desarrollando una pedagog\u00eda espec\u00edfica para         las escuelas del campo. En conjunto con la UNESCO y m\u00e1s de 50 universidades,         el MST desarrolla un programa de alfabetizaci\u00f3n de aproximadamente 30         mil j\u00f3venes y adultos en los asentamientos. Est\u00e1n en marcha, en siete         universidades, cursos de Pedagog\u00eda y Magisterio para formar nuevas educadoras         y educadores. <\/strong><\/p>\n<p align=\"justify\"><strong>Hay tambi\u00e9n formaci\u00f3n de t\u00e9cnicos en administraci\u00f3n         de asentamientos, cooperativas y en magisterio para colaborar con el trabajo         desarrollado en los asentamientos a trav\u00e9s de la Escuela T\u00e9cnica Josu\u00e9         de Castro, en Veran\u00f3polis. En 2001 se inici\u00f3 tambi\u00e9n un curso t\u00e9cnico         en Enfermer\u00eda. Y con el apoyo del Ministerio de Medio Ambiente se desarrolla         un Programa de Educaci\u00f3n Ambiental para l\u00edderes, profesores y t\u00e9cnicos         de \u00e1reas de asentamientos. Junto al fot\u00f3grafo Sebasti\u00e3o Salgado se est\u00e1         construyendo una escuela t\u00e9cnica ambientalista en el municipio de Aimores         (Matto Grosso) <\/strong><\/p>\n<p align=\"justify\"><strong>Conscientes de las necesidades de preservar el medio         ambiente y al ser humano, las familias Sin Tierra utilizaron en septiembre         de 1999 las semillas Bionatur, producidas sin la utilizaci\u00f3n de ning\u00fan         tipo de agrot\u00f3xico o insumo qu\u00edmico. Hay aun diversas experiencias de         preservaci\u00f3n de matorral, como en el Pontal do Paranapanema (Sao Paulo),         y la producci\u00f3n de hierbas medicinales. <\/strong><\/p>\n<p align=\"justify\"><strong>En 2001, la lucha del MST estuvo marcada por el car\u00e1cter         internacionalista y de unidad con los movimientos del campo que componen         V\u00eda Campesina en Brasil (MPA, ANMTR, CPT, MAB, PJR, FEAB y SINPAF). Estos         movimientos participaron, juntamente con el MST, en acciones contra los         cultivos transg\u00e9nicos, como la que tuvo lugar en N\u00e3o-Me-Toque, en Rio         Grande do Sul, durante el Foro Social Mundial en enero, en la que los         Sin Tierra destruyeron una plantaci\u00f3n de ma\u00edz transg\u00e9nico de la Monsanto         y ocuparon la f\u00e1brica de esta multinacional en Cama\u00e7ari (Bah\u00eda) durante         la jornada contra el acuerdo existente entre dicha empresa y la Embrapa         (Empresa Brasilera de Pesquisas Agropecuarias) <\/strong><\/p>\n<p align=\"justify\"><strong>V\u00eda Campesina convoc\u00f3 manifestaciones en los cinco         continentes el d\u00eda Internacional de Lucha Campesina, el 17 de abril. En         la lista de reivindicaciones de los movimientos campesinos del mundo constaba         el fin de la intervenci\u00f3n de la OMC (Organizaci\u00f3n Mundial del Comercio)         en la agricultura y un no a los transg\u00e9nicos.<\/strong><\/p>\n<p align=\"justify\"><strong>En 2002, la lucha del MST continua buscando caminar         junto a los movimientos del campo y de la ciudad, para construir un Proyecto         Popular para Brasi<\/strong>l.<\/p>\n","protected":false},"excerpt":{"rendered":"<p>Creado en 1985, el MST act\u00faa hoy en 23 estados, engloba am\u00e1s de 1.5 millones de personas, con trescientas mil familias asentadasy ochenta mil que viven en acampamentos. La lucha por la tierra en Brasil surgi\u00f3 antes que el MST. Canudos y Contestado, al final del siglo XIX, las Ligas Campesinas y Master (Movimiento dos [&hellip;]<\/p>\n","protected":false},"author":150,"featured_media":0,"parent":0,"menu_order":0,"comment_status":"closed","ping_status":"open","template":"","meta":{"footnotes":""},"class_list":["post-2681","page","type-page","status-publish","hentry"],"_links":{"self":[{"href":"https:\/\/blogs.sindominio.net\/mstmadrid\/wp-json\/wp\/v2\/pages\/2681","targetHints":{"allow":["GET"]}}],"collection":[{"href":"https:\/\/blogs.sindominio.net\/mstmadrid\/wp-json\/wp\/v2\/pages"}],"about":[{"href":"https:\/\/blogs.sindominio.net\/mstmadrid\/wp-json\/wp\/v2\/types\/page"}],"author":[{"embeddable":true,"href":"https:\/\/blogs.sindominio.net\/mstmadrid\/wp-json\/wp\/v2\/users\/150"}],"replies":[{"embeddable":true,"href":"https:\/\/blogs.sindominio.net\/mstmadrid\/wp-json\/wp\/v2\/comments?post=2681"}],"version-history":[{"count":2,"href":"https:\/\/blogs.sindominio.net\/mstmadrid\/wp-json\/wp\/v2\/pages\/2681\/revisions"}],"predecessor-version":[{"id":4450,"href":"https:\/\/blogs.sindominio.net\/mstmadrid\/wp-json\/wp\/v2\/pages\/2681\/revisions\/4450"}],"wp:attachment":[{"href":"https:\/\/blogs.sindominio.net\/mstmadrid\/wp-json\/wp\/v2\/media?parent=2681"}],"curies":[{"name":"wp","href":"https:\/\/api.w.org\/{rel}","templated":true}]}}