{"id":4276,"date":"2018-12-02T13:36:27","date_gmt":"2018-12-02T13:36:27","guid":{"rendered":"https:\/\/lacinetika.wordpress.com\/?page_id=4276"},"modified":"2026-04-28T13:39:58","modified_gmt":"2026-04-28T11:39:58","slug":"activitats-periodiques","status":"publish","type":"page","link":"https:\/\/blogs.sindominio.net\/lacinetika\/activitats-periodiques\/","title":{"rendered":"ACTIVITATS PERI\u00d2DIQUES"},"content":{"rendered":"<div class=\"widget_calendar eo-calendar eo-calendar-shortcode eo_widget_calendar\" id=\"eo_shortcode_calendar_0\"><div id=\"eo_shortcode_calendar_0_content\" class=\"eo-widget-cal-wrap\" data-eo-widget-cal-id=\"eo_shortcode_calendar_0\"><table id='wp-calendar'><caption> mayo 2026 <\/caption><thead><tr><th title='lunes' scope='col'>L<\/th><th title='martes' scope='col'>M<\/th><th title='mi\u00e9rcoles' scope='col'>X<\/th><th title='jueves' scope='col'>J<\/th><th title='viernes' scope='col'>V<\/th><th title='s\u00e1bado' scope='col'>S<\/th><th title='domingo' scope='col'>D<\/th><\/tr><\/thead><tbody><tr><td class=\"pad eo-before-month\" colspan=\"1\">&nbsp;<\/td><td class=\"pad eo-before-month\" colspan=\"1\">&nbsp;<\/td><td class=\"pad eo-before-month\" colspan=\"1\">&nbsp;<\/td><td class=\"pad eo-before-month\" colspan=\"1\">&nbsp;<\/td><td data-eo-wc-date='2026-05-01' class='today event eo-event-venue-la-cinetika eo-event-cat-gimnas-projectes eo-event-cat-projectes eo-event-future eo-event-cat-bocaos'> <a title='Entrenament lliure&#013;&#010;Bocaos: Sopador Veg\u00e0' href='https:\/\/blogs.sindominio.net\/lacinetika\/events\/event\/on\/2026\/05\/01'> 1 <\/a><\/td><td data-eo-wc-date='2026-05-02' class='eo-future-date event eo-event-venue-la-cinetika eo-event-cat-juguem-a-la-cinetika eo-event-cat-projectes eo-event-future eo-event-cat-taller-ceramica'> <a title='Juguem a la Cin\u00e8tika&#013;&#010;Nyapur\u00e0mica, taller de cer\u00e0mica' href='https:\/\/blogs.sindominio.net\/lacinetika\/events\/event\/on\/2026\/05\/02'> 2 <\/a><\/td><td data-eo-wc-date='2026-05-03' class='eo-future-date event eo-event-venue-la-cinetika eo-event-future'> <a title='Assemblea General de La Cin\u00e8tika' href='https:\/\/blogs.sindominio.net\/lacinetika\/events\/event\/on\/2026\/05\/03'> 3 <\/a><\/td><\/tr><tr><td data-eo-wc-date='2026-05-04' class='eo-future-date event eo-event-venue-la-cinetika eo-event-cat-gimnas-projectes eo-event-cat-projectes eo-event-future eo-event-cat-col-lectius'> <a title='Grup No Mixte&#013;&#010;Ioga&#013;&#010;Assemblea del Sindicat d\u2019Habitatge de Sant\u00a0Andreu&#013;&#010;Boxa&#013;&#010;Muay Thai\/K1' href='https:\/\/blogs.sindominio.net\/lacinetika\/events\/event\/on\/2026\/05\/04'> 4 <\/a><\/td><td data-eo-wc-date='2026-05-05' class='eo-future-date event eo-event-venue-la-cinetika eo-event-future eo-event-cat-gimnas-projectes eo-event-cat-projectes'> <a title='Muay Thai Matins&#013;&#010;Jiu jitsu&#013;&#010;Ninjutsu&#013;&#010;Muay Thai' href='https:\/\/blogs.sindominio.net\/lacinetika\/events\/event\/on\/2026\/05\/05'> 5 <\/a><\/td><td data-eo-wc-date='2026-05-06' class='eo-future-date event eo-event-venue-la-cinetika eo-event-cat-gimnas-projectes eo-event-cat-projectes eo-event-future eo-event-cat-gimnas eo-event-cat-col-lectius'> <a title='Grup No Mixte&#013;&#010;Ioga, obert a tots els nivells&#013;&#010;Xarxa d&#8217;aliments&#013;&#010;Boxa&#013;&#010;Muay Thai\/K1' href='https:\/\/blogs.sindominio.net\/lacinetika\/events\/event\/on\/2026\/05\/06'> 6 <\/a><\/td><td data-eo-wc-date='2026-05-07' class='eo-future-date event eo-event-venue-la-cinetika eo-event-future eo-event-cat-gimnas-projectes eo-event-cat-projectes eo-event-cat-bicinetika'> <a title='Muay Thai Matins&#013;&#010;Ninjutsu&#013;&#010;Jiu jitsu&#013;&#010;La Bicin\u00e8tika&#013;&#010;Muay Thai' href='https:\/\/blogs.sindominio.net\/lacinetika\/events\/event\/on\/2026\/05\/07'> 7 <\/a><\/td><td data-eo-wc-date='2026-05-08' class='eo-future-date event eo-event-venue-la-cinetika eo-event-cat-gimnas-projectes eo-event-cat-projectes eo-event-future eo-event-cat-bocaos'> <a title='Entrenament lliure&#013;&#010;Bocaos: Sopador Veg\u00e0' href='https:\/\/blogs.sindominio.net\/lacinetika\/events\/event\/on\/2026\/05\/08'> 8 <\/a><\/td><td data-eo-wc-date='2026-05-09' class='eo-future-date event eo-event-venue-la-cinetika eo-event-cat-projectes eo-event-cat-taller-ceramica eo-event-future'> <a title='Nyapur\u00e0mica, taller de cer\u00e0mica' href='https:\/\/blogs.sindominio.net\/lacinetika\/events\/event\/on\/2026\/05\/09'> 9 <\/a><\/td><td data-eo-wc-date='2026-05-10' class='eo-future-date'> 10 <\/td><\/tr><tr><td data-eo-wc-date='2026-05-11' class='eo-future-date event eo-event-venue-la-cinetika eo-event-cat-gimnas-projectes eo-event-cat-projectes eo-event-future eo-event-cat-col-lectius'> <a title='Grup No Mixte&#013;&#010;Ioga&#013;&#010;Assemblea del Sindicat d\u2019Habitatge de Sant\u00a0Andreu&#013;&#010;Boxa&#013;&#010;Muay Thai\/K1' href='https:\/\/blogs.sindominio.net\/lacinetika\/events\/event\/on\/2026\/05\/11'> 11 <\/a><\/td><td data-eo-wc-date='2026-05-12' class='eo-future-date event eo-event-venue-la-cinetika eo-event-future eo-event-cat-gimnas-projectes eo-event-cat-projectes'> <a title='Muay Thai Matins&#013;&#010;Ninjutsu&#013;&#010;Jiu jitsu&#013;&#010;Muay Thai' href='https:\/\/blogs.sindominio.net\/lacinetika\/events\/event\/on\/2026\/05\/12'> 12 <\/a><\/td><td data-eo-wc-date='2026-05-13' class='eo-future-date event eo-event-venue-la-cinetika eo-event-cat-gimnas-projectes eo-event-cat-projectes eo-event-future eo-event-cat-gimnas eo-event-cat-col-lectius eo-event-cat-escola-economia-critica'> <a title='Grup No Mixte&#013;&#010;Ioga, obert a tots els nivells&#013;&#010;Xarxa d&#8217;aliments&#013;&#010;Club de lectura de l\u2019Escola d\u2019economia cr\u00edtica&#013;&#010;Boxa&#013;&#010;Muay Thai\/K1' href='https:\/\/blogs.sindominio.net\/lacinetika\/events\/event\/on\/2026\/05\/13'> 13 <\/a><\/td><td data-eo-wc-date='2026-05-14' class='eo-future-date event eo-event-venue-la-cinetika eo-event-future eo-event-cat-gimnas-projectes eo-event-cat-projectes eo-event-cat-bicinetika'> <a title='Muay Thai Matins&#013;&#010;Ninjutsu&#013;&#010;Jiu jitsu&#013;&#010;La Bicin\u00e8tika&#013;&#010;Muay Thai' href='https:\/\/blogs.sindominio.net\/lacinetika\/events\/event\/on\/2026\/05\/14'> 14 <\/a><\/td><td data-eo-wc-date='2026-05-15' class='eo-future-date event eo-event-venue-la-cinetika eo-event-cat-gimnas-projectes eo-event-cat-projectes eo-event-future eo-event-cat-bocaos'> <a title='Entrenament lliure&#013;&#010;Bocaos: Sopador Veg\u00e0' href='https:\/\/blogs.sindominio.net\/lacinetika\/events\/event\/on\/2026\/05\/15'> 15 <\/a><\/td><td data-eo-wc-date='2026-05-16' class='eo-future-date event eo-event-venue-la-cinetika eo-event-cat-juguem-a-la-cinetica eo-event-future eo-event-cat-projectes eo-event-cat-taller-ceramica'> <a title='Jornades de Jocs Dist\u00f2pics&#013;&#010;Nyapur\u00e0mica, taller de cer\u00e0mica' href='https:\/\/blogs.sindominio.net\/lacinetika\/events\/event\/on\/2026\/05\/16'> 16 <\/a><\/td><td data-eo-wc-date='2026-05-17' class='eo-future-date event eo-event-venue-la-cinetika eo-event-future'> <a title='Assemblea General de La Cin\u00e8tika' href='https:\/\/blogs.sindominio.net\/lacinetika\/events\/event\/on\/2026\/05\/17'> 17 <\/a><\/td><\/tr><tr><td data-eo-wc-date='2026-05-18' class='eo-future-date event eo-event-venue-la-cinetika eo-event-cat-gimnas-projectes eo-event-cat-projectes eo-event-future eo-event-cat-col-lectius'> <a title='Grup No Mixte&#013;&#010;Ioga&#013;&#010;Assemblea del Sindicat d\u2019Habitatge de Sant\u00a0Andreu&#013;&#010;Boxa&#013;&#010;Muay Thai\/K1' href='https:\/\/blogs.sindominio.net\/lacinetika\/events\/event\/on\/2026\/05\/18'> 18 <\/a><\/td><td data-eo-wc-date='2026-05-19' class='eo-future-date event eo-event-venue-la-cinetika eo-event-future eo-event-cat-gimnas-projectes eo-event-cat-projectes'> <a title='Muay Thai Matins&#013;&#010;Ninjutsu&#013;&#010;Jiu jitsu&#013;&#010;Muay Thai' href='https:\/\/blogs.sindominio.net\/lacinetika\/events\/event\/on\/2026\/05\/19'> 19 <\/a><\/td><td data-eo-wc-date='2026-05-20' class='eo-future-date event eo-event-venue-la-cinetika eo-event-cat-gimnas-projectes eo-event-cat-projectes eo-event-future eo-event-cat-gimnas eo-event-cat-col-lectius'> <a title='Grup No Mixte&#013;&#010;Ioga, obert a tots els nivells&#013;&#010;Xarxa d&#8217;aliments&#013;&#010;Boxa&#013;&#010;Muay Thai\/K1' href='https:\/\/blogs.sindominio.net\/lacinetika\/events\/event\/on\/2026\/05\/20'> 20 <\/a><\/td><td data-eo-wc-date='2026-05-21' class='eo-future-date event eo-event-venue-la-cinetika eo-event-future eo-event-cat-bicinetika eo-event-cat-projectes eo-event-cat-gimnas-projectes'> <a title='Muay Thai Matins&#013;&#010;La Bicin\u00e8tika&#013;&#010;Jiu jitsu&#013;&#010;Ninjutsu&#013;&#010;Muay Thai' href='https:\/\/blogs.sindominio.net\/lacinetika\/events\/event\/on\/2026\/05\/21'> 21 <\/a><\/td><td data-eo-wc-date='2026-05-22' class='eo-future-date event eo-event-venue-la-cinetika eo-event-cat-gimnas-projectes eo-event-cat-projectes eo-event-future eo-event-cat-bocaos'> <a title='Entrenament lliure&#013;&#010;Bocaos: Sopador Veg\u00e0' href='https:\/\/blogs.sindominio.net\/lacinetika\/events\/event\/on\/2026\/05\/22'> 22 <\/a><\/td><td data-eo-wc-date='2026-05-23' class='eo-future-date event eo-event-venue-la-cinetika eo-event-cat-projectes eo-event-cat-taller-ceramica eo-event-future'> <a title='Nyapur\u00e0mica, taller de cer\u00e0mica' href='https:\/\/blogs.sindominio.net\/lacinetika\/events\/event\/on\/2026\/05\/23'> 23 <\/a><\/td><td data-eo-wc-date='2026-05-24' class='eo-future-date'> 24 <\/td><\/tr><tr><td data-eo-wc-date='2026-05-25' class='eo-future-date event eo-event-venue-la-cinetika eo-event-cat-gimnas-projectes eo-event-cat-projectes eo-event-future eo-event-cat-col-lectius'> <a title='Grup No Mixte&#013;&#010;Ioga&#013;&#010;Assemblea del Sindicat d\u2019Habitatge de Sant\u00a0Andreu&#013;&#010;Boxa&#013;&#010;Muay Thai\/K1' href='https:\/\/blogs.sindominio.net\/lacinetika\/events\/event\/on\/2026\/05\/25'> 25 <\/a><\/td><td data-eo-wc-date='2026-05-26' class='eo-future-date event eo-event-venue-la-cinetika eo-event-future eo-event-cat-gimnas-projectes eo-event-cat-projectes'> <a title='Muay Thai Matins&#013;&#010;Jiu jitsu&#013;&#010;Ninjutsu&#013;&#010;Muay Thai' href='https:\/\/blogs.sindominio.net\/lacinetika\/events\/event\/on\/2026\/05\/26'> 26 <\/a><\/td><td data-eo-wc-date='2026-05-27' class='eo-future-date event eo-event-venue-la-cinetika eo-event-cat-gimnas-projectes eo-event-cat-projectes eo-event-future eo-event-cat-gimnas eo-event-cat-col-lectius eo-event-cat-escola-economia-critica'> <a title='Grup No Mixte&#013;&#010;Ioga, obert a tots els nivells&#013;&#010;Xarxa d&#8217;aliments&#013;&#010;Club de lectura de l\u2019Escola d\u2019economia cr\u00edtica&#013;&#010;Boxa&#013;&#010;Muay Thai\/K1' href='https:\/\/blogs.sindominio.net\/lacinetika\/events\/event\/on\/2026\/05\/27'> 27 <\/a><\/td><td data-eo-wc-date='2026-05-28' class='eo-future-date event eo-event-venue-la-cinetika eo-event-future eo-event-cat-gimnas-projectes eo-event-cat-projectes eo-event-cat-bicinetika'> <a title='Muay Thai Matins&#013;&#010;Ninjutsu&#013;&#010;Jiu jitsu&#013;&#010;La Bicin\u00e8tika&#013;&#010;Muay Thai' href='https:\/\/blogs.sindominio.net\/lacinetika\/events\/event\/on\/2026\/05\/28'> 28 <\/a><\/td><td data-eo-wc-date='2026-05-29' class='eo-future-date event eo-event-venue-la-cinetika eo-event-cat-gimnas-projectes eo-event-cat-projectes eo-event-future eo-event-cat-bocaos'> <a title='Entrenament lliure&#013;&#010;Bocaos: Sopador Veg\u00e0' href='https:\/\/blogs.sindominio.net\/lacinetika\/events\/event\/on\/2026\/05\/29'> 29 <\/a><\/td><td data-eo-wc-date='2026-05-30' class='eo-future-date event eo-event-venue-la-cinetika eo-event-cat-projectes eo-event-cat-taller-ceramica eo-event-future'> <a title='Nyapur\u00e0mica, taller de cer\u00e0mica' href='https:\/\/blogs.sindominio.net\/lacinetika\/events\/event\/on\/2026\/05\/30'> 30 <\/a><\/td><td data-eo-wc-date='2026-05-31' class='eo-future-date'> 31 <\/td><\/tr><\/tbody><tfoot><tr>\n\t\t\t\t<td id='eo-widget-prev-month' colspan='3'><a title='Mes pasado' href='https:\/\/blogs.sindominio.net\/lacinetika?eo_month=2026-04'>&laquo; Abr<\/a><\/td>\n\t\t\t\t<td class='pad'>&nbsp;<\/td>\n\t\t\t\t<td id='eo-widget-next-month' colspan='3'><a title='Mes pr\u00f3ximo' href='https:\/\/blogs.sindominio.net\/lacinetika?eo_month=2026-06'> Jun &raquo; <\/a><\/td>\n\t\t\t<\/tr><\/tfoot><\/table><\/div><\/div>\n\n\n\n<p><\/p>\n\n\n\n<p>Aquestes s\u00f3n les activitats regulars, de caire peri\u00f2dic, que tenen lloc a La Cin\u00e8tika. Els horaris poden variar temporalment segons les necessitats de cada projecte. Altres activitats puntuals s\u2019anuncien tamb\u00e9 en aquesta web, el nostre canal de telegram i al nostre mastodon.<br>&nbsp;<\/p>\n\n\n\n<p><strong>DILLUNS:<\/strong><\/p>\n\n\n\n<p>GIMN\u00c0S<em>(gim-lacinetika@riseup.net)<\/em>:<\/p>\n\n\n\n<p>9h a 11h <strong>Grup no mixte <\/strong><a href=\"https:\/\/blogs.sindominio.net\/lacinetika\/2023\/11\/06\/recordatori-obertura-dun-grup-no-mixte-dentrenament-funcional\/?hilite=grup+no+mixte\">+info<\/a><\/p>\n\n\n\n<p>11h a 12.30h <strong>Muay Thai \/ K1 No Mixte<\/strong> Iniciaci\u00f3 (Obert a tots els nivells)<\/p>\n\n\n\n<p>17h &#8211; 18h <strong>Yoga<\/strong><br>20:30h -22:30h, <strong>Boxa. <\/strong><em>Obert a tots els nivells.<br><\/em>18.00h &#8211; 20.00h, <strong>K1 \/ Muay Thai. <\/strong><em>Obert a persones amb experi\u00e8ncia pr\u00e8via de Kick boxing o Muay Thai de m\u00ednim 6 mesos seguits.<\/em><\/p>\n\n\n\n<p>PLANTA BAIXA, ENTRADA PRINCIPAL<\/p>\n\n\n\n<p>18h, <strong><a href=\"http:\/\/sindicathabitatgesantandreu.wordpress.com\">Sindicat d\u2019Habitatge de Sant Andreu <\/a><\/strong><em>(santandreuhabitatge@gmail.com)<\/em><\/p>\n\n\n\n<p>SALA 10<br>19:30h, <strong>Cinema Dilluns <\/strong><em>(cinelunes.lacinetika@gmail.com<\/em><em>)<\/em><strong><\/strong><\/p>\n\n\n\n<hr class=\"wp-block-separator has-alpha-channel-opacity\" \/>\n\n\n\n<p><strong>DIMARTS:<\/strong><\/p>\n\n\n\n<p>GIMN\u00c0S <em>(gim-lacinetika@riseup.net)<\/em>:<\/p>\n\n\n\n<p>10:30h a 12:30h\u00a0<strong>Muay Thai <\/strong><br><\/p>\n\n\n\n<p>19.30h &#8211; 21.30h, <strong>Muay Thai.<\/strong><\/p>\n\n\n\n<p>BIBLIOTECA \u00abEL SOTRAC\u00bb<\/p>\n\n\n\n<p>18h &#8211; 20h, <strong><a href=\"https:\/\/elsotrac.wordpress.com\/\" target=\"_blank\" rel=\"noreferrer noopener\">El Sotrac<\/a>.<\/strong> Biblioteca Cr\u00edtica de La Cin\u00e8tika (<em>biblio.lacinetika@riseup.net<\/em>)<\/p>\n\n\n\n<p>ANIMATIKA<br><strong>Projeccions<\/strong> a les 19:30h a la Sala 10.<\/p>\n\n\n\n<hr class=\"wp-block-separator has-alpha-channel-opacity\" \/>\n\n\n\n<p><strong>DIMECRES:<\/strong><\/p>\n\n\n\n<p>XARXA D&#8217;ALIMENTS<br>12:30h, <strong>Repartiment d&#8217;aliments<\/strong>.<\/p>\n\n\n\n<p>PROJECCIONS PORC ROIG <em>(porcroig@proton.me)<\/em><br>19:30h, <strong>Projeccions<\/strong>.<\/p>\n\n\n\n<p>GIMN\u00c0S<em> (gim-lacinetika@riseup.net)<\/em>:<\/p>\n\n\n\n<p>9h a 11h <strong>Grup no mixte<\/strong> <a href=\"https:\/\/blogs.sindominio.net\/lacinetika\/2023\/11\/06\/recordatori-obertura-dun-grup-no-mixte-dentrenament-funcional\/?hilite=grup+no+mixte\">+info<\/a><br>11h a 12h <strong>Yoga<\/strong><\/p>\n\n\n\n<p>17.00h &#8211; 18.30h <strong>Muay Thai \/ K1 No Mixte<\/strong> Iniciaci\u00f3 (Obert a tots els nivells)<\/p>\n\n\n\n<p>18.30h &#8211; 20.30h, <strong>Muay Thai<\/strong>.<em>Obert a tots els nivells.<\/em><br>20:30h -22:30h, <strong>Boxa. <\/strong><em><br>.<\/em><\/p>\n\n\n\n<hr class=\"wp-block-separator has-alpha-channel-opacity\" \/>\n\n\n\n<p><strong>DIJOUS:<\/strong><\/p>\n\n\n\n<p>GIMN\u00c0S <em>(gim-lacinetika@riseup.net)<\/em>:<\/p>\n\n\n\n<p>10:30h a 12:30h <strong>Muay Thai<\/strong><\/p>\n\n\n\n<p><\/p>\n\n\n\n<p>19.30h &#8211; 21.30h, <strong>Muay Thai. <\/strong><em>Obert a tots els nivells.<\/em><\/p>\n\n\n\n<p>GRUP DE PERCUSSI\u00d3 PER PALESTINA<br>12h a la Sala 6 <em>(palipercu@proton.me)<\/em><\/p>\n\n\n\n<p>BIBLIOTECA \u00abEL SOTRAC\u00bb<br>18h &#8211; 20h, <strong><a href=\"https:\/\/elsotrac.wordpress.com\/\" target=\"_blank\" rel=\"noreferrer noopener\">El Sotrac<\/a>.<\/strong> Biblioteca Cr\u00edtica de La Cin\u00e8tika (<em>biblio.lacinetika@riseup.net<\/em>)<\/p>\n\n\n\n<p>TALLER<br>18h &#8211; 21h, <strong>La Bicin\u00e8tika,<\/strong> taller d&#8217;autoreparaci\u00f3 de bicis.<\/p>\n\n\n\n<p>SALA 10<br>20h, <strong>El Cinema <\/strong><strong>dels dijous<\/strong>, <em><strong>Cinef\u00f2rum <\/strong><\/em>(<em>cinema.lacinetika@gmail.com<\/em>)<\/p>\n\n\n\n<hr class=\"wp-block-separator has-alpha-channel-opacity\" \/>\n\n\n\n<p><strong>DIVENDRES:<\/strong><\/p>\n\n\n\n<p>GIMN\u00c0S <em>(gim-lacinetika@riseup.net)<\/em>:17:30h &#8211; 19:30h, <strong>Entrenament lliure. <\/strong><em>( Aquest espai es per les persones que ja participen en alguna activitat del projecte)<\/em><\/p>\n\n\n\n<p>SALA 10<br>19:30h, <strong>El Cinema<\/strong> <strong>dels divendres. <\/strong><em>cinemadelosviernes@gmail.com<\/em><br><em>(Cada primer divendres de mes Cinema Infantil.)<\/em><\/p>\n\n\n\n<p>PLANTA BAIXA, ENTRADA PRINCIPAL<br>21h, <strong>BoCaos<\/strong>: el sopador veg\u00e0 de La Cin\u00e8tika.&nbsp;Vine a cuinar a partir de les 18h<\/p>\n\n\n\n<hr class=\"wp-block-separator has-alpha-channel-opacity\" \/>\n\n\n\n<p><strong>DISSABTE:<\/strong><\/p>\n\n\n\n<p>11h a 13h <strong>Jiu jitsu<\/strong><\/p>\n\n\n\n<p>NYAPUR\u00c0MICA, taller de cer\u00e0mica <em>(tipiverd@gmail.com)<\/em>:<\/p>\n\n\n\n<p>17h a 20h <strong>Taller de cer\u00e0mica<em>.<\/em><\/strong><\/p>\n\n\n\n<hr class=\"wp-block-separator has-alpha-channel-opacity\" \/>\n\n\n\n<p><strong>Per a m\u00e9s activitats consulta aquest blog, sovint trobar\u00e0s alguna activitat o esdeveniment de programaci\u00f3 puntual que sigui interessant.<\/strong><\/p>\n\n\n\n<p><strong>DIUMENGE:<\/strong> <strong>ASSEMBLEA!<\/strong><\/p>\n\n\n\n<p>\u2192 Les <strong>Assemblees de Gesti\u00f3<\/strong> de la Cin\u00e8tika s\u00f3n el primer i el tercer diumenge del mes a les 18 h, i sempre s\u00f3n obertes. Vine, participa i organitza&#8217;t amb nosaltres!<\/p>\n\n\n\n<p>\u2192 <strong>Propostes Externes<\/strong>:&nbsp; a l&#8217;inici de l\u2019Assemblea de Gesti\u00f3, a les 18 h gestionem les propostes d&#8217;activitats puntuals o de continuitat. Abans de venir, consulta la p\u00e0gina de <a href=\"https:\/\/blogs.sindominio.net\/lacinetika\/proposta-dactivitats\/\">Proposta d&#8217;activitats<\/a>&nbsp;&nbsp;i envia un e-mail previament a: <em>propostes_externes_lacinetika@riseup.net<\/em><\/p>\n\n\n\n<p>\u2192 Sempre quan valorem necessari, a l\u2019\u00faltim diumenge de cada mes a les 18 h, tenim <strong>assemblea tem\u00e0tica&nbsp;<\/strong>(*). No es recolliran Propostes Externes, ni nous Projectes.<\/p>\n\n\n\n<p>(*) Les assemblees tem\u00e0tiques s\u00f3n&nbsp;assemblees estrat\u00e8giques i de gesti\u00f3 interna que serveixen per tractar en profunditat temes concrets que afecten al projecte de la Cin\u00e8tika i que requereixen m\u00e9s temps per debatre.<\/p>\n\n\n\n<p><strong>LA CIN\u00c8TIKA, AUT\u00d2NOMA, FEMINISTA I ANTICAPITALISTA!<\/strong><\/p>\n","protected":false},"excerpt":{"rendered":"<div class=\"mh-excerpt\"><p>Aquestes s\u00f3n les activitats regulars, de caire peri\u00f2dic, que tenen lloc a La Cin\u00e8tika. Els horaris poden variar temporalment segons les necessitats de cada projecte. Altres activitats puntuals s\u2019anuncien tamb\u00e9 en aquesta web, el nostre canal de telegram i al nostre mastodon.&nbsp; DILLUNS: GIMN\u00c0S(gim-lacinetika@riseup.net): 9h a 11h Grup no mixte <a class=\"mh-excerpt-more\" href=\"https:\/\/blogs.sindominio.net\/lacinetika\/activitats-periodiques\/\" title=\"ACTIVITATS PERI\u00d2DIQUES\">[&#8230;]<\/a><\/p>\n<\/div>","protected":false},"author":261,"featured_media":9518,"parent":0,"menu_order":0,"comment_status":"closed","ping_status":"closed","template":"template-full.php","meta":{"footnotes":""},"class_list":["post-4276","page","type-page","status-publish","has-post-thumbnail","hentry"],"jetpack_sharing_enabled":true,"_links":{"self":[{"href":"https:\/\/blogs.sindominio.net\/lacinetika\/wp-json\/wp\/v2\/pages\/4276","targetHints":{"allow":["GET"]}}],"collection":[{"href":"https:\/\/blogs.sindominio.net\/lacinetika\/wp-json\/wp\/v2\/pages"}],"about":[{"href":"https:\/\/blogs.sindominio.net\/lacinetika\/wp-json\/wp\/v2\/types\/page"}],"author":[{"embeddable":true,"href":"https:\/\/blogs.sindominio.net\/lacinetika\/wp-json\/wp\/v2\/users\/261"}],"replies":[{"embeddable":true,"href":"https:\/\/blogs.sindominio.net\/lacinetika\/wp-json\/wp\/v2\/comments?post=4276"}],"version-history":[{"count":40,"href":"https:\/\/blogs.sindominio.net\/lacinetika\/wp-json\/wp\/v2\/pages\/4276\/revisions"}],"predecessor-version":[{"id":28020,"href":"https:\/\/blogs.sindominio.net\/lacinetika\/wp-json\/wp\/v2\/pages\/4276\/revisions\/28020"}],"wp:featuredmedia":[{"embeddable":true,"href":"https:\/\/blogs.sindominio.net\/lacinetika\/wp-json\/wp\/v2\/media\/9518"}],"wp:attachment":[{"href":"https:\/\/blogs.sindominio.net\/lacinetika\/wp-json\/wp\/v2\/media?parent=4276"}],"curies":[{"name":"wp","href":"https:\/\/api.w.org\/{rel}","templated":true}]}}