{"id":28342,"date":"2026-05-13T13:04:10","date_gmt":"2026-05-13T11:04:10","guid":{"rendered":"https:\/\/blogs.sindominio.net\/lacinetika\/?page_id=28342"},"modified":"2026-05-13T13:04:12","modified_gmt":"2026-05-13T11:04:12","slug":"rol-a-les-jornades-distopiques","status":"publish","type":"page","link":"https:\/\/blogs.sindominio.net\/lacinetika\/rol-a-les-jornades-distopiques\/","title":{"rendered":"ROL A LES JORNADES DIST\u00d2PIQUES"},"content":{"rendered":"\n<p><strong>LES DARRERS DE L\u2019ESCALA<\/strong><br>Sistema de joc: Fate b\u00e1sic\u00a0<br>Avisos de contingut: Injusticia social\/desnonaments\/edadisme\u00a0<br>Mesures de seguretat: Parlem-ho\u00a0<br>Sin\u00f2psi: Any 2046. La ciutat de Barcelona s\u2019ha convertit en \u201cBcn Google Experience\u2122\u201d, un megacomplex tur\u00edstic en el que tot est\u00e0 controlat per la gran corporaci\u00f3. En aquest context, quatre ve\u00efnes d\u2019un dels darrers inmobles amb ciutadanes miren de resistir a la pressi\u00f3 medi\u00e0tica, social, inmobiliaria i tur\u00edstica. Com ho faran? Aconseguiran mantenir la seva llibertat i les seves vivendes en aquest m\u00f3n hipercapitalita.\u00a0<br>Paraules clau: Gentrificaci\u00f3, capitalisme, edadisme.\u00a0<br>No cal experi\u00e8ncia pr\u00e8via al sistema ni a l\u2019ambientaci\u00f3.\u00a0<br>Edat: a partir de 16 anys.<\/p>\n\n\n\n<p>Inscripcions: <a href=\"https:\/\/my.liberaforms.org\/partides-de-rol-jornades-de-jocs-distopics\">My LiberaForms<\/a><\/p>\n","protected":false},"excerpt":{"rendered":"<div class=\"mh-excerpt\"><p>LES DARRERS DE L\u2019ESCALASistema de joc: Fate b\u00e1sic\u00a0Avisos de contingut: Injusticia social\/desnonaments\/edadisme\u00a0Mesures de seguretat: Parlem-ho\u00a0Sin\u00f2psi: Any 2046. La ciutat de Barcelona s\u2019ha convertit en \u201cBcn Google Experience\u2122\u201d, un megacomplex tur\u00edstic en el que tot est\u00e0 controlat per la gran corporaci\u00f3. En aquest context, quatre ve\u00efnes d\u2019un dels darrers inmobles amb <a class=\"mh-excerpt-more\" href=\"https:\/\/blogs.sindominio.net\/lacinetika\/rol-a-les-jornades-distopiques\/\" title=\"ROL A LES JORNADES DIST\u00d2PIQUES\">[&#8230;]<\/a><\/p>\n<\/div>","protected":false},"author":261,"featured_media":0,"parent":0,"menu_order":0,"comment_status":"closed","ping_status":"closed","template":"template-full.php","meta":{"footnotes":""},"class_list":["post-28342","page","type-page","status-publish","hentry"],"jetpack_sharing_enabled":true,"_links":{"self":[{"href":"https:\/\/blogs.sindominio.net\/lacinetika\/wp-json\/wp\/v2\/pages\/28342","targetHints":{"allow":["GET"]}}],"collection":[{"href":"https:\/\/blogs.sindominio.net\/lacinetika\/wp-json\/wp\/v2\/pages"}],"about":[{"href":"https:\/\/blogs.sindominio.net\/lacinetika\/wp-json\/wp\/v2\/types\/page"}],"author":[{"embeddable":true,"href":"https:\/\/blogs.sindominio.net\/lacinetika\/wp-json\/wp\/v2\/users\/261"}],"replies":[{"embeddable":true,"href":"https:\/\/blogs.sindominio.net\/lacinetika\/wp-json\/wp\/v2\/comments?post=28342"}],"version-history":[{"count":1,"href":"https:\/\/blogs.sindominio.net\/lacinetika\/wp-json\/wp\/v2\/pages\/28342\/revisions"}],"predecessor-version":[{"id":28343,"href":"https:\/\/blogs.sindominio.net\/lacinetika\/wp-json\/wp\/v2\/pages\/28342\/revisions\/28343"}],"wp:attachment":[{"href":"https:\/\/blogs.sindominio.net\/lacinetika\/wp-json\/wp\/v2\/media?parent=28342"}],"curies":[{"name":"wp","href":"https:\/\/api.w.org\/{rel}","templated":true}]}}