{"id":25754,"date":"2025-12-15T13:51:10","date_gmt":"2025-12-15T12:51:10","guid":{"rendered":"https:\/\/blogs.sindominio.net\/lacinetika\/?page_id=25754"},"modified":"2025-12-15T13:51:12","modified_gmt":"2025-12-15T12:51:12","slug":"premsa-i-xxss","status":"publish","type":"page","link":"https:\/\/blogs.sindominio.net\/lacinetika\/premsa-i-xxss\/","title":{"rendered":"PREMSA I XXSS"},"content":{"rendered":"\n<figure class=\"wp-block-image size-full\"><img loading=\"lazy\" decoding=\"async\" width=\"945\" height=\"590\" src=\"https:\/\/blogs.sindominio.net\/lacinetika\/files\/2025\/12\/10.png\" alt=\"\" class=\"wp-image-25755\" srcset=\"https:\/\/blogs.sindominio.net\/lacinetika\/files\/2025\/12\/10.png 945w, https:\/\/blogs.sindominio.net\/lacinetika\/files\/2025\/12\/10-300x187.png 300w, https:\/\/blogs.sindominio.net\/lacinetika\/files\/2025\/12\/10-768x479.png 768w\" sizes=\"auto, (max-width: 945px) 100vw, 945px\" \/><\/figure>\n\n\n\n<p>[CAT] Des dels inicis de l&#8217;okupaci\u00f3 de l&#8217;espai la relaci\u00f3 amb premsa ha estat sempre un tema que hem volgut tractar amb cura.<\/p>\n\n\n\n<p>Com a projecte pol\u00edtic militant som conscients que la premsa, sigui aquesta relativament af\u00ed o no ho sigui per a res, t\u00e9 la seva pr\u00f2pia agenda pol\u00edtica que en moltes ocasions ser\u00e0 contr\u00e0ria o pot posar en perill al propi projecte pol\u00edtic.<\/p>\n\n\n\n<p>\u00c9s per aix\u00f2 que, durant els primers deu anys de l&#8217;espai, i malgrat haver viscut diverses situacions en les quals ens podr\u00edem haver beneficiat d&#8217;una cobertura medi\u00e0tica, s&#8217;ha decidit no parlar amb premsa ni donar entrevistes.<\/p>\n\n\n\n<p>En 2025, davant l&#8217;ofensiva de l&#8217;Ajuntament de Barcelona, s&#8217;ha decidit obrir aquest acord una mica. Per aix\u00f2, mentre que es mant\u00e9 l&#8217;acord de no fer entrevistes, en l&#8217;actualitat l&#8217;acord sobre premsa permet que des de la Cin\u00e8tika contactem amb premsa af\u00ed per a enviar informaci\u00f3 que ens pugui ser d&#8217;utilitat que sigui p\u00fablica en el pla pol\u00edtic per a la campanya de defensa de l&#8217;espai.<\/p>\n\n\n\n<p>Aquesta comunicaci\u00f3 amb premsa ha de ser acurada, respectant sempre els acords del centre social, la seguretat del mateix i sent conscients de la instrumentalitzaci\u00f3 que pot fer la premsa de la informaci\u00f3 que es faciliti des de la Cin\u00e8tika.<\/p>\n\n\n\n<p>En el cas que siguin els propis mitjans de comunicaci\u00f3 els que contactin amb l&#8217;espai per a cobrir una not\u00edcia relacionada, aix\u00f2 sempre haur\u00e0 de parlar-se en l&#8217;assemblea general, s&#8217;hauran de respectar els ritmes de presa de decisions de la Cin\u00e8tika i no es podran trencar els acords de l&#8217;espai actuar aut\u00f2nomament sense haver parlat sobre aquest tema en l&#8217;assemblea.<\/p>\n\n\n\n<p>[CAST] Desde los inicios de la okupaci\u00f3n del espacio la relaci\u00f3n con prensa ha sido siempre un tema que hemos querido tratar con cuidado.<\/p>\n\n\n\n<p>Como proyecto pol\u00edtico militante somos conscientes de que la prensa, sea esta relativamente af\u00edn o no lo sea para nada, tiene su propia agenda pol\u00edtica que en muchas ocasiones va a ser contraria o puede poner en peligro al propio proyecto pol\u00edtico.<\/p>\n\n\n\n<p>Es por esto que, durante los primeros diez a\u00f1os del espacio, y a pesar de haber vivido diversas situaciones en las cuales nos podr\u00edamos haber beneficiado de una cobertura medi\u00e1tica, se ha decidido no hablar con prensa ni dar entrevistas.<\/p>\n\n\n\n<p>En 2025, ante la ofensiva del Ayuntamiento de Barcelona, se ha decidido abrir este acuerdo un poco. Por ello, mientras que se mantiene el acuerdo de no hacer entrevistas, en la actualidad el acuerdo sobre prensa permite que desde la Cin\u00e8tika contactemos con prensa af\u00edn para enviar informaci\u00f3n que nos pueda ser de utilidad que sea p\u00fablica en el plano pol\u00edtico para la campa\u00f1a de defensa del espacio.<\/p>\n\n\n\n<p>Esta comunicaci\u00f3n con prensa debe ser cuidadosa, respetando siempre los acuerdos del centro social, la seguridad del mismo y siendo conscientes de la instrumentalizaci\u00f3n que puede hacer la prensa de la informaci\u00f3n que se facilite desde la Cin\u00e8tika.<\/p>\n\n\n\n<p>En el caso de que sean los propios medios de comunicaci\u00f3n los que contacten con el espacio para cubrir una noticia relacionada, esto siempre deber\u00e1 hablarse en la asamblea general, se deber\u00e1n respetar los ritmos de toma de decisiones de la Cin\u00e8tika y no se podr\u00e1n romper los acuerdos del espacio actuar aut\u00f3nomamente sin haber hablado sobre este tema en la asamblea.<\/p>\n","protected":false},"excerpt":{"rendered":"<div class=\"mh-excerpt\"><p>[CAT] Des dels inicis de l&#8217;okupaci\u00f3 de l&#8217;espai la relaci\u00f3 amb premsa ha estat sempre un tema que hem volgut tractar amb cura. Com a projecte pol\u00edtic militant som conscients que la premsa, sigui aquesta relativament af\u00ed o no ho sigui per a res, t\u00e9 la seva pr\u00f2pia agenda pol\u00edtica <a class=\"mh-excerpt-more\" href=\"https:\/\/blogs.sindominio.net\/lacinetika\/premsa-i-xxss\/\" title=\"PREMSA I XXSS\">[&#8230;]<\/a><\/p>\n<\/div>","protected":false},"author":261,"featured_media":0,"parent":0,"menu_order":0,"comment_status":"closed","ping_status":"closed","template":"","meta":{"footnotes":""},"class_list":["post-25754","page","type-page","status-publish","hentry"],"jetpack_sharing_enabled":true,"_links":{"self":[{"href":"https:\/\/blogs.sindominio.net\/lacinetika\/wp-json\/wp\/v2\/pages\/25754","targetHints":{"allow":["GET"]}}],"collection":[{"href":"https:\/\/blogs.sindominio.net\/lacinetika\/wp-json\/wp\/v2\/pages"}],"about":[{"href":"https:\/\/blogs.sindominio.net\/lacinetika\/wp-json\/wp\/v2\/types\/page"}],"author":[{"embeddable":true,"href":"https:\/\/blogs.sindominio.net\/lacinetika\/wp-json\/wp\/v2\/users\/261"}],"replies":[{"embeddable":true,"href":"https:\/\/blogs.sindominio.net\/lacinetika\/wp-json\/wp\/v2\/comments?post=25754"}],"version-history":[{"count":1,"href":"https:\/\/blogs.sindominio.net\/lacinetika\/wp-json\/wp\/v2\/pages\/25754\/revisions"}],"predecessor-version":[{"id":25756,"href":"https:\/\/blogs.sindominio.net\/lacinetika\/wp-json\/wp\/v2\/pages\/25754\/revisions\/25756"}],"wp:attachment":[{"href":"https:\/\/blogs.sindominio.net\/lacinetika\/wp-json\/wp\/v2\/media?parent=25754"}],"curies":[{"name":"wp","href":"https:\/\/api.w.org\/{rel}","templated":true}]}}