{"id":25743,"date":"2025-12-15T13:39:59","date_gmt":"2025-12-15T12:39:59","guid":{"rendered":"https:\/\/blogs.sindominio.net\/lacinetika\/?page_id=25743"},"modified":"2025-12-15T13:40:02","modified_gmt":"2025-12-15T12:40:02","slug":"defensa-dels-drets-del-treball-sexual","status":"publish","type":"page","link":"https:\/\/blogs.sindominio.net\/lacinetika\/defensa-dels-drets-del-treball-sexual\/","title":{"rendered":"DEFENSA DELS DRETS DEL TREBALL SEXUAL"},"content":{"rendered":"\n<figure class=\"wp-block-image size-full\"><img loading=\"lazy\" decoding=\"async\" width=\"945\" height=\"590\" src=\"https:\/\/blogs.sindominio.net\/lacinetika\/files\/2025\/12\/8.png\" alt=\"\" class=\"wp-image-25744\" srcset=\"https:\/\/blogs.sindominio.net\/lacinetika\/files\/2025\/12\/8.png 945w, https:\/\/blogs.sindominio.net\/lacinetika\/files\/2025\/12\/8-300x187.png 300w, https:\/\/blogs.sindominio.net\/lacinetika\/files\/2025\/12\/8-768x479.png 768w\" sizes=\"auto, (max-width: 945px) 100vw, 945px\" \/><\/figure>\n\n\n\n<p>[CAT]Igual que amb el posicionament transfeminista de la Cin\u00e8tika, durant les jornades internes del Octubreik del 2022 es va decidir explicitar el posicionament de l&#8217;espai a favor de la lluita de lxs trabajadorxs sexuals.<\/p>\n\n\n\n<p>Hist\u00f2ricament, la lluita de lxs trabajadorxs sexuals per a reivindicar el treball sexual com un treball i, per tant, els seus drets com trabajadorxs, ha estat menystinguda en l&#8217;estat espanyol. En els \u00faltims anys des de l&#8217;auge del moviment feminista de 2018 hem observat com a m\u00e9s una part important dels feminismes ha empr\u00e8s un atac acarnissat contra lxs trabajadorxs sexuals i la seva lluita, que ha estat secundeu per la pol\u00edtica institucional.<\/p>\n\n\n\n<p>Per aix\u00f2, sent conscients que el nostre posicionament no marca una gran difer\u00e8ncia, per\u00f2 volent expressar la nostra solidaritat, des de la Cin\u00e8tika hem volgut expressar expl\u00edcitament el nostre a suport a la lluita de lxs trabajadorxs sexuals, fomentar la participaci\u00f3 de la Cin\u00e8tika en les mobilitzacions i oferir el nostre espai per a acollir les propostes o activitats pol\u00edtiques que es vulgui realitzar des d&#8217;aquest moviment.<br><br>Aix\u00ed, despr\u00e9s d&#8217;unes jornades de formaci\u00f3 internes i una taula rodona amb diferents col\u00b7lectius pro drets, la Cin\u00e8tika ha acordat el seu posicionament en suport a la lluita pels drets en el treball sexual.<\/p>\n\n\n\n<p>[CAST] Al igual que con el posicionamiento transfeminista de la Cin\u00e8tika, durante las jornadas internas del Octubreik del 2022 se decidi\u00f3 explicitar el posicionamiento del espacio a favor de la lucha de lxs trabajadorxs sexuales.<\/p>\n\n\n\n<p>Hist\u00f3ricamente, la lucha de lxs trabajadorxs sexuales para reivindicar el trabajo sexual como un trabajo y, por tanto, sus derechos como trabajadorxs, ha sido ninguneada en el estado espa\u00f1ol. En los \u00faltimos a\u00f1os desde el auge del movimiento feminista de 2018 hemos observado como adem\u00e1s una parte importante de los feminismos ha emprendido un ataque encarnizado contra lxs trabajadorxs sexuales y su lucha, que ha sido secundad por la pol\u00edtica institucional.<\/p>\n\n\n\n<p>Por ello, siendo conscientes de que nuestro posicionamiento no marca una gran diferencia, pero queriendo expresar nuestra solidaridad, desde la Cin\u00e8tika hemos querido expresar expl\u00edcitamente nuestro a apoyo a la lucha de lxs trabajadorxs sexuales, fomentar la participaci\u00f3n de la Cin\u00e8tika en las movilizaciones y ofrecer nuestro espacio para acoger las propuestas o actividades pol\u00edticas que se quiera realizar desde dicho movimiento.<\/p>\n\n\n\n<p>As\u00ed, tras unas jornadas de formaci\u00f3n internas y una mesa redonda con diferentes colectivos pro derechos, la Cin\u00e8tika ha acordado su posicionamiento en apoyo a la lucha por los derechos en el trabajo sexual.<\/p>\n","protected":false},"excerpt":{"rendered":"<div class=\"mh-excerpt\"><p>[CAT]Igual que amb el posicionament transfeminista de la Cin\u00e8tika, durant les jornades internes del Octubreik del 2022 es va decidir explicitar el posicionament de l&#8217;espai a favor de la lluita de lxs trabajadorxs sexuals. Hist\u00f2ricament, la lluita de lxs trabajadorxs sexuals per a reivindicar el treball sexual com un treball <a class=\"mh-excerpt-more\" href=\"https:\/\/blogs.sindominio.net\/lacinetika\/defensa-dels-drets-del-treball-sexual\/\" title=\"DEFENSA DELS DRETS DEL TREBALL SEXUAL\">[&#8230;]<\/a><\/p>\n<\/div>","protected":false},"author":261,"featured_media":0,"parent":0,"menu_order":0,"comment_status":"closed","ping_status":"closed","template":"","meta":{"footnotes":""},"class_list":["post-25743","page","type-page","status-publish","hentry"],"jetpack_sharing_enabled":true,"_links":{"self":[{"href":"https:\/\/blogs.sindominio.net\/lacinetika\/wp-json\/wp\/v2\/pages\/25743","targetHints":{"allow":["GET"]}}],"collection":[{"href":"https:\/\/blogs.sindominio.net\/lacinetika\/wp-json\/wp\/v2\/pages"}],"about":[{"href":"https:\/\/blogs.sindominio.net\/lacinetika\/wp-json\/wp\/v2\/types\/page"}],"author":[{"embeddable":true,"href":"https:\/\/blogs.sindominio.net\/lacinetika\/wp-json\/wp\/v2\/users\/261"}],"replies":[{"embeddable":true,"href":"https:\/\/blogs.sindominio.net\/lacinetika\/wp-json\/wp\/v2\/comments?post=25743"}],"version-history":[{"count":1,"href":"https:\/\/blogs.sindominio.net\/lacinetika\/wp-json\/wp\/v2\/pages\/25743\/revisions"}],"predecessor-version":[{"id":25745,"href":"https:\/\/blogs.sindominio.net\/lacinetika\/wp-json\/wp\/v2\/pages\/25743\/revisions\/25745"}],"wp:attachment":[{"href":"https:\/\/blogs.sindominio.net\/lacinetika\/wp-json\/wp\/v2\/media?parent=25743"}],"curies":[{"name":"wp","href":"https:\/\/api.w.org\/{rel}","templated":true}]}}