{"id":25735,"date":"2025-12-15T13:32:25","date_gmt":"2025-12-15T12:32:25","guid":{"rendered":"https:\/\/blogs.sindominio.net\/lacinetika\/?page_id=25735"},"modified":"2025-12-15T13:32:27","modified_gmt":"2025-12-15T12:32:27","slug":"transfeminisme","status":"publish","type":"page","link":"https:\/\/blogs.sindominio.net\/lacinetika\/transfeminisme\/","title":{"rendered":"TRANSFEMINISME"},"content":{"rendered":"\n<figure class=\"wp-block-image size-full\"><img loading=\"lazy\" decoding=\"async\" width=\"945\" height=\"590\" src=\"https:\/\/blogs.sindominio.net\/lacinetika\/files\/2025\/12\/6.png\" alt=\"\" class=\"wp-image-25736\" srcset=\"https:\/\/blogs.sindominio.net\/lacinetika\/files\/2025\/12\/6.png 945w, https:\/\/blogs.sindominio.net\/lacinetika\/files\/2025\/12\/6-300x187.png 300w, https:\/\/blogs.sindominio.net\/lacinetika\/files\/2025\/12\/6-768x479.png 768w\" sizes=\"auto, (max-width: 945px) 100vw, 945px\" \/><\/figure>\n\n\n\n<p>[CAT] Inicialment, La Cin\u00e8tika s&#8217;ha posicionat des dels seus or\u00edgens com un espai feminista amb la intenci\u00f3 de reflectir amb aquest posicionament un dels objectius principals de l&#8217;espai cap als quals caminar.<\/p>\n\n\n\n<p>Com a centre social considerem que el patriarcat com a estructura d&#8217;opressi\u00f3, \u00e9s juntament amb el sistema capitalista, un dels principals objectius de la lluita militant, i prioritzem la lluita per la igualtat de g\u00e8nere tant dins com fora de l&#8217;espai.<\/p>\n\n\n\n<p>Aquesta prioritzaci\u00f3 quant a temes de g\u00e8nere es materialitza en una s\u00e8rie de posicionaments que s&#8217;han anat desenvolupant al llarg dels anys, com s\u00f3n: el posicionament com a espai transfeminista, a favor de la lluita de lxs trabajadorxs sexuals, i el de l&#8217;abordatge de viol\u00e8ncies de g\u00e8nere des d&#8217;una perspectiva antipunitivista i de just\u00edcia transformativa, a m\u00e9s de la creaci\u00f3 de la Comissi\u00f3 de G\u00e8nere per a vehicular aquests abordatges.<\/p>\n\n\n\n<p>Amb la celebraci\u00f3 del mes de jornades internes de l&#8217;espai \u201cOctubreik\u201d l&#8217;any 2022, es va decidir ampliar les bases en mat\u00e8ria de g\u00e8nere per a donar cabuda a la proposta transfeminista i donar suport a la lluita LGTBQ+ que era fortament contestada per la part transexcloent del moviment feminista.<\/p>\n\n\n\n<p>Per aquest motiu es va decidir passar a definir l&#8217;espai com transfeminista, i per a no quedar-nos en la simple definici\u00f3 i ser coherents, es va acordar, d&#8217;una banda, contactar amb diferents col\u00b7lectius transfeministes i LGTBQ+ per a oferir l&#8217;espai per a activitats, assemblees o un altre tipus d&#8217;activitats. Tamb\u00e9, es va decidir realitzar una s\u00e8rie de jornades internes de formaci\u00f3 per a elaborar el posicionament transfeminista, i d&#8217;aquesta manera reafirmar que la Cin\u00e8tika \u00e9s un espai que vol acollir a totes les identitats i expressions de g\u00e8nere, i que fa de la lluita transfeminista un dels seus principals objectius.<\/p>\n\n\n\n<p>Malgrat fer-se efectiu el canvi de definici\u00f3 el proc\u00e9s de treball intern encara no s&#8217;ha donat per finalitzat. Mentre que s&#8217;han prioritzat les activitats transfeministes en l&#8217;espai i es va convidar a diversos col\u00b7lectius, no es va arribar a canviar el nom en els documents, cartells o murals oficials, i la formaci\u00f3 per a la posterior redacci\u00f3 del posicionament final est\u00e0 encara pendent.<\/p>\n\n\n\n<p>[CAST] Inicialmente, La Cin\u00e8tika se ha posicionado desde sus or\u00edgenes como un espacio feminista con la intenci\u00f3n de reflejar con este posicionamiento uno de los objetivos principales del espacio hacia los cuales caminar.<\/p>\n\n\n\n<p>Como centro social consideramos que el patriarcado como estructura de opresi\u00f3n, es junto con el sistema capitalista, uno de los principales objetivos de la lucha militante, y priorizamos la lucha por la igualdad de g\u00e9nero tanto dentro como fuera del espacio.<\/p>\n\n\n\n<p>Esta priorizaci\u00f3n en cuanto a temas de g\u00e9nero se materializa en una serie de posicionamientos que se han ido desarrollando a lo largo de los a\u00f1os, como son: el posicionamiento como espacio transfeminista, a favor de la lucha de lxs trabajadorxs sexuales, y el del abordaje de violencias de g\u00e9nero desde una perspectiva antipunitivista y de justicia transformativa, adem\u00e1s de la creaci\u00f3n de la Comisi\u00f3n de G\u00e9nero para vehicular estos abordajes.<\/p>\n\n\n\n<p>Con la celebraci\u00f3n del mes de jornadas internas del espacio \u201cOctubreik\u201d en el a\u00f1o 2022, se decidi\u00f3 ampliar las bases en materia de g\u00e9nero para dar cabida a la propuesta transfeminista y apoyar la lucha LGTBQ+ que estaba siendo fuertemente contestada por la parte transexcluyente del movimiento feminista.<\/p>\n\n\n\n<p>Por este motivo se decidi\u00f3 pasar a definir el espacio como transfeminista, y para no quedarnos en la simple definici\u00f3n y ser coherentes, se acord\u00f3 por un lado contactar con diferentes colectivos transfeministas y LGTBQ+ para ofrecer el espacio para actividades, asambleas u otro tipo de actividades. Tambi\u00e9n, se decidi\u00f3 realizar una serie de jornadas internas de formaci\u00f3n para elaborar el posicionamiento transfeminista, y de esta manera reafirmar que la Cin\u00e8tika es un espacio que quiere acoger a todas las identidades y expresiones de g\u00e9nero, y que hace de la lucha transfeminista uno de sus principales objetivos.<\/p>\n\n\n\n<p>Pese a hacerse efectivo el cambio de definici\u00f3n el proceso de trabajo interno a\u00fan no se ha dado por finalizado. Mientras que se han priorizado las actividades transfeministas en el espacio y se invit\u00f3 a varios colectivos, no se lleg\u00f3 a cambiar el nombre en los documentos, carteles o murales oficiales, y la formaci\u00f3n para la posterior redacci\u00f3n del posicionamiento final est\u00e1 a\u00fan pendiente.<\/p>\n","protected":false},"excerpt":{"rendered":"<div class=\"mh-excerpt\"><p>[CAT] Inicialment, La Cin\u00e8tika s&#8217;ha posicionat des dels seus or\u00edgens com un espai feminista amb la intenci\u00f3 de reflectir amb aquest posicionament un dels objectius principals de l&#8217;espai cap als quals caminar. Com a centre social considerem que el patriarcat com a estructura d&#8217;opressi\u00f3, \u00e9s juntament amb el sistema capitalista, <a class=\"mh-excerpt-more\" href=\"https:\/\/blogs.sindominio.net\/lacinetika\/transfeminisme\/\" title=\"TRANSFEMINISME\">[&#8230;]<\/a><\/p>\n<\/div>","protected":false},"author":261,"featured_media":0,"parent":0,"menu_order":0,"comment_status":"closed","ping_status":"closed","template":"","meta":{"footnotes":""},"class_list":["post-25735","page","type-page","status-publish","hentry"],"jetpack_sharing_enabled":true,"_links":{"self":[{"href":"https:\/\/blogs.sindominio.net\/lacinetika\/wp-json\/wp\/v2\/pages\/25735","targetHints":{"allow":["GET"]}}],"collection":[{"href":"https:\/\/blogs.sindominio.net\/lacinetika\/wp-json\/wp\/v2\/pages"}],"about":[{"href":"https:\/\/blogs.sindominio.net\/lacinetika\/wp-json\/wp\/v2\/types\/page"}],"author":[{"embeddable":true,"href":"https:\/\/blogs.sindominio.net\/lacinetika\/wp-json\/wp\/v2\/users\/261"}],"replies":[{"embeddable":true,"href":"https:\/\/blogs.sindominio.net\/lacinetika\/wp-json\/wp\/v2\/comments?post=25735"}],"version-history":[{"count":1,"href":"https:\/\/blogs.sindominio.net\/lacinetika\/wp-json\/wp\/v2\/pages\/25735\/revisions"}],"predecessor-version":[{"id":25737,"href":"https:\/\/blogs.sindominio.net\/lacinetika\/wp-json\/wp\/v2\/pages\/25735\/revisions\/25737"}],"wp:attachment":[{"href":"https:\/\/blogs.sindominio.net\/lacinetika\/wp-json\/wp\/v2\/media?parent=25735"}],"curies":[{"name":"wp","href":"https:\/\/api.w.org\/{rel}","templated":true}]}}