{"id":25723,"date":"2025-12-15T13:02:48","date_gmt":"2025-12-15T12:02:48","guid":{"rendered":"https:\/\/blogs.sindominio.net\/lacinetika\/?page_id=25723"},"modified":"2025-12-15T13:02:50","modified_gmt":"2025-12-15T12:02:50","slug":"espai-lliure-de-drogues-i-alcohol","status":"publish","type":"page","link":"https:\/\/blogs.sindominio.net\/lacinetika\/espai-lliure-de-drogues-i-alcohol\/","title":{"rendered":"ESPAI LLIURE DE DROGUES I ALCOHOL"},"content":{"rendered":"\n<figure class=\"wp-block-image size-full\"><img loading=\"lazy\" decoding=\"async\" width=\"945\" height=\"590\" src=\"https:\/\/blogs.sindominio.net\/lacinetika\/files\/2025\/12\/3.png\" alt=\"\" class=\"wp-image-25724\" srcset=\"https:\/\/blogs.sindominio.net\/lacinetika\/files\/2025\/12\/3.png 945w, https:\/\/blogs.sindominio.net\/lacinetika\/files\/2025\/12\/3-300x187.png 300w, https:\/\/blogs.sindominio.net\/lacinetika\/files\/2025\/12\/3-768x479.png 768w\" sizes=\"auto, (max-width: 945px) 100vw, 945px\" \/><\/figure>\n\n\n\n<p>[CAT] Existeixen m\u00faltiples raons per les quals la Cin\u00e8tika \u00e9s un espai lliure de drogues, alcohol i fum. D&#8217;una banda, en la societat en la qual vivim \u00e9s molt comuna que l&#8217;oci giri entorn al consum, ja sigui de subst\u00e0ncies, d&#8217;experi\u00e8ncies o de b\u00e9ns. Com a centre social anticapitalista la intenci\u00f3 de la Cin\u00e8tika \u00e9s trencar amb aquest model d&#8217;oci i entreteniment, oferint activitats que transgredeixen amb aquest model consumista.<br>D&#8217;altra banda, el consum de drogues en els entorns militants \u00e9s una problem\u00e0tica que porta afectant els moviments pol\u00edtics de base des de fa molt temps. La reducci\u00f3 de centres socials okupados, ateneus, okupes i altres espais, a llocs de festa, aix\u00ed com la promoci\u00f3 del consum de drogues en aquests \u00e9s un problema per a la milit\u00e0ncia, que moltes vegades es veu fortament minvada per aquestes din\u00e0miques.<br>\u00c9s com\u00fa trobar-nos que les \u00faniques activitats per a recaptaci\u00f3 de diners per al moviment siguin mitjan\u00e7ant la venda d&#8217;alcohol. Tamb\u00e9 \u00e9s usual que les activitats d&#8217;un centre social es limitin a la celebraci\u00f3 de kafetas o festes, perdent tot el seu potencial pol\u00edtic. Tampoc \u00e9s rar trobar-se que una part important de l&#8217;entorn que freq\u00fcenta els centres socials nom\u00e9s acudeix per a assistir a festes, raves o kafetas sense participar en les activitats pol\u00edtiques que s&#8217;intenten desplegar des dels espais i col\u00b7lectius.<br>L&#8217;acord sobre drogues i alcohol de la Cin\u00e8tika va tamb\u00e9 en l\u00ednia amb el seu posicionament transfeminista i d&#8217;especial atenci\u00f3 a les viol\u00e8ncies de g\u00e8nere, perqu\u00e8 aquestes van sovint unides a contextos de consum de subst\u00e0ncies, i en propiciar llocs de relaci\u00f3 lliures d&#8217;aquestes, es prev\u00e9 en gran manera que es donin situacions violentes en l&#8217;espai.<br>Finalment, en la seva intenci\u00f3 de generar un oci sa i no consumista, una altra de les motivacions per a generar un espai lliure del consum de drogues \u00e9s el de no voler fomentar o potenciar depend\u00e8ncies i addiccions, i l&#8217;impacte que aquestes tenen sobre la vida de les persones. El consum d&#8217;alcohol i altres drogues, \u00e9s molt sovint una de les poques vies de socialitzaci\u00f3 en el m\u00f3n capitalista en el qual vivim. D&#8217;aquesta manera la Cin\u00e8tika no sols es planteja com un espai on no es fomenta aquest consum, sin\u00f3 que a m\u00e9s s&#8217;erigeix com un refugi per a tota aquella persona que vulgui experimentar un altre tipus d&#8217;oci o que necessiti d&#8217;un espai lliure de drogues per a relacionar-se.<br>Per tot aix\u00f2, La Cin\u00e8tika \u00e9s un espai pol\u00edtic i d&#8217;oci alternatiu, on es potencia la creativitat no sols en mat\u00e8ria d&#8217;entreteniment, sin\u00f3 tamb\u00e9 en mat\u00e8ria de finan\u00e7ament de la milit\u00e0ncia i del propi espai, i \u00e9s tamb\u00e9 un lloc on es propicien altres maneres de relacionar-se, obert a una major diversitat de persones per fomentar la generaci\u00f3 d&#8217;iniciatives de socialitzaci\u00f3 menys violentes i lluny del consum de drogues.<\/p>\n\n\n\n<p><\/p>\n\n\n\n<p>[CAST] Existen m\u00faltiples razones por las que la Cin\u00e8tika es un espacio libre de drogas, alcohol y humo. Por un lado, en la sociedad en la que vivimos es muy com\u00fan que el ocio gire entorno al consumo, ya sea de sustancias, de experiencias o de bienes. Como centro social anticapitalista la intenci\u00f3n de la Cin\u00e8tika es romper con este modelo de ocio y entretenimiento, ofreciendo actividades que transgreden con dicho modelo consumista.&nbsp;<\/p>\n\n\n\n<p>Por otro lado, el consumo de drogas en los entornos militantes es una problem\u00e1tica que lleva afectando a los movimientos pol\u00edticos de base desde hace mucho tiempo. La reducci\u00f3n de centros sociales okupados, ateneos, okupas y otros espacios, a lugares de fiesta, as\u00ed como la promoci\u00f3n del consumo de drogas en estos es un problema para la militancia, que muchas veces se ve fuertemente mermada por estas din\u00e1micas.<\/p>\n\n\n\n<p>Es com\u00fan encontrarnos con que las \u00fanicas actividades para recaudaci\u00f3n de dinero para el movimiento sean mediante la venta de alcohol. Tambi\u00e9n es usual que las actividades de un centro social se limiten a la celebraci\u00f3n de kafetas o fiestas, perdiendo todo su potencial pol\u00edtico. Tampoco es raro encontrarse que una parte importante del entorno que frecuenta los centros sociales solo acude para asistir a fiestas, raves o kafetas sin participar en las actividades pol\u00edticas que se intentan desplegar desde los espacios y colectivos.<\/p>\n\n\n\n<p>El acuerdo sobre drogas y alcohol de la Cin\u00e8tika va tambi\u00e9n en l\u00ednea con su posicionamiento transfeminista y de especial atenci\u00f3n a las violencias de g\u00e9nero, pues estas van a menudo unidas a contextos de consumo de sustancias, y al propiciar lugares de relaci\u00f3n libres de estas, se previene en gran medida que se den situaciones violentas en el espacio.<\/p>\n\n\n\n<p>Finalmente, en su intenci\u00f3n de generar un ocio sano y no consumista, otra de las motivaciones para generar un espacio libre del consumo de drogas es el de no querer fomentar o potenciar dependencias y adicciones, y el impacto que estas tienen sobre la vida de las personas. El consumo de alcohol y otras drogas, es muy a menudo una de las pocas v\u00edas de socializaci\u00f3n en el mundo capitalista en el que vivimos. De esta manera la Cin\u00e8tika no solo se plantea como un espacio donde no se fomenta este consumo, sino que adem\u00e1s se erige como un refugio para toda aquella persona que quiera experimentar otro tipo de ocio o que necesite de un espacio libre de drogas para relacionarse.<\/p>\n\n\n\n<p>Por todo ello, La Cin\u00e8tika es un espacio pol\u00edtico y de ocio alternativo, donde se potencia la creatividad no solo en materia de entretenimiento, sino tambi\u00e9n en materia de financiaci\u00f3n de la militancia y del propio espacio, y es tambi\u00e9n un lugar donde se propician otras maneras de relacionarse, abierto a una mayor diversidad de personas por fomentar la generaci\u00f3n de iniciativas de socializaci\u00f3n menos violentas y lejos del consumo de drogas.<\/p>\n","protected":false},"excerpt":{"rendered":"<div class=\"mh-excerpt\"><p>[CAT] Existeixen m\u00faltiples raons per les quals la Cin\u00e8tika \u00e9s un espai lliure de drogues, alcohol i fum. D&#8217;una banda, en la societat en la qual vivim \u00e9s molt comuna que l&#8217;oci giri entorn al consum, ja sigui de subst\u00e0ncies, d&#8217;experi\u00e8ncies o de b\u00e9ns. Com a centre social anticapitalista la <a class=\"mh-excerpt-more\" href=\"https:\/\/blogs.sindominio.net\/lacinetika\/espai-lliure-de-drogues-i-alcohol\/\" title=\"ESPAI LLIURE DE DROGUES I ALCOHOL\">[&#8230;]<\/a><\/p>\n<\/div>","protected":false},"author":261,"featured_media":0,"parent":0,"menu_order":0,"comment_status":"closed","ping_status":"closed","template":"","meta":{"footnotes":""},"class_list":["post-25723","page","type-page","status-publish","hentry"],"jetpack_sharing_enabled":true,"_links":{"self":[{"href":"https:\/\/blogs.sindominio.net\/lacinetika\/wp-json\/wp\/v2\/pages\/25723","targetHints":{"allow":["GET"]}}],"collection":[{"href":"https:\/\/blogs.sindominio.net\/lacinetika\/wp-json\/wp\/v2\/pages"}],"about":[{"href":"https:\/\/blogs.sindominio.net\/lacinetika\/wp-json\/wp\/v2\/types\/page"}],"author":[{"embeddable":true,"href":"https:\/\/blogs.sindominio.net\/lacinetika\/wp-json\/wp\/v2\/users\/261"}],"replies":[{"embeddable":true,"href":"https:\/\/blogs.sindominio.net\/lacinetika\/wp-json\/wp\/v2\/comments?post=25723"}],"version-history":[{"count":1,"href":"https:\/\/blogs.sindominio.net\/lacinetika\/wp-json\/wp\/v2\/pages\/25723\/revisions"}],"predecessor-version":[{"id":25725,"href":"https:\/\/blogs.sindominio.net\/lacinetika\/wp-json\/wp\/v2\/pages\/25723\/revisions\/25725"}],"wp:attachment":[{"href":"https:\/\/blogs.sindominio.net\/lacinetika\/wp-json\/wp\/v2\/media?parent=25723"}],"curies":[{"name":"wp","href":"https:\/\/api.w.org\/{rel}","templated":true}]}}