{"id":25708,"date":"2025-12-15T12:40:03","date_gmt":"2025-12-15T11:40:03","guid":{"rendered":"https:\/\/blogs.sindominio.net\/lacinetika\/?page_id=25708"},"modified":"2025-12-15T13:59:48","modified_gmt":"2025-12-15T12:59:48","slug":"posicionaments-politics","status":"publish","type":"page","link":"https:\/\/blogs.sindominio.net\/lacinetika\/posicionaments-politics\/","title":{"rendered":"POSICIONAMENTS POL\u00cdTICS"},"content":{"rendered":"\n<figure class=\"wp-block-image size-large\"><img loading=\"lazy\" decoding=\"async\" width=\"724\" height=\"1024\" src=\"https:\/\/blogs.sindominio.net\/lacinetika\/files\/2025\/12\/Bases-724x1024.png\" alt=\"\" class=\"wp-image-25709\" srcset=\"https:\/\/blogs.sindominio.net\/lacinetika\/files\/2025\/12\/Bases-724x1024.png 724w, https:\/\/blogs.sindominio.net\/lacinetika\/files\/2025\/12\/Bases-212x300.png 212w, https:\/\/blogs.sindominio.net\/lacinetika\/files\/2025\/12\/Bases-768x1086.png 768w, https:\/\/blogs.sindominio.net\/lacinetika\/files\/2025\/12\/Bases-1086x1536.png 1086w, https:\/\/blogs.sindominio.net\/lacinetika\/files\/2025\/12\/Bases.png 1414w\" sizes=\"auto, (max-width: 724px) 100vw, 724px\" \/><\/figure>\n\n\n\n<p>Aqu\u00ed et pots descarregar el document complet amb el desenvolupament de les bases i els poscicionamientos pol\u00edtics de la Cin\u00e8tika en castell\u00e0:<\/p>\n\n\n\n<div data-wp-interactive=\"core\/file\" class=\"wp-block-file\"><object data-wp-bind--hidden=\"!state.hasPdfPreview\" hidden class=\"wp-block-file__embed\" data=\"https:\/\/blogs.sindominio.net\/lacinetika\/files\/2025\/12\/Posicionamientos-politicos-y-desarrollo-de-las-bases-de-la-Cinetika.pdf\" type=\"application\/pdf\" style=\"width:100%;height:600px\" aria-label=\"Incrustado de Posicionamientos pol\u00edticos y desarrollo de las bases de la Cin\u00e8tika.\"><\/object><a id=\"wp-block-file--media-19b403df-76be-4a27-a6cd-c9decbb8d05a\" href=\"https:\/\/blogs.sindominio.net\/lacinetika\/files\/2025\/12\/Posicionamientos-politicos-y-desarrollo-de-las-bases-de-la-Cinetika.pdf\">Posicionamientos pol\u00edticos y desarrollo de las bases de la Cin\u00e8tika<\/a><a href=\"https:\/\/blogs.sindominio.net\/lacinetika\/files\/2025\/12\/Posicionamientos-politicos-y-desarrollo-de-las-bases-de-la-Cinetika.pdf\" class=\"wp-block-file__button wp-element-button\" download aria-describedby=\"wp-block-file--media-19b403df-76be-4a27-a6cd-c9decbb8d05a\">Descarga<\/a><\/div>\n","protected":false},"excerpt":{"rendered":"<div class=\"mh-excerpt\"><p>Aqu\u00ed et pots descarregar el document complet amb el desenvolupament de les bases i els poscicionamientos pol\u00edtics de la Cin\u00e8tika en castell\u00e0:<\/p>\n<\/div>","protected":false},"author":261,"featured_media":0,"parent":0,"menu_order":0,"comment_status":"closed","ping_status":"closed","template":"","meta":{"footnotes":""},"class_list":["post-25708","page","type-page","status-publish","hentry"],"jetpack_sharing_enabled":true,"_links":{"self":[{"href":"https:\/\/blogs.sindominio.net\/lacinetika\/wp-json\/wp\/v2\/pages\/25708","targetHints":{"allow":["GET"]}}],"collection":[{"href":"https:\/\/blogs.sindominio.net\/lacinetika\/wp-json\/wp\/v2\/pages"}],"about":[{"href":"https:\/\/blogs.sindominio.net\/lacinetika\/wp-json\/wp\/v2\/types\/page"}],"author":[{"embeddable":true,"href":"https:\/\/blogs.sindominio.net\/lacinetika\/wp-json\/wp\/v2\/users\/261"}],"replies":[{"embeddable":true,"href":"https:\/\/blogs.sindominio.net\/lacinetika\/wp-json\/wp\/v2\/comments?post=25708"}],"version-history":[{"count":3,"href":"https:\/\/blogs.sindominio.net\/lacinetika\/wp-json\/wp\/v2\/pages\/25708\/revisions"}],"predecessor-version":[{"id":25762,"href":"https:\/\/blogs.sindominio.net\/lacinetika\/wp-json\/wp\/v2\/pages\/25708\/revisions\/25762"}],"wp:attachment":[{"href":"https:\/\/blogs.sindominio.net\/lacinetika\/wp-json\/wp\/v2\/media?parent=25708"}],"curies":[{"name":"wp","href":"https:\/\/api.w.org\/{rel}","templated":true}]}}