{"id":24992,"date":"2025-11-13T12:26:19","date_gmt":"2025-11-13T11:26:19","guid":{"rendered":"https:\/\/blogs.sindominio.net\/lacinetika\/?page_id=24992"},"modified":"2025-11-21T15:14:16","modified_gmt":"2025-11-21T14:14:16","slug":"projeccio_jornades1312","status":"publish","type":"page","link":"https:\/\/blogs.sindominio.net\/lacinetika\/projeccio_jornades1312\/","title":{"rendered":"PROJECCI\u00d3:"},"content":{"rendered":"\n<p>Pensem que tot i que a totis ens agrada molt jugar, potser alguni necessita descansar una estona, sobretot despr\u00e9s de dinar. <br>Per aix\u00f2 posarem la pelicula \u00abEL JOC DE L&#8217;ENDER\u00bb a sala 10 a les 16h.<\/p>\n\n\n\n<h3 class=\"wp-block-heading\">EL JOC DE L&#8217;ENDER<\/h3>\n\n\n\n<div class=\"wp-block-media-text is-stacked-on-mobile\" style=\"grid-template-columns:31% auto\"><figure class=\"wp-block-media-text__media\"><img loading=\"lazy\" decoding=\"async\" width=\"640\" height=\"660\" src=\"https:\/\/blogs.sindominio.net\/lacinetika\/files\/2025\/11\/photo_2025-11-21_11-32-39.jpg\" alt=\"\" class=\"wp-image-25192 size-full\" srcset=\"https:\/\/blogs.sindominio.net\/lacinetika\/files\/2025\/11\/photo_2025-11-21_11-32-39.jpg 640w, https:\/\/blogs.sindominio.net\/lacinetika\/files\/2025\/11\/photo_2025-11-21_11-32-39-291x300.jpg 291w\" sizes=\"auto, (max-width: 640px) 100vw, 640px\" \/><\/figure><div class=\"wp-block-media-text__content\">\n<p><strong>Any:<\/strong> 2013<br><strong>Duraci\u00f3:<\/strong> 114min<br><strong>Idioma:<\/strong> Catal\u00e0<br><strong>Sin\u00f2psi:<\/strong> Setanta anys despr\u00e9s d&#8217;una guerra entre \u00e9ssers humans i extraterrestres, un nen \u00e9s enviat a una escola militar espacial amb la finalitat de preparar-lo per a una futura invasi\u00f3. Adaptaci\u00f3 de la popular novel\u00b7la de ci\u00e8ncia-ficci\u00f3 de Orson Scott Card.<\/p>\n<\/div><\/div>\n","protected":false},"excerpt":{"rendered":"<div class=\"mh-excerpt\"><p>Pensem que tot i que a totis ens agrada molt jugar, potser alguni necessita descansar una estona, sobretot despr\u00e9s de dinar. Per aix\u00f2 posarem la pelicula \u00abEL JOC DE L&#8217;ENDER\u00bb a sala 10 a les 16h. EL JOC DE L&#8217;ENDER Any: 2013Duraci\u00f3: 114minIdioma: Catal\u00e0Sin\u00f2psi: Setanta anys despr\u00e9s d&#8217;una guerra entre <a class=\"mh-excerpt-more\" href=\"https:\/\/blogs.sindominio.net\/lacinetika\/projeccio_jornades1312\/\" title=\"PROJECCI\u00d3:\">[&#8230;]<\/a><\/p>\n<\/div>","protected":false},"author":261,"featured_media":0,"parent":0,"menu_order":0,"comment_status":"closed","ping_status":"closed","template":"template-full.php","meta":{"footnotes":""},"class_list":["post-24992","page","type-page","status-publish","hentry"],"jetpack_sharing_enabled":true,"_links":{"self":[{"href":"https:\/\/blogs.sindominio.net\/lacinetika\/wp-json\/wp\/v2\/pages\/24992","targetHints":{"allow":["GET"]}}],"collection":[{"href":"https:\/\/blogs.sindominio.net\/lacinetika\/wp-json\/wp\/v2\/pages"}],"about":[{"href":"https:\/\/blogs.sindominio.net\/lacinetika\/wp-json\/wp\/v2\/types\/page"}],"author":[{"embeddable":true,"href":"https:\/\/blogs.sindominio.net\/lacinetika\/wp-json\/wp\/v2\/users\/261"}],"replies":[{"embeddable":true,"href":"https:\/\/blogs.sindominio.net\/lacinetika\/wp-json\/wp\/v2\/comments?post=24992"}],"version-history":[{"count":6,"href":"https:\/\/blogs.sindominio.net\/lacinetika\/wp-json\/wp\/v2\/pages\/24992\/revisions"}],"predecessor-version":[{"id":25200,"href":"https:\/\/blogs.sindominio.net\/lacinetika\/wp-json\/wp\/v2\/pages\/24992\/revisions\/25200"}],"wp:attachment":[{"href":"https:\/\/blogs.sindominio.net\/lacinetika\/wp-json\/wp\/v2\/media?parent=24992"}],"curies":[{"name":"wp","href":"https:\/\/api.w.org\/{rel}","templated":true}]}}