{"id":24986,"date":"2025-11-13T12:20:29","date_gmt":"2025-11-13T11:20:29","guid":{"rendered":"https:\/\/blogs.sindominio.net\/lacinetika\/?page_id=24986"},"modified":"2025-12-07T18:07:27","modified_gmt":"2025-12-07T17:07:27","slug":"rol_jornades1312","status":"publish","type":"page","link":"https:\/\/blogs.sindominio.net\/lacinetika\/rol_jornades1312\/","title":{"rendered":"ROL"},"content":{"rendered":"\n<p>A les jornades tindrem varies taules per jugar a rol. <\/p>\n\n\n\n<h4 class=\"wp-block-heading\">VOLS PROPOSAR UNA PARTIDA DE ROL?<\/h4>\n\n\n\n<p><a href=\"https:\/\/my.liberaforms.org\/jornades-de-jocs-revolucionaris-propostes\">https:\/\/my.liberaforms.org\/jornades-de-jocs-revolucionaris-propostes<\/a><\/p>\n\n\n\n<p>A partir del dia 26 de novembre posarem un formulari d&#8217;inscripcions per les persones que volen jugar!<\/p>\n\n\n\n<h2 class=\"wp-block-heading\">PARTIDES:<\/h2>\n\n\n\n<h3 class=\"wp-block-heading\"><strong>L&#8217;eixam sota les c\u00fapules<\/strong><\/h3>\n\n\n\n<p><strong>Sistema de joc:<\/strong> Trueque revoluciones<br><strong>Avisos de contingut:<\/strong> Viol\u00e8ncia, opressi\u00f3<br><strong>Mesures de seguretat:<\/strong> Targeta X<br><strong>Nombre de jugadoris:<\/strong> Entre 2 i 4<br><strong>Sinopsis:<\/strong> Estem al 2175, el mon es divideix en 2, els opresors i els oprimits, ja fa temps que els rics i poderosos van deixar d\u2019amagar-se del que fan. Van comen\u00e7ar amb manipulacions subtils, controlant el que veiem i qu\u00e8 consumiem, aix\u00f2 ens va fer cada cop mes depenents. Despr\u00e9s ens van comen\u00e7ar a vigilar, controlaven tot all\u00f2 parlavem, que pensavem, amb qui i on anavem\u2026,aix\u00f2 els va donar la informaci\u00f3 que necessitaven. Primer van anar els m\u00e9s pobres, els migrants, aquells a qui la societat rebutjava\u2026havien d\u2019engegar la maquinaria sense revoltes. Tal com esperaven, resta de la poblaci\u00f3 no van fer res i quan ja no hi havia qui ho atur\u00e9s, tots van pendre la llibertat. El m\u00f3n ja no es divers. Nom\u00e9s Els Hereus de la Terra poden gaudir de la terra, de l\u2019aire, de la llibertat, es a dir, de tot all\u00f2 que vulguin mentre la ma d\u2019obra s\u2019ubica en cupules gegants reflectants que amaguen all\u00f2 que no volen veure per\u00f2 que necessiten. Els pobres, la contaminaci\u00f3, els residus,les fabriques\u2026 que els proporcionen tot all\u00f2 que necessiten, els aliments, la roba, capricis de tot tipus. Per mantenir aquest ordre es va crear OmniProtect, una gran corporaci\u00f3 que es l\u2019encarregada de mantenir el nou ordre establert. Els seus treballadors reprimeixen i controlen als treballadors i els proprcionen tot all\u00f2 que volen als Hereus de la Terra a canvi de certs privilegis com no viure a les cupules i tenir un cert benestar. <br>Desde que es van crear les c\u00fapules, les Musaranyes han intentat canviar les coses. Durant anys s\u2019han excavat t\u00fanels entre les c\u00fapules (els Eixams) i s\u2019han creat espais de resist\u00e8ncia, autonom\u00eda i autogesti\u00f3. La majoria de gent no t\u00e9 clar si son reals o son un mite. Vosaltres formeu part de les Musaranyes<br><strong>Paraules clau:<\/strong> Revoluci\u00f3, resist\u00e8ncia, futur, opressi\u00f3, lluita de classes<br><strong>NO CAL EXPERIENCIA PREVIA EN JOCS DE ROL<\/strong><\/p>\n\n\n\n<h3 class=\"wp-block-heading\">Fugida de Serevrisk<\/h3>\n\n\n\n<p><strong>Sistema de joc:<\/strong> Vides en guerra<br><strong>Avisos de contingut:<\/strong> Viol\u00e8ncia, mis\u00e8ria, fam, malalties, mort<br><strong>Mesures de seguretat: <\/strong>Tarja X, l\u00ednies i vels<br><strong>Nombre de jugadoris:<\/strong> Entre 2 i 3<br><strong>Sinopsis:<\/strong> Una fam\u00edlia (les personatges) tenen un familiar proper (germ\u00e0\/fill\/\u2026) greument malalt, tamb\u00e9 es troben atrapades en una ciutat assetjada d&#8217;Ukrania (o on sigui). Mentre intenten sobreviure i busquen un remei per pal\u00b7liar la malaltia, descobreixen una possibilitat de fugir de la guerra, podran arribar a sortirse&#8217;n totes?<br><strong>Paraules clau: <\/strong>Drets humans, la vida dels civils en conflictes armats<br><strong>NO CAL EXPERIENCIA PREVIA EN JOCS DE ROL<\/strong><\/p>\n","protected":false},"excerpt":{"rendered":"<div class=\"mh-excerpt\"><p>A les jornades tindrem varies taules per jugar a rol. VOLS PROPOSAR UNA PARTIDA DE ROL? https:\/\/my.liberaforms.org\/jornades-de-jocs-revolucionaris-propostes A partir del dia 26 de novembre posarem un formulari d&#8217;inscripcions per les persones que volen jugar! PARTIDES: L&#8217;eixam sota les c\u00fapules Sistema de joc: Trueque revolucionesAvisos de contingut: Viol\u00e8ncia, opressi\u00f3Mesures de seguretat: <a class=\"mh-excerpt-more\" href=\"https:\/\/blogs.sindominio.net\/lacinetika\/rol_jornades1312\/\" title=\"ROL\">[&#8230;]<\/a><\/p>\n<\/div>","protected":false},"author":261,"featured_media":0,"parent":0,"menu_order":0,"comment_status":"closed","ping_status":"closed","template":"template-full.php","meta":{"footnotes":""},"class_list":["post-24986","page","type-page","status-publish","hentry"],"jetpack_sharing_enabled":true,"_links":{"self":[{"href":"https:\/\/blogs.sindominio.net\/lacinetika\/wp-json\/wp\/v2\/pages\/24986","targetHints":{"allow":["GET"]}}],"collection":[{"href":"https:\/\/blogs.sindominio.net\/lacinetika\/wp-json\/wp\/v2\/pages"}],"about":[{"href":"https:\/\/blogs.sindominio.net\/lacinetika\/wp-json\/wp\/v2\/types\/page"}],"author":[{"embeddable":true,"href":"https:\/\/blogs.sindominio.net\/lacinetika\/wp-json\/wp\/v2\/users\/261"}],"replies":[{"embeddable":true,"href":"https:\/\/blogs.sindominio.net\/lacinetika\/wp-json\/wp\/v2\/comments?post=24986"}],"version-history":[{"count":6,"href":"https:\/\/blogs.sindominio.net\/lacinetika\/wp-json\/wp\/v2\/pages\/24986\/revisions"}],"predecessor-version":[{"id":25566,"href":"https:\/\/blogs.sindominio.net\/lacinetika\/wp-json\/wp\/v2\/pages\/24986\/revisions\/25566"}],"wp:attachment":[{"href":"https:\/\/blogs.sindominio.net\/lacinetika\/wp-json\/wp\/v2\/media?parent=24986"}],"curies":[{"name":"wp","href":"https:\/\/api.w.org\/{rel}","templated":true}]}}