{"id":24980,"date":"2025-11-13T12:15:02","date_gmt":"2025-11-13T11:15:02","guid":{"rendered":"https:\/\/blogs.sindominio.net\/lacinetika\/?page_id=24980"},"modified":"2025-11-21T11:36:24","modified_gmt":"2025-11-21T10:36:24","slug":"gentrifi-que_jornades1312","status":"publish","type":"page","link":"https:\/\/blogs.sindominio.net\/lacinetika\/gentrifi-que_jornades1312\/","title":{"rendered":"GENTRIFI-QU\u00c8?"},"content":{"rendered":"\n<p>A partir de les 18,30h jugarem totis al Gentrifi-que? de Mem\u00f2ria Lluita i Resist\u00e8ncia.<\/p>\n\n\n\n<p>Es un jooc que aborda la Gentrificaci\u00f3 desde les seves bases materials i serveix per explicar la Gentrificaci\u00f3, els seus s\u00edmptomes i les seves conseq\u00fc\u00e8ncies.<\/p>\n\n\n\n<p>La din\u00e0mica es basa en la construcci\u00f3 col\u00b7lectiva d\u2019un territori a partir de seleccionar infraestructures que a cada personatge li siguin necess\u00e0ries. Aix\u00f2 s\u00ed, mitjan\u00e7ant eines de mediaci\u00f3 i negociaci\u00f3 amb la resta de membres del territori (taula).<\/p>\n\n\n\n<p>El joc aborda viol\u00e8ncies immobili\u00e0ries i tamb\u00e9 possibles resist\u00e8ncies d\u2019alliberament de s\u00f2l (com les experi\u00e8ncies cooperatives, l\u2019habitatge p\u00fablic i l\u2019okupaci\u00f3).<\/p>\n\n\n\n<p>Es un joc intergeneracional apte a partir dels 12-13 anys<\/p>\n\n\n\n<figure class=\"wp-block-image\"><img loading=\"lazy\" decoding=\"async\" width=\"724\" height=\"1024\" src=\"https:\/\/blogs.sindominio.net\/lacinetika\/files\/2025\/11\/Guia-del-joc-Gentrifique-724x1024.jpg\" alt=\"\" class=\"wp-image-24981\" srcset=\"https:\/\/blogs.sindominio.net\/lacinetika\/files\/2025\/11\/Guia-del-joc-Gentrifique-724x1024.jpg 724w, https:\/\/blogs.sindominio.net\/lacinetika\/files\/2025\/11\/Guia-del-joc-Gentrifique-212x300.jpg 212w, https:\/\/blogs.sindominio.net\/lacinetika\/files\/2025\/11\/Guia-del-joc-Gentrifique-768x1086.jpg 768w, https:\/\/blogs.sindominio.net\/lacinetika\/files\/2025\/11\/Guia-del-joc-Gentrifique-1086x1536.jpg 1086w, https:\/\/blogs.sindominio.net\/lacinetika\/files\/2025\/11\/Guia-del-joc-Gentrifique-1448x2048.jpg 1448w, https:\/\/blogs.sindominio.net\/lacinetika\/files\/2025\/11\/Guia-del-joc-Gentrifique-scaled.jpg 1810w\" sizes=\"auto, (max-width: 724px) 100vw, 724px\" \/><\/figure>\n","protected":false},"excerpt":{"rendered":"<div class=\"mh-excerpt\"><p>A partir de les 18,30h jugarem totis al Gentrifi-que? de Mem\u00f2ria Lluita i Resist\u00e8ncia. Es un jooc que aborda la Gentrificaci\u00f3 desde les seves bases materials i serveix per explicar la Gentrificaci\u00f3, els seus s\u00edmptomes i les seves conseq\u00fc\u00e8ncies. La din\u00e0mica es basa en la construcci\u00f3 col\u00b7lectiva d\u2019un territori a <a class=\"mh-excerpt-more\" href=\"https:\/\/blogs.sindominio.net\/lacinetika\/gentrifi-que_jornades1312\/\" title=\"GENTRIFI-QU\u00c8?\">[&#8230;]<\/a><\/p>\n<\/div>","protected":false},"author":261,"featured_media":0,"parent":0,"menu_order":0,"comment_status":"closed","ping_status":"closed","template":"template-full.php","meta":{"footnotes":""},"class_list":["post-24980","page","type-page","status-publish","hentry"],"jetpack_sharing_enabled":true,"_links":{"self":[{"href":"https:\/\/blogs.sindominio.net\/lacinetika\/wp-json\/wp\/v2\/pages\/24980","targetHints":{"allow":["GET"]}}],"collection":[{"href":"https:\/\/blogs.sindominio.net\/lacinetika\/wp-json\/wp\/v2\/pages"}],"about":[{"href":"https:\/\/blogs.sindominio.net\/lacinetika\/wp-json\/wp\/v2\/types\/page"}],"author":[{"embeddable":true,"href":"https:\/\/blogs.sindominio.net\/lacinetika\/wp-json\/wp\/v2\/users\/261"}],"replies":[{"embeddable":true,"href":"https:\/\/blogs.sindominio.net\/lacinetika\/wp-json\/wp\/v2\/comments?post=24980"}],"version-history":[{"count":4,"href":"https:\/\/blogs.sindominio.net\/lacinetika\/wp-json\/wp\/v2\/pages\/24980\/revisions"}],"predecessor-version":[{"id":25196,"href":"https:\/\/blogs.sindominio.net\/lacinetika\/wp-json\/wp\/v2\/pages\/24980\/revisions\/25196"}],"wp:attachment":[{"href":"https:\/\/blogs.sindominio.net\/lacinetika\/wp-json\/wp\/v2\/media?parent=24980"}],"curies":[{"name":"wp","href":"https:\/\/api.w.org\/{rel}","templated":true}]}}