{"id":15944,"date":"2023-09-27T12:13:33","date_gmt":"2023-09-27T10:13:33","guid":{"rendered":"https:\/\/lacinetika.wordpress.com\/?page_id=15944"},"modified":"2026-03-17T10:56:40","modified_gmt":"2026-03-17T09:56:40","slug":"comunicats","status":"publish","type":"page","link":"https:\/\/blogs.sindominio.net\/lacinetika\/comunicats\/","title":{"rendered":"Comunicats"},"content":{"rendered":"\n<figure class=\"wp-block-embed is-type-wp-embed is-provider-la-cin-tika wp-block-embed-la-cin-tika\"><div class=\"wp-block-embed__wrapper\">\n<blockquote class=\"wp-embedded-content\" data-secret=\"6wgEgY89mb\"><a href=\"https:\/\/blogs.sindominio.net\/lacinetika\/2026\/03\/17\/24-03-26-concentracio-defensem-la-cinetika\/\">24\/03\/26 Concentraci\u00f3: Defensem La Cin\u00e8tika!<\/a><\/blockquote><iframe loading=\"lazy\" class=\"wp-embedded-content\" sandbox=\"allow-scripts\" security=\"restricted\" style=\"position: absolute; visibility: hidden;\" title=\"\u00ab24\/03\/26 Concentraci\u00f3: Defensem La Cin\u00e8tika!\u00bb \u2014 La Cin\u00e8tika\" src=\"https:\/\/blogs.sindominio.net\/lacinetika\/2026\/03\/17\/24-03-26-concentracio-defensem-la-cinetika\/embed\/#?secret=05tIdTVNg0#?secret=6wgEgY89mb\" data-secret=\"6wgEgY89mb\" width=\"500\" height=\"282\" frameborder=\"0\" marginwidth=\"0\" marginheight=\"0\" scrolling=\"no\"><\/iframe>\n<\/div><\/figure>\n\n\n\n<figure class=\"wp-block-embed is-type-wp-embed is-provider-la-cin-tika wp-block-embed-la-cin-tika\"><div class=\"wp-block-embed__wrapper\">\n<blockquote class=\"wp-embedded-content\" data-secret=\"jV50HpUUrb\"><a href=\"https:\/\/blogs.sindominio.net\/lacinetika\/2025\/12\/09\/el-psc-fa-negoci-desmuntant-sant-andreu\/\">El PSC fa negoci desmuntant Sant Andreu<\/a><\/blockquote><iframe loading=\"lazy\" class=\"wp-embedded-content\" sandbox=\"allow-scripts\" security=\"restricted\" style=\"position: absolute; visibility: hidden;\" title=\"\u00abEl PSC fa negoci desmuntant Sant Andreu\u00bb \u2014 La Cin\u00e8tika\" src=\"https:\/\/blogs.sindominio.net\/lacinetika\/2025\/12\/09\/el-psc-fa-negoci-desmuntant-sant-andreu\/embed\/#?secret=cIsWzDHndU#?secret=jV50HpUUrb\" data-secret=\"jV50HpUUrb\" width=\"500\" height=\"282\" frameborder=\"0\" marginwidth=\"0\" marginheight=\"0\" scrolling=\"no\"><\/iframe>\n<\/div><\/figure>\n\n\n\n<figure class=\"wp-block-embed is-type-wp-embed is-provider-la-cin-tika wp-block-embed-la-cin-tika\"><div class=\"wp-block-embed__wrapper\">\n<blockquote class=\"wp-embedded-content\" data-secret=\"1xSK1ZWXTv\"><a href=\"https:\/\/blogs.sindominio.net\/lacinetika\/2025\/10\/23\/collboni-falta-a-la-seva-cita\/\">Collboni falta a la seva cita<\/a><\/blockquote><iframe loading=\"lazy\" class=\"wp-embedded-content\" sandbox=\"allow-scripts\" security=\"restricted\" style=\"position: absolute; visibility: hidden;\" title=\"\u00abCollboni falta a la seva cita\u00bb \u2014 La Cin\u00e8tika\" src=\"https:\/\/blogs.sindominio.net\/lacinetika\/2025\/10\/23\/collboni-falta-a-la-seva-cita\/embed\/#?secret=uKLu0zFT8o#?secret=1xSK1ZWXTv\" data-secret=\"1xSK1ZWXTv\" width=\"500\" height=\"282\" frameborder=\"0\" marginwidth=\"0\" marginheight=\"0\" scrolling=\"no\"><\/iframe>\n<\/div><\/figure>\n\n\n\n<figure class=\"wp-block-embed is-type-wp-embed is-provider-la-cin-tika wp-block-embed-la-cin-tika\"><div class=\"wp-block-embed__wrapper\">\n<blockquote class=\"wp-embedded-content\" data-secret=\"RZ3qOlhsuI\"><a href=\"https:\/\/blogs.sindominio.net\/lacinetika\/2025\/10\/22\/una-barricada-popular-enfront-de-lalianca-feixista-neoliberal\/\">Una barricada popular enfront de l&#8217;alian\u00e7a feixista-neoliberal<\/a><\/blockquote><iframe loading=\"lazy\" class=\"wp-embedded-content\" sandbox=\"allow-scripts\" security=\"restricted\" style=\"position: absolute; visibility: hidden;\" title=\"\u00abUna barricada popular enfront de l&#8217;alian\u00e7a feixista-neoliberal\u00bb \u2014 La Cin\u00e8tika\" src=\"https:\/\/blogs.sindominio.net\/lacinetika\/2025\/10\/22\/una-barricada-popular-enfront-de-lalianca-feixista-neoliberal\/embed\/#?secret=jzAcVrNdbM#?secret=RZ3qOlhsuI\" data-secret=\"RZ3qOlhsuI\" width=\"500\" height=\"282\" frameborder=\"0\" marginwidth=\"0\" marginheight=\"0\" scrolling=\"no\"><\/iframe>\n<\/div><\/figure>\n\n\n\n<figure class=\"wp-block-embed is-type-wp-embed is-provider-la-cin-tika wp-block-embed-la-cin-tika\"><div class=\"wp-block-embed__wrapper\">\n<blockquote class=\"wp-embedded-content\" data-secret=\"HWzpoq1bKZ\"><a href=\"https:\/\/blogs.sindominio.net\/lacinetika\/2025\/10\/21\/avui-com-sempre-defensem-la-cinetika-defensa-la-amb-nosaltris\/\">Avui com sempre&#8230;Defensem La Cin\u00e8tika! &#8211; Defensa-la amb nosaltris!<\/a><\/blockquote><iframe loading=\"lazy\" class=\"wp-embedded-content\" sandbox=\"allow-scripts\" security=\"restricted\" style=\"position: absolute; visibility: hidden;\" title=\"\u00abAvui com sempre&#8230;Defensem La Cin\u00e8tika! &#8211; Defensa-la amb nosaltris!\u00bb \u2014 La Cin\u00e8tika\" src=\"https:\/\/blogs.sindominio.net\/lacinetika\/2025\/10\/21\/avui-com-sempre-defensem-la-cinetika-defensa-la-amb-nosaltris\/embed\/#?secret=LYKNjO6qw1#?secret=HWzpoq1bKZ\" data-secret=\"HWzpoq1bKZ\" width=\"500\" height=\"282\" frameborder=\"0\" marginwidth=\"0\" marginheight=\"0\" scrolling=\"no\"><\/iframe>\n<\/div><\/figure>\n\n\n\n<figure class=\"wp-block-embed is-type-wp-embed is-provider-la-cin-tika wp-block-embed-la-cin-tika\"><div class=\"wp-block-embed__wrapper\">\n<blockquote class=\"wp-embedded-content\" data-secret=\"n1juCHG7aj\"><a href=\"https:\/\/blogs.sindominio.net\/lacinetika\/2025\/09\/23\/defensem-la-cinetika-2\/\">Defensem La Cin\u00e8tika<\/a><\/blockquote><iframe loading=\"lazy\" class=\"wp-embedded-content\" sandbox=\"allow-scripts\" security=\"restricted\" style=\"position: absolute; visibility: hidden;\" title=\"\u00abDefensem La Cin\u00e8tika\u00bb \u2014 La Cin\u00e8tika\" src=\"https:\/\/blogs.sindominio.net\/lacinetika\/2025\/09\/23\/defensem-la-cinetika-2\/embed\/#?secret=961RpcoUNK#?secret=n1juCHG7aj\" data-secret=\"n1juCHG7aj\" width=\"500\" height=\"282\" frameborder=\"0\" marginwidth=\"0\" marginheight=\"0\" scrolling=\"no\"><\/iframe>\n<\/div><\/figure>\n\n\n\n<figure class=\"wp-block-embed is-type-wp-embed is-provider-la-cin-tika wp-block-embed-la-cin-tika\"><div class=\"wp-block-embed__wrapper\">\n<blockquote class=\"wp-embedded-content\" data-secret=\"PNVT2Xu2AJ\"><a href=\"https:\/\/blogs.sindominio.net\/lacinetika\/2025\/08\/19\/atencio-defensem-la-cinetika\/\">Atenci\u00f3! Defensem La Cin\u00e8tika!<\/a><\/blockquote><iframe loading=\"lazy\" class=\"wp-embedded-content\" sandbox=\"allow-scripts\" security=\"restricted\" style=\"position: absolute; visibility: hidden;\" title=\"\u00abAtenci\u00f3! Defensem La Cin\u00e8tika!\u00bb \u2014 La Cin\u00e8tika\" src=\"https:\/\/blogs.sindominio.net\/lacinetika\/2025\/08\/19\/atencio-defensem-la-cinetika\/embed\/#?secret=UI4KsfGPuE#?secret=PNVT2Xu2AJ\" data-secret=\"PNVT2Xu2AJ\" width=\"500\" height=\"282\" frameborder=\"0\" marginwidth=\"0\" marginheight=\"0\" scrolling=\"no\"><\/iframe>\n<\/div><\/figure>\n\n\n\n<figure class=\"wp-block-embed is-type-wp-embed is-provider-la-cin-tika wp-block-embed-la-cin-tika\"><div class=\"wp-block-embed__wrapper\">\n<blockquote class=\"wp-embedded-content\" data-secret=\"kdU9WMCGks\"><a href=\"https:\/\/blogs.sindominio.net\/lacinetika\/2023\/05\/16\/la-cinetika-respon-davant-del-puntivisme-transformacio-col%c2%b7lectiva\/\">La Cin\u00e8tika respon: davant del puntivisme, transformaci\u00f3 col\u00b7lectiva<\/a><\/blockquote><iframe loading=\"lazy\" class=\"wp-embedded-content\" sandbox=\"allow-scripts\" security=\"restricted\" style=\"position: absolute; visibility: hidden;\" title=\"\u00abLa Cin\u00e8tika respon: davant del puntivisme, transformaci\u00f3 col\u00b7lectiva\u00bb \u2014 La Cin\u00e8tika\" src=\"https:\/\/blogs.sindominio.net\/lacinetika\/2023\/05\/16\/la-cinetika-respon-davant-del-puntivisme-transformacio-col%c2%b7lectiva\/embed\/#?secret=twCcgO6QVv#?secret=kdU9WMCGks\" data-secret=\"kdU9WMCGks\" width=\"500\" height=\"282\" frameborder=\"0\" marginwidth=\"0\" marginheight=\"0\" scrolling=\"no\"><\/iframe>\n<\/div><\/figure>\n\n\n\n<figure class=\"wp-block-embed is-type-wp-embed is-provider-la-cin-tika wp-block-embed-la-cin-tika\"><div class=\"wp-block-embed__wrapper\">\n<blockquote class=\"wp-embedded-content\" data-secret=\"cKz09m8N0J\"><a href=\"https:\/\/blogs.sindominio.net\/lacinetika\/2023\/04\/18\/desenmascarem-la-infiltracio-campanya-politica-i-dagitacio\/\">Desenmascarem la infiltraci\u00f3 &#8211; Campanya pol\u00edtica i d&#8217;agitaci\u00f3<\/a><\/blockquote><iframe loading=\"lazy\" class=\"wp-embedded-content\" sandbox=\"allow-scripts\" security=\"restricted\" style=\"position: absolute; visibility: hidden;\" title=\"\u00abDesenmascarem la infiltraci\u00f3 &#8211; Campanya pol\u00edtica i d&#8217;agitaci\u00f3\u00bb \u2014 La Cin\u00e8tika\" src=\"https:\/\/blogs.sindominio.net\/lacinetika\/2023\/04\/18\/desenmascarem-la-infiltracio-campanya-politica-i-dagitacio\/embed\/#?secret=m1cLlWdmwM#?secret=cKz09m8N0J\" data-secret=\"cKz09m8N0J\" width=\"500\" height=\"282\" frameborder=\"0\" marginwidth=\"0\" marginheight=\"0\" scrolling=\"no\"><\/iframe>\n<\/div><\/figure>\n\n\n\n<figure class=\"wp-block-embed is-type-wp-embed is-provider-la-cin-tika wp-block-embed-la-cin-tika\"><div class=\"wp-block-embed__wrapper\">\n<blockquote class=\"wp-embedded-content\" data-secret=\"GsUCU6b2pD\"><a href=\"https:\/\/blogs.sindominio.net\/lacinetika\/2023\/02\/02\/comunicat-de-la-cinetika-entorn-al-policia-infiltrat-a-lespai\/\">Comunicat de La Cin\u00e8tika entorn al policia infiltrat a l&#8217;espai<\/a><\/blockquote><iframe loading=\"lazy\" class=\"wp-embedded-content\" sandbox=\"allow-scripts\" security=\"restricted\" style=\"position: absolute; visibility: hidden;\" title=\"\u00abComunicat de La Cin\u00e8tika entorn al policia infiltrat a l&#8217;espai\u00bb \u2014 La Cin\u00e8tika\" src=\"https:\/\/blogs.sindominio.net\/lacinetika\/2023\/02\/02\/comunicat-de-la-cinetika-entorn-al-policia-infiltrat-a-lespai\/embed\/#?secret=rZGr9FtYl0#?secret=GsUCU6b2pD\" data-secret=\"GsUCU6b2pD\" width=\"500\" height=\"282\" frameborder=\"0\" marginwidth=\"0\" marginheight=\"0\" scrolling=\"no\"><\/iframe>\n<\/div><\/figure>\n\n\n\n<figure class=\"wp-block-embed is-type-wp-embed is-provider-la-cin-tika wp-block-embed-la-cin-tika\"><div class=\"wp-block-embed__wrapper\">\n<blockquote class=\"wp-embedded-content\" data-secret=\"thjlmNkFT9\"><a href=\"https:\/\/blogs.sindominio.net\/lacinetika\/2022\/11\/02\/comunicado-en-respuesta-al-veto-de-las-trobades-de-infraestructuras-llibertaries\/\">Comunicat en resposta al veto de les Trobades de Infraestructures Llibert\u00e0ries<\/a><\/blockquote><iframe loading=\"lazy\" class=\"wp-embedded-content\" sandbox=\"allow-scripts\" security=\"restricted\" style=\"position: absolute; visibility: hidden;\" title=\"\u00abComunicat en resposta al veto de les Trobades de Infraestructures Llibert\u00e0ries\u00bb \u2014 La Cin\u00e8tika\" src=\"https:\/\/blogs.sindominio.net\/lacinetika\/2022\/11\/02\/comunicado-en-respuesta-al-veto-de-las-trobades-de-infraestructuras-llibertaries\/embed\/#?secret=whXgwTDteM#?secret=thjlmNkFT9\" data-secret=\"thjlmNkFT9\" width=\"500\" height=\"282\" frameborder=\"0\" marginwidth=\"0\" marginheight=\"0\" scrolling=\"no\"><\/iframe>\n<\/div><\/figure>\n\n\n\n<figure class=\"wp-block-embed is-type-wp-embed is-provider-la-cin-tika wp-block-embed-la-cin-tika\"><div class=\"wp-block-embed__wrapper\">\n<blockquote class=\"wp-embedded-content\" data-secret=\"BQVNPzsAbs\"><a href=\"https:\/\/blogs.sindominio.net\/lacinetika\/2019\/04\/01\/posicionament-feminista\/\">POSICIONAMENT FEMINISTA<\/a><\/blockquote><iframe loading=\"lazy\" class=\"wp-embedded-content\" sandbox=\"allow-scripts\" security=\"restricted\" style=\"position: absolute; visibility: hidden;\" title=\"\u00abPOSICIONAMENT FEMINISTA\u00bb \u2014 La Cin\u00e8tika\" src=\"https:\/\/blogs.sindominio.net\/lacinetika\/2019\/04\/01\/posicionament-feminista\/embed\/#?secret=oqia7x7ihL#?secret=BQVNPzsAbs\" data-secret=\"BQVNPzsAbs\" width=\"500\" height=\"282\" frameborder=\"0\" marginwidth=\"0\" marginheight=\"0\" scrolling=\"no\"><\/iframe>\n<\/div><\/figure>\n","protected":false},"excerpt":{"rendered":"<div class=\"mh-excerpt\"><\/div>","protected":false},"author":261,"featured_media":0,"parent":0,"menu_order":0,"comment_status":"closed","ping_status":"closed","template":"","meta":{"footnotes":""},"class_list":["post-15944","page","type-page","status-publish","hentry"],"jetpack_sharing_enabled":true,"_links":{"self":[{"href":"https:\/\/blogs.sindominio.net\/lacinetika\/wp-json\/wp\/v2\/pages\/15944","targetHints":{"allow":["GET"]}}],"collection":[{"href":"https:\/\/blogs.sindominio.net\/lacinetika\/wp-json\/wp\/v2\/pages"}],"about":[{"href":"https:\/\/blogs.sindominio.net\/lacinetika\/wp-json\/wp\/v2\/types\/page"}],"author":[{"embeddable":true,"href":"https:\/\/blogs.sindominio.net\/lacinetika\/wp-json\/wp\/v2\/users\/261"}],"replies":[{"embeddable":true,"href":"https:\/\/blogs.sindominio.net\/lacinetika\/wp-json\/wp\/v2\/comments?post=15944"}],"version-history":[{"count":10,"href":"https:\/\/blogs.sindominio.net\/lacinetika\/wp-json\/wp\/v2\/pages\/15944\/revisions"}],"predecessor-version":[{"id":27206,"href":"https:\/\/blogs.sindominio.net\/lacinetika\/wp-json\/wp\/v2\/pages\/15944\/revisions\/27206"}],"wp:attachment":[{"href":"https:\/\/blogs.sindominio.net\/lacinetika\/wp-json\/wp\/v2\/media?parent=15944"}],"curies":[{"name":"wp","href":"https:\/\/api.w.org\/{rel}","templated":true}]}}