{"id":1,"date":"2016-04-01T23:25:37","date_gmt":"2016-04-01T23:25:37","guid":{"rendered":"http:\/\/lacinetika.wordpress.com\/?page_id=1"},"modified":"2026-04-07T17:58:27","modified_gmt":"2026-04-07T15:58:27","slug":"acerca-de","status":"publish","type":"page","link":"https:\/\/blogs.sindominio.net\/lacinetika\/acerca-de\/","title":{"rendered":"Qu\u00e8 \u00e9s La Cin\u00e8tika?"},"content":{"rendered":"<p><strong>La Cin\u00e8tika \u00e9s un cinema okupat, anticapitalista, aut\u00f2nom i feminista<\/strong> ubicat a <a href=\"https:\/\/www.google.com\/maps\/place\/La+Cin%C3%A8tika\/@41.4302479,2.1881146,15z\/data=!4m5!3m4!1s0x0:0x4577c7737fb8a56e!8m2!3d41.4302479!4d2.1881146\">Rambla de Fabra i Puig 28<\/a> amb entrada pel Carrer de les Monges, al barri de Sant Andreu de Palomar.<\/p>\n<p>L&#8217;okupaci\u00f3 es va dur a terme al 2016. Des d&#8217;aleshores hem treballat per donar vida a un espai que estava abandonat i ara mateix s&#8217;hi fan desenes d&#8217;activitats setmanals; apart, es generen alternatives a l&#8217;oci consumista mitjan\u00e7ant acords que es prenen a les assemblees de forma horitzontal. Volem ser aut\u00f2nomes, ampliar tant la participaci\u00f3 com la implicaci\u00f3 i aprofundir en la nostra autogesti\u00f3.<\/p>\n<p>Els canals pels quals fem difusi\u00f3 de les nostres activitats s\u00f3n els seg\u00fcents:<\/p>\n<ul>\n<li>Correu general: <a href=\"mailto:lacinetika@riseup.net\">lacinetika@riseup.net<\/a><\/li>\n<li>Correu de propostes: <a href=\"_wp_link_placeholder\" data-wplink-edit=\"true\">propostes_externes_lacinetika@riseup.net<\/a><\/li>\n<li>Canal de Telegram: <a href=\"https:\/\/t.me\/LaCinetikaDifusio\">https:\/\/t.me\/LaCinetikaDifusio<\/a><\/li>\n<li>Mastodon: <a href=\"https:\/\/fem.elbarri.online\/@lacinetika\">https:\/\/fem.elbarri.online\/@lacinetika<\/a><\/li>\n<li>Blog (aquest): <a href=\"https:\/\/blogs.sindominio.net\/lacinetika\/\">https:\/\/blogs.sindominio.net\/lacinetika<\/a><\/li>\n<li>Convoca-la: <a href=\"https:\/\/bcn.convoca.la\/place\/54\/La%20Cin%C3%A8tika\">https:\/\/bcn.convoca.la\/place\/54\/La Cin\u00e8tika<\/a><\/li>\n<li>Totes les nostres xarxes: <a href=\"http:\/\/linktr.ee\/lacinetika\">http:\/\/linktr.ee\/lacinetika<\/a><\/li>\n<\/ul>\n<p style=\"text-align: justify\">Les activitats s\u00f3n obertes a tothom, us hi esperem!<\/p>\n<hr \/>\n<h3 style=\"text-align: center\">Bases de funcionament de La Cin\u00e8tika<\/h3>\n<hr \/>\n<p style=\"text-align: justify\">Si vols participar de la gesti\u00f3 de l&#8217;espai com a individualitat, o vols desenvolupar\u00a0algun projecte dins d&#8217;aquest espai, aquestes s\u00f3n les bases de m\u00ednims sobre les quals\u00a0treballem:<\/p>\n<ul>\n<li style=\"text-align: justify\">L&#8217;espai treballa sobre una <strong>base llibert\u00e0ria<\/strong>: \u00e9s un espai <strong>aut\u00f2nom a les institucions<\/strong> (sense subvencions, ni pactes amb l&#8217;Ajuntament), <strong>autogestionat, assembleari<\/strong> (funcionant per consens o adhesions, no per votacions i majories), horitzontal, i que per preservar la seva autonomia <strong>veta la participaci\u00f3 a la assemblea a militants de partits pol\u00edtics o persones amb c\u00e0rrecs institucionals<\/strong> de representaci\u00f3 pol\u00edtica, no formant part de l&#8217;assemblea col\u00b7lectius pol\u00edtics, sin\u00f3 individualitats i projectes.<\/li>\n<li style=\"text-align: justify\">\u00c9s un espai <strong>feminista<\/strong>, sense cap mena de toler\u00e0ncia davant qualsevol tipus d&#8217;agressi\u00f3, (especialment la viol\u00e8ncia masclista), que afavoreix la creaci\u00f3 de grups no mixtos, i que vol posar la m\u00e0xima atenci\u00f3 a l&#8217;aspecte del g\u00e8nere en les relacions entre les persones que participin de l&#8217;espai.<\/li>\n<li style=\"text-align: justify\">\u00c9s un espai <strong>lliure de drogues, d&#8217;alcohol i de fum<\/strong>.<\/li>\n<li style=\"text-align: justify\">\u00c9s un espai on <strong>no es serveix menjar d&#8217;origen animal<\/strong> i que fomenta la participaci\u00f3 antiespecista.<\/li>\n<li style=\"text-align: justify\">\u00c9s un espai orientat a projectes, tallers i activitats <strong>que afrontin problem\u00e0tiques i necessitats del barri<\/strong>, per exemple: salut (f\u00edsica, mental), habitatge, esport, oci no consumista i sa, alimentaci\u00f3, transport, etc. Aquests projectes funcionarien com a unitats aut\u00f2nomes, amb legitimitat per decidir sobre els aspectes relatius a les seves activitats (sempre respectant els m\u00ednims abans mencionats).<\/li>\n<li style=\"text-align: justify\">\u00c9s un espai que <strong>s&#8217;organitza en una assemblea de gesti\u00f3<\/strong>, formada per les individualitats interessades en mantenir l&#8217;espai, on a cada reuni\u00f3 hi ha de participar al menys una persona delegada per cada projecte.<\/li>\n<\/ul>\n<p style=\"text-align: justify\">Si est\u00e0s d&#8217;acord en treballar sobre aquestes bases de m\u00ednims, et donem la benvinguda al\u00a0projecte!<\/p>\n<hr \/>\n<h3 style=\"text-align: center\">Com proposar una activitat<\/h3>\n<hr \/>\n<p style=\"text-align: justify\">Per a col\u00b7lectius o individualitats interessades en <strong>proposar activitats puntuals o de continu\u00eftat<\/strong>, visita l&#8217;apartat de la web <a href=\"https:\/\/blogs.sindominio.net\/lacinetika\/proposta-dactivitats\/\">Proposta d&#8217;activitats<\/a>, all\u00e0 s&#8217;hi detalla la informaci\u00f3 sobre com funcionem i com presentar-les.<\/p>\n","protected":false},"excerpt":{"rendered":"<div class=\"mh-excerpt\"><p>La Cin\u00e8tika \u00e9s un cinema okupat, anticapitalista, aut\u00f2nom i feminista ubicat a Rambla de Fabra i Puig 28 amb entrada pel Carrer de les Monges, al barri de Sant Andreu de Palomar. L&#8217;okupaci\u00f3 es va dur a terme al 2016. Des d&#8217;aleshores hem treballat per donar vida a un espai <a class=\"mh-excerpt-more\" href=\"https:\/\/blogs.sindominio.net\/lacinetika\/acerca-de\/\" title=\"Qu\u00e8 \u00e9s La Cin\u00e8tika?\">[&#8230;]<\/a><\/p>\n<\/div>","protected":false},"author":261,"featured_media":0,"parent":0,"menu_order":0,"comment_status":"open","ping_status":"open","template":"","meta":{"footnotes":""},"class_list":["post-1","page","type-page","status-publish","hentry"],"jetpack_sharing_enabled":true,"_links":{"self":[{"href":"https:\/\/blogs.sindominio.net\/lacinetika\/wp-json\/wp\/v2\/pages\/1","targetHints":{"allow":["GET"]}}],"collection":[{"href":"https:\/\/blogs.sindominio.net\/lacinetika\/wp-json\/wp\/v2\/pages"}],"about":[{"href":"https:\/\/blogs.sindominio.net\/lacinetika\/wp-json\/wp\/v2\/types\/page"}],"author":[{"embeddable":true,"href":"https:\/\/blogs.sindominio.net\/lacinetika\/wp-json\/wp\/v2\/users\/261"}],"replies":[{"embeddable":true,"href":"https:\/\/blogs.sindominio.net\/lacinetika\/wp-json\/wp\/v2\/comments?post=1"}],"version-history":[{"count":9,"href":"https:\/\/blogs.sindominio.net\/lacinetika\/wp-json\/wp\/v2\/pages\/1\/revisions"}],"predecessor-version":[{"id":27779,"href":"https:\/\/blogs.sindominio.net\/lacinetika\/wp-json\/wp\/v2\/pages\/1\/revisions\/27779"}],"wp:attachment":[{"href":"https:\/\/blogs.sindominio.net\/lacinetika\/wp-json\/wp\/v2\/media?parent=1"}],"curies":[{"name":"wp","href":"https:\/\/api.w.org\/{rel}","templated":true}]}}