{"id":91,"date":"2024-02-26T14:56:13","date_gmt":"2024-02-26T13:56:13","guid":{"rendered":"https:\/\/blogs.sindominio.net\/labretxa\/?page_id=91"},"modified":"2025-04-26T12:18:16","modified_gmt":"2025-04-26T10:18:16","slug":"sobre-nosaltres","status":"publish","type":"page","link":"https:\/\/blogs.sindominio.net\/labretxa\/sobre-nosaltres\/","title":{"rendered":"Sobre nosaltres"},"content":{"rendered":"\n<p><strong>Llibert\u00e0ries:<\/strong><br><br>\u2028Ens considerem anarquistes o comunistes llibert\u00e0ries. Creiem que ara \u00e9s el moment d&#8217;afrontar una altra vegada la lluita revolucion\u00e0ria des del cor del sistema d&#8217;explotaci\u00f3 capitalista i patriarcal, d&#8217;aixecar-nos una vegada m\u00e9s, ja no per a defensar una alternativa al capitalisme, sin\u00f3 per a forjar un canvi radical del sistema econ\u00f2mic i social.<br><br>\u2028Despr\u00e9s de reflexionar i fer un proc\u00e9s d&#8217;an\u00e0lisi i autocr\u00edtica, veiem la necessitat de desviar-nos una mica del rol que hem tingut com a anarquistes dins de l&#8217;esquerra radical durant les \u00faltimes d\u00e8cades.<br><br>D&#8217;aquestes reflexions observem que ens hem centrat majorit\u00e0riament en la construcci\u00f3 d&#8217;alternatives vitals al capitalisme. Des de la lluita als marges de la societat hem intentat demostrar que hi ha una altra manera de viure m\u00e9s enll\u00e0 de la marcada per l&#8217;economia de mercat.<br><br>Aquesta lluita ens sembla molt valuosa, per\u00f2 tamb\u00e9 creiem que neix d&#8217;un context pol\u00edtic molt espec\u00edfic. No volem desmer\u00e8ixer el treball que, junt a milers de companyes i al llarg de les \u00faltimes d\u00e8cades, hem fet per a construir espais alternatius de vida, cura i formaci\u00f3 pol\u00edtica. Creiem que \u00e9s molt important continuar donant suport a aquests espais i a les xarxes de solidaritat que es teixeixen al seu voltant; per\u00f2 volem fer-ho des d&#8217;una posici\u00f3 ofensiva i aprofitant les nostres xarxes per a enfortir la lluita revolucion\u00e0ria.<\/p>\n\n\n\n<p><br><br><strong>Anticapitalistes, transfeministes, antiracistes i ecologistes:<\/strong>\u2028<br><br>Entenem la lluita contra el sistema de dominaci\u00f3 actual com una lluita contra estructures econ\u00f2miques que, dins d&#8217;una societat de classes patriarcal, creen tota mena d&#8217;opressions.\u2028<br><br>No creiem que unes opressions siguin m\u00e9s o menys importants que unes altres i coincidim en qu\u00e8 els col\u00b7lectius i individus que pateixen opressions concretes siguin l&#8217;avantguarda de la lluita cap al seu propi alliberament. Per\u00f2 en declarar-nos anticapitalistes volem posar el focus en la lluita contra el sistema econ\u00f2mic i social, ent\u00e8s com un tot impersonal, un engranatge complex fet sistema del qual totes en formem part.<br><br>Dins d&#8217;aquest complex sistema d&#8217;explotaci\u00f3 podem diferenciar 4 eixos principals sobre els quals es sustenta: el treball i la propietat privada, el sistema sexe-g\u00e8nere, el racisme i l&#8217;explotaci\u00f3 de la natura.<br><br>\u2028Creiem que lluitant contra aquests eixos d&#8217;explotaci\u00f3, estem lluitant tamb\u00e9 contra totes les altres opressions que existeixen, ja que si s&#8217;ataca el sistema d&#8217;explotaci\u00f3 s&#8217;ataca tamb\u00e9 un dels pilars en el qual es recolzen la majoria d&#8217;opressions.<br><br><br><\/p>\n\n\n\n<p><strong>Revolucion\u00e0ries:<\/strong><br><br>Creiem que la millor manera de lluitar contra l&#8217;explotaci\u00f3 i l&#8217;opressi\u00f3 \u00e9s fer-ho de la manera m\u00e9s estrat\u00e8gica i organitzada possible.\u2028<br><br>Ens considerem un grup de persones revolucion\u00e0ries que proposen discursos i pr\u00e0ctiques sense buscar l\u2019hegemonia dins de l\u2019anarquisme, ni ser l&#8217;\u00fanic agent articulador d&#8217;un proc\u00e9s revolucionari. Les nostres propostes van encaminades a dinamitzar un moviment pol\u00edtic ja existent que considerem estancat en alguns aspectes.<br><br>La fi \u00faltima de la nostra lluita \u00e9s la revoluci\u00f3 entesa en el sentit material del terme: l&#8217;abolici\u00f3 de la societat de classes a partir del control de la reproducci\u00f3 i dels mitjans de producci\u00f3 per part de les classes explotades.<br><br>\u2028Creiem que el control de la reproducci\u00f3 i de la producci\u00f3 per part de la classe treballadora i de les persones explotades pel sistema sexe-g\u00e8nere-ra\u00e7a \u00e9s fonamental per a afrontar les crisis presents i futures.\u2028 Problem\u00e0tiques tan diverses com el neocolonialisme, el cis-hetero patriarcat i la crisi ecol\u00f2gica, no poden solucionar-se definitivament sense l&#8217;abolici\u00f3 de la societat de classes.<br><br>\u2028Malgrat tot, creiem que la revoluci\u00f3 \u00e9s un proc\u00e9s constant. En una societat m\u00e9s horitzontal, on s&#8217;ataquin directament les estructures jer\u00e0rquiques, una societat sense classes ni propietat privada, on les mateixes treballadores tinguin el control sobre les seves vides i recursos, \u00e9s un context molt millor per a evolucionar col\u00b7lectivament cap a m\u00f3ns millors.<\/p>\n\n\n\n<p><br><br><strong>Organitzaci\u00f3:<\/strong>\u2028<br><br>La nostra aposta per l&#8217;anarquisme com a teoria revolucion\u00e0ria tamb\u00e9 volem que es reflecteixi en la manera en la qual ens organitzem, tant internament, com pel que fa a construir noves eines de lluita m\u00e9s enll\u00e0 de la nostra organitzaci\u00f3.\u2028<\/p>\n\n\n\n<p>Funcionem al voltant d&#8217;una assemblea general on es decideixen les l\u00ednies pol\u00edtiques i les estrat\u00e8gies de lluita a desenvolupar i seccions fixes que executen i desenvolupen les l\u00ednies marcades per l&#8217;assemblea.<br><br>\u2028Tamb\u00e9 tenim inter\u00e8s a crear o a participar de la creaci\u00f3 d&#8217;espais i eines de lluita m\u00e9s enll\u00e0 dels vinculats directament amb la nostra organitzaci\u00f3.\u2028<\/p>\n\n\n\n<p><br><br><strong>Propostes pol\u00edtiques:<\/strong>\u2028<\/p>\n\n\n\n<p>Les propostes pol\u00edtiques que pretenem construir van dirigides tant a l&#8217;enfortiment de xarxes de suport mutu i eines de lluita ja existents dins del sector anarquista actual, com a la participaci\u00f3 i radicalitzaci\u00f3 de conflictes de classe.<br>Aix\u00ed intentem fomentar el reconeixement de l&#8217;ag\u00e8ncia de les persones i el seu sentit cr\u00edtic, rebutjant profundament tot tipus de captaci\u00f3, com per exemple l&#8217;entrisme i la imposici\u00f3 ideol\u00f2gica. <\/p>\n\n\n\n<p>Una de les nostres primeres propostes est\u00e0 sent la de crear una cultura del debat dins dels entorns llibertaris, que possibiliti a poc a poc el reagrupament del moviment anarquista actual sota un discurs revolucionari a grans trets compartit.<\/p>\n\n\n\n<p>Apostem per un projecte consolidat en la formaci\u00f3 constant i el comprom\u00eds. Amb aquesta idea pretenem trencar amb la cultura de la immediatesa i la liquiditat relacional que ens envolta.<\/p>\n\n\n\n<p><br>Un altre repte que ens proposem \u00e9s el de crear un marc idoni per a la construcci\u00f3 de discursos i pr\u00e0ctiques pol\u00edtiques plurals, que sense renunciar a un enfocament estructural de la lluita, ens permeti integrar la difer\u00e8ncia dins del nostre projecte revolucionari.<br><br><\/p>\n\n\n\n<p><\/p>\n","protected":false},"excerpt":{"rendered":"<p>Llibert\u00e0ries: \u2028Ens considerem anarquistes o comunistes llibert\u00e0ries. Creiem que ara \u00e9s el moment d&#8217;afrontar una altra vegada la lluita revolucion\u00e0ria des del cor del sistema d&#8217;explotaci\u00f3 capitalista i patriarcal, d&#8217;aixecar-nos una vegada m\u00e9s, ja no per a defensar una alternativa al capitalisme, sin\u00f3 per a forjar un canvi radical del sistema econ\u00f2mic i social. \u2028Despr\u00e9s [&hellip;]<\/p>\n","protected":false},"author":241,"featured_media":0,"parent":0,"menu_order":0,"comment_status":"closed","ping_status":"closed","template":"","meta":{"footnotes":""},"class_list":["post-91","page","type-page","status-publish","czr-hentry"],"_links":{"self":[{"href":"https:\/\/blogs.sindominio.net\/labretxa\/wp-json\/wp\/v2\/pages\/91","targetHints":{"allow":["GET"]}}],"collection":[{"href":"https:\/\/blogs.sindominio.net\/labretxa\/wp-json\/wp\/v2\/pages"}],"about":[{"href":"https:\/\/blogs.sindominio.net\/labretxa\/wp-json\/wp\/v2\/types\/page"}],"author":[{"embeddable":true,"href":"https:\/\/blogs.sindominio.net\/labretxa\/wp-json\/wp\/v2\/users\/241"}],"replies":[{"embeddable":true,"href":"https:\/\/blogs.sindominio.net\/labretxa\/wp-json\/wp\/v2\/comments?post=91"}],"version-history":[{"count":4,"href":"https:\/\/blogs.sindominio.net\/labretxa\/wp-json\/wp\/v2\/pages\/91\/revisions"}],"predecessor-version":[{"id":532,"href":"https:\/\/blogs.sindominio.net\/labretxa\/wp-json\/wp\/v2\/pages\/91\/revisions\/532"}],"wp:attachment":[{"href":"https:\/\/blogs.sindominio.net\/labretxa\/wp-json\/wp\/v2\/media?parent=91"}],"curies":[{"name":"wp","href":"https:\/\/api.w.org\/{rel}","templated":true}]}}