{"id":72,"date":"2024-02-26T14:41:07","date_gmt":"2024-02-26T13:41:07","guid":{"rendered":"https:\/\/blogs.sindominio.net\/labretxa\/?page_id=72"},"modified":"2025-09-23T20:48:47","modified_gmt":"2025-09-23T18:48:47","slug":"cat","status":"publish","type":"page","link":"https:\/\/blogs.sindominio.net\/labretxa\/cat\/","title":{"rendered":"La Bretxa"},"content":{"rendered":"\n<div class=\"wp-block-group is-content-justification-center is-nowrap is-layout-flex wp-container-core-group-is-layout-94bc23d7 wp-block-group-is-layout-flex\">\n<div style=\"background-image: url('\/labretxa\/files\/2024\/02\/4.jpg');background-size: cover;background-position: top center;min-width: 100vw;min-height: calc(100% + 80px);position: absolute;z-index: -2;top: -30px\"><\/div>\n<\/div>\n\n\n\n<div style=\"background-color: #ffffffd6;border: 2px solid #fff;position:absolute;left: 0px;top: -0px;height: 100%;width: 100%;z-index: -1\"><\/div>\n\n\n\n<p><br>La Bretxa som una organitzaci\u00f3 anarquista de Barcelona que neix amb l\u2019objectiu de superar la manca de visi\u00f3 estrat\u00e8gica a mig i llarg termini dins del moviment llibertari. La nostra pr\u00e0ctica actualment es centra en fomentar i dinamitzar una cultura del debat, aix\u00ed com en participar en espais d\u2019organitzaci\u00f3 amplis amb la finalitat d\u2019enfortir i desenvolupar un discurs situat en la conjuntura pol\u00edtica actual. Per tant, la nostra praxi es basa en la generaci\u00f3 i articulaci\u00f3 d&#8217;una visi\u00f3 estrat\u00e8gica i revolucion\u00e0ria capa\u00e7 de subvertir els sistemes d\u2019explotaci\u00f3 i opressi\u00f3.<\/p>\n\n\n\n\n\n<h3 style=\"margin-top:60px;margin-bottom:-10px\"><b>\u00daltims textos:<\/b><\/h3>\n\n\n\n<div class=\"wp-block-query is-layout-flow wp-block-query-is-layout-flow\"><ul class=\"wp-block-post-template is-layout-flow wp-block-post-template-is-layout-flow\"><li class=\"wp-block-post post-605 post type-post status-publish format-standard category-textos-cat czr-hentry\">\n<h3 style=\"font-size:25px;\" class=\"has-text-align-left wp-block-post-title\"><a href=\"https:\/\/blogs.sindominio.net\/labretxa\/2025\/09\/23\/organitzat-avui-o-mor-a-les-seves-guerres-dema-2\/\" target=\"_self\" >Organitza\u2019t avui o mor a les seves guerres dem\u00e0<\/a><\/h3>\n\n<div class=\"wp-block-post-excerpt\"><p class=\"wp-block-post-excerpt__excerpt\">El 6 de mar\u00e7 de 2025 els 27 pa\u00efsos membres de la Uni\u00f3 Europea van aprovar un pla de finan\u00e7ament per a \u201crearmar Europa\u201d. Segons la versi\u00f3 oficial, el gir cap a una economia bel\u00b7licista est\u00e0 motivat per la \u201creordenaci\u00f3 del taulell geopol\u00edtic\u201d i la creixent necessitat europea de ser&hellip;<\/p><p class=\"wp-block-post-excerpt__more-text\"><a class=\"wp-block-post-excerpt__more-link\" href=\"https:\/\/blogs.sindominio.net\/labretxa\/2025\/09\/23\/organitzat-avui-o-mor-a-les-seves-guerres-dema-2\/\">Leer m\u00e1s<\/a><\/p><\/div>\n\n\n<div style=\"height:22px\" aria-hidden=\"true\" class=\"wp-block-spacer\"><\/div>\n\n\n\n\n\n<div style=\"height:5px\" aria-hidden=\"true\" class=\"wp-block-spacer\"><\/div>\n\n\n<div class=\"wp-block-post-date\"><time datetime=\"2025-09-23T21:09:13+02:00\">23 de septiembre de 2025<\/time><\/div>\n<\/li><li class=\"wp-block-post post-505 post type-post status-publish format-standard category-textos-cat czr-hentry\">\n<h3 style=\"font-size:25px;\" class=\"has-text-align-left wp-block-post-title\"><a href=\"https:\/\/blogs.sindominio.net\/labretxa\/2025\/01\/20\/sobre-la-nostra-proposta-ecologica\/\" target=\"_self\" >Sobre la nostra proposta ecologista<\/a><\/h3>\n\n<div class=\"wp-block-post-excerpt\"><p class=\"wp-block-post-excerpt__excerpt\">EL SISTEMA CAPITALISTA \u00c9S INCOMPATIBLE AMB LA VIDA MATEIXA Ens trobem immerses en una crisi ecol\u00f2gica que ens ha fet traspassar la majoria dels l\u00edmits planetaris. Estem comen\u00e7ant a patir aqu\u00ed, de forma cada cop m\u00e9s evident, les conseq\u00fc\u00e8ncies d\u2019un canvi clim\u00e0tic que genera incendis forestals cada vegada m\u00e9s violents,&hellip;<\/p><p class=\"wp-block-post-excerpt__more-text\"><a class=\"wp-block-post-excerpt__more-link\" href=\"https:\/\/blogs.sindominio.net\/labretxa\/2025\/01\/20\/sobre-la-nostra-proposta-ecologica\/\">Leer m\u00e1s<\/a><\/p><\/div>\n\n\n<div style=\"height:22px\" aria-hidden=\"true\" class=\"wp-block-spacer\"><\/div>\n\n\n\n\n\n<div style=\"height:5px\" aria-hidden=\"true\" class=\"wp-block-spacer\"><\/div>\n\n\n<div class=\"wp-block-post-date\"><time datetime=\"2025-01-20T21:09:00+01:00\">20 de enero de 2025<\/time><\/div>\n<\/li><li class=\"wp-block-post post-485 post type-post status-publish format-standard category-textos-cat czr-hentry\">\n<h3 style=\"font-size:25px;\" class=\"has-text-align-left wp-block-post-title\"><a href=\"https:\/\/blogs.sindominio.net\/labretxa\/2024\/11\/08\/feixisme-i-moviments-socials-en-la-era-del-populisme-3\/\" target=\"_self\" >Feixisme i moviments socials en la era del populisme<\/a><\/h3>\n\n<div class=\"wp-block-post-excerpt\"><p class=\"wp-block-post-excerpt__excerpt\">Introducci\u00f3 Aquest text \u00e9s el resultat d\u2019una xerrada-debat p\u00fablica que vam fer fa uns mesos al CSOA Can Vies i de les reflexions i discussions sorgides entorn a aquesta. Parlem aqu\u00ed sobre el fenomen del feixisme en la era del populisme, enfocat tant des d\u2019una perspectiva te\u00f2rica com militant. D\u2019entrada,&hellip;<\/p><p class=\"wp-block-post-excerpt__more-text\"><a class=\"wp-block-post-excerpt__more-link\" href=\"https:\/\/blogs.sindominio.net\/labretxa\/2024\/11\/08\/feixisme-i-moviments-socials-en-la-era-del-populisme-3\/\">Leer m\u00e1s<\/a><\/p><\/div>\n\n\n<div style=\"height:22px\" aria-hidden=\"true\" class=\"wp-block-spacer\"><\/div>\n\n\n\n\n\n<div style=\"height:5px\" aria-hidden=\"true\" class=\"wp-block-spacer\"><\/div>\n\n\n<div class=\"wp-block-post-date\"><time datetime=\"2024-11-08T17:26:55+01:00\">8 de noviembre de 2024<\/time><\/div>\n<\/li><li class=\"wp-block-post post-607 post type-post status-publish format-standard category-textos-cat czr-hentry\">\n<h3 style=\"font-size:25px;\" class=\"has-text-align-left wp-block-post-title\"><a href=\"https:\/\/blogs.sindominio.net\/labretxa\/2024\/05\/30\/principis-politics-del-col%c2%b7lectiu\/\" target=\"_self\" >Principis politics del col\u00b7lectiu<\/a><\/h3>\n\n<div class=\"wp-block-post-excerpt\"><p class=\"wp-block-post-excerpt__excerpt\">Llibert\u00e0ries: \u2028Ens considerem anarquistes o comunistes llibert\u00e0ries. Creiem que ara \u00e9s el moment d&#8217;afrontar una altra vegada la lluita revolucion\u00e0ria des del cor del sistema d&#8217;explotaci\u00f3 capitalista i patriarcal, d&#8217;aixecar-nos una vegada m\u00e9s, ja no per a defensar una alternativa al capitalisme, sin\u00f3 per a forjar un canvi radical del&hellip;<\/p><p class=\"wp-block-post-excerpt__more-text\"><a class=\"wp-block-post-excerpt__more-link\" href=\"https:\/\/blogs.sindominio.net\/labretxa\/2024\/05\/30\/principis-politics-del-col%c2%b7lectiu\/\">Leer m\u00e1s<\/a><\/p><\/div>\n\n\n<div style=\"height:22px\" aria-hidden=\"true\" class=\"wp-block-spacer\"><\/div>\n\n\n\n\n\n<div style=\"height:5px\" aria-hidden=\"true\" class=\"wp-block-spacer\"><\/div>\n\n\n<div class=\"wp-block-post-date\"><time datetime=\"2024-05-30T20:28:00+02:00\">30 de mayo de 2024<\/time><\/div>\n<\/li><\/ul><\/div>\n","protected":false},"excerpt":{"rendered":"<p>La Bretxa som una organitzaci\u00f3 anarquista de Barcelona que neix amb l\u2019objectiu de superar la manca de visi\u00f3 estrat\u00e8gica a mig i llarg termini dins del moviment llibertari. La nostra pr\u00e0ctica actualment es centra en fomentar i dinamitzar una cultura del debat, aix\u00ed com en participar en espais d\u2019organitzaci\u00f3 amplis amb la finalitat d\u2019enfortir i [&hellip;]<\/p>\n","protected":false},"author":241,"featured_media":0,"parent":0,"menu_order":0,"comment_status":"closed","ping_status":"open","template":"","meta":{"footnotes":""},"class_list":["post-72","page","type-page","status-publish","czr-hentry"],"_links":{"self":[{"href":"https:\/\/blogs.sindominio.net\/labretxa\/wp-json\/wp\/v2\/pages\/72","targetHints":{"allow":["GET"]}}],"collection":[{"href":"https:\/\/blogs.sindominio.net\/labretxa\/wp-json\/wp\/v2\/pages"}],"about":[{"href":"https:\/\/blogs.sindominio.net\/labretxa\/wp-json\/wp\/v2\/types\/page"}],"author":[{"embeddable":true,"href":"https:\/\/blogs.sindominio.net\/labretxa\/wp-json\/wp\/v2\/users\/241"}],"replies":[{"embeddable":true,"href":"https:\/\/blogs.sindominio.net\/labretxa\/wp-json\/wp\/v2\/comments?post=72"}],"version-history":[{"count":38,"href":"https:\/\/blogs.sindominio.net\/labretxa\/wp-json\/wp\/v2\/pages\/72\/revisions"}],"predecessor-version":[{"id":612,"href":"https:\/\/blogs.sindominio.net\/labretxa\/wp-json\/wp\/v2\/pages\/72\/revisions\/612"}],"wp:attachment":[{"href":"https:\/\/blogs.sindominio.net\/labretxa\/wp-json\/wp\/v2\/media?parent=72"}],"curies":[{"name":"wp","href":"https:\/\/api.w.org\/{rel}","templated":true}]}}