{"id":33,"date":"2010-11-24T16:55:22","date_gmt":"2010-11-24T14:55:22","guid":{"rendered":"http:\/\/okupa.noblezabaturra.org\/"},"modified":"2010-11-24T16:55:22","modified_gmt":"2010-11-24T14:55:22","slug":"cso-kike-mur","status":"publish","type":"page","link":"https:\/\/blogs.sindominio.net\/kikemur\/cso-kike-mur\/","title":{"rendered":"CSO Kike Mur"},"content":{"rendered":"<p><a href=\"http:\/\/okupa.noblezabaturra.org\/wp-content\/uploads\/sites\/7\/2012\/08\/KikeMur_Salhaketa05.jpg\"><img loading=\"lazy\" decoding=\"async\" class=\"aligncenter size-full wp-image-1922\" alt=\"\" src=\"http:\/\/okupa.noblezabaturra.org\/wp-content\/uploads\/sites\/7\/2012\/08\/KikeMur_Salhaketa05.jpg\" width=\"698\" height=\"350\" \/><\/a><\/p>\n<p>Tras el desalojo del C.S.O. La Vieja Escuela (Colegio Lestonnac), el Jueves 21 de Octubre de 2010 okupamos la antigua c\u00e1rcel de Torrero. Un edificio que durante 73 a\u00f1os, tanto en democracia como en dictadura, sirvi\u00f3 al estado para el secuestro y la tortura. Ahora abrimos sus puertas en forma de espacio liberado para todas aquellas personas que quieran participar en \u00e9l.<\/p>\n<p>Queremos ser un punto de encuentro en el barrio de Torrero. Un referente donde la construcci\u00f3n de alternativas sea cosa de todas las personas participantes y enriquezcan nuestras experiencias. Buscamos crear conciencia social, agitaci\u00f3n mediante nuestros actos, demostrar que se pueden hacer las cosas de otra manera; sin seguirle el juego al estado con sus subvenciones y libres de su mediaci\u00f3n, desde la base y la horizontalidad como forma organizativa.<\/p>\n<p>La c\u00e1rcel de Torrero es un caso m\u00e1s de tortura por parte del estado democr\u00e1tico espa\u00f1ol. Enrique Mur fue uno de esos secuestrados, torturado y finalmente devuelto sin vida a su familia y compa\u00f1eras, un caso representativo y demasiado com\u00fan de todas las personas que se enfrentaron, se enfrentan y se enfrentar\u00e1n a la represi\u00f3n de los estados; a trav\u00e9s de sus instituciones penitenciarias, su reinserci\u00f3n, sus ej\u00e9rcitos y su violencia institucionalizada.<\/p>\n<p><strong>En homenaje a todas ellas.<\/strong><\/p>\n<p>&nbsp;<\/p>\n<p><strong>\u00bfPOR QU\u00c9 KIKE MUR?<\/strong> Conoce la historia de la muerte de un insumiso en la c\u00e1rcel:<\/p>\n<p><a href=\"http:\/\/www.zaragozarebelde.org\/kike-mur-muerte-de-un-insumiso-en-la-carcel  .\" target=\"_blank\" rel=\"noopener\">http:\/\/www.zaragozarebelde.org\/kike-mur-muerte-de-un-insumiso-en-la-carcel<\/a><\/p>\n<p>&nbsp;<\/p>\n<p>[important]<\/p>\n<p><strong>Horarios:<\/strong><\/p>\n<p><strong>JUEVES,VIERNES y S\u00c1BADO desde las 18:00h.<\/strong><\/p>\n<p><strong>DOMINGO desde las 12:00h.<\/strong><\/p>\n<p>[\/important]<\/p>\n<p>&nbsp;<\/p>\n<p><a href=\"http:\/\/okupa.noblezabaturra.org\/tienda-gratis\/\"><em>Tienda gratis<\/em><\/a><\/p>\n<p><em>Sala de juegos para ni\u00f1os<\/em><\/p>\n<p><a href=\"http:\/\/okupa.noblezabaturra.org\/cso-kike-mur\/cafeteria\/\"><em>Cafeter\u00eda <\/em><\/a>con <em>ajedrez, dardos, juegos de mesa y biblioteca.<br \/>\n<\/em><\/p>\n<p><em>Sala de fumadores<\/em><\/p>\n<p><a href=\"http:\/\/okupa.noblezabaturra.org\/cso-kike-mur\/patio\/\">Patio<\/a><\/p>\n<p><a href=\"http:\/\/okupa.noblezabaturra.org\/radio\/\">Radio<\/a><\/p>\n<p><a href=\"http:\/\/okupa.noblezabaturra.org\/cso-kike-mur\/sala-multiusos\/\">Sala multiusos : <\/a>charlas, conciertos, gimnasio&#8230;<\/p>\n<p><a href=\"http:\/\/okupa.noblezabaturra.org\/cso-kike-mur\/plaza-del-laurel\/\">Plaza de la Memoria\/Plaza del Laurel<\/a><\/p>\n<p><em>Taller de reparaci\u00f3n de bicicletas<\/em><\/p>\n<p><a href=\"http:\/\/http:\/\/okupa.noblezabaturra.org\/2013\/11\/10\/taller-de-costura-todos-los-miercoles\/\"><em>Taller de costura<\/em><\/a><\/p>\n<p><a href=\"http:\/\/okupa.noblezabaturra.org\/2012\/08\/26\/taller-de-plantillas\/\"><em>Taller de plantillas<\/em><\/a><\/p>\n<p><a href=\"http:\/\/okupa.noblezabaturra.org\/2013\/02\/01\/taller-de-teatro-improvisado-todos-los-miercoles\/\">Taller de teatro e improvisaci\u00f3n<\/a><\/p>\n<p><em> Tambi\u00e9n organizamos charlas, ciclos de cine y documentales, teatro, audiciones y conciertos e incluso alg\u00fan karaoke espor\u00e1dico.<\/em><\/p>\n<p>&nbsp;<\/p>\n<p>[important]<\/p>\n<p><em>Las asambleas son los lunes a las 20:00h y est\u00e1n abiertas a cualquier persona que quiera participar. Si quieres organizar alguna actividad en el CSO Kike Mur puedes pasarte a proponerla o escribir un e-mail.<br \/>\n<\/em><\/p>\n<p>[\/important]<\/p>\n<p>&nbsp;<\/p>\n<p><strong>\u00a1VEN A CONOCERNOS!<\/strong><\/p>\n<p>&nbsp;<\/p>\n<p><strong>Estamos en la antigua c\u00e1rcel de Torreo, Plaza de la Memoria Hist\u00f3rica, Zaragoza.<\/strong><\/p>\n<p><strong><em>Contacto: okupazgz@noblezabaturra.org<\/em><\/strong><\/p>\n<p><a href=\"http:\/\/okupa.noblezabaturra.org\/wp-content\/uploads\/sites\/7\/2010\/11\/MAPA.png\"><img loading=\"lazy\" decoding=\"async\" class=\"alignnone size-full wp-image-1928\" alt=\"\" src=\"http:\/\/okupa.noblezabaturra.org\/wp-content\/uploads\/sites\/7\/2010\/11\/MAPA.png\" width=\"340\" height=\"200\" \/><\/a><img loading=\"lazy\" decoding=\"async\" class=\"alignnone  wp-image-35\" alt=\"\" src=\"http:\/\/okupa.noblezabaturra.org\/wp-content\/uploads\/sites\/7\/2010\/11\/ubicacion-300x171.jpg\" width=\"340\" height=\"200\" \/><\/p>\n","protected":false},"excerpt":{"rendered":"<p>Tras el desalojo del C.S.O. La Vieja Escuela (Colegio Lestonnac), el Jueves 21 de Octubre de 2010 okupamos la antigua c\u00e1rcel de Torrero. Un edificio que durante 73 a\u00f1os, tanto en democracia como en dictadura, sirvi\u00f3 al estado para el secuestro y la tortura. Ahora abrimos sus puertas en forma de espacio liberado para todas [&hellip;]<\/p>\n","protected":false},"author":229,"featured_media":1922,"parent":0,"menu_order":1,"comment_status":"open","ping_status":"open","template":"","meta":{"footnotes":""},"class_list":["post-33","page","type-page","status-publish","has-post-thumbnail","czr-hentry"],"_links":{"self":[{"href":"https:\/\/blogs.sindominio.net\/kikemur\/wp-json\/wp\/v2\/pages\/33","targetHints":{"allow":["GET"]}}],"collection":[{"href":"https:\/\/blogs.sindominio.net\/kikemur\/wp-json\/wp\/v2\/pages"}],"about":[{"href":"https:\/\/blogs.sindominio.net\/kikemur\/wp-json\/wp\/v2\/types\/page"}],"author":[{"embeddable":true,"href":"https:\/\/blogs.sindominio.net\/kikemur\/wp-json\/wp\/v2\/users\/229"}],"replies":[{"embeddable":true,"href":"https:\/\/blogs.sindominio.net\/kikemur\/wp-json\/wp\/v2\/comments?post=33"}],"version-history":[{"count":0,"href":"https:\/\/blogs.sindominio.net\/kikemur\/wp-json\/wp\/v2\/pages\/33\/revisions"}],"wp:featuredmedia":[{"embeddable":true,"href":"https:\/\/blogs.sindominio.net\/kikemur\/wp-json\/wp\/v2\/media\/1922"}],"wp:attachment":[{"href":"https:\/\/blogs.sindominio.net\/kikemur\/wp-json\/wp\/v2\/media?parent=33"}],"curies":[{"name":"wp","href":"https:\/\/api.w.org\/{rel}","templated":true}]}}