{"id":2445,"date":"2013-02-25T16:34:32","date_gmt":"2013-02-25T15:34:32","guid":{"rendered":"http:\/\/okupa.noblezabaturra.org\/?page_id=2445"},"modified":"2013-02-25T16:34:32","modified_gmt":"2013-02-25T15:34:32","slug":"sala-de-fumadores","status":"publish","type":"page","link":"https:\/\/blogs.sindominio.net\/kikemur\/cso-kike-mur\/sala-de-fumadores\/","title":{"rendered":"Sala de fumadores"},"content":{"rendered":"<h4>Para lxs aficionadxs a las tertulias pitillo en mano. Con estufa de le\u00f1a, sof\u00e1s, m\u00fasica y buena compa\u00f1\u00eda.<a href=\"http:\/\/okupa.noblezabaturra.org\/wp-content\/uploads\/sites\/7\/2013\/02\/KikeMur_Salhaketa10.jpg\"><img loading=\"lazy\" decoding=\"async\" class=\"aligncenter size-full wp-image-2816\" alt=\"KikeMur_Salhaketa10\" src=\"http:\/\/okupa.noblezabaturra.org\/wp-content\/uploads\/sites\/7\/2013\/02\/KikeMur_Salhaketa10.jpg\" width=\"926\" height=\"768\" srcset=\"https:\/\/blogs.sindominio.net\/kikemur\/files\/2013\/02\/KikeMur_Salhaketa10.jpg 926w, https:\/\/blogs.sindominio.net\/kikemur\/files\/2013\/02\/KikeMur_Salhaketa10-300x249.jpg 300w, https:\/\/blogs.sindominio.net\/kikemur\/files\/2013\/02\/KikeMur_Salhaketa10-768x637.jpg 768w\" sizes=\"auto, (max-width: 926px) 100vw, 926px\" \/><\/a><\/h4>\n<p style=\"text-align: center\">\n<p>&nbsp;<\/p>\n","protected":false},"excerpt":{"rendered":"<p>Para lxs aficionadxs a las tertulias pitillo en mano. Con estufa de le\u00f1a, sof\u00e1s, m\u00fasica y buena compa\u00f1\u00eda. &nbsp;<\/p>\n","protected":false},"author":229,"featured_media":2816,"parent":33,"menu_order":0,"comment_status":"open","ping_status":"open","template":"","meta":{"footnotes":""},"class_list":["post-2445","page","type-page","status-publish","has-post-thumbnail","czr-hentry"],"_links":{"self":[{"href":"https:\/\/blogs.sindominio.net\/kikemur\/wp-json\/wp\/v2\/pages\/2445","targetHints":{"allow":["GET"]}}],"collection":[{"href":"https:\/\/blogs.sindominio.net\/kikemur\/wp-json\/wp\/v2\/pages"}],"about":[{"href":"https:\/\/blogs.sindominio.net\/kikemur\/wp-json\/wp\/v2\/types\/page"}],"author":[{"embeddable":true,"href":"https:\/\/blogs.sindominio.net\/kikemur\/wp-json\/wp\/v2\/users\/229"}],"replies":[{"embeddable":true,"href":"https:\/\/blogs.sindominio.net\/kikemur\/wp-json\/wp\/v2\/comments?post=2445"}],"version-history":[{"count":0,"href":"https:\/\/blogs.sindominio.net\/kikemur\/wp-json\/wp\/v2\/pages\/2445\/revisions"}],"up":[{"embeddable":true,"href":"https:\/\/blogs.sindominio.net\/kikemur\/wp-json\/wp\/v2\/pages\/33"}],"wp:featuredmedia":[{"embeddable":true,"href":"https:\/\/blogs.sindominio.net\/kikemur\/wp-json\/wp\/v2\/media\/2816"}],"wp:attachment":[{"href":"https:\/\/blogs.sindominio.net\/kikemur\/wp-json\/wp\/v2\/media?parent=2445"}],"curies":[{"name":"wp","href":"https:\/\/api.w.org\/{rel}","templated":true}]}}