{"id":146,"date":"2010-12-17T16:01:31","date_gmt":"2010-12-17T15:01:31","guid":{"rendered":"http:\/\/okupa.noblezabaturra.org\/"},"modified":"2010-12-17T16:01:31","modified_gmt":"2010-12-17T15:01:31","slug":"por-que-okupar","status":"publish","type":"page","link":"https:\/\/blogs.sindominio.net\/kikemur\/por-que-okupar\/","title":{"rendered":"\u00bfQu\u00e9 es el CSO Kike Mur?"},"content":{"rendered":"<p style=\"text-align: left\">Este espacio es un centro social okupado por un grupo de j\u00f3venes con la intenci\u00f3n de abrirlo a todo el vecindario de Torrero y el entusiasmo de que pueda servir para el encuentro de gentes dispares, el intercambio cultural, y la lucha contra aquellas opresiones que la inmensa mayor\u00eda de la gente tenemos que sufrir todos los d\u00edas: Nos referimos a la precariedad y la explotaci\u00f3n laboral, al machismo, al maltrato animal, al autoritarismo de las instituciones del Estado, y a un largo etc\u00e9tera de situaciones que minan cotidianamente nuestra libertad y la de nuestros seres queridos.<\/p>\n<p style=\"text-align: left\">En el Kike Mur hemos convertido un lugar tan funesto como una c\u00e1rcel en un espacio desde el cu\u00e1l enriquecernos cultural y socialmente, aprender, tejer lazos de compa\u00f1erismo y amistad, debatir sobre los temas que nos preocupan, divertirnos y organizarnos para afrontar de una manera combativa las injusticias que se producen sin cesar a nuestro alrededor.En los a\u00f1os de funcionamiento del centro social se han llevado a cabo un sinf\u00edn de charlas y coloquios sobre los m\u00e1s diversos temas, exposiciones, conciertos, grupos de danza, reivindicaciones\u2026 Y la aspiraci\u00f3n de toda la gente implicada en este proyecto es que cada vez m\u00e1s personas se acerquen y le sigan dando vida y sentido.<\/p>\n<p style=\"text-align: left\">Okupamos no s\u00f3lo porque los precios de los alquileres sean inasumibles para la mayor parte de la juventud, no s\u00f3lo porque creamos que lo p\u00fablico se puede y se debe gestionar por personas normales y no s\u00f3lo por profesionales de la pol\u00edtica, sino porque consideramos que es nuestra responsabilidad luchar contra la acumulaci\u00f3n, acaparamiento y abandono de propiedades por parte de inmobiliarias, empresas especuladoras e instituciones p\u00fablicas, que nos niegan el acceso a la vivienda para as\u00ed<br \/>\nmantener su negocio y privilegios. Para la gente del Kike Mur la okupaci\u00f3n no es, por tanto, s\u00f3lo una forma de gestionar un espacio donde organizarnos sin nadie que desde fuera nos<br \/>\nmarque pautas y normas, sino sobre todo una forma m\u00e1s de demostrar las contradicciones de unas leyes que dicen que tenemos derecho a una vivienda y una realidad en la que la acumulaci\u00f3n de los inmuebles en unas pocas manos nos condena a las hipotecas de por vida y al desahucio.<\/p>\n<p style=\"text-align: left\">Queremos animar a todo el mundo, y especialmente a la juventud de Torrero, a acercarse a las actividades que organizamos y a formar parte de este proyecto, a que participen de la forma que m\u00e1s les motive en la construcci\u00f3n de una alternativa desde la que construir una sociedad m\u00e1s alegre y solidaria, m\u00e1s justa y m\u00e1s rebelde. Nos hemos atrevido a imaginar una sociedad nueva que no se parece en nada a la que hoy sufrimos, y estamos sembrando sus ra\u00edces muy cerca de ti, en este mismo instante.<\/p>\n<p style=\"text-align: left\">Os dirige un fraternal abrazo la asamblea del CSO Kike Mur de Torrero.\u00bb<\/p>\n<p style=\"text-align: left\"><span style=\"color: #000000\">\u00bfPORQUE OKUPAR?<br \/>\n<\/span><\/p>\n<p style=\"text-align: left\">Con la okupaci\u00f3n no s\u00f3lo pretendemos denunciar y defender el derecho a la vivienda frente a la especulaci\u00f3n,\u00a0 okupar es buscar la confrontaci\u00f3n con el sistema, es uno de los caminos, una de las herramientas que usamos la clase explotada para enfrentarnos a la clase explotadora.<\/p>\n<p>La okupaci\u00f3n la entendemos como un acto de desobediencia que intenta despertar la conciencia de una sociedad aborregada y ego\u00edsta, por esto creemos que la okupaci\u00f3n no va ligada a una ideolog\u00eda concreta, ni tampoco es un estilo de vida, ni una est\u00e9tica, sino que va ligada al compromiso, al esfuerzo, a la solidaridad y a la libertad.<\/p>\n<p>La lucha contra el capitalismo no es simplemente una opci\u00f3n personal, sino tambi\u00e9n una obligaci\u00f3n moral, eso es precisamente lo que hacemos, la revoluci\u00f3n comienza por uno mismo y contin\u00faa con el resto. Juntos y juntas andamos el camino, si nos caemos nos volvemos a levantar, compartimos, aprendemos, vivimos&#8230;<\/p>\n<p>Animate a dar el paso, organiza tu rabia<\/p>\n<p>OKUPA Y RESISTE<\/p>\n<p><a href=\"http:\/\/okupa.noblezabaturra.org\/wp-content\/uploads\/sites\/7\/2010\/12\/llave2.jpg\"><img loading=\"lazy\" decoding=\"async\" class=\"aligncenter size-medium wp-image-3327\" src=\"http:\/\/okupa.noblezabaturra.org\/wp-content\/uploads\/sites\/7\/2010\/12\/llave2-300x212.jpg\" alt=\"llave2\" width=\"300\" height=\"212\" \/><\/a> <a href=\"http:\/\/okupa.noblezabaturra.org\/wp-content\/uploads\/sites\/7\/2010\/12\/14.jpg\"><img loading=\"lazy\" decoding=\"async\" class=\"aligncenter size-full wp-image-2929\" src=\"http:\/\/okupa.noblezabaturra.org\/wp-content\/uploads\/sites\/7\/2010\/12\/14.jpg\" alt=\"14\" width=\"595\" height=\"397\" srcset=\"https:\/\/blogs.sindominio.net\/kikemur\/files\/2010\/12\/14.jpg 595w, https:\/\/blogs.sindominio.net\/kikemur\/files\/2010\/12\/14-300x200.jpg 300w\" sizes=\"auto, (max-width: 595px) 100vw, 595px\" \/><\/a><\/p>\n<p style=\"text-align: center\">\n","protected":false},"excerpt":{"rendered":"<p>Este espacio es un centro social okupado por un grupo de j\u00f3venes con la intenci\u00f3n de abrirlo a todo el vecindario de Torrero y el entusiasmo de que pueda servir para el encuentro de gentes dispares, el intercambio cultural, y la lucha contra aquellas opresiones que la inmensa mayor\u00eda de la gente tenemos que sufrir [&hellip;]<\/p>\n","protected":false},"author":229,"featured_media":0,"parent":0,"menu_order":3,"comment_status":"open","ping_status":"open","template":"","meta":{"footnotes":""},"class_list":["post-146","page","type-page","status-publish","czr-hentry"],"_links":{"self":[{"href":"https:\/\/blogs.sindominio.net\/kikemur\/wp-json\/wp\/v2\/pages\/146","targetHints":{"allow":["GET"]}}],"collection":[{"href":"https:\/\/blogs.sindominio.net\/kikemur\/wp-json\/wp\/v2\/pages"}],"about":[{"href":"https:\/\/blogs.sindominio.net\/kikemur\/wp-json\/wp\/v2\/types\/page"}],"author":[{"embeddable":true,"href":"https:\/\/blogs.sindominio.net\/kikemur\/wp-json\/wp\/v2\/users\/229"}],"replies":[{"embeddable":true,"href":"https:\/\/blogs.sindominio.net\/kikemur\/wp-json\/wp\/v2\/comments?post=146"}],"version-history":[{"count":0,"href":"https:\/\/blogs.sindominio.net\/kikemur\/wp-json\/wp\/v2\/pages\/146\/revisions"}],"wp:attachment":[{"href":"https:\/\/blogs.sindominio.net\/kikemur\/wp-json\/wp\/v2\/media?parent=146"}],"curies":[{"name":"wp","href":"https:\/\/api.w.org\/{rel}","templated":true}]}}