{"id":99,"date":"2019-02-26T16:45:46","date_gmt":"2019-02-26T16:45:46","guid":{"rendered":"http:\/\/www.hacerlaboratorio.net\/blog\/?page_id=99"},"modified":"2020-11-27T22:34:48","modified_gmt":"2020-11-27T22:34:48","slug":"primer-encuentro-labo-cs-ingobernable-mayo-2017","status":"publish","type":"page","link":"https:\/\/blogs.sindominio.net\/hacerlaboratorio\/encuentros-publicos\/primer-encuentro-labo-cs-ingobernable-mayo-2017\/","title":{"rendered":"Primer encuentro: A 20 a\u00f1os del Laboratorio CS Ingobernable, Mayo 2017"},"content":{"rendered":"\n<p>El 11 de mayo de 2017 celebramos el primer encuentro p\u00fablico inaugural de este proceso de investigaci\u00f3n. Tuvo lugar en el reci\u00e9n abierto centro social <a rel=\"noreferrer noopener\" aria-label=\"La Ingobernable (abre en una nueva pesta\u00f1a)\" href=\"https:\/\/ingobernable.net\/\" target=\"_blank\">La Ingobernable<\/a>, con un triple objetivo: como actividad de apoyo a la primera semana de apertura del nuevo espacio, como momento inaugural de este proceso (el 19 de abril se hab\u00edan cumplido los 20 a\u00f1os de la primera okupaci\u00f3n del CSOA El Laboratorio de la calle Embajadores 68) y como una forma de poner en contexto el propio encuentro: un di\u00e1logo entre la experiencia pasada y las pr\u00e1cticas actuales. La Ingobernable, conven\u00edamos muchas de las all\u00ed reunidas, tiene muchas resonancias con aquella experiencia, enmarcar este encuentro en ese contexto lo dotaba de sentidos (en relaci\u00f3n a la memoria como acto vivo del presente) y de un cuerpo vivo y con capacidad pensante.<\/p>\n\n\n\n<figure><\/figure>\n\n\n\n<p>Este primer encuentro, preparado con cierta celeridad y urgencia, revel\u00f3 desde muy pronto algunos elementos que, con el curso de los meses, se han ido haciendo patentes y sobre los que me he basado para desarrollar la idea de afectos y v\u00ednculos como articuladores fundamentales de la experiencia archivo.<\/p>\n\n\n\n<p>En los pocos d\u00edas que mediaron entre <a rel=\"noreferrer noopener\" aria-label=\"la convocatoria (abre en una nueva pesta\u00f1a)\" href=\"https:\/\/www.facebook.com\/events\/168332450361952\/\" target=\"_blank\">la convocatoria<\/a> y la celebraci\u00f3n del encuentro (y tambi\u00e9n tras \u00e9ste) se produjeron ya algunas activaciones interesantes. <a rel=\"noreferrer noopener\" aria-label=\"Tuits (abre en una nueva pesta\u00f1a)\" href=\"https:\/\/twitter.com\/RXnetwalker\/status\/861614224677752832\" target=\"_blank\">Tuits<\/a>, <a rel=\"noreferrer noopener\" aria-label=\"post (abre en una nueva pesta\u00f1a)\" href=\"https:\/\/www.facebook.com\/plugins\/post.php?href=https%3A%2F%2Fwww.facebook.com%2Ffati.matta%2Fposts%2F10212749092061617&amp;width=500\" target=\"_blank\">post<\/a>, <a href=\"https:\/\/irentxus.wordpress.com\/2017\/10\/17\/20-anos-del-laboratorio\/?fbclid=IwAR1rQeW87pejpbO-6oBmtwGoPct4aJOIqdQUNsUt546O2In0N_NRbbkFL9I\" target=\"_blank\" rel=\"noreferrer noopener\" aria-label=\"comentarios (abre en una nueva pesta\u00f1a)\">comentarios<\/a>\u2026, una energ\u00eda, una memoria com\u00fan emerg\u00edan del sue\u00f1o. Gestos, casi todos ellos afectuosos hacia la memoria de la experiencia. No se trata con esto de hacer una lectura <em>buenista<\/em>, lidiar con las resistencias y los conflictos no resueltos ha sido -sigue siendo- tambi\u00e9n parte fundamental de este proceso y motivo en parte de su sesgo (ha establecido l\u00edmites y acotaciones en esta exploraci\u00f3n) pero esos afectos han sido trama fundamental del proceso.<\/p>\n\n\n\n<p>Al encuentro acudieron m\u00e1s de cincuenta personas, de las cuales la mitad formaron parte de una u otra manera de la experiencia Laboratorio y trazaron a lo largo de casi tres horas una narraci\u00f3n polif\u00f3nica de diferentes aspectos de la experiencia. Entre los asistentes tambi\u00e9n hab\u00eda quien, incluso por edad, no hab\u00eda tenido ning\u00fan contacto con la memoria Laboratorio, si acaso por narraciones de terceros.<\/p>\n\n\n\n<figure class=\"wp-block-gallery columns-3 is-cropped wp-block-gallery-1 is-layout-flex wp-block-gallery-is-layout-flex\"><ul class=\"blocks-gallery-grid\"><li class=\"blocks-gallery-item\"><figure><img decoding=\"async\" src=\"http:\/\/www.hacerlaboratorio.net\/blog\/wp-content\/uploads\/2019\/04\/labo_ingo_003-1024x549.png\" alt=\"\" data-id=\"332\" data-link=\"http:\/\/www.hacerlaboratorio.net\/blog\/encuentros-publicos\/primer-encuentro-labo-cs-ingobernable-mayo-2017\/labo_ingo_003\/\" class=\"wp-image-332\"\/><\/figure><\/li><li class=\"blocks-gallery-item\"><figure><img decoding=\"async\" src=\"http:\/\/www.hacerlaboratorio.net\/blog\/wp-content\/uploads\/2019\/04\/labo_ingo_005-1024x558.png\" alt=\"\" data-id=\"334\" data-link=\"http:\/\/www.hacerlaboratorio.net\/blog\/encuentros-publicos\/primer-encuentro-labo-cs-ingobernable-mayo-2017\/labo_ingo_005\/\" class=\"wp-image-334\"\/><\/figure><\/li><li class=\"blocks-gallery-item\"><figure><img loading=\"lazy\" decoding=\"async\" width=\"1024\" height=\"571\" src=\"https:\/\/blogs.sindominio.net\/hacerlaboratorio\/files\/2019\/04\/labo_ingo_006-1024x571.png\" alt=\"\" data-id=\"335\" data-link=\"http:\/\/www.hacerlaboratorio.net\/blog\/encuentros-publicos\/primer-encuentro-labo-cs-ingobernable-mayo-2017\/labo_ingo_006\/\" class=\"wp-image-335\" srcset=\"https:\/\/blogs.sindominio.net\/hacerlaboratorio\/files\/2019\/04\/labo_ingo_006-1024x571.png 1024w, https:\/\/blogs.sindominio.net\/hacerlaboratorio\/files\/2019\/04\/labo_ingo_006-300x167.png 300w, https:\/\/blogs.sindominio.net\/hacerlaboratorio\/files\/2019\/04\/labo_ingo_006-768x428.png 768w, https:\/\/blogs.sindominio.net\/hacerlaboratorio\/files\/2019\/04\/labo_ingo_006-450x251.png 450w, https:\/\/blogs.sindominio.net\/hacerlaboratorio\/files\/2019\/04\/labo_ingo_006-1076x600.png 1076w, https:\/\/blogs.sindominio.net\/hacerlaboratorio\/files\/2019\/04\/labo_ingo_006.png 1266w\" sizes=\"auto, (max-width: 1024px) 100vw, 1024px\" \/><\/figure><\/li><li class=\"blocks-gallery-item\"><figure><img loading=\"lazy\" decoding=\"async\" width=\"1024\" height=\"569\" src=\"https:\/\/blogs.sindominio.net\/hacerlaboratorio\/files\/2019\/04\/labo_ingo_009-1024x569.png\" alt=\"\" data-id=\"338\" data-link=\"http:\/\/www.hacerlaboratorio.net\/blog\/encuentros-publicos\/primer-encuentro-labo-cs-ingobernable-mayo-2017\/labo_ingo_009\/\" class=\"wp-image-338\" srcset=\"https:\/\/blogs.sindominio.net\/hacerlaboratorio\/files\/2019\/04\/labo_ingo_009-1024x569.png 1024w, https:\/\/blogs.sindominio.net\/hacerlaboratorio\/files\/2019\/04\/labo_ingo_009-300x167.png 300w, https:\/\/blogs.sindominio.net\/hacerlaboratorio\/files\/2019\/04\/labo_ingo_009-768x427.png 768w, https:\/\/blogs.sindominio.net\/hacerlaboratorio\/files\/2019\/04\/labo_ingo_009-450x250.png 450w, https:\/\/blogs.sindominio.net\/hacerlaboratorio\/files\/2019\/04\/labo_ingo_009-1080x600.png 1080w, https:\/\/blogs.sindominio.net\/hacerlaboratorio\/files\/2019\/04\/labo_ingo_009.png 1258w\" sizes=\"auto, (max-width: 1024px) 100vw, 1024px\" \/><\/figure><\/li><li class=\"blocks-gallery-item\"><figure><img loading=\"lazy\" decoding=\"async\" width=\"1024\" height=\"566\" src=\"https:\/\/blogs.sindominio.net\/hacerlaboratorio\/files\/2019\/04\/labo_ingo_011-1024x566.png\" alt=\"\" data-id=\"340\" data-link=\"http:\/\/www.hacerlaboratorio.net\/blog\/encuentros-publicos\/primer-encuentro-labo-cs-ingobernable-mayo-2017\/labo_ingo_011\/\" class=\"wp-image-340\" srcset=\"https:\/\/blogs.sindominio.net\/hacerlaboratorio\/files\/2019\/04\/labo_ingo_011-1024x566.png 1024w, https:\/\/blogs.sindominio.net\/hacerlaboratorio\/files\/2019\/04\/labo_ingo_011-300x166.png 300w, https:\/\/blogs.sindominio.net\/hacerlaboratorio\/files\/2019\/04\/labo_ingo_011-768x424.png 768w, https:\/\/blogs.sindominio.net\/hacerlaboratorio\/files\/2019\/04\/labo_ingo_011-450x249.png 450w, https:\/\/blogs.sindominio.net\/hacerlaboratorio\/files\/2019\/04\/labo_ingo_011-1086x600.png 1086w, https:\/\/blogs.sindominio.net\/hacerlaboratorio\/files\/2019\/04\/labo_ingo_011.png 1254w\" sizes=\"auto, (max-width: 1024px) 100vw, 1024px\" \/><\/figure><\/li><li class=\"blocks-gallery-item\"><figure><img decoding=\"async\" src=\"http:\/\/www.hacerlaboratorio.net\/blog\/wp-content\/uploads\/2019\/04\/labo_ingo_013-1024x575.png\" alt=\"\" data-id=\"342\" data-link=\"http:\/\/www.hacerlaboratorio.net\/blog\/encuentros-publicos\/primer-encuentro-labo-cs-ingobernable-mayo-2017\/labo_ingo_013\/\" class=\"wp-image-342\"\/><\/figure><\/li><li class=\"blocks-gallery-item\"><figure><img decoding=\"async\" src=\"http:\/\/www.hacerlaboratorio.net\/blog\/wp-content\/uploads\/2019\/04\/labo_ingo_015-1024x568.png\" alt=\"\" data-id=\"344\" data-link=\"http:\/\/www.hacerlaboratorio.net\/blog\/encuentros-publicos\/primer-encuentro-labo-cs-ingobernable-mayo-2017\/labo_ingo_015\/\" class=\"wp-image-344\"\/><\/figure><\/li><li class=\"blocks-gallery-item\"><figure><img decoding=\"async\" src=\"http:\/\/www.hacerlaboratorio.net\/blog\/wp-content\/uploads\/2019\/04\/labo_ingo_019-1024x571.png\" alt=\"\" data-id=\"348\" data-link=\"http:\/\/www.hacerlaboratorio.net\/blog\/encuentros-publicos\/primer-encuentro-labo-cs-ingobernable-mayo-2017\/labo_ingo_019\/\" class=\"wp-image-348\"\/><\/figure><\/li><li class=\"blocks-gallery-item\"><figure><img decoding=\"async\" src=\"http:\/\/www.hacerlaboratorio.net\/blog\/wp-content\/uploads\/2019\/04\/labo_ingo_021-1024x568.png\" alt=\"\" data-id=\"350\" data-link=\"http:\/\/www.hacerlaboratorio.net\/blog\/encuentros-publicos\/primer-encuentro-labo-cs-ingobernable-mayo-2017\/labo_ingo_021\/\" class=\"wp-image-350\"\/><\/figure><\/li><li class=\"blocks-gallery-item\"><figure><img decoding=\"async\" src=\"http:\/\/www.hacerlaboratorio.net\/blog\/wp-content\/uploads\/2019\/04\/labo_ingo_022-1024x573.png\" alt=\"\" data-id=\"362\" data-link=\"http:\/\/www.hacerlaboratorio.net\/blog\/encuentros-publicos\/primer-encuentro-labo-cs-ingobernable-mayo-2017\/labo_ingo_022\/\" class=\"wp-image-362\"\/><\/figure><\/li><li class=\"blocks-gallery-item\"><figure><img loading=\"lazy\" decoding=\"async\" width=\"1024\" height=\"570\" src=\"https:\/\/blogs.sindominio.net\/hacerlaboratorio\/files\/2019\/04\/labo_ingo_023-1-1024x570.png\" alt=\"\" data-id=\"363\" data-link=\"http:\/\/www.hacerlaboratorio.net\/blog\/encuentros-publicos\/primer-encuentro-labo-cs-ingobernable-mayo-2017\/labo_ingo_023-2\/\" class=\"wp-image-363\" srcset=\"https:\/\/blogs.sindominio.net\/hacerlaboratorio\/files\/2019\/04\/labo_ingo_023-1-1024x570.png 1024w, https:\/\/blogs.sindominio.net\/hacerlaboratorio\/files\/2019\/04\/labo_ingo_023-1-300x167.png 300w, https:\/\/blogs.sindominio.net\/hacerlaboratorio\/files\/2019\/04\/labo_ingo_023-1-768x428.png 768w, https:\/\/blogs.sindominio.net\/hacerlaboratorio\/files\/2019\/04\/labo_ingo_023-1-450x251.png 450w, https:\/\/blogs.sindominio.net\/hacerlaboratorio\/files\/2019\/04\/labo_ingo_023-1-1077x600.png 1077w, https:\/\/blogs.sindominio.net\/hacerlaboratorio\/files\/2019\/04\/labo_ingo_023-1.png 1273w\" sizes=\"auto, (max-width: 1024px) 100vw, 1024px\" \/><\/figure><\/li><li class=\"blocks-gallery-item\"><figure><img loading=\"lazy\" decoding=\"async\" width=\"700\" height=\"390\" src=\"https:\/\/blogs.sindominio.net\/hacerlaboratorio\/files\/2019\/04\/labo_ingo_025-1-e1568034310356.png\" alt=\"\" data-id=\"364\" data-full-url=\"https:\/\/blogs.sindominio.net\/hacerlaboratorio\/files\/2019\/04\/labo_ingo_025-1-e1568034310356.png\" data-link=\"https:\/\/blogs.sindominio.net\/hacerlaboratorio\/encuentros-publicos\/primer-encuentro-labo-cs-ingobernable-mayo-2017\/labo_ingo_025-2\/\" class=\"wp-image-364\" srcset=\"https:\/\/blogs.sindominio.net\/hacerlaboratorio\/files\/2019\/04\/labo_ingo_025-1-e1568034310356.png 700w, https:\/\/blogs.sindominio.net\/hacerlaboratorio\/files\/2019\/04\/labo_ingo_025-1-e1568034310356-300x167.png 300w, https:\/\/blogs.sindominio.net\/hacerlaboratorio\/files\/2019\/04\/labo_ingo_025-1-e1568034310356-450x251.png 450w\" sizes=\"auto, (max-width: 700px) 100vw, 700px\" \/><\/figure><\/li><li class=\"blocks-gallery-item\"><figure><img loading=\"lazy\" decoding=\"async\" width=\"700\" height=\"386\" src=\"https:\/\/blogs.sindominio.net\/hacerlaboratorio\/files\/2019\/04\/labo_ingo_026-1-e1568034330664.png\" alt=\"\" data-id=\"365\" data-full-url=\"https:\/\/blogs.sindominio.net\/hacerlaboratorio\/files\/2019\/04\/labo_ingo_026-1-e1568034330664.png\" data-link=\"https:\/\/blogs.sindominio.net\/hacerlaboratorio\/encuentros-publicos\/primer-encuentro-labo-cs-ingobernable-mayo-2017\/labo_ingo_026-2\/\" class=\"wp-image-365\" srcset=\"https:\/\/blogs.sindominio.net\/hacerlaboratorio\/files\/2019\/04\/labo_ingo_026-1-e1568034330664.png 700w, https:\/\/blogs.sindominio.net\/hacerlaboratorio\/files\/2019\/04\/labo_ingo_026-1-e1568034330664-300x165.png 300w, https:\/\/blogs.sindominio.net\/hacerlaboratorio\/files\/2019\/04\/labo_ingo_026-1-e1568034330664-450x248.png 450w\" sizes=\"auto, (max-width: 700px) 100vw, 700px\" \/><\/figure><\/li><li class=\"blocks-gallery-item\"><figure><img decoding=\"async\" src=\"http:\/\/www.hacerlaboratorio.net\/blog\/wp-content\/uploads\/2019\/04\/labo_ingo_027-1024x563.png\" alt=\"\" data-id=\"367\" data-link=\"http:\/\/www.hacerlaboratorio.net\/blog\/encuentros-publicos\/primer-encuentro-labo-cs-ingobernable-mayo-2017\/labo_ingo_027\/\" class=\"wp-image-367\"\/><\/figure><\/li><li class=\"blocks-gallery-item\"><figure><img decoding=\"async\" src=\"http:\/\/www.hacerlaboratorio.net\/blog\/wp-content\/uploads\/2019\/04\/labo_ingo_028-1024x597.png\" alt=\"\" data-id=\"368\" data-link=\"http:\/\/www.hacerlaboratorio.net\/blog\/encuentros-publicos\/primer-encuentro-labo-cs-ingobernable-mayo-2017\/labo_ingo_028\/\" class=\"wp-image-368\"\/><\/figure><\/li><li class=\"blocks-gallery-item\"><figure><img decoding=\"async\" src=\"http:\/\/www.hacerlaboratorio.net\/blog\/wp-content\/uploads\/2019\/04\/labo_ingo_029-1024x569.png\" alt=\"\" data-id=\"369\" data-link=\"http:\/\/www.hacerlaboratorio.net\/blog\/encuentros-publicos\/primer-encuentro-labo-cs-ingobernable-mayo-2017\/labo_ingo_029\/\" class=\"wp-image-369\"\/><\/figure><\/li><li class=\"blocks-gallery-item\"><figure><img decoding=\"async\" src=\"http:\/\/www.hacerlaboratorio.net\/blog\/wp-content\/uploads\/2019\/04\/labo_ingo_030-1024x565.png\" alt=\"\" data-id=\"370\" data-link=\"http:\/\/www.hacerlaboratorio.net\/blog\/encuentros-publicos\/primer-encuentro-labo-cs-ingobernable-mayo-2017\/labo_ingo_030\/\" class=\"wp-image-370\"\/><\/figure><\/li><li class=\"blocks-gallery-item\"><figure><img decoding=\"async\" src=\"http:\/\/www.hacerlaboratorio.net\/blog\/wp-content\/uploads\/2019\/04\/labo_ingo_031-1024x572.png\" alt=\"\" data-id=\"372\" data-link=\"http:\/\/www.hacerlaboratorio.net\/blog\/encuentros-publicos\/primer-encuentro-labo-cs-ingobernable-mayo-2017\/labo_ingo_031\/\" class=\"wp-image-372\"\/><\/figure><\/li><li class=\"blocks-gallery-item\"><figure><img decoding=\"async\" src=\"http:\/\/www.hacerlaboratorio.net\/blog\/wp-content\/uploads\/2019\/04\/labo_ingo_032-1024x575.png\" alt=\"\" data-id=\"373\" data-link=\"http:\/\/www.hacerlaboratorio.net\/blog\/encuentros-publicos\/primer-encuentro-labo-cs-ingobernable-mayo-2017\/labo_ingo_032\/\" class=\"wp-image-373\"\/><\/figure><\/li><li class=\"blocks-gallery-item\"><figure><img decoding=\"async\" src=\"http:\/\/www.hacerlaboratorio.net\/blog\/wp-content\/uploads\/2019\/04\/labo_ingo_033-1024x569.png\" alt=\"\" data-id=\"374\" data-link=\"http:\/\/www.hacerlaboratorio.net\/blog\/encuentros-publicos\/primer-encuentro-labo-cs-ingobernable-mayo-2017\/labo_ingo_033\/\" class=\"wp-image-374\"\/><\/figure><\/li><\/ul><\/figure>\n\n\n\n<p>La sesi\u00f3n, tras una breve introducci\u00f3n, discurri\u00f3 como una suerte de collage ( una sesi\u00f3n coral, no lineal ni uniforme) que hac\u00eda pensar en el formato de representaci\u00f3n de esa polifon\u00eda \u00bfc\u00f3mo aprehender esa diversidad de puntos de vista?\u2026. M\u00e1s adelante seguir\u00e9 recibiendo impresiones en conversaciones y entrevistas, precisamente, sobre la dificultad de contar la experiencia&#8230; <\/p>\n\n\n\n<p>Algunas de las ideas vertebradoras del debate, respondiendo a un esquema propuesto al inicio, giraron en torno al contexto de emergencia del Laboratorio 1, la ruptura con formas pol\u00edticas anteriores, la importancia de la trama de alianzas de la que se dot\u00f3, la vinculaci\u00f3n al territorio (que fu\u00e9 cuajando a lo largo de las diferentes ediciones especialmente a partir del Laboratorio 2), la diferencia de lenguajes -la diferencia en general- y el aprendizaje colectivo, el valor de la dimensi\u00f3n comunitaria, la experiencia extrema de cooperaci\u00f3n bajo condiciones de precariedad, la apertura a la experimentaci\u00f3n y al pensamiento en situaci\u00f3n, con una traducci\u00f3n clara en la pr\u00e1ctica prefigurativa sobre apertura al conflicto-di\u00e1logo con la instituci\u00f3n, la dureza de los conflictos, la relaci\u00f3n de arte y activismo y la innovaci\u00f3n cultural (y su contraste con la evoluci\u00f3n de las pol\u00edticas culturales, pradigm\u00e1ticamente encarnada en la confrontaci\u00f3n del modelo del Laboratorio 3 y la Casa Encendida), la dimensi\u00f3n espacial de los centros sociales como disparadores de imaginaci\u00f3n pol\u00edtica, la importancia de la dimensi\u00f3n vivencial y la dificultad de aprehenderla en archivo\u2026.una sesi\u00f3n en suma de una gran riqueza de la que empezar a tirar hilos&#8230;<\/p>\n\n\n\n<p>Puedes escuchar aqu\u00ed el audio \u00edntegro del encuentro: <\/p>\n\n\n\n<p><a href=\"https:\/\/archive.org\/details\/AudioLaboIngobernable11Mayo\">https:\/\/archive.org\/details\/AudioLaboIngobernable11Mayo<\/a><\/p>\n\n\n\n<figure class=\"wp-block-embed is-type-rich is-provider-gestor-del-servicio\"><div class=\"wp-block-embed__wrapper\">\n<audio class=\"wp-audio-shortcode\" id=\"audio-99-1\" preload=\"none\" style=\"width: 100%;\" controls=\"controls\"><source type=\"audio\/mpeg\" src=\"https:\/\/archive.org\/download\/AudioLaboIngobernable11Mayo\/Audio_Labo_Ingobernable_11_mayo.mp3?_=1\" \/><a href=\"https:\/\/archive.org\/download\/AudioLaboIngobernable11Mayo\/Audio_Labo_Ingobernable_11_mayo.mp3\">https:\/\/archive.org\/download\/AudioLaboIngobernable11Mayo\/Audio_Labo_Ingobernable_11_mayo.mp3<\/a><\/audio>\n<\/div><\/figure>\n","protected":false},"excerpt":{"rendered":"<p>El 11 de mayo de 2017 celebramos el primer encuentro p\u00fablico inaugural de este proceso de investigaci\u00f3n. Tuvo [&hellip;]<\/p>\n","protected":false},"author":181,"featured_media":0,"parent":98,"menu_order":0,"comment_status":"closed","ping_status":"closed","template":"","meta":{"footnotes":""},"class_list":["post-99","page","type-page","status-publish","hentry"],"_links":{"self":[{"href":"https:\/\/blogs.sindominio.net\/hacerlaboratorio\/wp-json\/wp\/v2\/pages\/99","targetHints":{"allow":["GET"]}}],"collection":[{"href":"https:\/\/blogs.sindominio.net\/hacerlaboratorio\/wp-json\/wp\/v2\/pages"}],"about":[{"href":"https:\/\/blogs.sindominio.net\/hacerlaboratorio\/wp-json\/wp\/v2\/types\/page"}],"author":[{"embeddable":true,"href":"https:\/\/blogs.sindominio.net\/hacerlaboratorio\/wp-json\/wp\/v2\/users\/181"}],"replies":[{"embeddable":true,"href":"https:\/\/blogs.sindominio.net\/hacerlaboratorio\/wp-json\/wp\/v2\/comments?post=99"}],"version-history":[{"count":3,"href":"https:\/\/blogs.sindominio.net\/hacerlaboratorio\/wp-json\/wp\/v2\/pages\/99\/revisions"}],"predecessor-version":[{"id":952,"href":"https:\/\/blogs.sindominio.net\/hacerlaboratorio\/wp-json\/wp\/v2\/pages\/99\/revisions\/952"}],"up":[{"embeddable":true,"href":"https:\/\/blogs.sindominio.net\/hacerlaboratorio\/wp-json\/wp\/v2\/pages\/98"}],"wp:attachment":[{"href":"https:\/\/blogs.sindominio.net\/hacerlaboratorio\/wp-json\/wp\/v2\/media?parent=99"}],"curies":[{"name":"wp","href":"https:\/\/api.w.org\/{rel}","templated":true}]}}