{"id":98,"date":"2019-02-26T16:46:23","date_gmt":"2019-02-26T16:46:23","guid":{"rendered":"http:\/\/www.hacerlaboratorio.net\/blog\/?page_id=98"},"modified":"2021-03-26T08:32:06","modified_gmt":"2021-03-26T08:32:06","slug":"encuentros-publicos","status":"publish","type":"page","link":"https:\/\/blogs.sindominio.net\/hacerlaboratorio\/encuentros-publicos\/","title":{"rendered":"convocar memoria: encuentros y entrevistas"},"content":{"rendered":"\n<p><em><strong>Proceso\ninvestigador.<\/strong><\/em><\/p>\n\n\n\n<p>El objetivo primero\ndel proceso era reactivar una red -y una memoria en red- e indagar\nqu\u00e9 de aquella experiencia -y c\u00f3mo- pod\u00eda ser contado al hoy. Los\nv\u00ednculos afectivos y pol\u00edticos se tornan aqu\u00ed herramienta\nfundamental: no solo se trata de una memoria fragmentaria y con\nimplicaci\u00f3n personal (me siento perteneciente a ella y es parte de\nlo que me mueve) sino que es una experiencia no exenta de conflictos\nque afloran tambi\u00e9n al ser evocada. Recoger esa multiplicidad en el\nrelato (y en la experiencia misma), al tiempo que la propia\nparcialidad del punto de vista de quien lo recoge, y juntar eso con\nel objetivo de producir memoria viva y reflexi\u00f3n presente, son los\ntres ejes fundamentales que me han llevado a generar m\u00e1s encuentros\ncolectivos que entrevistas individuales por ejemplo.<\/p>\n\n\n\n<p>El proceso\ninvestigador incluye el rastreo, localizaci\u00f3n y recuperaci\u00f3n de\nmateriales de archivo, la generaci\u00f3n de archivo audiovisual a trav\u00e9s\nde entrevistas (la mayor\u00eda grupales) y la generaci\u00f3n de memoria y\nreflexi\u00f3n a trav\u00e9s de encuentros p\u00fablicos. \n<\/p>\n\n\n\n<p><em><strong>Algunas\npremisas pol\u00edticas<\/strong><\/em><\/p>\n\n\n\n<p>El Centro Social (CS) es un espacio de politizaci\u00f3n singular que a trav\u00e9s de la pr\u00e1ctica aut\u00f3noma y autogestionada posibilita la creaci\u00f3n de procesos de imaginaci\u00f3n y corresponsabilidad con el entorno cercano que abren una relaci\u00f3n diferente y cr\u00edtica con el mundo. Eso que llamamos \u201chacerse cargo\u201d que implica un serie de premisas como el cuidado de s\u00ed de una comunidad y de su entorno inmediato<\/p>\n\n\n\n<p>Esto implica indagar sobre el papel del CS como dispositivo de politizaci\u00f3n y espacio para generar un tiempo otro, en el que la pr\u00e1ctica sea la materia prima de la experiencia colectiva de aprendizaje y generaci\u00f3n de conocimiento y teor\u00eda cr\u00edtica.<\/p>\n\n\n\n<p><em><strong>Singularidades y sentidos<\/strong><\/em><\/p>\n\n\n\n<p>Parte de lo que se trata de recopilar, no tiene un soporte, sino m\u00e1s bien que se trata de una red de v\u00ednculos, saberes, percepciones y nociones comunes que trato de rastrear a trav\u00e9s de testimonios, y vincular estos a los soportes materiales producidos en la \u00e9poca. Dicho de otro modo: hay un parte de la memoria y sobre todo, del valor de la experiencia que es irrepresentable, y que sin embargo constituye el coraz\u00f3n de la misma. La construcci\u00f3n de narrativas corales, parciales, m\u00faltiples y dial\u00f3gicas, cobra entonces sentido en este archivo as\u00ed como el cruce de \u00e9stas con el archivo de materiales.<\/p>\n\n\n\n<p>Por lo anterior, la memoria viva se torno una herramienta para el encuentro presente, de modo que parte de lo producido en este proceso, o parte del sentido del arhivo es el encuentro mismo.<\/p>\n\n\n\n<p><em><strong>Los encuentros<\/strong><\/em><br><\/p>\n\n\n\n<p><a href=\"https:\/\/blogs.sindominio.net\/hacerlaboratorio\/encuentros-publicos\/primer-encuentro-labo-cs-ingobernable-mayo-2017\/\">Primer encuentro: A 20 a\u00f1os del Laboratorio (11 de mayo de 2017, CS LA Ingobernable, Madrid)<\/a><\/p>\n\n\n\n<p><a href=\"https:\/\/blogs.sindominio.net\/hacerlaboratorio\/encuentros-publicos\/el-atl-es-un-laboratorio-hackmeeting-2017\/\">El ATL es un Laboratorio, Hackmeeting, 12 de octubre de 2017 <\/a><\/p>\n\n\n\n<p><a href=\"https:\/\/blogs.sindominio.net\/hacerlaboratorio\/encuentros-publicos\/linea-de-tiempo-23-noviembre-2017-cs-la-ingobernable\/\">Situar la memoria: L\u00ednea de Tiempo, 23 de noviembre de 2017, CS La ingobernable<\/a><\/p>\n\n\n\n<p><a href=\"https:\/\/blogs.sindominio.net\/hacerlaboratorio\/encuentros-publicos\/una-deriva-por-la-memoria-espacial-del-laboratorio-ii-cs-la-quimera-diciembre-2017\/\">Deriva por el Laboratorio II, CS La Quimera, 16 de diciembre de 2017<\/a><\/p>\n\n\n\n<p><a href=\"https:\/\/blogs.sindominio.net\/hacerlaboratorio\/encuentros-publicos\/el-consejo-una-conversacion-la-canica-abril-2018\/\">Conversaci\u00f3n colectiva sobre El Consejo y otras apuestas pol\u00edticas, La Canica Abril de 2018<\/a><\/p>\n\n\n\n<p><a href=\"https:\/\/blogs.sindominio.net\/hacerlaboratorio\/encuentros-publicos\/conversaciones-2017-2018\/\">Conversaciones 2018-2019<\/a><\/p>\n","protected":false},"excerpt":{"rendered":"<p>Proceso investigador. El objetivo primero del proceso era reactivar una red -y una memoria en red- e indagar [&hellip;]<\/p>\n","protected":false},"author":181,"featured_media":0,"parent":0,"menu_order":0,"comment_status":"closed","ping_status":"closed","template":"","meta":{"footnotes":""},"class_list":["post-98","page","type-page","status-publish","hentry"],"_links":{"self":[{"href":"https:\/\/blogs.sindominio.net\/hacerlaboratorio\/wp-json\/wp\/v2\/pages\/98","targetHints":{"allow":["GET"]}}],"collection":[{"href":"https:\/\/blogs.sindominio.net\/hacerlaboratorio\/wp-json\/wp\/v2\/pages"}],"about":[{"href":"https:\/\/blogs.sindominio.net\/hacerlaboratorio\/wp-json\/wp\/v2\/types\/page"}],"author":[{"embeddable":true,"href":"https:\/\/blogs.sindominio.net\/hacerlaboratorio\/wp-json\/wp\/v2\/users\/181"}],"replies":[{"embeddable":true,"href":"https:\/\/blogs.sindominio.net\/hacerlaboratorio\/wp-json\/wp\/v2\/comments?post=98"}],"version-history":[{"count":5,"href":"https:\/\/blogs.sindominio.net\/hacerlaboratorio\/wp-json\/wp\/v2\/pages\/98\/revisions"}],"predecessor-version":[{"id":977,"href":"https:\/\/blogs.sindominio.net\/hacerlaboratorio\/wp-json\/wp\/v2\/pages\/98\/revisions\/977"}],"wp:attachment":[{"href":"https:\/\/blogs.sindominio.net\/hacerlaboratorio\/wp-json\/wp\/v2\/media?parent=98"}],"curies":[{"name":"wp","href":"https:\/\/api.w.org\/{rel}","templated":true}]}}